{"id":993,"date":"2023-08-19T10:02:32","date_gmt":"2023-08-19T08:02:32","guid":{"rendered":"http:\/\/orisha-ossain.com\/?post_type=product&#038;p=993"},"modified":"2025-12-20T15:38:02","modified_gmt":"2025-12-20T14:38:02","slug":"bamboo-crystal","status":"publish","type":"product","link":"https:\/\/orisha-ossain.com\/fr\/product\/bamboo-crystal\/","title":{"rendered":"Cristal de bambou"},"content":{"rendered":"<p>Merveilleux kuripe artisanal, fabriqu\u00e9 en bambou et en r\u00e9sine \u00e9poxy, d\u00e9cor\u00e9 de perles, de graines ou de pierres semi-pr\u00e9cieuses. Un effet marbr\u00e9 est cr\u00e9\u00e9 en combinant diff\u00e9rentes couleurs d'\u00e9poxy.<\/p>\n<p>Un petit morceau de Banisteriopsis caapi est ins\u00e9r\u00e9 sur l'une des faces.<\/p>\n<p><a href=\"http:\/\/orisha-ossain.com\/wp-content\/uploads\/2023\/07\/CR0111.jpg\"><img decoding=\"async\" class=\"aligncenter wp-image-996 size-full\" src=\"http:\/\/orisha-ossain.com\/wp-content\/uploads\/2023\/07\/CR0111.jpg\" alt=\"\" width=\"600\" height=\"641\" srcset=\"https:\/\/orisha-ossain.com\/wp-content\/uploads\/2023\/07\/CR0111.jpg 600w, https:\/\/orisha-ossain.com\/wp-content\/uploads\/2023\/07\/CR0111-281x300.jpg 281w\" sizes=\"(max-width: 600px) 100vw, 600px\" \/><\/a><\/p>\n<h2 style=\"text-align: center;\"><a href=\"http:\/\/orisha-ossain.com\/fr\/product-category\/tepi\/\">Tepi<\/a> et Kuripe<span style=\"font-size: 16px;\">\u00a0<\/span><\/h2>\n<p style=\"text-align: center;\">Jetez un coup d'\u0153il \u00e0 la collection de Tepi et Kuripe. Diff\u00e9rents styles de diff\u00e9rents artistes sont disponibles. <a style=\"font-weight: bold; font-family: var(--global-body-font-family);\" href=\"http:\/\/orisha-ossain.com\/wp-content\/uploads\/2023\/06\/Tepi-Blessings.jpg\"><img decoding=\"async\" class=\"wp-image-55 size-medium aligncenter\" src=\"http:\/\/orisha-ossain.com\/wp-content\/uploads\/2023\/06\/Tepi-Blessings-300x199.jpg\" alt=\"Tepis recevant les b\u00e9n\u00e9dictions de leurs cr\u00e9ateurs\" width=\"300\" height=\"199\" srcset=\"https:\/\/orisha-ossain.com\/wp-content\/uploads\/2023\/06\/Tepi-Blessings-300x199.jpg 300w, https:\/\/orisha-ossain.com\/wp-content\/uploads\/2023\/06\/Tepi-Blessings.jpg 640w\" sizes=\"(max-width: 300px) 100vw, 300px\" \/><\/a><span style=\"font-size: 14px; font-family: var(--global-body-font-family);\">Tepis recevant les b\u00e9n\u00e9dictions de leurs cr\u00e9ateurs<\/span><\/p>","protected":false},"excerpt":{"rendered":"<p>Merveilleux kuripe artisanal, fabriqu\u00e9 en bambou et en r\u00e9sine \u00e9poxy, d\u00e9cor\u00e9 de perles, de graines ou de pierres semi-pr\u00e9cieuses. Un effet marbr\u00e9 est cr\u00e9\u00e9 en combinant diff\u00e9rentes couleurs d'\u00e9poxy.<\/p>","protected":false},"featured_media":997,"template":"","meta":{"_seopress_robots_primary_cat":"none","_seopress_titles_title":"Kuripe Bamboo Crystal - Brazil - Orisha Ossain","_seopress_titles_desc":"Wonderfully handcrafted Kuripe, made from bamboo and epoxy resin, decorated with beads, seeds, or semi-precious stones.","_seopress_robots_index":"","_kad_blocks_custom_css":"","_kad_blocks_head_custom_js":"","_kad_blocks_body_custom_js":"","_kad_blocks_footer_custom_js":"","_kad_post_transparent":"default","_kad_post_title":"","_kad_post_layout":"default","_kad_post_sidebar_id":"","_kad_post_content_style":"default","_kad_post_vertical_padding":"default","_kad_post_feature":"","_kad_post_feature_position":"","_kad_post_header":false,"_kad_post_footer":false,"_kad_post_classname":""},"product_brand":[],"product_cat":[67],"product_tag":[75],"class_list":{"0":"post-993","1":"product","2":"type-product","3":"status-publish","4":"has-post-thumbnail","6":"product_cat-kuripe","7":"product_tag-kuripe","9":"first","10":"outofstock","11":"taxable","12":"shipping-taxable","13":"purchasable","14":"product-type-simple","15":"entry","16":"content-bg","17":"loop-entry"},"taxonomy_info":{"product_cat":[{"value":67,"label":"Kuripe"}],"product_tag":[{"value":75,"label":"Kuripe"}]},"featured_image_src_large":["https:\/\/orisha-ossain.com\/wp-content\/uploads\/2023\/07\/cr01111111111.jpg",600,435,false],"author_info":[],"comment_info":"","_links":{"self":[{"href":"https:\/\/orisha-ossain.com\/fr\/wp-json\/wp\/v2\/product\/993","targetHints":{"allow":["GET"]}}],"collection":[{"href":"https:\/\/orisha-ossain.com\/fr\/wp-json\/wp\/v2\/product"}],"about":[{"href":"https:\/\/orisha-ossain.com\/fr\/wp-json\/wp\/v2\/types\/product"}],"wp:featuredmedia":[{"embeddable":true,"href":"https:\/\/orisha-ossain.com\/fr\/wp-json\/wp\/v2\/media\/997"}],"wp:attachment":[{"href":"https:\/\/orisha-ossain.com\/fr\/wp-json\/wp\/v2\/media?parent=993"}],"wp:term":[{"taxonomy":"product_brand","embeddable":true,"href":"https:\/\/orisha-ossain.com\/fr\/wp-json\/wp\/v2\/product_brand?post=993"},{"taxonomy":"product_cat","embeddable":true,"href":"https:\/\/orisha-ossain.com\/fr\/wp-json\/wp\/v2\/product_cat?post=993"},{"taxonomy":"product_tag","embeddable":true,"href":"https:\/\/orisha-ossain.com\/fr\/wp-json\/wp\/v2\/product_tag?post=993"}],"curies":[{"name":"wp","href":"https:\/\/api.w.org\/{rel}","templated":true}]}}