{"id":820,"date":"2023-08-08T15:07:27","date_gmt":"2023-08-08T13:07:27","guid":{"rendered":"http:\/\/orisha-ossain.com\/?post_type=product&#038;p=820"},"modified":"2023-10-04T14:12:58","modified_gmt":"2023-10-04T12:12:58","slug":"myrrh-resin-yemen","status":"publish","type":"product","link":"https:\/\/orisha-ossain.com\/fr\/product\/myrrh-resin-yemen\/","title":{"rendered":"Myrrhe R\u00e9sine Y\u00e9men"},"content":{"rendered":"<h2>R\u00e9sine de myrrhe du Y\u00e9men.<\/h2>\n<p>La r\u00e9sine de myrrhe que je propose provient du Y\u00e9men. Il est commun\u00e9ment admis que la meilleure qualit\u00e9 de myrrhe provient du Y\u00e9men. Les morceaux de r\u00e9sine sont de couleur brun rouge\u00e2tre et le parfum est tr\u00e8s intense et propre.<\/p>\n<p><a href=\"http:\/\/orisha-ossain.com\/wp-content\/uploads\/2023\/08\/mhyr001.jpg\"><img decoding=\"async\" class=\"aligncenter wp-image-1282 size-medium\" src=\"http:\/\/orisha-ossain.com\/wp-content\/uploads\/2023\/08\/mhyr001-300x296.jpg\" alt=\"Myrrhe du Y\u00e9men\" width=\"300\" height=\"296\" srcset=\"https:\/\/orisha-ossain.com\/wp-content\/uploads\/2023\/08\/mhyr001-300x296.jpg 300w, https:\/\/orisha-ossain.com\/wp-content\/uploads\/2023\/08\/mhyr001-1024x1009.jpg 1024w, https:\/\/orisha-ossain.com\/wp-content\/uploads\/2023\/08\/mhyr001-768x757.jpg 768w, https:\/\/orisha-ossain.com\/wp-content\/uploads\/2023\/08\/mhyr001-1536x1514.jpg 1536w, https:\/\/orisha-ossain.com\/wp-content\/uploads\/2023\/08\/mhyr001-2048x2019.jpg 2048w, https:\/\/orisha-ossain.com\/wp-content\/uploads\/2023\/08\/mhyr001-100x100.jpg 100w\" sizes=\"(max-width: 300px) 100vw, 300px\" \/><\/a><\/p>\n<h2>R\u00e9sine de myrrhe<\/h2>\n<p>Cette r\u00e9sine de myrrhe est extraite de l'arbre Commiphora myrrha. La r\u00e9sine rouge\u00e2tre se forme dans l'\u00e9corce de la plante. Le processus d'extraction consiste \u00e0 couper la plante dans le sens de la longueur pour en extraire l'\u00e9corce d'o\u00f9 suinte la gomme. Le liquide s'\u00e9coule et s\u00e8che en formant une substance dure ressemblant \u00e0 une goutte. Le processus prend au moins 14 jours. Cependant, l'arbre est entaill\u00e9 trois fois cons\u00e9cutives \u00e0 deux semaines d'intervalle. Le tapotement constant augmente la quantit\u00e9 de r\u00e9sine produite, car l'arbre essaie de combattre les infections qui se produisent \u00e0 la suite des blessures inflig\u00e9es.<\/p>\n<p><a href=\"http:\/\/orisha-ossain.com\/wp-content\/uploads\/2023\/07\/Weihrauch.jpg\"><img decoding=\"async\" class=\"alignright wp-image-814 size-medium\" src=\"http:\/\/orisha-ossain.com\/wp-content\/uploads\/2023\/07\/Weihrauch-279x300.jpg\" alt=\"Myrrhe br\u00fblant sur un charbon\" width=\"279\" height=\"300\" srcset=\"https:\/\/orisha-ossain.com\/wp-content\/uploads\/2023\/07\/Weihrauch-279x300.jpg 279w, https:\/\/orisha-ossain.com\/wp-content\/uploads\/2023\/07\/Weihrauch-952x1024.jpg 952w, https:\/\/orisha-ossain.com\/wp-content\/uploads\/2023\/07\/Weihrauch-768x827.jpg 768w, https:\/\/orisha-ossain.com\/wp-content\/uploads\/2023\/07\/Weihrauch-1427x1536.jpg 1427w, https:\/\/orisha-ossain.com\/wp-content\/uploads\/2023\/07\/Weihrauch.jpg 1536w\" sizes=\"(max-width: 279px) 100vw, 279px\" \/><\/a><\/p>\n<h2>Utilisations<\/h2>\n<p>L'utilisation de la myrrhe est profond\u00e9ment li\u00e9e \u00e0 la religion. D'un point de vue biblique, elle fait partie des cadeaux offerts \u00e0 l'enfant J\u00e9sus \u00e0 sa naissance par les trois rois mages. Cela montre \u00e0 quel point ce produit est pr\u00e9cieux depuis l'Antiquit\u00e9.<br \/>\nCe produit est \u00e9galement utilis\u00e9 dans la fabrication de parfums et d'autres produits cosm\u00e9tiques. Le produit a un ar\u00f4me doux et il est essentiel dans la production d'ar\u00f4mes complexes.<\/p>\n<h2>Quelle est l'odeur de la myrrhe ?<\/h2>\n<p>L'odeur bois\u00e9e de la myrrhe est tr\u00e8s distincte<strong>.<\/strong>\u00a0Il s'agit d'un bois tr\u00e8s aromatique (semblable \u00e0 d'autres bois aromatiques comme le santal). Son ar\u00f4me est complexe et souvent associ\u00e9 \u00e0 des rites religieux. Par cons\u00e9quent, la myrrhe est \u00e9galement utilis\u00e9e en aromath\u00e9rapie dans les bougies ou en parfumerie pour donner une odeur aromatique aux parfums. Son ar\u00f4me est parfois utilis\u00e9 pour parfumer divers plats traditionnels.<\/p>\n<p><a href=\"http:\/\/orisha-ossain.com\/wp-content\/uploads\/2023\/07\/2dc0f668588aed54a0b5af00d70e8d48-the-tree-wellness-resort.jpg\"><img decoding=\"async\" class=\"aligncenter wp-image-1062 size-medium\" src=\"http:\/\/orisha-ossain.com\/wp-content\/uploads\/2023\/07\/2dc0f668588aed54a0b5af00d70e8d48-the-tree-wellness-resort-300x282.jpg\" alt=\"Commiphora Myrrha arbre\" width=\"300\" height=\"282\" srcset=\"https:\/\/orisha-ossain.com\/wp-content\/uploads\/2023\/07\/2dc0f668588aed54a0b5af00d70e8d48-the-tree-wellness-resort-300x282.jpg 300w, https:\/\/orisha-ossain.com\/wp-content\/uploads\/2023\/07\/2dc0f668588aed54a0b5af00d70e8d48-the-tree-wellness-resort.jpg 735w\" sizes=\"(max-width: 300px) 100vw, 300px\" \/><\/a><\/p>\n<h2 id=\"firstHeading\" class=\"firstHeading mw-first-heading\">L'arbre Commiphora Myrrha<\/h2>\n<p>Commiphora Myrrha est originaire de Somalie, d'Oman, du Y\u00e9men, d'\u00c9rythr\u00e9e, de la r\u00e9gion somalienne d'\u00c9thiopie et de certaines parties de l'Arabie saoudite.<\/p>\n<p>La myrrhe est une gomme-r\u00e9sine extraite d'un certain nombre de petites esp\u00e8ces d'arbres \u00e9pineux du genre Commiphora, plus pr\u00e9cis\u00e9ment Commiphora myrrha. Il s'agit d'un arbre tr\u00e8s \u00e9pineux qui atteint une hauteur d'environ 5 m (16 pieds). Son tronc court, glabre, \u00e9pais et \u00e9caill\u00e9 pr\u00e9sente deux couches d'\u00e9corce. La couche sup\u00e9rieure est argent\u00e9e, blanch\u00e2tre, rouge\u00e2tre ou gris bleu\u00e2tre et a une texture papilleuse.<\/p>\n<p><a href=\"http:\/\/orisha-ossain.com\/wp-content\/uploads\/2023\/07\/frankincense.harvesting.jpg\"><img decoding=\"async\" class=\"aligncenter wp-image-1063 size-full\" src=\"http:\/\/orisha-ossain.com\/wp-content\/uploads\/2023\/07\/frankincense.harvesting.jpg\" alt=\"MAn r\u00e9colte la myrrhe\" width=\"939\" height=\"532\" srcset=\"https:\/\/orisha-ossain.com\/wp-content\/uploads\/2023\/07\/frankincense.harvesting.jpg 939w, https:\/\/orisha-ossain.com\/wp-content\/uploads\/2023\/07\/frankincense.harvesting-300x170.jpg 300w, https:\/\/orisha-ossain.com\/wp-content\/uploads\/2023\/07\/frankincense.harvesting-768x435.jpg 768w\" sizes=\"(max-width: 939px) 100vw, 939px\" \/><\/a><\/p>\n<h2>Myhhr Grades de qualit\u00e9<\/h2>\n<p>La myrrhe de meilleure qualit\u00e9 provient de Commiphora myrrha. Il existe cependant d'autres arbres produisant de la myrrhe, tels que Commiphora kua, Commiphora serrulata, Commiphora payfairii, Commiphora foliacea, Commiphora erythraea, Commiphora guidotti, Commiphora holiziana, Commiphora habessinica, entre autres.<\/p>\n<p>La r\u00e9sine de myrrhe obtenue \u00e0 partir de l'arbre est d\u00e9barrass\u00e9e des feuilles, des morceaux d'\u00e9corce et des particules de terre. La qualit\u00e9 du produit d\u00e9pend de sa couleur et de son odeur. La meilleure qualit\u00e9 est rouge ou brune, d\u00e9finie comme grade A++. La myrrhe (tr\u00e8s) fonc\u00e9e, en revanche, est impure et contient des particules \u00e9trang\u00e8res.<\/p>","protected":false},"excerpt":{"rendered":"<p>Encens sacr\u00e9 \u00e0 base de r\u00e9sine de myrrhe<\/p>\n<p><strong>Grade : <\/strong>1, Excellent !<br \/>\n<strong>Origine :<\/strong> Y\u00e9men du Sud-Est<br \/>\n<strong>Nom de l'esp\u00e8ce :<\/strong>\u00a0Commiphora Myrrha<br \/>\n<strong>Couleur :<\/strong> Brun rouge\u00e2tre<\/p>\n<p>&nbsp;<\/p>","protected":false},"featured_media":1283,"template":"","meta":{"_seopress_robots_primary_cat":"none","_seopress_titles_title":"","_seopress_titles_desc":"Sacred Myrrh Resin Incense. The Myrrh resin I offer comes from Yemen. It&#039;s commonly accepted that the highest quality Myrrh comes from Yemen.","_seopress_robots_index":"","_kad_blocks_custom_css":"","_kad_blocks_head_custom_js":"","_kad_blocks_body_custom_js":"","_kad_blocks_footer_custom_js":"","_kad_post_transparent":"default","_kad_post_title":"","_kad_post_layout":"default","_kad_post_sidebar_id":"","_kad_post_content_style":"default","_kad_post_vertical_padding":"default","_kad_post_feature":"","_kad_post_feature_position":"","_kad_post_header":false,"_kad_post_footer":false,"_kad_post_classname":""},"product_brand":[],"product_cat":[101],"product_tag":[115,79,81],"class_list":{"0":"post-820","1":"product","2":"type-product","3":"status-publish","4":"has-post-thumbnail","6":"product_cat-frankincense","7":"product_tag-frankinsence","8":"product_tag-incense","9":"product_tag-yemen","11":"first","12":"instock","13":"taxable","14":"shipping-taxable","15":"purchasable","16":"product-type-variable","17":"entry","18":"content-bg","19":"loop-entry"},"taxonomy_info":{"product_cat":[{"value":101,"label":"Frankincense"}],"product_tag":[{"value":115,"label":"Frankinsence"},{"value":79,"label":"Incense"},{"value":81,"label":"Yemen"}]},"featured_image_src_large":["https:\/\/orisha-ossain.com\/wp-content\/uploads\/2023\/08\/mhyr01-1024x753.jpg",1024,753,true],"author_info":[],"comment_info":"","_links":{"self":[{"href":"https:\/\/orisha-ossain.com\/fr\/wp-json\/wp\/v2\/product\/820","targetHints":{"allow":["GET"]}}],"collection":[{"href":"https:\/\/orisha-ossain.com\/fr\/wp-json\/wp\/v2\/product"}],"about":[{"href":"https:\/\/orisha-ossain.com\/fr\/wp-json\/wp\/v2\/types\/product"}],"wp:featuredmedia":[{"embeddable":true,"href":"https:\/\/orisha-ossain.com\/fr\/wp-json\/wp\/v2\/media\/1283"}],"wp:attachment":[{"href":"https:\/\/orisha-ossain.com\/fr\/wp-json\/wp\/v2\/media?parent=820"}],"wp:term":[{"taxonomy":"product_brand","embeddable":true,"href":"https:\/\/orisha-ossain.com\/fr\/wp-json\/wp\/v2\/product_brand?post=820"},{"taxonomy":"product_cat","embeddable":true,"href":"https:\/\/orisha-ossain.com\/fr\/wp-json\/wp\/v2\/product_cat?post=820"},{"taxonomy":"product_tag","embeddable":true,"href":"https:\/\/orisha-ossain.com\/fr\/wp-json\/wp\/v2\/product_tag?post=820"}],"curies":[{"name":"wp","href":"https:\/\/api.w.org\/{rel}","templated":true}]}}