{"id":782,"date":"2023-07-06T20:50:46","date_gmt":"2023-07-06T18:50:46","guid":{"rendered":"http:\/\/orisha-ossain.com\/?post_type=product&#038;p=782"},"modified":"2025-04-28T04:06:41","modified_gmt":"2025-04-28T02:06:41","slug":"kuripe-colored-threads","status":"publish","type":"product","link":"https:\/\/orisha-ossain.com\/fr\/product\/kuripe-colored-threads\/","title":{"rendered":"kuripe - Fils color\u00e9s"},"content":{"rendered":"<p>Les fabricants de ce style de Kuripe ont apport\u00e9 quelques modifications \u00e0 sa construction. Ces Kuripe ont un angle plus prononc\u00e9 et sont \u00e9galement beaucoup plus longs. De cette fa\u00e7on, la trajectoire de soufflage est plus longue et cr\u00e9e plus de pression, ce qui assure une meilleure distribution du rap\u00e9.<\/p>\n<p><a href=\"http:\/\/orisha-ossain.com\/wp-content\/uploads\/2023\/07\/20210518_151549-257x300-1.jpg\"><img decoding=\"async\" class=\"aligncenter wp-image-785 size-full\" src=\"http:\/\/orisha-ossain.com\/wp-content\/uploads\/2023\/07\/20210518_151549-257x300-1.jpg\" alt=\"kuripe - fils color\u00e9s\" width=\"257\" height=\"300\" \/><br \/>\n<\/a><\/p>\n<p>Un autre changement concerne l'aspect interne de la conception du Kuripe. Au fond de ces Kuripe en forme de V, chaque partie de bambou est remplie d'un mat\u00e9riau organique collant. Apr\u00e8s s\u00e9chage, les pi\u00e8ces sont embo\u00eet\u00e9es les unes dans les autres. Ce d\u00e9tail permet d'\u00e9viter l'accumulation de tabac \u00e0 priser que l'on ne peut normalement pas souffler. Le fond de ces Kuripes a maintenant une forme arrondie et am\u00e9liore leur performance.<\/p>\n<p><a href=\"http:\/\/orisha-ossain.com\/wp-content\/uploads\/2023\/07\/KURTR.jpg\"><img decoding=\"async\" class=\"size-medium wp-image-983 aligncenter\" src=\"http:\/\/orisha-ossain.com\/wp-content\/uploads\/2023\/07\/KURTR-300x204.jpg\" alt=\"\" width=\"300\" height=\"204\" srcset=\"https:\/\/orisha-ossain.com\/wp-content\/uploads\/2023\/07\/KURTR-300x204.jpg 300w, https:\/\/orisha-ossain.com\/wp-content\/uploads\/2023\/07\/KURTR-768x522.jpg 768w, https:\/\/orisha-ossain.com\/wp-content\/uploads\/2023\/07\/KURTR.jpg 800w\" sizes=\"(max-width: 300px) 100vw, 300px\" \/><\/a><\/p>\n<h2 style=\"text-align: center;\"><a href=\"http:\/\/orisha-ossain.com\/fr\/product-category\/tepi\/\">Tepi<\/a> et Kuripe<span style=\"font-size: 16px;\">\u00a0<\/span><\/h2>\n<p style=\"text-align: center;\">Jetez un coup d'\u0153il \u00e0 la collection de Tepi et Kuripe. Diff\u00e9rents styles de diff\u00e9rents artistes sont disponibles. <a style=\"font-weight: bold; font-family: var(--global-body-font-family);\" href=\"http:\/\/orisha-ossain.com\/wp-content\/uploads\/2023\/06\/Tepi-Blessings.jpg\"><img decoding=\"async\" class=\"wp-image-55 size-medium aligncenter\" src=\"http:\/\/orisha-ossain.com\/wp-content\/uploads\/2023\/06\/Tepi-Blessings-300x199.jpg\" alt=\"Tepis recevant les b\u00e9n\u00e9dictions de leurs cr\u00e9ateurs\" width=\"300\" height=\"199\" srcset=\"https:\/\/orisha-ossain.com\/wp-content\/uploads\/2023\/06\/Tepi-Blessings-300x199.jpg 300w, https:\/\/orisha-ossain.com\/wp-content\/uploads\/2023\/06\/Tepi-Blessings.jpg 640w\" sizes=\"(max-width: 300px) 100vw, 300px\" \/><\/a><span style=\"font-size: 14px; font-family: var(--global-body-font-family);\">Tepis recevant les b\u00e9n\u00e9dictions de leurs cr\u00e9ateurs<\/span><\/p>","protected":false},"excerpt":{"rendered":"<p>Nouveau design am\u00e9lior\u00e9 !<\/p>\n<p>Kuripe de bambou.<br \/>\nTr\u00e8s bonne qualit\u00e9. Les fils sont tr\u00e8s bien fix\u00e9s. Avec \u00e9lectrificateur en cuivre.<\/p>","protected":false},"featured_media":988,"template":"","meta":{"_seopress_robots_primary_cat":"none","_seopress_titles_title":"","_seopress_titles_desc":"New improved design!\r\n\r\nBamboo Kuripe colored threads.\r\nVery nice quality. the threads are very securely attached. With copper energizer.","_seopress_robots_index":"","_kad_blocks_custom_css":"","_kad_blocks_head_custom_js":"","_kad_blocks_body_custom_js":"","_kad_blocks_footer_custom_js":"","_kad_post_transparent":"default","_kad_post_title":"","_kad_post_layout":"default","_kad_post_sidebar_id":"","_kad_post_content_style":"default","_kad_post_vertical_padding":"default","_kad_post_feature":"","_kad_post_feature_position":"","_kad_post_header":false,"_kad_post_footer":false,"_kad_post_classname":""},"product_brand":[],"product_cat":[67],"product_tag":[75],"class_list":{"0":"post-782","1":"product","2":"type-product","3":"status-publish","4":"has-post-thumbnail","6":"product_cat-kuripe","7":"product_tag-kuripe","9":"first","10":"outofstock","11":"taxable","12":"shipping-taxable","13":"purchasable","14":"product-type-variable","15":"entry","16":"content-bg","17":"loop-entry"},"taxonomy_info":{"product_cat":[{"value":67,"label":"Kuripe"}],"product_tag":[{"value":75,"label":"Kuripe"}]},"featured_image_src_large":["https:\/\/orisha-ossain.com\/wp-content\/uploads\/2023\/07\/20210518_151456.jpg",600,379,false],"author_info":[],"comment_info":"","_links":{"self":[{"href":"https:\/\/orisha-ossain.com\/fr\/wp-json\/wp\/v2\/product\/782","targetHints":{"allow":["GET"]}}],"collection":[{"href":"https:\/\/orisha-ossain.com\/fr\/wp-json\/wp\/v2\/product"}],"about":[{"href":"https:\/\/orisha-ossain.com\/fr\/wp-json\/wp\/v2\/types\/product"}],"wp:featuredmedia":[{"embeddable":true,"href":"https:\/\/orisha-ossain.com\/fr\/wp-json\/wp\/v2\/media\/988"}],"wp:attachment":[{"href":"https:\/\/orisha-ossain.com\/fr\/wp-json\/wp\/v2\/media?parent=782"}],"wp:term":[{"taxonomy":"product_brand","embeddable":true,"href":"https:\/\/orisha-ossain.com\/fr\/wp-json\/wp\/v2\/product_brand?post=782"},{"taxonomy":"product_cat","embeddable":true,"href":"https:\/\/orisha-ossain.com\/fr\/wp-json\/wp\/v2\/product_cat?post=782"},{"taxonomy":"product_tag","embeddable":true,"href":"https:\/\/orisha-ossain.com\/fr\/wp-json\/wp\/v2\/product_tag?post=782"}],"curies":[{"name":"wp","href":"https:\/\/api.w.org\/{rel}","templated":true}]}}