{"id":748,"date":"2023-07-06T15:35:32","date_gmt":"2023-07-06T13:35:32","guid":{"rendered":"http:\/\/orisha-ossain.com\/?post_type=product&#038;p=748"},"modified":"2026-04-10T10:35:38","modified_gmt":"2026-04-10T08:35:38","slug":"rape-caneleiro-shanenawa","status":"publish","type":"product","link":"https:\/\/orisha-ossain.com\/fr\/product\/rape-caneleiro-shanenawa\/","title":{"rendered":"Rap\u00e9 Caneleiro Shanenawa"},"content":{"rendered":"<h2>Rap\u00e9 Caneleiro Shanenawa<\/h2>\n<ul>\n<li>Rap\u00e9 Caneleiro Shanenawa, un tabac \u00e0 priser prestigieux de la tribu Shanenawa, offre un bel \u00e9quilibre \u00e9nerg\u00e9tique. Il produit des effets initiaux puissants mais stables, avec des effets secondaires agr\u00e9ables et doux et une production minimale de mucosit\u00e9s.<\/li>\n<li>Les Shanenawa ne fabriquent que quelques types de rap\u00e9. Le chef a d\u00e9sign\u00e9 deux membres de la tribu pour perp\u00e9tuer la tradition de fabrication du rap\u00e9.<\/li>\n<li>L'\u00e9corce de Caneleiro (Cenostigma macrophyllum) produit un excellent ash. Bien qu'elle soit moins r\u00e9pandue que le Tsunu, elle produit d'excellents effets. Les Indiens d'Acre traitent le Caneleiro et le Canela de Velho de la m\u00eame mani\u00e8re, car les deux plantes ont des propri\u00e9t\u00e9s similaires. Il s'agit toutefois d'arbres distincts. Le Caneleiro est plus petit, tandis que le Canela de Velho est plus grand, bien que les deux appartiennent \u00e0 la m\u00eame famille et partagent des propri\u00e9t\u00e9s m\u00e9dicinales similaires.<\/li>\n<li>Cette plante agit pour r\u00e9duire la douleur et l'inflammation, en particulier dans les articulations, le dos et les affections telles que l'arthrose, la polyarthrite rhumato\u00efde, la bursite et les rhumatismes, et contribue \u00e0 la purification du sang.<\/li>\n<\/ul>\n<h2>A propos de Cenostigma Macrophyllum<\/h2>\n<ul>\n<li>La premi\u00e8re observation de cette esp\u00e8ce br\u00e9silienne a eu lieu dans le Mato Grosso il y a plus de 150 ans.<\/li>\n<li>Cet arbre pousse dans les r\u00e9gions du Nord, du Nord-Est, du Midwest et du Sud-Est du Br\u00e9sil. De septembre \u00e0 d\u00e9cembre, puis de f\u00e9vrier \u00e0 juillet, l'arbre se couvre de grappes de fleurs jaunes, qui ressemblent \u00e0 des orchid\u00e9es. Ces fleurs attirent divers insectes et oiseaux par leur parfum.<\/li>\n<li>L'arbre Caneleiro atteint g\u00e9n\u00e9ralement une hauteur de 10 \u00e0 20 m\u00e8tres.<\/li>\n<\/ul>\n<figure id=\"attachment_169\" aria-describedby=\"caption-attachment-169\" style=\"width: 700px\" class=\"wp-caption aligncenter\"><a href=\"http:\/\/orisha-ossain.com\/wp-content\/uploads\/2023\/06\/Cenostigma-Macrophyllum-used-for-Caneleiro-Rape.jpg\"><img decoding=\"async\" class=\"wp-image-169 size-full\" src=\"http:\/\/orisha-ossain.com\/wp-content\/uploads\/2023\/06\/Cenostigma-Macrophyllum-used-for-Caneleiro-Rape.jpg\" alt=\"Plusieurs grands arbres Cenostigma Macrophyllum, les ashes de l&#039;\u00e9corce sont utilis\u00e9es pour rap\u00e9 Caneleiro Shanenawa\" width=\"700\" height=\"434\" srcset=\"https:\/\/orisha-ossain.com\/wp-content\/uploads\/2023\/06\/Cenostigma-Macrophyllum-used-for-Caneleiro-Rape.jpg 700w, https:\/\/orisha-ossain.com\/wp-content\/uploads\/2023\/06\/Cenostigma-Macrophyllum-used-for-Caneleiro-Rape-300x186.jpg 300w\" sizes=\"(max-width: 700px) 100vw, 700px\" \/><\/a><figcaption id=\"caption-attachment-169\" class=\"wp-caption-text\">L'arbre Cenostigma Macrophyllum<\/figcaption><\/figure>","protected":false},"excerpt":{"rendered":"<p>Apr\u00e8s beaucoup de patience et de discussions avec plusieurs amis au Br\u00e9sil, je suis maintenant heureux d'offrir cette variante Caneleiro de la tribu Shanenewa. Je me sens privil\u00e9gi\u00e9 d'offrir ce tabac \u00e0 priser d'une tr\u00e8s petite tribu qui ne fabrique que quelques types de rap\u00e9 tribal traditionnel de haute qualit\u00e9.<\/p>","protected":false},"featured_media":35620,"template":"","meta":{"_seopress_robots_primary_cat":"none","_seopress_titles_title":"Rap\u00e9 Caneleiro Shanenawa - A Prestigious Rap\u00e9 - %%sitetitle%%","_seopress_titles_desc":"Discover the prestigious Rap\u00e9 Caneleiro Shanenawa. Its known for its strong and stable effects, sweet after-tones, and medicinal properties.","_seopress_robots_index":"","_kad_blocks_custom_css":"","_kad_blocks_head_custom_js":"","_kad_blocks_body_custom_js":"","_kad_blocks_footer_custom_js":"","_kad_post_transparent":"default","_kad_post_title":"","_kad_post_layout":"default","_kad_post_sidebar_id":"","_kad_post_content_style":"default","_kad_post_vertical_padding":"default","_kad_post_feature":"","_kad_post_feature_position":"","_kad_post_header":false,"_kad_post_footer":false,"_kad_post_classname":""},"product_brand":[],"product_cat":[50],"product_tag":[60],"class_list":{"0":"post-748","1":"product","2":"type-product","3":"status-publish","4":"has-post-thumbnail","6":"product_cat-rape","7":"product_tag-shanenawa","9":"first","10":"instock","11":"taxable","12":"shipping-taxable","13":"purchasable","14":"product-type-variable","15":"entry","16":"content-bg","17":"loop-entry"},"taxonomy_info":{"product_cat":[{"value":50,"label":"Rap\u00e9"}],"product_tag":[{"value":60,"label":"Shanenawa"}]},"featured_image_src_large":["https:\/\/orisha-ossain.com\/wp-content\/uploads\/2024\/11\/Caneleiro-Shanenawa_Orisha_Ossain.png",736,736,false],"author_info":[],"comment_info":"","_links":{"self":[{"href":"https:\/\/orisha-ossain.com\/fr\/wp-json\/wp\/v2\/product\/748","targetHints":{"allow":["GET"]}}],"collection":[{"href":"https:\/\/orisha-ossain.com\/fr\/wp-json\/wp\/v2\/product"}],"about":[{"href":"https:\/\/orisha-ossain.com\/fr\/wp-json\/wp\/v2\/types\/product"}],"wp:featuredmedia":[{"embeddable":true,"href":"https:\/\/orisha-ossain.com\/fr\/wp-json\/wp\/v2\/media\/35620"}],"wp:attachment":[{"href":"https:\/\/orisha-ossain.com\/fr\/wp-json\/wp\/v2\/media?parent=748"}],"wp:term":[{"taxonomy":"product_brand","embeddable":true,"href":"https:\/\/orisha-ossain.com\/fr\/wp-json\/wp\/v2\/product_brand?post=748"},{"taxonomy":"product_cat","embeddable":true,"href":"https:\/\/orisha-ossain.com\/fr\/wp-json\/wp\/v2\/product_cat?post=748"},{"taxonomy":"product_tag","embeddable":true,"href":"https:\/\/orisha-ossain.com\/fr\/wp-json\/wp\/v2\/product_tag?post=748"}],"curies":[{"name":"wp","href":"https:\/\/api.w.org\/{rel}","templated":true}]}}