{"id":744,"date":"2023-07-06T15:21:50","date_gmt":"2023-07-06T13:21:50","guid":{"rendered":"http:\/\/orisha-ossain.com\/?post_type=product&#038;p=744"},"modified":"2026-04-12T19:21:06","modified_gmt":"2026-04-12T17:21:06","slug":"rape-canela-de-velho","status":"publish","type":"product","link":"https:\/\/orisha-ossain.com\/fr\/product\/rape-canela-de-velho\/","title":{"rendered":"Rap\u00e9 Canela de Velho"},"content":{"rendered":"<h2>Rap\u00e9 Canela de Velho<\/h2>\n<ul>\n<li>Le Rap\u00e9 Canela de Velho provient de la petite tribu des Indiens Shanenawa de la r\u00e9gion de Feijo. Ce tabac \u00e0 priser convient aux personnes plus exp\u00e9riment\u00e9es, car il acc\u00e8de aux couches les plus profondes de notre \u00eatre.<\/li>\n<li>Il cible trois centres, le mental, l'\u00e9motionnel et le physique, en apportant de l'\u00e9nergie de base de la t\u00eate \u00e0 la racine.<\/li>\n<li>Il fait des merveilles pour les chakras de la racine, du plexus solaire et du sacrum.<\/li>\n<\/ul>\n<h2>Valeurs m\u00e9dicinales<\/h2>\n<ul>\n<li>Le Miconia albicans, une esp\u00e8ce d'arbuste de la famille des Melastomataceae, prosp\u00e8re aussi bien en Am\u00e9rique du Nord qu'en Am\u00e9rique du Sud.<\/li>\n<li>Depuis des si\u00e8cles, la Canela de Velho est un rem\u00e8de sacr\u00e9 contre les douleurs chroniques des genoux, de la colonne vert\u00e9brale et des articulations.<\/li>\n<li>Cette plante reste une ressource merveilleuse et sacr\u00e9e.<\/li>\n<\/ul>\n<p><a href=\"http:\/\/orisha-ossain.com\/wp-content\/uploads\/2023\/06\/Miconia-albicans.png\"><img decoding=\"async\" class=\"aligncenter wp-image-189 size-medium\" src=\"http:\/\/orisha-ossain.com\/wp-content\/uploads\/2023\/06\/Miconia-albicans-300x297.png\" alt=\"gros plan d&#039;une feuille de Miconia-albicans. Il est utilis\u00e9 dans rap\u00e9 Canela de velho\" width=\"300\" height=\"297\" srcset=\"https:\/\/orisha-ossain.com\/wp-content\/uploads\/2023\/06\/Miconia-albicans-300x297.png 300w, https:\/\/orisha-ossain.com\/wp-content\/uploads\/2023\/06\/Miconia-albicans-100x100.png 100w, https:\/\/orisha-ossain.com\/wp-content\/uploads\/2023\/06\/Miconia-albicans-1024x1015.png 1024w, https:\/\/orisha-ossain.com\/wp-content\/uploads\/2023\/06\/Miconia-albicans-150x150.png 150w, https:\/\/orisha-ossain.com\/wp-content\/uploads\/2023\/06\/Miconia-albicans-768x761.png 768w, https:\/\/orisha-ossain.com\/wp-content\/uploads\/2023\/06\/Miconia-albicans.png 1211w\" sizes=\"(max-width: 300px) 100vw, 300px\" \/><\/a><\/p>\n<h2>A propos de Canela de Velho (Miconia albicans)<\/h2>\n<p>Miconia albicans, commun\u00e9ment appel\u00e9 Canela de Velho, est un arbuste originaire d'Am\u00e9rique du Nord et d'Am\u00e9rique du Sud, particuli\u00e8rement r\u00e9pandu dans la for\u00eat amazonienne. Traditionnellement, les communaut\u00e9s indig\u00e8nes utilisent diverses parties de cette plante \u00e0 des fins m\u00e9dicinales. Dans le contexte du tabac \u00e0 priser, le ash de Canela de Velho est incorpor\u00e9 dans certains m\u00e9langes de rap\u00e9, dont il renforce les propri\u00e9t\u00e9s th\u00e9rapeutiques.<\/p>\n<p>Le rap\u00e9 est un tabac \u00e0 priser sacr\u00e9 utilis\u00e9 par diverses tribus indig\u00e8nes du bassin amazonien. Il se compose g\u00e9n\u00e9ralement de tabac finement moulu m\u00e9lang\u00e9 \u00e0 des ashes provenant de plantes sp\u00e9cifiques, cr\u00e9ant ainsi un m\u00e9lange puissant aux effets \u00e0 la fois physiques et spirituels. L'inclusion de Canela de Velho dans le rap\u00e9 est appr\u00e9ci\u00e9e pour ses propri\u00e9t\u00e9s anti-inflammatoires, antioxydantes et analg\u00e9siques, qui contribuent aux effets de gu\u00e9rison et d'ancrage du tabac \u00e0 priser.<\/p>\n<p>La tribu Huni Kuin cr\u00e9e un puissant rap\u00e9 appel\u00e9 Canela de Velho, qui m\u00e9lange le Miconia albicans (Canela de Velho) et le Sabi\u00e1 mapacho. Cette combinaison offre de puissants avantages th\u00e9rapeutiques, notamment en r\u00e9duisant l'inflammation et en soulageant les douleurs articulaires. Le Miconia albicans et le tabac Sabi\u00e1 travaillent ensemble dans ce rap\u00e9, non seulement comme rem\u00e8de m\u00e9dicinal mais aussi comme outil de purification spirituelle et de connexion plus profonde. De nombreuses communaut\u00e9s indig\u00e8nes d'Amazonie int\u00e8grent ce tabac \u00e0 priser sacr\u00e9 dans leurs rituels, ce qui en fait un \u00e9l\u00e9ment essentiel de leurs pratiques culturelles et spirituelles.<\/p>\n<p>En r\u00e9sum\u00e9, Miconia albicans joue un r\u00f4le important dans la pr\u00e9paration des tabacs \u00e0 priser traditionnels, en particulier le rap\u00e9, en renfor\u00e7ant leurs propri\u00e9t\u00e9s m\u00e9dicinales et spirituelles.<\/p>","protected":false},"excerpt":{"rendered":"<p>D\u00e9couvrez les effets puissants du Rap\u00e9 Canela de Velho, un tabac \u00e0 priser sacr\u00e9 produit par la tribu Shanenawa.<\/p>","protected":false},"featured_media":35618,"template":"","meta":{"_seopress_robots_primary_cat":"none","_seopress_titles_title":"Rap\u00e9 Canela de Velho -Sacred - Rated Strong - Shanenawa","_seopress_titles_desc":"Experience the powerful effects of Rap\u00e9 Canela de Velho, a sacred snuff that the Shanenawa tribe produces. This type is rated strong!","_seopress_robots_index":"","_kad_blocks_custom_css":"","_kad_blocks_head_custom_js":"","_kad_blocks_body_custom_js":"","_kad_blocks_footer_custom_js":"","_kad_post_transparent":"default","_kad_post_title":"","_kad_post_layout":"default","_kad_post_sidebar_id":"","_kad_post_content_style":"default","_kad_post_vertical_padding":"default","_kad_post_feature":"","_kad_post_feature_position":"","_kad_post_header":false,"_kad_post_footer":false,"_kad_post_classname":""},"product_brand":[],"product_cat":[50],"product_tag":[60],"class_list":{"0":"post-744","1":"product","2":"type-product","3":"status-publish","4":"has-post-thumbnail","6":"product_cat-rape","7":"product_tag-shanenawa","9":"first","10":"instock","11":"taxable","12":"shipping-taxable","13":"purchasable","14":"product-type-variable","15":"entry","16":"content-bg","17":"loop-entry"},"taxonomy_info":{"product_cat":[{"value":50,"label":"Rap\u00e9"}],"product_tag":[{"value":60,"label":"Shanenawa"}]},"featured_image_src_large":["https:\/\/orisha-ossain.com\/wp-content\/uploads\/2024\/11\/Canela-de-Velho-paars_Orisha_Ossain.png",736,736,false],"author_info":[],"comment_info":"","_links":{"self":[{"href":"https:\/\/orisha-ossain.com\/fr\/wp-json\/wp\/v2\/product\/744","targetHints":{"allow":["GET"]}}],"collection":[{"href":"https:\/\/orisha-ossain.com\/fr\/wp-json\/wp\/v2\/product"}],"about":[{"href":"https:\/\/orisha-ossain.com\/fr\/wp-json\/wp\/v2\/types\/product"}],"wp:featuredmedia":[{"embeddable":true,"href":"https:\/\/orisha-ossain.com\/fr\/wp-json\/wp\/v2\/media\/35618"}],"wp:attachment":[{"href":"https:\/\/orisha-ossain.com\/fr\/wp-json\/wp\/v2\/media?parent=744"}],"wp:term":[{"taxonomy":"product_brand","embeddable":true,"href":"https:\/\/orisha-ossain.com\/fr\/wp-json\/wp\/v2\/product_brand?post=744"},{"taxonomy":"product_cat","embeddable":true,"href":"https:\/\/orisha-ossain.com\/fr\/wp-json\/wp\/v2\/product_cat?post=744"},{"taxonomy":"product_tag","embeddable":true,"href":"https:\/\/orisha-ossain.com\/fr\/wp-json\/wp\/v2\/product_tag?post=744"}],"curies":[{"name":"wp","href":"https:\/\/api.w.org\/{rel}","templated":true}]}}