{"id":730,"date":"2023-07-05T19:26:31","date_gmt":"2023-07-05T17:26:31","guid":{"rendered":"http:\/\/orisha-ossain.com\/?post_type=product&#038;p=730"},"modified":"2026-04-12T12:05:18","modified_gmt":"2026-04-12T10:05:18","slug":"rape-yunu","status":"publish","type":"product","link":"https:\/\/orisha-ossain.com\/fr\/product\/rape-yunu\/","title":{"rendered":"Rap\u00e9 Yunu"},"content":{"rendered":"<h2>Rap\u00e9 Yunu<\/h2>\n<p>Rap\u00e9 Yunu est un type de tabac \u00e0 priser assez peu connu de la tribu Kuntanawa. Le Yunu est un arbre qui pousse dans l'habitat des Kuntanawa. Le nom scientifique du Yunu est encore inconnu et conserve ainsi une partie des secrets de la tribu.<\/p>\n<p>Les feuilles de Yunu Moi et Tsunu ash s\u00e9ch\u00e9es et pulv\u00e9ris\u00e9es entrent dans la composition de ce Rap\u00e9. Les Kuntanawa disent que le Yunu aide \u00e0 lutter contre la d\u00e9pression et qu'il aide aussi \u00e0 \u00e9vacuer les \u00e9nergies n\u00e9gatives. Le Rap\u00e9 Yunu a une \u00e9nergie fra\u00eeche. Il a quelques similitudes avec la menthe, mais il en est tout \u00e0 fait diff\u00e9rent.<\/p>\n<h2>Kuntanawa Rap\u00e9<\/h2>\n<p>Le rap\u00e9 produit par Kuntanawa a une vibration unique.  Il s'agit d'un lien spirituel fort qui apporte pr\u00e9sence et calme. Parfois, ils ajoutent d'autres plantes aux forces cosmologiques qui nous apportent chance, tranquillit\u00e9 et autres bienfaits. Ils sont g\u00e9n\u00e9ralement utilis\u00e9s d'une autre mani\u00e8re pour apporter protection ou b\u00e9n\u00e9diction.<\/p>\n<p>On dit que ces plantes nous apportent la force et la clart\u00e9 n\u00e9cessaires pour adopter les bonnes attitudes et prendre les bonnes d\u00e9cisions. Ce qui est int\u00e9ressant, c'est que le Kuntanwa Rap\u00e9 semble \u00eatre plus actif dans la r\u00e9gion de la poitrine et du c\u0153ur que dans celle de la t\u00eate. Comme il est typiquement doux, il br\u00fble moins.<br \/>\nBeaucoup consid\u00e8rent ce Rap\u00e9 comme un ouvreur de c\u0153ur. Il contient de l'arapiraca et du ash \"Tsunu\" (Platycyamus regnellii). D'autres recettes peuvent contenir du Sama\u00fama, du Nissural, de l'Eric, du Sanssara et d'autres plantes.<\/p>","protected":false},"excerpt":{"rendered":"<p>Le nom scientifique de Yunu est encore inconnu et garde ainsi une partie des secrets de la tribu. Le Rap\u00e9 Yunu a une \u00e9nergie fra\u00eeche. Il a quelques similitudes avec la menthe, mais il est tout \u00e0 fait diff\u00e9rent.<\/p>\n<p>Nom : Yunu<br \/>\nTribu : Kuntanawa<br \/>\nOrigine :  Acre, Br\u00e9sil<br \/>\nComposition : Moi, Tsunu ashes et Yunu feuilles biologiques.<\/p>\n<p>&nbsp;<\/p>","protected":false},"featured_media":35680,"template":"","meta":{"_seopress_robots_primary_cat":"none","_seopress_titles_title":"Rap\u00e9 Yunu - Direct from the Amazon Forest - %%sitetitle%%","_seopress_titles_desc":"Rap\u00e9 Yunu is a rather unknown type of Snuff from the Kuntanawa tribe. Yunu is a tree that grows in the Kuntanawa's habitat.","_seopress_robots_index":"","_kad_blocks_custom_css":"","_kad_blocks_head_custom_js":"","_kad_blocks_body_custom_js":"","_kad_blocks_footer_custom_js":"","_kad_post_transparent":"default","_kad_post_title":"","_kad_post_layout":"default","_kad_post_sidebar_id":"","_kad_post_content_style":"default","_kad_post_vertical_padding":"default","_kad_post_feature":"","_kad_post_feature_position":"","_kad_post_header":false,"_kad_post_footer":false,"_kad_post_classname":""},"product_brand":[],"product_cat":[50],"product_tag":[57],"class_list":{"0":"post-730","1":"product","2":"type-product","3":"status-publish","4":"has-post-thumbnail","6":"product_cat-rape","7":"product_tag-kuntanawa","9":"first","10":"instock","11":"taxable","12":"shipping-taxable","13":"purchasable","14":"product-type-variable","15":"entry","16":"content-bg","17":"loop-entry"},"taxonomy_info":{"product_cat":[{"value":50,"label":"Rap\u00e9"}],"product_tag":[{"value":57,"label":"Kuntanawa"}]},"featured_image_src_large":["https:\/\/orisha-ossain.com\/wp-content\/uploads\/2024\/11\/Yunu_Orisha_Ossain.png",736,736,false],"author_info":[],"comment_info":"","_links":{"self":[{"href":"https:\/\/orisha-ossain.com\/fr\/wp-json\/wp\/v2\/product\/730","targetHints":{"allow":["GET"]}}],"collection":[{"href":"https:\/\/orisha-ossain.com\/fr\/wp-json\/wp\/v2\/product"}],"about":[{"href":"https:\/\/orisha-ossain.com\/fr\/wp-json\/wp\/v2\/types\/product"}],"wp:featuredmedia":[{"embeddable":true,"href":"https:\/\/orisha-ossain.com\/fr\/wp-json\/wp\/v2\/media\/35680"}],"wp:attachment":[{"href":"https:\/\/orisha-ossain.com\/fr\/wp-json\/wp\/v2\/media?parent=730"}],"wp:term":[{"taxonomy":"product_brand","embeddable":true,"href":"https:\/\/orisha-ossain.com\/fr\/wp-json\/wp\/v2\/product_brand?post=730"},{"taxonomy":"product_cat","embeddable":true,"href":"https:\/\/orisha-ossain.com\/fr\/wp-json\/wp\/v2\/product_cat?post=730"},{"taxonomy":"product_tag","embeddable":true,"href":"https:\/\/orisha-ossain.com\/fr\/wp-json\/wp\/v2\/product_tag?post=730"}],"curies":[{"name":"wp","href":"https:\/\/api.w.org\/{rel}","templated":true}]}}