{"id":726,"date":"2023-07-05T19:13:13","date_gmt":"2023-07-05T17:13:13","guid":{"rendered":"http:\/\/orisha-ossain.com\/?post_type=product&#038;p=726"},"modified":"2026-04-08T18:25:39","modified_gmt":"2026-04-08T16:25:39","slug":"rape-jarina","status":"publish","type":"product","link":"https:\/\/orisha-ossain.com\/fr\/product\/rape-jarina\/","title":{"rendered":"Rap\u00e9 Jarina"},"content":{"rendered":"<h2>Rap\u00e9 Jarina<\/h2>\n<p>Cette Jarina rap\u00e9 est issue de la tradition de la tribu Kuntanawa. Il est fabriqu\u00e9 \u00e0 partir de Sabi\u00e1 mapacho br\u00e9silien de culture biologique et de ashes d'un arbre appel\u00e9 Sapota. Ce qui donne son nom \u00e0 ce tabac \u00e0 priser sp\u00e9cial est l'\u00e9dition suppl\u00e9mentaire des fleurs s\u00e9ch\u00e9es et pulv\u00e9ris\u00e9es du palmier Jarina. Ce palmier (Phytelephas macrocarpa) est profond\u00e9ment enracin\u00e9 dans la tradition Kuntanawa.<\/p>\n<p>Le palmier Jarina pousse souvent \u00e0 proximit\u00e9 des plantes \u00e0 feuilles de Rainha (reine) qui sont utilis\u00e9es dans l'infusion d'Ayahuasca. Il n'est pas rare que diff\u00e9rentes parties du palmier Jarina soient utilis\u00e9es dans l'infusion sacr\u00e9e.<\/p>\n<p>Les fleurs pulv\u00e9ris\u00e9es de Jarina contenues dans ce tabac \u00e0 priser agissent principalement sur le chakra du troisi\u00e8me \u0153il et le chakra de la couronne.<\/p>\n<figure id=\"attachment_179\" aria-describedby=\"caption-attachment-179\" style=\"width: 201px\" class=\"wp-caption aligncenter\"><a href=\"http:\/\/orisha-ossain.com\/wp-content\/uploads\/2023\/06\/Jarina-palm-tree-Phytelephas-macrocarpa.jpg\"><img decoding=\"async\" class=\"size-medium wp-image-179\" src=\"http:\/\/orisha-ossain.com\/wp-content\/uploads\/2023\/06\/Jarina-palm-tree-Phytelephas-macrocarpa-201x300.jpg\" alt=\"pour le Rap\u00e9 Jarina, on utilise les fleurs du palmier Jarina\" width=\"201\" height=\"300\" srcset=\"https:\/\/orisha-ossain.com\/wp-content\/uploads\/2023\/06\/Jarina-palm-tree-Phytelephas-macrocarpa-201x300.jpg 201w, https:\/\/orisha-ossain.com\/wp-content\/uploads\/2023\/06\/Jarina-palm-tree-Phytelephas-macrocarpa.jpg 535w\" sizes=\"(max-width: 201px) 100vw, 201px\" \/><\/a><figcaption id=\"caption-attachment-179\" class=\"wp-caption-text\">Palmier jarina (Phytelephas macrocarpa)<\/figcaption><\/figure>\n<h2>Aspects spirituels<\/h2>\n<p>Un rap\u00e9 populaire, puissant et \"fleuri\" de la tribu Kuntanaw\u00e1. Tr\u00e8s purifiant et fortement ancr\u00e9 dans le sol. Id\u00e9al pour \u00e9quilibrer les \u00e9nergies et obtenir la paix de l'esprit. rap\u00e9 Jarina est un tabac \u00e0 priser tr\u00e8s appr\u00e9ci\u00e9 des Kuntanaw\u00e1. Ils disent que les fleurs de Jarina les rendent invisibles aux ennemis, spirituels et physiques, et que les fleurs \u00e9loignent les ennemis.<\/p>\n<p>Selon les mots du fabricant. \"Jarina est une m\u00e9decine pleine de secrets que seules quelques personnes savent utiliser. Cette m\u00e9decine est utilis\u00e9e pour chasser les \u00e9nergies n\u00e9gatives. Il apporte l'\u00e9quilibre et une bonne direction, la paix et la tranquillit\u00e9 sur notre chemin\".<\/p>\n<p><a href=\"http:\/\/orisha-ossain.com\/wp-content\/uploads\/2023\/06\/Phytelephas-macrocarpa-flower.jpg\"><img decoding=\"async\" class=\"wp-image-193 size-medium aligncenter\" src=\"http:\/\/orisha-ossain.com\/wp-content\/uploads\/2023\/06\/Phytelephas-macrocarpa-flower-225x300.jpg\" alt=\"La fleur de Phytelephas macrocarpa, rap\u00e9 jarina\" width=\"225\" height=\"300\" srcset=\"https:\/\/orisha-ossain.com\/wp-content\/uploads\/2023\/06\/Phytelephas-macrocarpa-flower-225x300.jpg 225w, https:\/\/orisha-ossain.com\/wp-content\/uploads\/2023\/06\/Phytelephas-macrocarpa-flower.jpg 496w\" sizes=\"(max-width: 225px) 100vw, 225px\" \/><\/a><\/p>\n<h2>Aspects spirituels de Flor de Jarina<\/h2>\n<p>L'or blanc de la for\u00eat, une richesse myst\u00e9rieuse qui se traduit par une clart\u00e9 de vision. Vision sup\u00e9rieure, nourrie par la confiance dans la vie, aujourd'hui et demain. Fermet\u00e9 dans le royaume, piliers de la r\u00e9sidence cach\u00e9e de la grande m\u00e8re divine.<br \/>\nJe me d\u00e9place dans la for\u00eat dans les quatre directions. Je suis certaine du don dont je suis la protectrice. Ceux qui me rencontrent connaissent une tressure. La lumi\u00e8re de la conscience dans le blanc de mon or.<\/p>\n<h2>Une autre utilisation de Jarina<\/h2>\n<p>Les autochtones utilisent les graines de palmier Jarina dans de nombreuses formes d'artisanat. Nombreux sont ceux qui comparent les graines \u00e0 de l'ivoire animal. Elles ont une couleur et un \u00e9clat similaires. La principale diff\u00e9rence r\u00e9side dans sa duret\u00e9 et sa densit\u00e9 inf\u00e9rieures. Les graines de jarina sont commun\u00e9ment appel\u00e9es ivoire v\u00e9g\u00e9tal et sont largement utilis\u00e9es dans la fabrication de bijoux et d'objets bio.<\/p>\n<figure id=\"attachment_180\" aria-describedby=\"caption-attachment-180\" style=\"width: 300px\" class=\"wp-caption aligncenter\"><a href=\"http:\/\/orisha-ossain.com\/wp-content\/uploads\/2023\/06\/Jarina-semente1.jpg\"><img decoding=\"async\" class=\"size-medium wp-image-180\" src=\"http:\/\/orisha-ossain.com\/wp-content\/uploads\/2023\/06\/Jarina-semente1-300x225.jpg\" alt=\"Graines de Phytelephas macrocarpa, ivoire v\u00e9g\u00e9tal, rap\u00e9 Jarina\" width=\"300\" height=\"225\" srcset=\"https:\/\/orisha-ossain.com\/wp-content\/uploads\/2023\/06\/Jarina-semente1-300x225.jpg 300w, https:\/\/orisha-ossain.com\/wp-content\/uploads\/2023\/06\/Jarina-semente1.jpg 600w\" sizes=\"(max-width: 300px) 100vw, 300px\" \/><\/a><figcaption id=\"caption-attachment-180\" class=\"wp-caption-text\">Phytelephas macrocarpa graines, ivoire v\u00e9g\u00e9tal<\/figcaption><\/figure>\n<h2>Propri\u00e9t\u00e9s g\u00e9n\u00e9rales de Kuntanawa Rap\u00e9<\/h2>\n<p>Les types de Rap\u00e9 produits par Kuntanawa ont une vibration unique.  Un lien spirituel fort qui apporte pr\u00e9sence et calme. Souvent, ils ajoutent d'autres plantes aux forces cosmologiques qui nous apportent chance, tranquillit\u00e9 et autres bienfaits. Ils sont couramment utilis\u00e9s pour apporter protection ou b\u00e9n\u00e9diction.<\/p>","protected":false},"excerpt":{"rendered":"<p>Un rap\u00e9 populaire, puissant et \"fleuri\" de la tribu Kuntanaw\u00e1. Tr\u00e8s purifiant et fortement ancr\u00e9 dans le sol. Id\u00e9al pour \u00e9quilibrer les \u00e9nergies et obtenir la paix de l'esprit. rap\u00e9 Jarina est un tabac \u00e0 priser tr\u00e8s appr\u00e9ci\u00e9 des Kuntanaw\u00e1.<\/p>\n<ul>\n<li>Sabi\u00e1 mapach<\/li>\n<li>Sopata ash<\/li>\n<li>Fleurs de Jarina<\/li>\n<\/ul>","protected":false},"featured_media":35634,"template":"","meta":{"_seopress_robots_primary_cat":"none","_seopress_titles_title":"Rap\u00e9 Jarina - Very Cleansing & Forcefully Grounding","_seopress_titles_desc":"Rap\u00e9 Jarina is A popular, powerful, and \"flowery\" rap\u00e9 from the Kuntanaw\u00e1 tribe. Very cleansing and forcefully grounding.","_seopress_robots_index":"","_kad_blocks_custom_css":"","_kad_blocks_head_custom_js":"","_kad_blocks_body_custom_js":"","_kad_blocks_footer_custom_js":"","_kad_post_transparent":"default","_kad_post_title":"","_kad_post_layout":"default","_kad_post_sidebar_id":"","_kad_post_content_style":"default","_kad_post_vertical_padding":"default","_kad_post_feature":"","_kad_post_feature_position":"","_kad_post_header":false,"_kad_post_footer":false,"_kad_post_classname":""},"product_brand":[],"product_cat":[50],"product_tag":[57],"class_list":{"0":"post-726","1":"product","2":"type-product","3":"status-publish","4":"has-post-thumbnail","6":"product_cat-rape","7":"product_tag-kuntanawa","9":"first","10":"instock","11":"taxable","12":"shipping-taxable","13":"purchasable","14":"product-type-variable","15":"entry","16":"content-bg","17":"loop-entry"},"taxonomy_info":{"product_cat":[{"value":50,"label":"Rap\u00e9"}],"product_tag":[{"value":57,"label":"Kuntanawa"}]},"featured_image_src_large":["https:\/\/orisha-ossain.com\/wp-content\/uploads\/2024\/11\/Jarina_Orisha_Ossain.png",736,736,false],"author_info":[],"comment_info":"","_links":{"self":[{"href":"https:\/\/orisha-ossain.com\/fr\/wp-json\/wp\/v2\/product\/726","targetHints":{"allow":["GET"]}}],"collection":[{"href":"https:\/\/orisha-ossain.com\/fr\/wp-json\/wp\/v2\/product"}],"about":[{"href":"https:\/\/orisha-ossain.com\/fr\/wp-json\/wp\/v2\/types\/product"}],"wp:featuredmedia":[{"embeddable":true,"href":"https:\/\/orisha-ossain.com\/fr\/wp-json\/wp\/v2\/media\/35634"}],"wp:attachment":[{"href":"https:\/\/orisha-ossain.com\/fr\/wp-json\/wp\/v2\/media?parent=726"}],"wp:term":[{"taxonomy":"product_brand","embeddable":true,"href":"https:\/\/orisha-ossain.com\/fr\/wp-json\/wp\/v2\/product_brand?post=726"},{"taxonomy":"product_cat","embeddable":true,"href":"https:\/\/orisha-ossain.com\/fr\/wp-json\/wp\/v2\/product_cat?post=726"},{"taxonomy":"product_tag","embeddable":true,"href":"https:\/\/orisha-ossain.com\/fr\/wp-json\/wp\/v2\/product_tag?post=726"}],"curies":[{"name":"wp","href":"https:\/\/api.w.org\/{rel}","templated":true}]}}