{"id":721,"date":"2023-07-05T18:52:01","date_gmt":"2023-07-05T16:52:01","guid":{"rendered":"http:\/\/orisha-ossain.com\/?post_type=product&#038;p=721"},"modified":"2026-04-20T05:53:04","modified_gmt":"2026-04-20T03:53:04","slug":"rape-tete-pawa","status":"publish","type":"product","link":"https:\/\/orisha-ossain.com\/fr\/product\/rape-tete-pawa\/","title":{"rendered":"Rap\u00e9 Tete Paw\u00e3"},"content":{"rendered":"<h2>Rap\u00e9 Tete Paw\u00e3<\/h2>\n<p>Rap\u00e9 Tete Paw\u00e3 Kuntanawa est un tabac \u00e0 priser de belle facture qui combine un puissant Arapiraca, Tsunu ashes avec les authentiques m\u00e9dicaments tribaux Kawa Xin\u00e3 et Kum\u00e3. Ce rap\u00e9 est un m\u00e9lange sp\u00e9cial fabriqu\u00e9 par l'un des meilleurs fabricants de Kuntanawa rap\u00e9 et d'artisanat de la r\u00e9gion sup\u00e9rieure de Jurua.<br \/>\nHautement recommand\u00e9 !<\/p>\n<p>Selon les termes du fabricant :<br \/>\n\"Le Kawa Xin\u00e3 est un m\u00e9dicament qui purifie nos pens\u00e9es et nous apporte la tranquillit\u00e9. Kum\u00e3 apporte force et fermet\u00e9 et nous oriente dans nos \u00e9tudes spirituelles. Rap\u00e9 Tete Paw\u00e3 est destin\u00e9 \u00e0 l'\u00e9l\u00e9vation spirituelle, au calme dans notre voyage et \u00e0 la concentration. Il nous apporte le pouvoir de la renaissance.<\/p>\n<h2>Attributs de Rap\u00e9 Tete Paw\u00e3<\/h2>\n<p>Le Rap\u00e9 Tete Paw\u00e3 purifie et enracine, aidant les individus \u00e0 rester pr\u00e9sents et \u00e0 prendre des d\u00e9cisions importantes. Il aide \u00e0 d\u00e9couvrir le chemin spirituel et de vie de chacun en r\u00e9v\u00e9lant la v\u00e9rit\u00e9 et la r\u00e9alit\u00e9.<\/p>\n<p>L'aigle harpie, qui symbolise le leadership dans la tribu Kuntanawa, guide ce m\u00e9lange. Il apporte la concentration mentale, la clart\u00e9 dans la prise de d\u00e9cision et l'\u00e9quilibre \u00e9motionnel. Rap\u00e9 Tete Paw\u00e3 travaille avec le chakra du troisi\u00e8me \u0153il pour l'intuition, ainsi qu'avec les chakras de la base et de la couronne, harmonisant les \u00e9nergies terrestres et spirituelles. Ce m\u00e9lange favorise un flux unifi\u00e9 de paix et de force int\u00e9rieures.<\/p>\n<h2>Tete Paw\u00e3<\/h2>\n<p>Tete Paw\u00e3 est le nom indig\u00e8ne de la harpie, l'un des oiseaux les plus sacr\u00e9s de l'Amazonie. L'aigle harpie est un guide spirituel pour diverses tribus amazoniennes. Le nom br\u00e9silien de la harpie est gavi\u00e3o real, ce qui signifie aigle royal.<\/p>\n<p><a href=\"http:\/\/orisha-ossain.com\/wp-content\/uploads\/2023\/06\/tete-pawa.jpg\"><img decoding=\"async\" class=\"aligncenter wp-image-280 size-full\" src=\"http:\/\/orisha-ossain.com\/wp-content\/uploads\/2023\/06\/tete-pawa.jpg\" alt=\"Oiseau harpie sur le point d&#039;atterrir (gavi\u00e3o real) rap\u00e9 Tete Paw\u00e3\" width=\"600\" height=\"384\" srcset=\"https:\/\/orisha-ossain.com\/wp-content\/uploads\/2023\/06\/tete-pawa.jpg 600w, https:\/\/orisha-ossain.com\/wp-content\/uploads\/2023\/06\/tete-pawa-300x192.jpg 300w\" sizes=\"(max-width: 600px) 100vw, 600px\" \/><\/a><\/p>\n<h2>Propri\u00e9t\u00e9s g\u00e9n\u00e9rales de Kuntanawa Rap\u00e9<\/h2>\n<p>Les types de Rap\u00e9 produits par Kuntanawa ont une vibration unique.  Une forte connexion spirituelle qui apporte pr\u00e9sence et calme. Souvent, ils ajoutent d'autres plantes aux forces cosmologiques qui nous apportent chance, tranquillit\u00e9 et autres bienfaits. Ils sont couramment utilis\u00e9s pour apporter protection ou b\u00e9n\u00e9diction.<\/p>\n<figure id=\"attachment_725\" aria-describedby=\"caption-attachment-725\" style=\"width: 300px\" class=\"wp-caption aligncenter\"><a href=\"http:\/\/orisha-ossain.com\/wp-content\/uploads\/2023\/07\/Kuntanawa-rape-tete-pawa-circle-300x169-1.jpg\"><img decoding=\"async\" class=\"wp-image-725 size-full\" src=\"http:\/\/orisha-ossain.com\/wp-content\/uploads\/2023\/07\/Kuntanawa-rape-tete-pawa-circle-300x169-1.jpg\" alt=\"Kuntanawa rap\u00e9 tete pawa circle, rap\u00e9 Tete Paw\u00e3\" width=\"300\" height=\"169\" \/><\/a><figcaption id=\"caption-attachment-725\" class=\"wp-caption-text\">Cercle Kuntanawa rap\u00e9<\/figcaption><\/figure>","protected":false},"excerpt":{"rendered":"<p><span style=\"font-size: 12pt;\">Rap\u00e9 Tete Paw\u00e3 Kuntanawa est un tabac \u00e0 priser de belle facture qui combine un puissant Arapiraca, Tsunu ashes avec les authentiques m\u00e9dicaments tribaux Kawa Xin\u00e3 et Kum\u00e3.<\/span><\/p>\n<p>Selon les termes du fabricant :<br \/>\n\"Le Kawa Xin\u00e3 est un m\u00e9dicament qui purifie nos pens\u00e9es et nous apporte la tranquillit\u00e9. Kum\u00e3 apporte force et fermet\u00e9 en nous orientant dans nos \u00e9tudes spirituelles\".<\/p>","protected":false},"featured_media":35668,"template":"","meta":{"_seopress_robots_primary_cat":"none","_seopress_titles_title":"Rap\u00e9 Tete Paw\u00e3 - Kuntanawa - Kawa Xin\u00e3 & Kum\u00e3 - Orisha Ossain","_seopress_titles_desc":"Rap\u00e9 Tete Paw\u00e3 Kuntanawa combines a nice potent tobacco, Tsunu ashes with the authentic tribal medicines Kawa Xin\u00e3 and Kum\u00e3.","_seopress_robots_index":"","_kad_blocks_custom_css":"","_kad_blocks_head_custom_js":"","_kad_blocks_body_custom_js":"","_kad_blocks_footer_custom_js":"","_kad_post_transparent":"default","_kad_post_title":"","_kad_post_layout":"default","_kad_post_sidebar_id":"","_kad_post_content_style":"default","_kad_post_vertical_padding":"default","_kad_post_feature":"","_kad_post_feature_position":"","_kad_post_header":false,"_kad_post_footer":false,"_kad_post_classname":""},"product_brand":[],"product_cat":[50],"product_tag":[57],"class_list":{"0":"post-721","1":"product","2":"type-product","3":"status-publish","4":"has-post-thumbnail","6":"product_cat-rape","7":"product_tag-kuntanawa","9":"first","10":"instock","11":"taxable","12":"shipping-taxable","13":"purchasable","14":"product-type-variable","15":"entry","16":"content-bg","17":"loop-entry"},"taxonomy_info":{"product_cat":[{"value":50,"label":"Rap\u00e9"}],"product_tag":[{"value":57,"label":"Kuntanawa"}]},"featured_image_src_large":["https:\/\/orisha-ossain.com\/wp-content\/uploads\/2024\/11\/Tete-Pawa_Orisha_Ossain.png",736,736,false],"author_info":[],"comment_info":"","_links":{"self":[{"href":"https:\/\/orisha-ossain.com\/fr\/wp-json\/wp\/v2\/product\/721","targetHints":{"allow":["GET"]}}],"collection":[{"href":"https:\/\/orisha-ossain.com\/fr\/wp-json\/wp\/v2\/product"}],"about":[{"href":"https:\/\/orisha-ossain.com\/fr\/wp-json\/wp\/v2\/types\/product"}],"wp:featuredmedia":[{"embeddable":true,"href":"https:\/\/orisha-ossain.com\/fr\/wp-json\/wp\/v2\/media\/35668"}],"wp:attachment":[{"href":"https:\/\/orisha-ossain.com\/fr\/wp-json\/wp\/v2\/media?parent=721"}],"wp:term":[{"taxonomy":"product_brand","embeddable":true,"href":"https:\/\/orisha-ossain.com\/fr\/wp-json\/wp\/v2\/product_brand?post=721"},{"taxonomy":"product_cat","embeddable":true,"href":"https:\/\/orisha-ossain.com\/fr\/wp-json\/wp\/v2\/product_cat?post=721"},{"taxonomy":"product_tag","embeddable":true,"href":"https:\/\/orisha-ossain.com\/fr\/wp-json\/wp\/v2\/product_tag?post=721"}],"curies":[{"name":"wp","href":"https:\/\/api.w.org\/{rel}","templated":true}]}}