{"id":717,"date":"2023-07-05T18:46:10","date_gmt":"2023-07-05T16:46:10","guid":{"rendered":"http:\/\/orisha-ossain.com\/?post_type=product&#038;p=717"},"modified":"2026-03-21T14:37:19","modified_gmt":"2026-03-21T13:37:19","slug":"rape-kuntanawa","status":"publish","type":"product","link":"https:\/\/orisha-ossain.com\/fr\/product\/rape-kuntanawa\/","title":{"rendered":"Rap\u00e9 Kuntanawa"},"content":{"rendered":"<h2>Rap\u00e9 Kuntanawa<\/h2>\n<p>Rap\u00e9 Kuntanawa porte le nom tribal traditionnel de \"Nixpu\". Nixpu est le nom indig\u00e8ne du Pimenta longa (poivre long). Il s'agit d'une vari\u00e9t\u00e9 de poivron originaire de la r\u00e9gion amazonienne de l'\u00c9tat d'Acre. Ses feuilles s\u00e9ch\u00e9es et pulv\u00e9ris\u00e9es ainsi que le sabi\u00e1 et le tsunu ash sont les ingr\u00e9dients de ce tabac \u00e0 priser Kuntanawa.<br \/>\nNixpu am\u00e9liore la digestion et sert \u00e9galement de m\u00e9dicament de renforcement g\u00e9n\u00e9ral. Le Nixpu peut \u00eatre utilis\u00e9 dans les climats froids car il r\u00e9chauffe le corps.<\/p>\n<h2>Nixpu-Piper\/Hispidinervum<\/h2>\n<p>Le nixpu est une plante grimpante de la famille des pip\u00e9rac\u00e9es. Elle est normalement cultiv\u00e9e pour ses fruits, les piments. Le nixpu est la souche br\u00e9silienne de la plante qui est plus connue en Inde et en Indon\u00e9sie. Le nixpu est \u00e9galement une bonne source d'huile de safrol. Le poivre long a un go\u00fbt similaire mais est plus piquant que son proche parent Piper nigrum.<br \/>\nLe poivre long est un ingr\u00e9dient rare dans les cuisines europ\u00e9ennes. Les racines sont une bonne source d'huile essentielle de safrol. Il a diverses utilisations th\u00e9rapeutiques et industrielles.<\/p>\n<p>Les cultures tribales indig\u00e8nes de l'Amazonie et du Br\u00e9sil utilisent principalement les feuilles de cette plante. Les feuilles de Nixpu sont un ingr\u00e9dient appr\u00e9ci\u00e9 dans divers bains \u00e0 base de plantes qui aident \u00e0 \u00e9liminer les \u00e9nergies n\u00e9gatives ou bloqu\u00e9es du corps.<\/p>\n<p><a href=\"http:\/\/orisha-ossain.com\/wp-content\/uploads\/2023\/06\/Piper_longum_plant.jpg\"><img decoding=\"async\" class=\"wp-image-194 size-medium aligncenter\" src=\"http:\/\/orisha-ossain.com\/wp-content\/uploads\/2023\/06\/Piper_longum_plant-225x300.jpg\" alt=\"Gros plan sur les feuilles de pipe longum, une plante utilis\u00e9e dans le kantanawa nixpu rap\u00e9 kuntanawa\" width=\"225\" height=\"300\" srcset=\"https:\/\/orisha-ossain.com\/wp-content\/uploads\/2023\/06\/Piper_longum_plant-225x300.jpg 225w, https:\/\/orisha-ossain.com\/wp-content\/uploads\/2023\/06\/Piper_longum_plant.jpg 576w\" sizes=\"(max-width: 225px) 100vw, 225px\" \/><\/a><\/p>","protected":false},"excerpt":{"rendered":"<p>Ce nouveau rap\u00e9 Kuntanawa porte le nom tribal traditionnel \"Nixpu\". Nixpu est le nom indig\u00e8ne du Pimenta longa (poivre long).<\/p>\n<ul>\n<li>Tsunu ash<\/li>\n<li>Sabi\u00e1<\/li>\n<li>Nixpu s'en va<\/li>\n<\/ul>","protected":false},"featured_media":35638,"template":"","meta":{"_seopress_robots_primary_cat":"none","_seopress_titles_title":"Rap\u00e9 Kuntanawa - Nixpu- Aiding Digestion & Strengthening","_seopress_titles_desc":"This new rap\u00e9 Kuntanawa has the traditional tribal name \"Nixpu\". Nixpu is the native name for Pimenta longa (long pepper).","_seopress_robots_index":"","_kad_blocks_custom_css":"","_kad_blocks_head_custom_js":"","_kad_blocks_body_custom_js":"","_kad_blocks_footer_custom_js":"","_kad_post_transparent":"default","_kad_post_title":"","_kad_post_layout":"default","_kad_post_sidebar_id":"","_kad_post_content_style":"default","_kad_post_vertical_padding":"default","_kad_post_feature":"","_kad_post_feature_position":"","_kad_post_header":false,"_kad_post_footer":false,"_kad_post_classname":""},"product_brand":[],"product_cat":[50],"product_tag":[57],"class_list":{"0":"post-717","1":"product","2":"type-product","3":"status-publish","4":"has-post-thumbnail","6":"product_cat-rape","7":"product_tag-kuntanawa","9":"first","10":"instock","11":"featured","12":"taxable","13":"shipping-taxable","14":"purchasable","15":"product-type-variable","16":"entry","17":"content-bg","18":"loop-entry"},"taxonomy_info":{"product_cat":[{"value":50,"label":"Rap\u00e9"}],"product_tag":[{"value":57,"label":"Kuntanawa"}]},"featured_image_src_large":["https:\/\/orisha-ossain.com\/wp-content\/uploads\/2024\/11\/Kuntanawa_Orisha_Ossain.png",736,736,false],"author_info":[],"comment_info":"","_links":{"self":[{"href":"https:\/\/orisha-ossain.com\/fr\/wp-json\/wp\/v2\/product\/717","targetHints":{"allow":["GET"]}}],"collection":[{"href":"https:\/\/orisha-ossain.com\/fr\/wp-json\/wp\/v2\/product"}],"about":[{"href":"https:\/\/orisha-ossain.com\/fr\/wp-json\/wp\/v2\/types\/product"}],"wp:featuredmedia":[{"embeddable":true,"href":"https:\/\/orisha-ossain.com\/fr\/wp-json\/wp\/v2\/media\/35638"}],"wp:attachment":[{"href":"https:\/\/orisha-ossain.com\/fr\/wp-json\/wp\/v2\/media?parent=717"}],"wp:term":[{"taxonomy":"product_brand","embeddable":true,"href":"https:\/\/orisha-ossain.com\/fr\/wp-json\/wp\/v2\/product_brand?post=717"},{"taxonomy":"product_cat","embeddable":true,"href":"https:\/\/orisha-ossain.com\/fr\/wp-json\/wp\/v2\/product_cat?post=717"},{"taxonomy":"product_tag","embeddable":true,"href":"https:\/\/orisha-ossain.com\/fr\/wp-json\/wp\/v2\/product_tag?post=717"}],"curies":[{"name":"wp","href":"https:\/\/api.w.org\/{rel}","templated":true}]}}