{"id":713,"date":"2023-07-05T18:32:42","date_gmt":"2023-07-05T16:32:42","guid":{"rendered":"http:\/\/orisha-ossain.com\/?post_type=product&#038;p=713"},"modified":"2026-03-03T11:10:38","modified_gmt":"2026-03-03T10:10:38","slug":"rape-tsunu-forca","status":"publish","type":"product","link":"https:\/\/orisha-ossain.com\/fr\/product\/rape-tsunu-forca\/","title":{"rendered":"Rap\u00e9 Tsunu For\u00e7a"},"content":{"rendered":"<h2>Rap\u00e9 Tsunu For\u00e7a<\/h2>\n<p>Cette for\u00e7a de tsunu rap\u00e9 est exactement ce pour quoi elle a \u00e9t\u00e9 nomm\u00e9e.  Un m\u00e9lange rap\u00e9 extra puissant avec un excellent choix de sabi\u00e1 mapacho et de tsunu ash blanc pur. Le reste demeure le secret de Katukina. Il s'agit d'un rap\u00e9 pour ceux qui veulent se connecter profond\u00e9ment. Dans la plupart des cas, les gens trouveront ce tsunu for\u00e7a rap\u00e9 fort ou tr\u00e8s fort. Il ne convient pas \u00e0 tout le monde. Mais ceux qui aiment les rap\u00e9 forts l'appr\u00e9cieront.<\/p>\n<h2>Composition<\/h2>\n<ul>\n<li>Sabi\u00e1 Mapacho<\/li>\n<li>Tsunu ash<\/li>\n<li>Un peu de magie<\/li>\n<\/ul>\n<p>Le katukina qui a fait ce rap\u00e9 a aussi fait ce rap\u00e9, <a href=\"http:\/\/orisha-ossain.com\/fr\/produit\/rape-parika-forca\/\" target=\"_blank\" rel=\"noopener\">Parika For\u00e7a<\/a><\/p>\n<p><a href=\"http:\/\/orisha-ossain.com\/wp-content\/uploads\/2023\/06\/milling.jpg\"><img decoding=\"async\" class=\"aligncenter wp-image-265 size-full\" src=\"http:\/\/orisha-ossain.com\/wp-content\/uploads\/2023\/06\/milling.jpg\" alt=\"Un b\u00e2ton de broyage broyant du tabac \u00e0 priser rap\u00e9 dans un r\u00e9ceptacle en bois, rap\u00e9 tsunu Forca\" width=\"800\" height=\"533\" srcset=\"https:\/\/orisha-ossain.com\/wp-content\/uploads\/2023\/06\/milling.jpg 800w, https:\/\/orisha-ossain.com\/wp-content\/uploads\/2023\/06\/milling-300x200.jpg 300w, https:\/\/orisha-ossain.com\/wp-content\/uploads\/2023\/06\/milling-768x512.jpg 768w\" sizes=\"(max-width: 800px) 100vw, 800px\" \/><\/a><\/p>","protected":false},"excerpt":{"rendered":"<p>Ce tsunu for\u00e7a est exactement ce pour quoi il a \u00e9t\u00e9 nomm\u00e9. Un m\u00e9lange rap\u00e9 extra puissant avec un excellent choix de sabi\u00e1 mapacho et de tsunu ash blanc pur. C'est un rap\u00e9 pour ceux qui veulent se connecter en profondeur.<\/p>","protected":false},"featured_media":35672,"template":"","meta":{"_seopress_robots_primary_cat":"none","_seopress_titles_title":"Rap\u00e9 Tsunu For\u00e7a - Katukina - Unique & Powerfull Snuff","_seopress_titles_desc":"This rap\u00e9 tsunu for\u00e7a is exactly what it is named for.\u00a0 A very strong rap\u00e9 blend with an excellent choice of sabi\u00e1 and pure clean white tsunu ash.","_seopress_robots_index":"","_kad_blocks_custom_css":"","_kad_blocks_head_custom_js":"","_kad_blocks_body_custom_js":"","_kad_blocks_footer_custom_js":"","_kad_post_transparent":"default","_kad_post_title":"","_kad_post_layout":"default","_kad_post_sidebar_id":"","_kad_post_content_style":"default","_kad_post_vertical_padding":"default","_kad_post_feature":"","_kad_post_feature_position":"","_kad_post_header":false,"_kad_post_footer":false,"_kad_post_classname":""},"product_brand":[],"product_cat":[50],"product_tag":[55],"class_list":{"0":"post-713","1":"product","2":"type-product","3":"status-publish","4":"has-post-thumbnail","6":"product_cat-rape","7":"product_tag-katukina","9":"first","10":"instock","11":"taxable","12":"shipping-taxable","13":"purchasable","14":"product-type-variable","15":"entry","16":"content-bg","17":"loop-entry"},"taxonomy_info":{"product_cat":[{"value":50,"label":"Rap\u00e9"}],"product_tag":[{"value":55,"label":"Katukina"}]},"featured_image_src_large":["https:\/\/orisha-ossain.com\/wp-content\/uploads\/2024\/11\/Tsunu-Forca_Orisha_Ossain.png",736,736,false],"author_info":[],"comment_info":"","_links":{"self":[{"href":"https:\/\/orisha-ossain.com\/fr\/wp-json\/wp\/v2\/product\/713","targetHints":{"allow":["GET"]}}],"collection":[{"href":"https:\/\/orisha-ossain.com\/fr\/wp-json\/wp\/v2\/product"}],"about":[{"href":"https:\/\/orisha-ossain.com\/fr\/wp-json\/wp\/v2\/types\/product"}],"wp:featuredmedia":[{"embeddable":true,"href":"https:\/\/orisha-ossain.com\/fr\/wp-json\/wp\/v2\/media\/35672"}],"wp:attachment":[{"href":"https:\/\/orisha-ossain.com\/fr\/wp-json\/wp\/v2\/media?parent=713"}],"wp:term":[{"taxonomy":"product_brand","embeddable":true,"href":"https:\/\/orisha-ossain.com\/fr\/wp-json\/wp\/v2\/product_brand?post=713"},{"taxonomy":"product_cat","embeddable":true,"href":"https:\/\/orisha-ossain.com\/fr\/wp-json\/wp\/v2\/product_cat?post=713"},{"taxonomy":"product_tag","embeddable":true,"href":"https:\/\/orisha-ossain.com\/fr\/wp-json\/wp\/v2\/product_tag?post=713"}],"curies":[{"name":"wp","href":"https:\/\/api.w.org\/{rel}","templated":true}]}}