{"id":709,"date":"2023-07-05T18:22:01","date_gmt":"2023-07-05T16:22:01","guid":{"rendered":"http:\/\/orisha-ossain.com\/?post_type=product&#038;p=709"},"modified":"2026-04-17T13:20:14","modified_gmt":"2026-04-17T11:20:14","slug":"rape-murici-cactus","status":"publish","type":"product","link":"https:\/\/orisha-ossain.com\/fr\/product\/rape-murici-cactus\/","title":{"rendered":"Rap\u00e9 Murici Cactus"},"content":{"rendered":"<h2>Rap\u00e9 Murici Cactus<\/h2>\n<p>Rap\u00e9 Murici Cactus est un rap\u00e9 unique en son genre, d'une force moyenne \u00e0 forte. C'est un m\u00e9lange de moi mapacho et de Murici ash. Ce qui rend ce rap\u00e9 du Katukini sp\u00e9cial est l'ajout du cactus pulv\u00e9ris\u00e9, \"Selenicereus grandiflorus\", \u00e9galement connu sous le nom de \"Reine de la nuit\".<\/p>\n<p>Chakras : Cardiaque et coronaire.<\/p>\n<h2>Reine de la nuit<\/h2>\n<p>Nom scientifique : Cactus Selenicereus grandiflorus<\/p>\n<p>Le cactus est bien connu, surtout en raison de ses \u00e9normes fleurs. La nuit, les fleurs du cactus ne restent ouvertes que quelques heures.<a href=\"http:\/\/orisha-ossain.com\/wp-content\/uploads\/2023\/06\/selenicereusgrandiflorusvirgingordabvi21.jpg\"><img decoding=\"async\" class=\"alignright wp-image-203 size-thumbnail\" src=\"http:\/\/orisha-ossain.com\/wp-content\/uploads\/2023\/06\/selenicereusgrandiflorusvirgingordabvi21-150x150.jpg\" alt=\"Gros plan sur une fleur du cactus Selenicereus grandiflorus. Le cactus est utilis\u00e9 pour la fabrication du cactus rap\u00e9 murici.\" width=\"150\" height=\"150\" srcset=\"https:\/\/orisha-ossain.com\/wp-content\/uploads\/2023\/06\/selenicereusgrandiflorusvirgingordabvi21-150x150.jpg 150w, https:\/\/orisha-ossain.com\/wp-content\/uploads\/2023\/06\/selenicereusgrandiflorusvirgingordabvi21-300x300.jpg 300w, https:\/\/orisha-ossain.com\/wp-content\/uploads\/2023\/06\/selenicereusgrandiflorusvirgingordabvi21-100x100.jpg 100w, https:\/\/orisha-ossain.com\/wp-content\/uploads\/2023\/06\/selenicereusgrandiflorusvirgingordabvi21-465x465.jpg 465w\" sizes=\"(max-width: 150px) 100vw, 150px\" \/><\/a>\u00a0Noms populaires : fleur de nuit, fleur de bal, fleur parfum\u00e9e, cactus \u00e0 grandes fleurs, mandacaru, cierge du Mexique, fleur de soie, torche \u00e9pineuse, cactus spinal, cardon, g\u00e9ant et reine des fleurs.<\/p>\n<p>Indications : La plante offre des avantages sur le plan mental et \u00e9motionnel. Sa consommation augmente la circulation sanguine dans le cerveau et, par cons\u00e9quent, le fonctionnement des neurotransmetteurs.<br \/>\nTroubles cardiaques et circulatoires, rhumatismes, congestion et irritation du c\u0153ur, palpitations, surexcitation, pneumonie ; asthme congestif, essoufflement chronique et maux de t\u00eate. Excellent pour les troubles cardiaques dus \u00e0 l'abus de caf\u00e9, de th\u00e9 et de boissons alcoolis\u00e9es. Il soulage l'irritation cardiaque sans nuire au syst\u00e8me nerveux.<\/p>\n<p><a href=\"http:\/\/orisha-ossain.com\/wp-content\/uploads\/2023\/06\/selenicereusgrandiflorusvirgingordabvi20.jpg\"><img decoding=\"async\" class=\"aligncenter wp-image-202 size-medium\" src=\"http:\/\/orisha-ossain.com\/wp-content\/uploads\/2023\/06\/selenicereusgrandiflorusvirgingordabvi20-300x225.jpg\" alt=\"Cactus \u00e0 fleurs Selenicereus grandiflorus avec une main humaine sur la photo pour montrer la taille, cactus Rap\u00e9 murici\" width=\"300\" height=\"225\" srcset=\"https:\/\/orisha-ossain.com\/wp-content\/uploads\/2023\/06\/selenicereusgrandiflorusvirgingordabvi20-300x225.jpg 300w, https:\/\/orisha-ossain.com\/wp-content\/uploads\/2023\/06\/selenicereusgrandiflorusvirgingordabvi20.jpg 640w\" sizes=\"(max-width: 300px) 100vw, 300px\" \/><\/a><\/p>\n<p>La reine de la nuit (Selenicereus grandiflorus) est un cactus grimpant, rampant, semi-\u00e9piphyte et d\u00e9chir\u00e9. Les tiges fines, pouvant atteindre 1 m de long, \u00e0 cinq \u00e0 huit nervures et \u00e0 section triangulaire ou carr\u00e9e, grimpent en hauteur sur des troncs d'arbres ou des murs et forment un tissage dense de rameaux. Des racines se forment souvent aux n\u0153uds et \u00e0 l'extr\u00e9mit\u00e9, ce qui permet \u00e0 la plante de s'attacher au substrat.<\/p>\n<figure id=\"attachment_204\" aria-describedby=\"caption-attachment-204\" style=\"width: 640px\" class=\"wp-caption aligncenter\"><a href=\"http:\/\/orisha-ossain.com\/wp-content\/uploads\/2023\/06\/selenicereusgrandiflorusvirgingordabvi23.jpg\"><img decoding=\"async\" class=\"wp-image-204 size-full\" src=\"http:\/\/orisha-ossain.com\/wp-content\/uploads\/2023\/06\/selenicereusgrandiflorusvirgingordabvi23.jpg\" alt=\"les katukina utilisent le catus s\u00e9ch\u00e9 dans leur cactus rap\u00e9 murici \" width=\"640\" height=\"480\" srcset=\"https:\/\/orisha-ossain.com\/wp-content\/uploads\/2023\/06\/selenicereusgrandiflorusvirgingordabvi23.jpg 640w, https:\/\/orisha-ossain.com\/wp-content\/uploads\/2023\/06\/selenicereusgrandiflorusvirgingordabvi23-300x225.jpg 300w\" sizes=\"(max-width: 640px) 100vw, 640px\" \/><\/a><figcaption id=\"caption-attachment-204\" class=\"wp-caption-text\">Le cactus forme de tr\u00e8s grandes fleurs qui s'ouvrent la nuit et ne restent g\u00e9n\u00e9ralement ouvertes que quelques heures. La fleur atteint une longueur de 25 cm et un diam\u00e8tre de 30 cm au sommet.<\/figcaption><\/figure>\n<blockquote class=\"wp-embedded-content\" data-secret=\"YrqiWdHfqL\"><p><a href=\"https:\/\/orisha-ossain.com\/fr\/the-katukina\/\">Le Katukina<\/a><\/p><\/blockquote>\n<p><iframe class=\"wp-embedded-content\" sandbox=\"allow-scripts\" security=\"restricted\" style=\"position: absolute; visibility: hidden;\" title=\"&quot;La Katukina&quot; - Orisha Ossain\" src=\"https:\/\/orisha-ossain.com\/the-katukina\/embed\/#?secret=Vt4KJszWqT#?secret=YrqiWdHfqL\" data-secret=\"YrqiWdHfqL\" width=\"600\" height=\"338\" frameborder=\"0\" marginwidth=\"0\" marginheight=\"0\" scrolling=\"no\"><\/iframe><\/p>\n<h2 style=\"text-align: center;\"><a href=\"http:\/\/orisha-ossain.com\/fr\/product-category\/tepi\/\">Tepi<\/a> et <a href=\"http:\/\/orisha-ossain.com\/fr\/product-category\/tepi\/\">Kuripe<span style=\"font-size: 16px;\">\u00a0<\/span><\/a><\/h2>\n<p style=\"text-align: center;\">Jetez un coup d'\u0153il \u00e0 la collection de Tepi et Kuripe. Diff\u00e9rents styles de diff\u00e9rents artistes sont disponibles. <a style=\"font-weight: bold; font-family: var(--global-body-font-family);\" href=\"http:\/\/orisha-ossain.com\/wp-content\/uploads\/2023\/06\/Tepi-Blessings.jpg\"><img decoding=\"async\" class=\"wp-image-55 size-medium aligncenter\" src=\"http:\/\/orisha-ossain.com\/wp-content\/uploads\/2023\/06\/Tepi-Blessings-300x199.jpg\" alt=\"Tepis recevant les b\u00e9n\u00e9dictions de leurs cr\u00e9ateurs\" width=\"300\" height=\"199\" srcset=\"https:\/\/orisha-ossain.com\/wp-content\/uploads\/2023\/06\/Tepi-Blessings-300x199.jpg 300w, https:\/\/orisha-ossain.com\/wp-content\/uploads\/2023\/06\/Tepi-Blessings.jpg 640w\" sizes=\"(max-width: 300px) 100vw, 300px\" \/><\/a><span style=\"font-size: 14px; font-family: var(--global-body-font-family);\">Tepis recevant les b\u00e9n\u00e9dictions de leurs cr\u00e9ateurs<\/span><\/p>","protected":false},"excerpt":{"rendered":"<p>Rap\u00e9 Murici Cactus est un rap\u00e9 unique en son genre, d'une force moyenne \u00e0 forte. C'est un m\u00e9lange de moi mapacho et de Murici ash. Ce qui rend ce rap\u00e9 du Katukini sp\u00e9cial, c'est l'ajout du cactus pulv\u00e9ris\u00e9.<\/p>\n<p>Composition : Selenicereus grandiflorus, Murici ash et Corda.<\/p>","protected":false},"featured_media":35643,"template":"","meta":{"_seopress_robots_primary_cat":"none","_seopress_titles_title":"Rap\u00e9 Murici Cactus - Katukina - Tribal Rap\u00e9 From the Amazon","_seopress_titles_desc":"Rap\u00e9 Murici Cactus is a one of a kind rap\u00e9 with medium to strong strength. A mix of corda mapacho with Murici ash.","_seopress_robots_index":"","_kad_blocks_custom_css":"","_kad_blocks_head_custom_js":"","_kad_blocks_body_custom_js":"","_kad_blocks_footer_custom_js":"","_kad_post_transparent":"default","_kad_post_title":"","_kad_post_layout":"default","_kad_post_sidebar_id":"","_kad_post_content_style":"default","_kad_post_vertical_padding":"default","_kad_post_feature":"","_kad_post_feature_position":"","_kad_post_header":false,"_kad_post_footer":false,"_kad_post_classname":""},"product_brand":[],"product_cat":[50],"product_tag":[55],"class_list":{"0":"post-709","1":"product","2":"type-product","3":"status-publish","4":"has-post-thumbnail","6":"product_cat-rape","7":"product_tag-katukina","9":"first","10":"instock","11":"taxable","12":"shipping-taxable","13":"purchasable","14":"product-type-variable","15":"entry","16":"content-bg","17":"loop-entry"},"taxonomy_info":{"product_cat":[{"value":50,"label":"Rap\u00e9"}],"product_tag":[{"value":55,"label":"Katukina"}]},"featured_image_src_large":["https:\/\/orisha-ossain.com\/wp-content\/uploads\/2024\/11\/Murici-Cactus_Orisha_Ossain.png",736,736,false],"author_info":[],"comment_info":"","_links":{"self":[{"href":"https:\/\/orisha-ossain.com\/fr\/wp-json\/wp\/v2\/product\/709","targetHints":{"allow":["GET"]}}],"collection":[{"href":"https:\/\/orisha-ossain.com\/fr\/wp-json\/wp\/v2\/product"}],"about":[{"href":"https:\/\/orisha-ossain.com\/fr\/wp-json\/wp\/v2\/types\/product"}],"wp:featuredmedia":[{"embeddable":true,"href":"https:\/\/orisha-ossain.com\/fr\/wp-json\/wp\/v2\/media\/35643"}],"wp:attachment":[{"href":"https:\/\/orisha-ossain.com\/fr\/wp-json\/wp\/v2\/media?parent=709"}],"wp:term":[{"taxonomy":"product_brand","embeddable":true,"href":"https:\/\/orisha-ossain.com\/fr\/wp-json\/wp\/v2\/product_brand?post=709"},{"taxonomy":"product_cat","embeddable":true,"href":"https:\/\/orisha-ossain.com\/fr\/wp-json\/wp\/v2\/product_cat?post=709"},{"taxonomy":"product_tag","embeddable":true,"href":"https:\/\/orisha-ossain.com\/fr\/wp-json\/wp\/v2\/product_tag?post=709"}],"curies":[{"name":"wp","href":"https:\/\/api.w.org\/{rel}","templated":true}]}}