{"id":701,"date":"2023-07-05T17:25:21","date_gmt":"2023-07-05T15:25:21","guid":{"rendered":"http:\/\/orisha-ossain.com\/?post_type=product&#038;p=701"},"modified":"2026-04-11T23:47:50","modified_gmt":"2026-04-11T21:47:50","slug":"rape-parika-katukina","status":"publish","type":"product","link":"https:\/\/orisha-ossain.com\/fr\/product\/rape-parika-katukina\/","title":{"rendered":"Rap\u00e9 Parika Katukina"},"content":{"rendered":"<h2>Rap\u00e9 Parika Katukina<\/h2>\n<p>Ce Rap\u00e9 Parika Katukina est un peu diff\u00e9rent des autres Rap\u00e9 Parika que je connais. Outre le Parika ashes et le moi mapacho, le Katukina a ajout\u00e9 un peu d'eucalyptus. Les feuilles finement broy\u00e9es ajoutent un l\u00e9ger ar\u00f4me \u00e0 ce tabac \u00e0 priser. Pas trop pour \u00eatre consid\u00e9r\u00e9 comme un tabac \u00e0 priser aromatique, mais juste assez pour vous donner le buzz chaleureux de cet eucalyptus parfum\u00e9.<\/p>\n<p>Le Parika Rap\u00e9 (Schizolobium amazonicum) est r\u00e9put\u00e9 pour sa puissance et ses ingr\u00e9dients antibact\u00e9riens.<br \/>\nLes Parika ashes ont une vibration \u00e9lev\u00e9e et aident \u00e0 \u00e9liminer les \u00e9nergies n\u00e9gatives et bloqu\u00e9es dans le corps et l'esprit.<\/p>","protected":false},"excerpt":{"rendered":"<p>Une merveilleuse addition de la tribu Katukina. Un tabac \u00e0 priser parika avec un peu d'eucalyptus.<\/p>","protected":false},"featured_media":35653,"template":"","meta":{"_seopress_robots_primary_cat":"none","_seopress_titles_title":"Rap\u00e9 Parika Katukina - Tribal Energy from the Amazon Forest","_seopress_titles_desc":"Rap\u00e9 parika is great addition from the Katukina tribe. A different type of parika snuff with a bit of Eucalyptus.","_seopress_robots_index":"","_kad_blocks_custom_css":"","_kad_blocks_head_custom_js":"","_kad_blocks_body_custom_js":"","_kad_blocks_footer_custom_js":"","_kad_post_transparent":"default","_kad_post_title":"","_kad_post_layout":"default","_kad_post_sidebar_id":"","_kad_post_content_style":"default","_kad_post_vertical_padding":"default","_kad_post_feature":"","_kad_post_feature_position":"","_kad_post_header":false,"_kad_post_footer":false,"_kad_post_classname":""},"product_brand":[],"product_cat":[50],"product_tag":[55],"class_list":{"0":"post-701","1":"product","2":"type-product","3":"status-publish","4":"has-post-thumbnail","6":"product_cat-rape","7":"product_tag-katukina","9":"first","10":"instock","11":"taxable","12":"shipping-taxable","13":"purchasable","14":"product-type-variable","15":"entry","16":"content-bg","17":"loop-entry"},"taxonomy_info":{"product_cat":[{"value":50,"label":"Rap\u00e9"}],"product_tag":[{"value":55,"label":"Katukina"}]},"featured_image_src_large":["https:\/\/orisha-ossain.com\/wp-content\/uploads\/2024\/11\/Parika-Katukina_Orisha_Ossain.png",736,736,false],"author_info":[],"comment_info":"","_links":{"self":[{"href":"https:\/\/orisha-ossain.com\/fr\/wp-json\/wp\/v2\/product\/701","targetHints":{"allow":["GET"]}}],"collection":[{"href":"https:\/\/orisha-ossain.com\/fr\/wp-json\/wp\/v2\/product"}],"about":[{"href":"https:\/\/orisha-ossain.com\/fr\/wp-json\/wp\/v2\/types\/product"}],"wp:featuredmedia":[{"embeddable":true,"href":"https:\/\/orisha-ossain.com\/fr\/wp-json\/wp\/v2\/media\/35653"}],"wp:attachment":[{"href":"https:\/\/orisha-ossain.com\/fr\/wp-json\/wp\/v2\/media?parent=701"}],"wp:term":[{"taxonomy":"product_brand","embeddable":true,"href":"https:\/\/orisha-ossain.com\/fr\/wp-json\/wp\/v2\/product_brand?post=701"},{"taxonomy":"product_cat","embeddable":true,"href":"https:\/\/orisha-ossain.com\/fr\/wp-json\/wp\/v2\/product_cat?post=701"},{"taxonomy":"product_tag","embeddable":true,"href":"https:\/\/orisha-ossain.com\/fr\/wp-json\/wp\/v2\/product_tag?post=701"}],"curies":[{"name":"wp","href":"https:\/\/api.w.org\/{rel}","templated":true}]}}