{"id":697,"date":"2023-07-05T17:19:03","date_gmt":"2023-07-05T15:19:03","guid":{"rendered":"http:\/\/orisha-ossain.com\/?post_type=product&#038;p=697"},"modified":"2026-04-09T12:58:02","modified_gmt":"2026-04-09T10:58:02","slug":"rape-nissural","status":"publish","type":"product","link":"https:\/\/orisha-ossain.com\/fr\/product\/rape-nissural\/","title":{"rendered":"Rap\u00e9 Nissural"},"content":{"rendered":"<h2>Rap\u00e9 Nissural<\/h2>\n<p>Ce nissural rap\u00e9 est un tabac \u00e0 priser chamanique robuste avec des sensations terrestres profondes. Le nissural est une herbe m\u00e9dicinale. Il apporte une force durable avec un bon pouvoir relaxant. Le nissural aide \u00e0 am\u00e9liorer la circulation sanguine. Il r\u00e9duit \u00e9galement le stress et les maux de t\u00eate. C'est un bon protecteur contre les \u00e9nergies n\u00e9gatives.<\/p>\n<p>Le nissural est une plante m\u00e9dicinale traditionnellement utilis\u00e9e par la tribu des Kaxinawa, mais il est \u00e9galement utilis\u00e9 comme ingr\u00e9dient dans les rap\u00e9s de diverses tribus. Le nissural est consid\u00e9r\u00e9 comme une plante m\u00e9dicinale. Selon les Kaxinawas, le Nissural a le pouvoir de gu\u00e9rir, qu'il soit utilis\u00e9 dans un Rap\u00e9 ou, par exemple, dans un bain. Dans leur langue maternelle, Nissu signifie maladie et ral signifie gu\u00e9rison. C'est donc le gu\u00e9risseur des maladies.<\/p>\n<h2>A propos de l'herbe Nissural<\/h2>\n<p>Le nissural est une plante m\u00e9dicinale traditionnellement utilis\u00e9e par la tribu des Kaxinawas, mais qui a trouv\u00e9 sa place dans les rap\u00e9 de diverses tribus. Le nissural est consid\u00e9r\u00e9 comme une plante m\u00e9dicinale. Selon les Kaxinawas, le Nissural a le pouvoir de gu\u00e9rir, qu'il soit utilis\u00e9 dans un Rap\u00e9 ou, par exemple, dans un bain. Dans leur langue maternelle, Nissu signifie maladie et ral signifie gu\u00e9rison. C'est donc le gu\u00e9risseur des maladies.<\/p>\n<p>Nissural est \u00e9troitement li\u00e9 \u00e0 la plante Katsaral (Catsaral). Aucune autre information (scientifique) n'est disponible sur cette plante merveilleuse.<\/p>\n<p>R\u00e9cemment, j'ai re\u00e7u une courte vid\u00e9o des fabricants de rap\u00e9 nissural de la for\u00eat amazonienne montrant les feuilles de la plante.<\/p>\n<div style=\"width: 480px;\" class=\"wp-video\"><video class=\"wp-video-shortcode\" id=\"video-697-1\" width=\"480\" height=\"864\" preload=\"metadata\" controls=\"controls\"><source type=\"video\/mp4\" src=\"https:\/\/orisha-ossain.com\/wp-content\/uploads\/2024\/01\/Nissural-Katseral.mp4?_=1\" \/><a href=\"https:\/\/orisha-ossain.com\/wp-content\/uploads\/2024\/01\/Nissural-Katseral.mp4\">https:\/\/orisha-ossain.com\/wp-content\/uploads\/2024\/01\/Nissural-Katseral.mp4<\/a><\/video><\/div>","protected":false},"excerpt":{"rendered":"<p>Ce Rap\u00e9 Nissural Katukina est un tabac \u00e0 priser chamanique robuste avec des sensations terrestres profondes.<\/p>","protected":false},"featured_media":35648,"template":"","meta":{"_seopress_robots_primary_cat":"none","_seopress_titles_title":"Rap\u00e9 Nissural - Katukina - A Robust Snuff - Earthly Sensations","_seopress_titles_desc":"This Rap\u00e9 Nissural Katukina is robust shamanic snuff with deep earthly sensations. Nissural is a medicinal herb. It brings long-lasting strength.","_seopress_robots_index":"","_kad_blocks_custom_css":"","_kad_blocks_head_custom_js":"","_kad_blocks_body_custom_js":"","_kad_blocks_footer_custom_js":"","_kad_post_transparent":"default","_kad_post_title":"","_kad_post_layout":"default","_kad_post_sidebar_id":"","_kad_post_content_style":"default","_kad_post_vertical_padding":"default","_kad_post_feature":"","_kad_post_feature_position":"","_kad_post_header":false,"_kad_post_footer":false,"_kad_post_classname":""},"product_brand":[],"product_cat":[50],"product_tag":[55],"class_list":{"0":"post-697","1":"product","2":"type-product","3":"status-publish","4":"has-post-thumbnail","6":"product_cat-rape","7":"product_tag-katukina","9":"first","10":"instock","11":"taxable","12":"shipping-taxable","13":"purchasable","14":"product-type-variable","15":"entry","16":"content-bg","17":"loop-entry"},"taxonomy_info":{"product_cat":[{"value":50,"label":"Rap\u00e9"}],"product_tag":[{"value":55,"label":"Katukina"}]},"featured_image_src_large":["https:\/\/orisha-ossain.com\/wp-content\/uploads\/2024\/11\/Nissural-Katukina_Orisha_Ossain.png",736,736,false],"author_info":[],"comment_info":"","_links":{"self":[{"href":"https:\/\/orisha-ossain.com\/fr\/wp-json\/wp\/v2\/product\/697","targetHints":{"allow":["GET"]}}],"collection":[{"href":"https:\/\/orisha-ossain.com\/fr\/wp-json\/wp\/v2\/product"}],"about":[{"href":"https:\/\/orisha-ossain.com\/fr\/wp-json\/wp\/v2\/types\/product"}],"wp:featuredmedia":[{"embeddable":true,"href":"https:\/\/orisha-ossain.com\/fr\/wp-json\/wp\/v2\/media\/35648"}],"wp:attachment":[{"href":"https:\/\/orisha-ossain.com\/fr\/wp-json\/wp\/v2\/media?parent=697"}],"wp:term":[{"taxonomy":"product_brand","embeddable":true,"href":"https:\/\/orisha-ossain.com\/fr\/wp-json\/wp\/v2\/product_brand?post=697"},{"taxonomy":"product_cat","embeddable":true,"href":"https:\/\/orisha-ossain.com\/fr\/wp-json\/wp\/v2\/product_cat?post=697"},{"taxonomy":"product_tag","embeddable":true,"href":"https:\/\/orisha-ossain.com\/fr\/wp-json\/wp\/v2\/product_tag?post=697"}],"curies":[{"name":"wp","href":"https:\/\/api.w.org\/{rel}","templated":true}]}}