{"id":693,"date":"2023-07-05T16:48:33","date_gmt":"2023-07-05T14:48:33","guid":{"rendered":"http:\/\/orisha-ossain.com\/?post_type=product&#038;p=693"},"modified":"2026-04-22T09:57:13","modified_gmt":"2026-04-22T07:57:13","slug":"rape-parika-xtr-forte","status":"publish","type":"product","link":"https:\/\/orisha-ossain.com\/fr\/product\/rape-parika-xtr-forte\/","title":{"rendered":"Rap\u00e9 Parika XTR Forte"},"content":{"rendered":"<h2>Rap\u00e9 Parika XTR Forte<\/h2>\n<p>Ce Rap\u00e9 Parika XTR forte vient des mains d'un Caboclo de Cruzeiro do Sul dans le nord de l'Arce. Un Caboclo est un indig\u00e8ne br\u00e9silien m\u00e9tis. Joa\u00f3 a v\u00e9cu toute son enfance dans la for\u00eat. \u00c0 l'adolescence, il est lentement sorti de la for\u00eat. Tout au long de sa vie, il a conserv\u00e9 son lien avec la for\u00eat. Ce rap\u00e9 exprime cette \u00e9nergie de mani\u00e8re forte.<br \/>\nL'essentiel de la force de ce tabac \u00e0 priser provient d'un sabi\u00e1 biologique sp\u00e9cial. C'est le rapport entre la quantit\u00e9 de sabi\u00e1 et de ashes et la qualit\u00e9 de ces deux \u00e9l\u00e9ments qui fait de ce tabac \u00e0 priser un Rap\u00e9 exceptionnel.<\/p>\n<p>Le Parika Rap\u00e9 (Schizolobium amazonicum) est r\u00e9put\u00e9 pour sa puissance et ses ingr\u00e9dients antibact\u00e9riens.<br \/>\nCes ashes ont une vibration \u00e9lev\u00e9e et aident \u00e0 d\u00e9gager les \u00e9nergies n\u00e9gatives et bloqu\u00e9es dans le corps et l'esprit.<\/p>\n<div class=\"mceTemp\"><\/div>\n<figure id=\"attachment_201\" aria-describedby=\"caption-attachment-201\" style=\"width: 300px\" class=\"wp-caption aligncenter\"><a href=\"http:\/\/orisha-ossain.com\/wp-content\/uploads\/2023\/06\/schizolobium-amazonicum-parica.jpg\"><img decoding=\"async\" class=\"wp-image-201 size-medium\" src=\"http:\/\/orisha-ossain.com\/wp-content\/uploads\/2023\/06\/schizolobium-amazonicum-parica-300x300.jpg\" alt=\"recherche d&#039;un arbre Schizolobium amazonicum. l&#039;\u00e9corce est utilis\u00e9e pour rap\u00e9 parika xtr forte\" width=\"300\" height=\"300\" srcset=\"https:\/\/orisha-ossain.com\/wp-content\/uploads\/2023\/06\/schizolobium-amazonicum-parica-300x300.jpg 300w, https:\/\/orisha-ossain.com\/wp-content\/uploads\/2023\/06\/schizolobium-amazonicum-parica-100x100.jpg 100w, https:\/\/orisha-ossain.com\/wp-content\/uploads\/2023\/06\/schizolobium-amazonicum-parica-465x465.jpg 465w, https:\/\/orisha-ossain.com\/wp-content\/uploads\/2023\/06\/schizolobium-amazonicum-parica-1024x1024.jpg 1024w, https:\/\/orisha-ossain.com\/wp-content\/uploads\/2023\/06\/schizolobium-amazonicum-parica-150x150.jpg 150w, https:\/\/orisha-ossain.com\/wp-content\/uploads\/2023\/06\/schizolobium-amazonicum-parica-768x768.jpg 768w, https:\/\/orisha-ossain.com\/wp-content\/uploads\/2023\/06\/schizolobium-amazonicum-parica.jpg 1080w\" sizes=\"(max-width: 300px) 100vw, 300px\" \/><\/a><figcaption id=\"caption-attachment-201\" class=\"wp-caption-text\">Schizolobium amazonicum<\/figcaption><\/figure>\n<p style=\"text-align: center;\">","protected":false},"excerpt":{"rendered":"<p>Ce Rap\u00e9, Parika XTR forte vient des mains d'un Caboclo de Cruzeiro do Sul dans le nord de l'Arce. Un Caboclo est un indig\u00e8ne br\u00e9silien m\u00e9tis. Joa\u00f3 a v\u00e9cu toute son enfance dans la for\u00eat. \u00c0 l'adolescence, il est lentement sorti de la for\u00eat.<\/p>","protected":false},"featured_media":35654,"template":"","meta":{"_seopress_robots_primary_cat":"none","_seopress_titles_title":"Rap\u00e9, Parika XTR - Caboclo - Intense Cleaning Frequency -","_seopress_titles_desc":"This Rap\u00e9 Parika XTR forte has a very high cleaning frequency. Parika ash is one of the strongest types of ash.","_seopress_robots_index":"","_kad_blocks_custom_css":"","_kad_blocks_head_custom_js":"","_kad_blocks_body_custom_js":"","_kad_blocks_footer_custom_js":"","_kad_post_transparent":"default","_kad_post_title":"","_kad_post_layout":"default","_kad_post_sidebar_id":"","_kad_post_content_style":"default","_kad_post_vertical_padding":"default","_kad_post_feature":"","_kad_post_feature_position":"","_kad_post_header":false,"_kad_post_footer":false,"_kad_post_classname":""},"product_brand":[],"product_cat":[50],"product_tag":[54],"class_list":{"0":"post-693","1":"product","2":"type-product","3":"status-publish","4":"has-post-thumbnail","6":"product_cat-rape","7":"product_tag-caboclo","9":"first","10":"instock","11":"taxable","12":"shipping-taxable","13":"purchasable","14":"product-type-variable","15":"entry","16":"content-bg","17":"loop-entry"},"taxonomy_info":{"product_cat":[{"value":50,"label":"Rap\u00e9"}],"product_tag":[{"value":54,"label":"Caboclo"}]},"featured_image_src_large":["https:\/\/orisha-ossain.com\/wp-content\/uploads\/2024\/11\/Parika-XTR-Forte_Orisha_Ossain.png",736,736,false],"author_info":[],"comment_info":"","_links":{"self":[{"href":"https:\/\/orisha-ossain.com\/fr\/wp-json\/wp\/v2\/product\/693","targetHints":{"allow":["GET"]}}],"collection":[{"href":"https:\/\/orisha-ossain.com\/fr\/wp-json\/wp\/v2\/product"}],"about":[{"href":"https:\/\/orisha-ossain.com\/fr\/wp-json\/wp\/v2\/types\/product"}],"wp:featuredmedia":[{"embeddable":true,"href":"https:\/\/orisha-ossain.com\/fr\/wp-json\/wp\/v2\/media\/35654"}],"wp:attachment":[{"href":"https:\/\/orisha-ossain.com\/fr\/wp-json\/wp\/v2\/media?parent=693"}],"wp:term":[{"taxonomy":"product_brand","embeddable":true,"href":"https:\/\/orisha-ossain.com\/fr\/wp-json\/wp\/v2\/product_brand?post=693"},{"taxonomy":"product_cat","embeddable":true,"href":"https:\/\/orisha-ossain.com\/fr\/wp-json\/wp\/v2\/product_cat?post=693"},{"taxonomy":"product_tag","embeddable":true,"href":"https:\/\/orisha-ossain.com\/fr\/wp-json\/wp\/v2\/product_tag?post=693"}],"curies":[{"name":"wp","href":"https:\/\/api.w.org\/{rel}","templated":true}]}}