{"id":689,"date":"2023-07-05T16:40:08","date_gmt":"2023-07-05T14:40:08","guid":{"rendered":"http:\/\/orisha-ossain.com\/?post_type=product&#038;p=689"},"modified":"2026-04-14T20:05:38","modified_gmt":"2026-04-14T18:05:38","slug":"rape-tsunu-jurema","status":"publish","type":"product","link":"https:\/\/orisha-ossain.com\/fr\/product\/rape-tsunu-jurema\/","title":{"rendered":"Rap\u00e9 Tsunu Jurema"},"content":{"rendered":"<h2>Rap\u00e9 Tsunu Jurema<\/h2>\n<p>Ce m\u00e9lange Tsunu Jurema a \u00e9t\u00e9 re\u00e7u et d\u00e9velopp\u00e9 par un ami br\u00e9silien. Apr\u00e8s quelques rencontres avec les membres de la tribu Fulni-\u00f4 qui traditionnellement n'utilisent pas le rape, mais aujourd'hui avec de nombreux rassemblements chamaniques au Br\u00e9sil, ils ont introduit cette m\u00e9decine dans leur champ de traitement.<br \/>\nCette tribu est connue pour sa connaissance de la m\u00e9decine Jurema. Au Br\u00e9sil, la tribu Fulni-\u00f4 est reconnue comme la gardienne l\u00e9gitime de cette science.<\/p>\n<p><a href=\"http:\/\/orisha-ossain.com\/wp-content\/uploads\/2023\/06\/chimp.jpg\"><img decoding=\"async\" class=\"aligncenter wp-image-170 size-full\" src=\"http:\/\/orisha-ossain.com\/wp-content\/uploads\/2023\/06\/chimp.jpg\" alt=\"arbre en gros plan. tsunu Jurema\" width=\"584\" height=\"170\" srcset=\"https:\/\/orisha-ossain.com\/wp-content\/uploads\/2023\/06\/chimp.jpg 584w, https:\/\/orisha-ossain.com\/wp-content\/uploads\/2023\/06\/chimp-300x87.jpg 300w\" sizes=\"(max-width: 584px) 100vw, 584px\" \/><\/a><\/p>\n<p>Avec tous les avantages du tsunu ash, ce m\u00e9lange rap\u00e9 est \u00e9galement compos\u00e9 du tronc de jurema (Mimosa hostilis) ash. Le mimosa ash peut procurer des exp\u00e9riences de r\u00eave lucide et ouvre les voies vers des r\u00eaves plus profonds avec une \u00e9norme connexion \u00e0 la nature.<br \/>\nLa d\u00e9cision du fabricant d'utiliser le Jrema trunk ashes avec le tsunu ash est assez simple. D'apr\u00e8s son exp\u00e9rience, un tabac \u00e0 priser contenant uniquement du jurema ash et de l'arapiraca mapacho manquerait de puissance. L'ajout du tsunu ash en fait un rap\u00e9 \u00e9quilibr\u00e9 et puissant.<\/p>\n<p>Si vous souhaitez en savoir un peu plus sur la tribu des Fulni-\u00f4, lisez ce qui suit <a href=\"https:\/\/pib.socioambiental.org\/en\/Povo:Fulni-\u00f4\">ici.<\/a><\/p>","protected":false},"excerpt":{"rendered":"<p>Avec tous les avantages du Tsunu, ce m\u00e9lange rap\u00e9 est fait avec le tronc de Jurema (Mimosa hostilis) ash \u00e9galement.<\/p>\n<p>Ce m\u00e9lange Tsunu Jurema a \u00e9t\u00e9 re\u00e7u et d\u00e9velopp\u00e9 par un ami br\u00e9silien. Apr\u00e8s quelques rencontres avec les membres de la tribu Fulni-\u00f4 qui traditionnellement n'utilisent pas le rape, aujourd'hui avec de nombreux rassemblements chamaniques au Br\u00e9sil, ils ont introduit cette m\u00e9decine dans leur champ de traitement.<\/p>","protected":false},"featured_media":35673,"template":"","meta":{"_seopress_robots_primary_cat":"none","_seopress_titles_title":"Rap\u00e9 Tsunu Jurema - Caboclo - Mimosa Hostilis Ash - Orisha Ossain","_seopress_titles_desc":"This rap\u00e9 Tsunu Jurema is a rare blend utilizing 2 types of ash. This is the only place you will find this delicate rap\u00e9","_seopress_robots_index":"","_kad_blocks_custom_css":"","_kad_blocks_head_custom_js":"","_kad_blocks_body_custom_js":"","_kad_blocks_footer_custom_js":"","_kad_post_transparent":"default","_kad_post_title":"","_kad_post_layout":"default","_kad_post_sidebar_id":"","_kad_post_content_style":"default","_kad_post_vertical_padding":"default","_kad_post_feature":"","_kad_post_feature_position":"","_kad_post_header":false,"_kad_post_footer":false,"_kad_post_classname":""},"product_brand":[],"product_cat":[50],"product_tag":[54],"class_list":{"0":"post-689","1":"product","2":"type-product","3":"status-publish","4":"has-post-thumbnail","6":"product_cat-rape","7":"product_tag-caboclo","9":"first","10":"instock","11":"taxable","12":"shipping-taxable","13":"purchasable","14":"product-type-variable","15":"entry","16":"content-bg","17":"loop-entry"},"taxonomy_info":{"product_cat":[{"value":50,"label":"Rap\u00e9"}],"product_tag":[{"value":54,"label":"Caboclo"}]},"featured_image_src_large":["https:\/\/orisha-ossain.com\/wp-content\/uploads\/2024\/11\/Tsunu-Jurema_Orisha_Ossain.png",736,736,false],"author_info":[],"comment_info":"","_links":{"self":[{"href":"https:\/\/orisha-ossain.com\/fr\/wp-json\/wp\/v2\/product\/689","targetHints":{"allow":["GET"]}}],"collection":[{"href":"https:\/\/orisha-ossain.com\/fr\/wp-json\/wp\/v2\/product"}],"about":[{"href":"https:\/\/orisha-ossain.com\/fr\/wp-json\/wp\/v2\/types\/product"}],"wp:featuredmedia":[{"embeddable":true,"href":"https:\/\/orisha-ossain.com\/fr\/wp-json\/wp\/v2\/media\/35673"}],"wp:attachment":[{"href":"https:\/\/orisha-ossain.com\/fr\/wp-json\/wp\/v2\/media?parent=689"}],"wp:term":[{"taxonomy":"product_brand","embeddable":true,"href":"https:\/\/orisha-ossain.com\/fr\/wp-json\/wp\/v2\/product_brand?post=689"},{"taxonomy":"product_cat","embeddable":true,"href":"https:\/\/orisha-ossain.com\/fr\/wp-json\/wp\/v2\/product_cat?post=689"},{"taxonomy":"product_tag","embeddable":true,"href":"https:\/\/orisha-ossain.com\/fr\/wp-json\/wp\/v2\/product_tag?post=689"}],"curies":[{"name":"wp","href":"https:\/\/api.w.org\/{rel}","templated":true}]}}