{"id":650,"date":"2023-07-04T20:56:25","date_gmt":"2023-07-04T18:56:25","guid":{"rendered":"http:\/\/orisha-ossain.com\/?post_type=product&#038;p=650"},"modified":"2026-03-24T11:09:05","modified_gmt":"2026-03-24T10:09:05","slug":"rape-guaratuaba","status":"publish","type":"product","link":"https:\/\/orisha-ossain.com\/fr\/product\/rape-guaratuaba\/","title":{"rendered":"Rap\u00e9 Guaratuaba"},"content":{"rendered":"<h2>Rap\u00e9 Guaratuaba<\/h2>\n<p>Rap\u00e9 Guaratuaba est un produit de l'ami br\u00e9silien Carlito. La base de ce tabac \u00e0 priser est constitu\u00e9e de Sabi\u00e1 s\u00e9ch\u00e9 au soleil et de Tsunu ash. Le Rap\u00e9 Guaratuaba est un m\u00e9lange de 2 plantes, le Guarana et le Catuaba. Ces plantes ont une longue histoire d'utilisation sacr\u00e9e par la tribu Tupi-guarani dans le bassin de l'Amazonie br\u00e9silienne.<\/p>\n<p>La catuaba n'est pas une plante. Il s'agit d'une infusion compos\u00e9e d'un m\u00e9lange de diff\u00e9rents types d'\u00e9corces d'arbres m\u00e9dicinaux, dont les racines remontent \u00e0 la culture de la tribu Guarani. Un extrait sec de cette infusion fait partie de ce rap\u00e9.<br \/>\nLe Guarana contenu dans ce Rap\u00e9 provient \u00e9galement d'un extrait biologique de Guarana. Le guarana et le catuaba agissent comme des toniques, des fortifiants. Ils g\u00e9n\u00e8rent et activent l'\u00e9nergie vitale, augmentent la libido et soutiennent le c\u0153ur.<\/p>\n<figure id=\"attachment_177\" aria-describedby=\"caption-attachment-177\" style=\"width: 300px\" class=\"wp-caption alignright\"><a href=\"http:\/\/orisha-ossain.com\/wp-content\/uploads\/2023\/06\/guarana.jpeg\"><img decoding=\"async\" class=\"wp-image-177 size-medium\" src=\"http:\/\/orisha-ossain.com\/wp-content\/uploads\/2023\/06\/guarana-300x203.jpeg\" alt=\"Baies de guarana avec des graines aux yeux noirs Rap\u00e9 Guaratuaba\" width=\"300\" height=\"203\" srcset=\"https:\/\/orisha-ossain.com\/wp-content\/uploads\/2023\/06\/guarana-300x203.jpeg 300w, https:\/\/orisha-ossain.com\/wp-content\/uploads\/2023\/06\/guarana.jpeg 568w\" sizes=\"(max-width: 300px) 100vw, 300px\" \/><\/a><figcaption id=\"caption-attachment-177\" class=\"wp-caption-text\">Baies de guarana et graines aux yeux noirs<\/figcaption><\/figure>\n<h2>A propos de Guara\/ Paullinia Cupanana<\/h2>\n<p>Le mot \"Guarana\" est d\u00e9riv\u00e9 du mot indig\u00e8ne \"wara'n\u00e1\", qui provient de la tribu Tupi-Guarani de la r\u00e9gion amazonienne. Au sein de cette tribu, le guarana joue un r\u00f4le tr\u00e8s sacr\u00e9 et sp\u00e9cial en tant que plante extr\u00eamement puissante et magique.  Le guarana est la graine de noix d'une plante grimpante qui pousse dans le bassin amazonien au Br\u00e9sil.<br \/>\nLes Indiens Tupi-Guarani utilisent le guarana depuis des si\u00e8cles. Ils en font l'\u00e9loge en tant que compl\u00e9ment \u00e9nerg\u00e9tique naturel. Le guarana contient \u00e9galement de la caf\u00e9ine.  Les concentrations de caf\u00e9ine dans les baies de guarana sont beaucoup plus \u00e9lev\u00e9es que celles que l'on trouve dans le caf\u00e9, le th\u00e9 ou les boissons gazeuses.<\/p>\n<h2>Le mythe du guarana<\/h2>\n<p>Un jeune couple indien heureux de la tribu amazonienne des Mau\u00e9s avait un d\u00e9sir d'enfant. Malheureusement, ils v\u00e9curent de nombreuses ann\u00e9es sans enfant. Le temps passa et un jour de pluie, ils d\u00e9cid\u00e8rent de demander \u00e0 Tup\u00e3 de leur donner un enfant. Tup\u00e3, le roi des dieux, plein de bont\u00e9, r\u00e9pondit au souhait du couple et leur donna un beau fils.<br \/>\nLe temps passa rapidement et le gar\u00e7on devint beau, g\u00e9n\u00e9reux et bon. Cependant, Jurupari, le dieu des t\u00e9n\u00e8bres, \u00e9prouvait une grande jalousie \u00e0 l'\u00e9gard du gar\u00e7on, de la paix et du bonheur qu'il v\u00e9hiculait et d\u00e9cida de r\u00e9colter cette vie en fleurs. Un jour, le gar\u00e7on alla cueillir des fruits dans la for\u00eat et Jurupari en profita pour lancer sa vengeance.<\/p>\n<p>Il s'est transform\u00e9 en serpent venimeux et a mordu le gar\u00e7on, le tuant sur le coup. La triste nouvelle se r\u00e9pandit rapidement. \u00c0 ce moment-l\u00e0, le tonnerre retentit et de violents \u00e9clairs s'abattent sur le village. La m\u00e8re, qui pleurait de d\u00e9sespoir, comprit que le tonnerre \u00e9tait un message de Tup\u00e3 lui disant qu'elle devait planter les yeux de l'enfant et qu'une nouvelle plante pousserait en leur donnant des fruits savoureux.<br \/>\nLes Indiens ob\u00e9irent \u00e0 la demande de leur m\u00e8re et plant\u00e8rent les yeux du gar\u00e7on. \u00c0 cet endroit poussa le guaran\u00e1, dont les graines sont noires, chacune entour\u00e9e d'un arille, imitant les yeux humains.\u00a0<a href=\"http:\/\/www.sumauma.net\/amazonian\/lendas\/lendas-guarana.html\">(source)<\/a><\/p>\n<h2>\u00c0 propos de Catuaba<\/h2>\n<p>Catuaba est le mot guarani qui d\u00e9signe les infusions d'\u00e9corce d'un certain nombre d'arbres originaires du Br\u00e9sil. Il signifie \"ce qui donne de la force \u00e0 l'Indien\". Les chamans guarani utilisent l'infusion de catuaba comme aphrodisiaque et stimulant du syst\u00e8me nerveux central. Aujourd'hui, le catuaba est toujours utilis\u00e9 dans divers compl\u00e9ments de sant\u00e9 pour renforcer l'\u00e9nergie sexuelle et am\u00e9liorer les performances.<br \/>\nTout au long de l'histoire, les gens ont cherch\u00e9 \u00e0 augmenter leur libido et \u00e0 am\u00e9liorer leur fonction sexuelle en utilisant des plantes aphrodisiaques r\u00e9put\u00e9es. Le catuaba pousse largement dans le bassin du fleuve Amazone et jouit de si\u00e8cles d'utilisation s\u00fbre et efficace en tant qu'aphrodisiaque authentique.<\/p>\n<figure id=\"attachment_168\" aria-describedby=\"caption-attachment-168\" style=\"width: 300px\" class=\"wp-caption aligncenter\"><a href=\"http:\/\/orisha-ossain.com\/wp-content\/uploads\/2023\/06\/catuaba-shredded-bark-and-powder.jpg\"><img decoding=\"async\" class=\"wp-image-168 size-medium\" src=\"http:\/\/orisha-ossain.com\/wp-content\/uploads\/2023\/06\/catuaba-shredded-bark-and-powder-300x284.jpg\" alt=\"Catuaba en lambeaux et en poudre utilis\u00e9 pour rap\u00e9 Guaratuaba\" width=\"300\" height=\"284\" srcset=\"https:\/\/orisha-ossain.com\/wp-content\/uploads\/2023\/06\/catuaba-shredded-bark-and-powder-300x284.jpg 300w, https:\/\/orisha-ossain.com\/wp-content\/uploads\/2023\/06\/catuaba-shredded-bark-and-powder-768x728.jpg 768w, https:\/\/orisha-ossain.com\/wp-content\/uploads\/2023\/06\/catuaba-shredded-bark-and-powder.jpg 900w\" sizes=\"(max-width: 300px) 100vw, 300px\" \/><\/a><figcaption id=\"caption-attachment-168\" class=\"wp-caption-text\">Catuaba en copeaux et en poudre<\/figcaption><\/figure>","protected":false},"excerpt":{"rendered":"<p>La base de ce tabac \u00e0 priser \u00e9difiant est constitu\u00e9e de Sabi\u00e1 s\u00e9ch\u00e9 au soleil et de Tsunu ash. Rape Guaratuaba est un m\u00e9lange de 2 plantes, Guarana et Catuaba.<\/p>","protected":false},"featured_media":35632,"template":"","meta":{"_seopress_robots_primary_cat":"none","_seopress_titles_title":"Rap\u00e9 - Guaratuaba - Guarana & Catuaba - Caboclo Snuff -","_seopress_titles_desc":"The foundation of this Guaratuaba snuff consists of sundried Sabi\u00e1 and Tsunu ash and The herbs Guarana & Catuaba","_seopress_robots_index":"","_kad_blocks_custom_css":"","_kad_blocks_head_custom_js":"","_kad_blocks_body_custom_js":"","_kad_blocks_footer_custom_js":"","_kad_post_transparent":"default","_kad_post_title":"","_kad_post_layout":"default","_kad_post_sidebar_id":"","_kad_post_content_style":"default","_kad_post_vertical_padding":"default","_kad_post_feature":"","_kad_post_feature_position":"","_kad_post_header":false,"_kad_post_footer":false,"_kad_post_classname":""},"product_brand":[],"product_cat":[50],"product_tag":[54],"class_list":{"0":"post-650","1":"product","2":"type-product","3":"status-publish","4":"has-post-thumbnail","6":"product_cat-rape","7":"product_tag-caboclo","9":"first","10":"instock","11":"featured","12":"taxable","13":"shipping-taxable","14":"purchasable","15":"product-type-variable","16":"entry","17":"content-bg","18":"loop-entry"},"taxonomy_info":{"product_cat":[{"value":50,"label":"Rap\u00e9"}],"product_tag":[{"value":54,"label":"Caboclo"}]},"featured_image_src_large":["https:\/\/orisha-ossain.com\/wp-content\/uploads\/2024\/11\/Guaratuaba_Orisha_Ossain.png",736,736,false],"author_info":[],"comment_info":"","_links":{"self":[{"href":"https:\/\/orisha-ossain.com\/fr\/wp-json\/wp\/v2\/product\/650","targetHints":{"allow":["GET"]}}],"collection":[{"href":"https:\/\/orisha-ossain.com\/fr\/wp-json\/wp\/v2\/product"}],"about":[{"href":"https:\/\/orisha-ossain.com\/fr\/wp-json\/wp\/v2\/types\/product"}],"wp:featuredmedia":[{"embeddable":true,"href":"https:\/\/orisha-ossain.com\/fr\/wp-json\/wp\/v2\/media\/35632"}],"wp:attachment":[{"href":"https:\/\/orisha-ossain.com\/fr\/wp-json\/wp\/v2\/media?parent=650"}],"wp:term":[{"taxonomy":"product_brand","embeddable":true,"href":"https:\/\/orisha-ossain.com\/fr\/wp-json\/wp\/v2\/product_brand?post=650"},{"taxonomy":"product_cat","embeddable":true,"href":"https:\/\/orisha-ossain.com\/fr\/wp-json\/wp\/v2\/product_cat?post=650"},{"taxonomy":"product_tag","embeddable":true,"href":"https:\/\/orisha-ossain.com\/fr\/wp-json\/wp\/v2\/product_tag?post=650"}],"curies":[{"name":"wp","href":"https:\/\/api.w.org\/{rel}","templated":true}]}}