{"id":646,"date":"2023-07-04T20:49:44","date_gmt":"2023-07-04T18:49:44","guid":{"rendered":"http:\/\/orisha-ossain.com\/?post_type=product&#038;p=646"},"modified":"2026-04-16T20:27:58","modified_gmt":"2026-04-16T18:27:58","slug":"rape-jurema-branca","status":"publish","type":"product","link":"https:\/\/orisha-ossain.com\/fr\/product\/rape-jurema-branca\/","title":{"rendered":"Rap\u00e9 Jurema Branca"},"content":{"rendered":"<h2>Rap\u00e9 Jurema Branca<\/h2>\n<p>Rap\u00e9 Jurema Branca est un tabac \u00e0 priser typique qui relie les cultures indienne et afro-br\u00e9silienne. Sa composition est simple : Arapiraca Mapacho et Jurema Branca ash. Carlito ajoute \u00e0 ce m\u00e9lange une essence v\u00e9g\u00e9tale (le ash) qui a une longue histoire dans la spiritualit\u00e9 afro-br\u00e9silienne. Dans le tabac \u00e0 priser, elle agit principalement sur le chakra du c\u0153ur et le chakra du troisi\u00e8me \u0153il. Elle aide au d\u00e9veloppement m\u00e9diumnique.<\/p>\n<h2>\u00c0 propos du cr\u00e9ateur<\/h2>\n<p>Carlito, mon ami de S\u00e3o Paulo, a cr\u00e9\u00e9 ce rap\u00e9. Profond\u00e9ment impr\u00e9gn\u00e9 de m\u00e9decine par les plantes et de pratiques afro-br\u00e9siliennes, il a re\u00e7u des conseils pour explorer et ma\u00eetriser l'art du rap\u00e9. Au fil des ans, il a affin\u00e9 ses comp\u00e9tences, apprenant \u00e0 produire des m\u00e9langes de haute qualit\u00e9 bien qu'il n'ait pas de liens directs avec les communaut\u00e9s indig\u00e8nes. Son parcours refl\u00e8te sa volont\u00e9 d'honorer l'essence spirituelle de cette m\u00e9decine sacr\u00e9e.<\/p>\n<p>Carlito a partag\u00e9 le rituel unique qu'il suit avant de sortir son rap\u00e9. Dans son autel, il place chaque lot dans une pi\u00e8ce entour\u00e9e de cristaux et plac\u00e9e sous une pyramide. La rap\u00e9 y reste pendant une semaine, absorbant les \u00e9nergies de son environnement avant de quitter ses soins. Ce processus m\u00e9ticuleux refl\u00e8te son respect et sa connexion aux dimensions spirituelles de son travail.<\/p>\n<figure id=\"attachment_242\" aria-describedby=\"caption-attachment-242\" style=\"width: 640px\" class=\"wp-caption aligncenter\"><a href=\"http:\/\/orisha-ossain.com\/wp-content\/uploads\/2023\/06\/Carlito.jpg\"><img decoding=\"async\" class=\"wp-image-242 size-full\" src=\"https:\/\/orisha-ossain.com\/wp-content\/uploads\/2023\/06\/Carlito.jpg\" alt=\"Carlito fabricant de rap\u00e9 Jurema Preta\" width=\"640\" height=\"640\" srcset=\"https:\/\/orisha-ossain.com\/wp-content\/uploads\/2023\/06\/Carlito.jpg 640w, https:\/\/orisha-ossain.com\/wp-content\/uploads\/2023\/06\/Carlito-300x300.jpg 300w, https:\/\/orisha-ossain.com\/wp-content\/uploads\/2023\/06\/Carlito-100x100.jpg 100w, https:\/\/orisha-ossain.com\/wp-content\/uploads\/2023\/06\/Carlito-465x465.jpg 465w, https:\/\/orisha-ossain.com\/wp-content\/uploads\/2023\/06\/Carlito-150x150.jpg 150w\" sizes=\"(max-width: 640px) 100vw, 640px\" \/><\/a><figcaption id=\"caption-attachment-242\" class=\"wp-caption-text\">Carlito en pri\u00e8re quelques instants avant de commencer le travail physique<\/figcaption><\/figure>\n<h2>Jurema Branca (jurema blanc) \/ Mimosa Verrucosa<\/h2>\n<p>Le Jurema Branca est une esp\u00e8ce v\u00e9g\u00e9tale de la famille des Fabaceae. Elle correspond peut-\u00eatre aux esp\u00e8ces commun\u00e9ment appel\u00e9es Jurema De Oieras ou Jurema Branca. Le Jurema Branca est difficile \u00e0 trouver au Br\u00e9sil. Il s'agit d'une esp\u00e8ce de l\u00e9gumineuse de la famille du haricot commun, les Fabaceae, et de la sous-famille et du genre Mimosa pudica, le touch me not.<br \/>\nCet arbuste ou petit arbre est originaire du Br\u00e9sil (Bahia, Cear\u00e1, Para\u00edba, Pernambuco et Rio Grande do Norte). Son statut de conservation est \"quasi menac\u00e9\" en raison de la d\u00e9forestation induite par l'homme dans les r\u00e9gions arides \u00e0 semi-arides du nord-est du Br\u00e9sil.<\/p>\n<p>Dans les religions afro-br\u00e9siliennes, Jurema Branca est consid\u00e9r\u00e9e comme la reine de la for\u00eat. Elle a pour mission de prot\u00e9ger l'ensemble de la cr\u00e9ation de m\u00e8re nature. En tant que d\u00e9esse, elle se caract\u00e9rise par le fait d'\u00eatre une sage, une guerri\u00e8re forte et aussi une m\u00e8re. Elle fait preuve d'un amour maternel envers ses adorateurs, \u00e9tant \u00e9galement la m\u00e8re de nombreux enfants, mais elle sait aussi \u00eatre impitoyable, durcissant la loi.<\/p>\n<figure id=\"attachment_181\" aria-describedby=\"caption-attachment-181\" style=\"width: 600px\" class=\"wp-caption aligncenter\"><a href=\"http:\/\/orisha-ossain.com\/wp-content\/uploads\/2023\/06\/Jurema-branca.jpg\"><img decoding=\"async\" class=\"wp-image-181 size-full\" src=\"http:\/\/orisha-ossain.com\/wp-content\/uploads\/2023\/06\/Jurema-branca.jpg\" alt=\"Arbre Jurema branca dans un paysage br\u00e9silien, son ash est utilis\u00e9 pour le tabac \u00e0 priser\/rap\u00e9 jurema branca\" width=\"600\" height=\"338\" srcset=\"https:\/\/orisha-ossain.com\/wp-content\/uploads\/2023\/06\/Jurema-branca.jpg 600w, https:\/\/orisha-ossain.com\/wp-content\/uploads\/2023\/06\/Jurema-branca-300x169.jpg 300w\" sizes=\"(max-width: 600px) 100vw, 600px\" \/><\/a><figcaption id=\"caption-attachment-181\" class=\"wp-caption-text\">Un arbre Jurema Branca isol\u00e9 sur les pentes des montagnes br\u00e9siliennes<\/figcaption><\/figure>","protected":false},"excerpt":{"rendered":"<p>Rap\u00e9 Jurema Branca est un tabac \u00e0 priser typique qui relie les cultures indienne et afro-br\u00e9silienne. Sa composition est simple : Arapiraca et Jurema Branca ash. Carlito ajoute \u00e0 ce m\u00e9lange une essence v\u00e9g\u00e9tale (le ash) qui a une longue histoire dans la spiritualit\u00e9 afro-br\u00e9silienne. Dans ce tabac \u00e0 priser, elle agit principalement sur le chakra du c\u0153ur et le chakra du troisi\u00e8me \u0153il. Il aide au d\u00e9veloppement m\u00e9diumnique.<\/p>","protected":false},"featured_media":35636,"template":"","meta":{"_seopress_robots_primary_cat":"none","_seopress_titles_title":"Rap\u00e9 Jurema Branca - Mimosa Verrucosa - Caboclo - Orisha Ossain","_seopress_titles_desc":"Rap\u00e9 Jurema Branca is a snuff connecting Indian and Afro-Brazilian cultures. It uses Arapiraca & Jurema Branca ash.","_seopress_robots_index":"","_kad_blocks_custom_css":"","_kad_blocks_head_custom_js":"","_kad_blocks_body_custom_js":"","_kad_blocks_footer_custom_js":"","_kad_post_transparent":"default","_kad_post_title":"","_kad_post_layout":"default","_kad_post_sidebar_id":"","_kad_post_content_style":"default","_kad_post_vertical_padding":"default","_kad_post_feature":"","_kad_post_feature_position":"","_kad_post_header":false,"_kad_post_footer":false,"_kad_post_classname":""},"product_brand":[],"product_cat":[50],"product_tag":[54],"class_list":{"0":"post-646","1":"product","2":"type-product","3":"status-publish","4":"has-post-thumbnail","6":"product_cat-rape","7":"product_tag-caboclo","9":"first","10":"instock","11":"taxable","12":"shipping-taxable","13":"purchasable","14":"product-type-variable","15":"entry","16":"content-bg","17":"loop-entry"},"taxonomy_info":{"product_cat":[{"value":50,"label":"Rap\u00e9"}],"product_tag":[{"value":54,"label":"Caboclo"}]},"featured_image_src_large":["https:\/\/orisha-ossain.com\/wp-content\/uploads\/2024\/11\/Jurema-Branca_Orisha_Ossain.png",736,736,false],"author_info":[],"comment_info":"","_links":{"self":[{"href":"https:\/\/orisha-ossain.com\/fr\/wp-json\/wp\/v2\/product\/646","targetHints":{"allow":["GET"]}}],"collection":[{"href":"https:\/\/orisha-ossain.com\/fr\/wp-json\/wp\/v2\/product"}],"about":[{"href":"https:\/\/orisha-ossain.com\/fr\/wp-json\/wp\/v2\/types\/product"}],"wp:featuredmedia":[{"embeddable":true,"href":"https:\/\/orisha-ossain.com\/fr\/wp-json\/wp\/v2\/media\/35636"}],"wp:attachment":[{"href":"https:\/\/orisha-ossain.com\/fr\/wp-json\/wp\/v2\/media?parent=646"}],"wp:term":[{"taxonomy":"product_brand","embeddable":true,"href":"https:\/\/orisha-ossain.com\/fr\/wp-json\/wp\/v2\/product_brand?post=646"},{"taxonomy":"product_cat","embeddable":true,"href":"https:\/\/orisha-ossain.com\/fr\/wp-json\/wp\/v2\/product_cat?post=646"},{"taxonomy":"product_tag","embeddable":true,"href":"https:\/\/orisha-ossain.com\/fr\/wp-json\/wp\/v2\/product_tag?post=646"}],"curies":[{"name":"wp","href":"https:\/\/api.w.org\/{rel}","templated":true}]}}