{"id":642,"date":"2023-07-04T20:25:45","date_gmt":"2023-07-04T18:25:45","guid":{"rendered":"http:\/\/orisha-ossain.com\/?post_type=product&#038;p=642"},"modified":"2026-04-16T13:48:01","modified_gmt":"2026-04-16T11:48:01","slug":"rape-jatoba","status":"publish","type":"product","link":"https:\/\/orisha-ossain.com\/fr\/product\/rape-jatoba\/","title":{"rendered":"Rap\u00e9 Jatob\u00e1"},"content":{"rendered":"<h2>Rap\u00e9 Jatob\u00e1<\/h2>\n<p>La corde organique sabi\u00e1 et l'\u00e9corce ashes de Hymenaea courbaril entrent dans la composition du Rap\u00e9 Jatob\u00e1.<br \/>\nIl s'agit d'un Rap\u00e9 brun clair dont l'\u00e9nergie tr\u00e8s claire provient des cendres de l'\u00e9corce de Jatob\u00e1. Dans le Rap\u00e9, c'est la composition de divers ingr\u00e9dients qui fait sa fr\u00e9quence\/\u00e9nergie unique.<br \/>\nLe type de ash utilis\u00e9 pour le Rap\u00e9 joue un r\u00f4le important dans sa fonction. Dans le Rap\u00e9 Jatob\u00e1, ce sont les ashes de l'\u00e9corce qui lui donnent sa signature particuli\u00e8re. C'est un Rap\u00e9 qui peut \u00eatre utilis\u00e9 pour la vigueur mentale et spirituelle. Jatab\u00e1 agit sur le chakra de la gorge et le chakra frontal. Un autre tabac \u00e0 priser bien \u00e9quilibr\u00e9 de Carlito.<\/p>\n<h2>\u00c0 propos du cr\u00e9ateur<\/h2>\n<p>Carlito, mon ami de S\u00e3o Paulo, a cr\u00e9\u00e9 ce rap\u00e9. Profond\u00e9ment impr\u00e9gn\u00e9 de m\u00e9decine par les plantes et de pratiques afro-br\u00e9siliennes, il a re\u00e7u des conseils pour explorer et ma\u00eetriser l'art du rap\u00e9. Au fil des ans, il a affin\u00e9 ses comp\u00e9tences, apprenant \u00e0 produire des m\u00e9langes de haute qualit\u00e9 bien qu'il n'ait pas de liens directs avec les communaut\u00e9s indig\u00e8nes. Son parcours refl\u00e8te sa volont\u00e9 d'honorer l'essence spirituelle de cette m\u00e9decine sacr\u00e9e.<\/p>\n<p>Carlito a partag\u00e9 le rituel unique qu'il suit avant de sortir son rap\u00e9. Dans son autel, il place chaque lot dans une pi\u00e8ce entour\u00e9e de cristaux et plac\u00e9e sous une pyramide. La rap\u00e9 y reste pendant une semaine, absorbant les \u00e9nergies de son environnement avant de quitter ses soins. Ce processus m\u00e9ticuleux refl\u00e8te son respect et sa connexion aux dimensions spirituelles de son travail.<\/p>\n<figure id=\"attachment_242\" aria-describedby=\"caption-attachment-242\" style=\"width: 640px\" class=\"wp-caption aligncenter\"><a href=\"http:\/\/orisha-ossain.com\/wp-content\/uploads\/2023\/06\/Carlito.jpg\"><img decoding=\"async\" class=\"wp-image-242 size-full\" src=\"https:\/\/orisha-ossain.com\/wp-content\/uploads\/2023\/06\/Carlito.jpg\" alt=\"Carlito fabricant de rap\u00e9 Jurema Preta\" width=\"640\" height=\"640\" srcset=\"https:\/\/orisha-ossain.com\/wp-content\/uploads\/2023\/06\/Carlito.jpg 640w, https:\/\/orisha-ossain.com\/wp-content\/uploads\/2023\/06\/Carlito-300x300.jpg 300w, https:\/\/orisha-ossain.com\/wp-content\/uploads\/2023\/06\/Carlito-100x100.jpg 100w, https:\/\/orisha-ossain.com\/wp-content\/uploads\/2023\/06\/Carlito-465x465.jpg 465w, https:\/\/orisha-ossain.com\/wp-content\/uploads\/2023\/06\/Carlito-150x150.jpg 150w\" sizes=\"(max-width: 640px) 100vw, 640px\" \/><\/a><figcaption id=\"caption-attachment-242\" class=\"wp-caption-text\">Carlito en pri\u00e8re quelques instants avant de commencer le travail physique<\/figcaption><\/figure>\n<figure id=\"attachment_196\" aria-describedby=\"caption-attachment-196\" style=\"width: 300px\" class=\"wp-caption alignright\"><a href=\"http:\/\/orisha-ossain.com\/wp-content\/uploads\/2023\/06\/Rape-jatoba-Hymenaea-courbaril.png\"><img decoding=\"async\" class=\"wp-image-196 size-medium\" src=\"http:\/\/orisha-ossain.com\/wp-content\/uploads\/2023\/06\/Rape-jatoba-Hymenaea-courbaril-300x226.png\" alt=\"regardant la tige d&#039;un arbre Hymenaea courbaril. Le fondement de Rap\u00e9 Jatob\u00e1\" width=\"300\" height=\"226\" srcset=\"https:\/\/orisha-ossain.com\/wp-content\/uploads\/2023\/06\/Rape-jatoba-Hymenaea-courbaril-300x226.png 300w, https:\/\/orisha-ossain.com\/wp-content\/uploads\/2023\/06\/Rape-jatoba-Hymenaea-courbaril-768x579.png 768w, https:\/\/orisha-ossain.com\/wp-content\/uploads\/2023\/06\/Rape-jatoba-Hymenaea-courbaril.png 1018w\" sizes=\"(max-width: 300px) 100vw, 300px\" \/><\/a><figcaption id=\"caption-attachment-196\" class=\"wp-caption-text\">L'arbre Hymenaea courbaril. L'\u00e9corce ash est utilis\u00e9e pour le Rap\u00e9 Jatoba.<\/figcaption><\/figure>\n<h2>A propos de Jatob\u00e1\/Hymenaea Courbaril<\/h2>\n<p>Jatoba, officiellement connu sous le nom de Hymenaea courbaril. Il s'agit d'un grand arbre de la canop\u00e9e de la for\u00eat tropicale. Certains Hymenaea courbaril atteignent une hauteur de 90 pieds.  L'arbre fait partie de la famille des Fabaceae. L'Hymenaea courbaril pousse au Br\u00e9sil du nord au sud-est du territoire national. Depuis l'Antiquit\u00e9, le Jatob\u00e1 est utilis\u00e9 dans des rem\u00e8des naturels pour soigner des affections telles que la toux, la bronchite et bien d'autres.<br \/>\nc'est aussi un excellent stimulant de l'\u00e9nergie naturelle, sans caf\u00e9ine ni autres stimulants nocifs. De nombreux peuples d'Amazonie utilisent le Jatoba de diverses mani\u00e8res. L'utilisation de la r\u00e9sine d'Hymenaea courbaril dans les philtres d'amour en est un exemple. Cette r\u00e9sine est \u00e9galement br\u00fbl\u00e9e comme encens lors des c\u00e9r\u00e9monies de mariage.<\/p>\n<p>L'analyse chimique de l'Hymenaea courbaril montre qu'il est riche en compos\u00e9s biologiquement actifs, notamment en diterp\u00e8nes, sesquiterp\u00e8nes, flavono\u00efdes et oligosaccharides. Le jatoba poss\u00e8de \u00e9galement des propri\u00e9t\u00e9s antibact\u00e9riennes et anti-inflammatoires notables.<br \/>\nA <a href=\"https:\/\/www.ncbi.nlm.nih.gov\/pubmed\/19353365\" target=\"_blank\" rel=\"noopener noreferrer\">\u00e9tude<\/a>\u00a0r\u00e9alis\u00e9e \u00e0 l'universit\u00e9 de Brasilia, au Br\u00e9sil, a r\u00e9v\u00e9l\u00e9 que les compos\u00e9s phytochimiques, dont l'acide phytique, contenus dans le jatoba pouvaient contribuer \u00e0 r\u00e9duire les gonflements et les irritations. Il peut \u00e9galement \u00eatre utile pour lutter contre un large \u00e9ventail d'organismes nuisibles, tels que les bact\u00e9ries et les virus.<\/p>\n<p>Avantages m\u00e9dicinaux : Le Jatob\u00e1 est une excellente source de vitamine C et de min\u00e9raux tels que le fer, le phosphore, le potassium, le magn\u00e9sium et le calcium. Il renforce le syst\u00e8me immunitaire, r\u00e9gule la tension art\u00e9rielle et favorise les performances c\u00e9r\u00e9brales gr\u00e2ce \u00e0 la pr\u00e9sence de magn\u00e9sium. Excellent d\u00e9congestionnant et expectorant.<\/p>\n<figure id=\"attachment_198\" aria-describedby=\"caption-attachment-198\" style=\"width: 224px\" class=\"wp-caption aligncenter\"><a href=\"http:\/\/orisha-ossain.com\/wp-content\/uploads\/2023\/06\/Rape-jatoba-Hymenaea-courbaril-1.png\"><img decoding=\"async\" class=\"wp-image-198 size-medium\" src=\"http:\/\/orisha-ossain.com\/wp-content\/uploads\/2023\/06\/Rape-jatoba-Hymenaea-courbaril-1-224x300.png\" alt=\"2 personnes \u00e0 c\u00f4t\u00e9 d&#039;un arbre Jatob\u00e1. L&#039;\u00e9corce est utilis\u00e9e pour fabriquer ash pour Rap\u00e9 Jatob\u00e1\" width=\"224\" height=\"300\" srcset=\"https:\/\/orisha-ossain.com\/wp-content\/uploads\/2023\/06\/Rape-jatoba-Hymenaea-courbaril-1-224x300.png 224w, https:\/\/orisha-ossain.com\/wp-content\/uploads\/2023\/06\/Rape-jatoba-Hymenaea-courbaril-1.png 574w\" sizes=\"(max-width: 224px) 100vw, 224px\" \/><\/a><figcaption id=\"caption-attachment-198\" class=\"wp-caption-text\">Un arbre Hymenaea courbaril adulte<\/figcaption><\/figure>","protected":false},"excerpt":{"rendered":"<p>Nouveau lot avec une recette am\u00e9lior\u00e9e. Ce tabac \u00e0 priser est d\u00e9sormais accompagn\u00e9 de Jatob\u00e1 ash et d'\u00e9corce de Jatob\u00e1 en poudre.<\/p>\n<p>Noms : Jatob\u00e1, Jatobazeiro et Jatob\u00e1-verdadeiro<br \/>\nOrigine : S\u00e3o Paulo, Br\u00e9sil.<\/p>","protected":false},"featured_media":35635,"template":"","meta":{"_seopress_robots_primary_cat":"none","_seopress_titles_title":"Rap\u00e9 -Jatob\u00e1 - Hymenaea Courbaril - Caboclo - Orisha Ossain","_seopress_titles_desc":"Rap\u00e9 Jatob\u00e1. Improved recipe. This snuff comes with Jatob\u00e1 ash and also powdered Jatob\u00e1 bark. Names: Jatob\u00e1, Jatobazeiro\u00a0and Jatob\u00e1","_seopress_robots_index":"","_kad_blocks_custom_css":"","_kad_blocks_head_custom_js":"","_kad_blocks_body_custom_js":"","_kad_blocks_footer_custom_js":"","_kad_post_transparent":"default","_kad_post_title":"","_kad_post_layout":"default","_kad_post_sidebar_id":"","_kad_post_content_style":"default","_kad_post_vertical_padding":"default","_kad_post_feature":"","_kad_post_feature_position":"","_kad_post_header":false,"_kad_post_footer":false,"_kad_post_classname":""},"product_brand":[],"product_cat":[50],"product_tag":[54],"class_list":{"0":"post-642","1":"product","2":"type-product","3":"status-publish","4":"has-post-thumbnail","6":"product_cat-rape","7":"product_tag-caboclo","9":"first","10":"instock","11":"taxable","12":"shipping-taxable","13":"purchasable","14":"product-type-variable","15":"entry","16":"content-bg","17":"loop-entry"},"taxonomy_info":{"product_cat":[{"value":50,"label":"Rap\u00e9"}],"product_tag":[{"value":54,"label":"Caboclo"}]},"featured_image_src_large":["https:\/\/orisha-ossain.com\/wp-content\/uploads\/2024\/11\/Jatoba_Orisha_Ossain.png",736,736,false],"author_info":[],"comment_info":"","_links":{"self":[{"href":"https:\/\/orisha-ossain.com\/fr\/wp-json\/wp\/v2\/product\/642","targetHints":{"allow":["GET"]}}],"collection":[{"href":"https:\/\/orisha-ossain.com\/fr\/wp-json\/wp\/v2\/product"}],"about":[{"href":"https:\/\/orisha-ossain.com\/fr\/wp-json\/wp\/v2\/types\/product"}],"wp:featuredmedia":[{"embeddable":true,"href":"https:\/\/orisha-ossain.com\/fr\/wp-json\/wp\/v2\/media\/35635"}],"wp:attachment":[{"href":"https:\/\/orisha-ossain.com\/fr\/wp-json\/wp\/v2\/media?parent=642"}],"wp:term":[{"taxonomy":"product_brand","embeddable":true,"href":"https:\/\/orisha-ossain.com\/fr\/wp-json\/wp\/v2\/product_brand?post=642"},{"taxonomy":"product_cat","embeddable":true,"href":"https:\/\/orisha-ossain.com\/fr\/wp-json\/wp\/v2\/product_cat?post=642"},{"taxonomy":"product_tag","embeddable":true,"href":"https:\/\/orisha-ossain.com\/fr\/wp-json\/wp\/v2\/product_tag?post=642"}],"curies":[{"name":"wp","href":"https:\/\/api.w.org\/{rel}","templated":true}]}}