{"id":638,"date":"2023-07-04T20:04:05","date_gmt":"2023-07-04T18:04:05","guid":{"rendered":"http:\/\/orisha-ossain.com\/?post_type=product&#038;p=638"},"modified":"2026-03-15T23:22:40","modified_gmt":"2026-03-15T22:22:40","slug":"rape-jurema-preta","status":"publish","type":"product","link":"https:\/\/orisha-ossain.com\/fr\/product\/rape-jurema-preta\/","title":{"rendered":"Rap\u00e9 Jurema Preta"},"content":{"rendered":"<h2>Rap\u00e9 Jurema Preta<\/h2>\n<p>Le Rap\u00e9 Jurema Preta s'inscrit dans la tradition des m\u00e9langes Jurema, en compl\u00e9tant la gamme des vins de la r\u00e9gion. <a href=\"https:\/\/orisha-ossain.com\/fr\/produit\/rape-tsunu-jurema\/\" target=\"_blank\" rel=\"noopener\">Tsunu Jurema<\/a> et <a href=\"https:\/\/orisha-ossain.com\/fr\/produit\/rape-jurema-branca\/\" target=\"_blank\" rel=\"noopener\">Jurema Branca<\/a> vari\u00e9t\u00e9s propos\u00e9es ici. Ce m\u00e9lange puissant incorpore les ashes sacr\u00e9s de Jurema Preta (Jurema noir), qui font le lien entre les pratiques culturelles et spirituelles indiennes et afro-br\u00e9siliennes.<\/p>\n<p>Con\u00e7u pour agir en profondeur sur les chakras du c\u0153ur et du troisi\u00e8me \u0153il, Rap\u00e9 Jurema Preta favorise l'alignement \u00e9nerg\u00e9tique et la clart\u00e9 spirituelle. Ses puissantes propri\u00e9t\u00e9s permettent d'ouvrir les voies du d\u00e9veloppement m\u00e9diumnique, aidant les utilisateurs \u00e0 se connecter aux dimensions sup\u00e9rieures et \u00e0 \u00e9largir leur conscience.<\/p>\n<p>En associant l'h\u00e9ritage culturel \u00e0 de profonds bienfaits spirituels, le Rap\u00e9 Jurema Preta offre une exp\u00e9rience transformatrice \u00e0 ceux qui recherchent \u00e0 la fois un enracinement physique et une \u00e9l\u00e9vation spirituelle.<\/p>\n<p><a href=\"http:\/\/orisha-ossain.com\/wp-content\/uploads\/2023\/06\/Jurema-Preta-flor.jpg\"><img decoding=\"async\" class=\"wp-image-252 size-medium aligncenter\" src=\"http:\/\/orisha-ossain.com\/wp-content\/uploads\/2023\/06\/Jurema-Preta-flor-242x300.jpg\" alt=\"chaman avec une plante Rap\u00e9 Jurema preta dans la main\" width=\"242\" height=\"300\" srcset=\"https:\/\/orisha-ossain.com\/wp-content\/uploads\/2023\/06\/Jurema-Preta-flor-242x300.jpg 242w, https:\/\/orisha-ossain.com\/wp-content\/uploads\/2023\/06\/Jurema-Preta-flor.jpg 600w\" sizes=\"(max-width: 242px) 100vw, 242px\" \/><\/a><\/p>\n<h2>\u00c0 propos du cr\u00e9ateur<\/h2>\n<p>Carlito, mon ami de S\u00e3o Paulo, a cr\u00e9\u00e9 ce rap\u00e9. Profond\u00e9ment impr\u00e9gn\u00e9 de m\u00e9decine par les plantes et de pratiques afro-br\u00e9siliennes, il a re\u00e7u des conseils pour explorer et ma\u00eetriser l'art du rap\u00e9. Au fil des ans, il a affin\u00e9 ses comp\u00e9tences, apprenant \u00e0 produire des m\u00e9langes de haute qualit\u00e9 bien qu'il n'ait pas de liens directs avec les communaut\u00e9s indig\u00e8nes. Son parcours refl\u00e8te sa volont\u00e9 d'honorer l'essence spirituelle de cette m\u00e9decine sacr\u00e9e.<\/p>\n<p>Carlito a partag\u00e9 le rituel unique qu'il suit avant de sortir son rap\u00e9. Dans son autel, il place chaque lot dans une pi\u00e8ce entour\u00e9e de cristaux et plac\u00e9e sous une pyramide. La rap\u00e9 y reste pendant une semaine, absorbant les \u00e9nergies de son environnement avant de quitter ses soins. Ce processus m\u00e9ticuleux refl\u00e8te son respect et sa connexion aux dimensions spirituelles de son travail.<\/p>\n<figure id=\"attachment_242\" aria-describedby=\"caption-attachment-242\" style=\"width: 640px\" class=\"wp-caption aligncenter\"><a href=\"http:\/\/orisha-ossain.com\/wp-content\/uploads\/2023\/06\/Carlito.jpg\"><img decoding=\"async\" class=\"wp-image-242 size-full\" src=\"https:\/\/orisha-ossain.com\/wp-content\/uploads\/2023\/06\/Carlito.jpg\" alt=\"Carlito fabricant de rap\u00e9 Jurema Preta\" width=\"640\" height=\"640\" srcset=\"https:\/\/orisha-ossain.com\/wp-content\/uploads\/2023\/06\/Carlito.jpg 640w, https:\/\/orisha-ossain.com\/wp-content\/uploads\/2023\/06\/Carlito-300x300.jpg 300w, https:\/\/orisha-ossain.com\/wp-content\/uploads\/2023\/06\/Carlito-100x100.jpg 100w, https:\/\/orisha-ossain.com\/wp-content\/uploads\/2023\/06\/Carlito-465x465.jpg 465w, https:\/\/orisha-ossain.com\/wp-content\/uploads\/2023\/06\/Carlito-150x150.jpg 150w\" sizes=\"(max-width: 640px) 100vw, 640px\" \/><\/a><figcaption id=\"caption-attachment-242\" class=\"wp-caption-text\">Carlito en pri\u00e8re quelques instants avant de commencer le travail physique<\/figcaption><\/figure>\n<h2>Jurema Preta (jurema noir) Mimosa Tenuiflora<\/h2>\n<p>urema preta, nom br\u00e9silien du Mimosa tenuiflora, est une plante rare et polyvalente appr\u00e9ci\u00e9e pour ses propri\u00e9t\u00e9s visionnaires et ses utilisations m\u00e9dicales av\u00e9r\u00e9es. Cet arbre ou arbuste vivace pousse dans les for\u00eats tropicales \u00e0 feuilles caduques, du nord-est du Br\u00e9sil au sud du Mexique. Le jurema noir est une plante opportuniste, pionni\u00e8re et r\u00e9sistante qui se propage facilement, en particulier \u00e0 partir des graines.<\/p>\n<h3>Taxonomie et noms<\/h3>\n<p>En portugais, Jurema d\u00e9signe commun\u00e9ment Mimosa tenuiflora, \u00e9galement connue sous le nom de Mimosa hostilis. Toutefois, au Br\u00e9sil, Jurema englobe un groupe de plantes \"sensibles\" de la sous-famille des Mimosoidae.<\/p>\n<p>Parmi celles-ci, Mimosa tenuiflora est souvent appel\u00e9e Jurema noir (Jurema preta). De m\u00eame, Mimosa ophthalmocentra, qui est \u00e9galement riche en tryptamines, est connu sous le nom de Jurema rouge (Jurema embira). Le chercheur Sangirardi Jr. identifie le Jurema blanc (Jurema branca) \u00e0 Pithecellobium diversifolium, tandis que le Jurema de Oleiras fait r\u00e9f\u00e9rence au Mimosa verrucosa, moins commun.<\/p>\n<p>Il est int\u00e9ressant de noter que diff\u00e9rentes tribus utilisent parfois ces noms de mani\u00e8re interchangeable. Par exemple, Mimosa verrucosa peut \u00e9galement \u00eatre appel\u00e9 Jurema branca ou Jurema preta. D'autres sources sugg\u00e8rent que Acacia farnesiana ou Piptadenia stipulacea pourraient \u00e9galement \u00eatre appel\u00e9es Jurema branca, ce qui illustre la fluidit\u00e9 de la nomenclature populaire de la plante.<\/p>\n<p>Au Mexique, Mimosa tenuiflora est connu sous le nom de Tepezcohuite ou Tepescohuite, ce qui signifie \"arbre de la peau\". Ce nom s'applique \u00e9galement \u00e0 l'extrait v\u00e9g\u00e9tal, g\u00e9n\u00e9ralement d\u00e9riv\u00e9 de l'\u00e9corce, qui est largement utilis\u00e9 et commercialis\u00e9 pour ses vertus m\u00e9dicales et cosm\u00e9tiques.<\/p>\n<figure id=\"attachment_182\" aria-describedby=\"caption-attachment-182\" style=\"width: 600px\" class=\"wp-caption aligncenter\"><a href=\"http:\/\/orisha-ossain.com\/wp-content\/uploads\/2023\/06\/jurema-preta-tree.jpg\"><img decoding=\"async\" class=\"wp-image-182 size-full\" src=\"https:\/\/orisha-ossain.com\/wp-content\/uploads\/2023\/06\/jurema-preta-tree.jpg\" alt=\"rap\u00e9 La jurema preta est fabriqu\u00e9e \u00e0 partir de l&#039;\u00e9corce de cet arbre.\" width=\"600\" height=\"361\" srcset=\"https:\/\/orisha-ossain.com\/wp-content\/uploads\/2023\/06\/jurema-preta-tree.jpg 600w, https:\/\/orisha-ossain.com\/wp-content\/uploads\/2023\/06\/jurema-preta-tree-300x181.jpg 300w\" sizes=\"(max-width: 600px) 100vw, 600px\" \/><\/a><figcaption id=\"caption-attachment-182\" class=\"wp-caption-text\">Jurema Preta (jurema noir) \/ Mimosa tenuiflora<\/figcaption><\/figure>\n<h2>Utilisation traditionnelle<\/h2>\n<p>Dans le nord-est du Br\u00e9sil, les cultures indig\u00e8nes utilisent depuis longtemps le Vinho de Jurema, ou vin de Jurema, comme boisson visionnaire. Selon les r\u00e9gions, sa composition et son nom varient, mais le Jurema noir reste l'ingr\u00e9dient le plus courant. Les gens r\u00e9coltent la racine ou l'\u00e9corce de la tige et la font infuser pendant une longue p\u00e9riode. Dans certains cultes afro-br\u00e9siliens, les praticiens trempent l'\u00e9corce dans de l'alcool de canne \u00e0 sucre pour cr\u00e9er une pr\u00e9paration connue sous le nom de cauim.<\/p>\n<h2>Propri\u00e9t\u00e9s<\/h2>\n<p>Depuis des si\u00e8cles, l'\u00e9corce en poudre et les extraits aqueux de Jurema jouent un r\u00f4le essentiel dans la m\u00e9decine populaire. Les gu\u00e9risseurs les utilisent pour traiter les br\u00fblures, les ulc\u00e8res et les plaies avec des r\u00e9sultats exceptionnels. Les preuves de son utilisation remontent \u00e0 la civilisation maya, ce qui d\u00e9montre son importance historique.<\/p>\n<p>Plus r\u00e9cemment, l'\u00e9corce de Mimosa tenuiflora a donn\u00e9 des r\u00e9sultats r\u00e9volutionnaires dans le traitement des br\u00fblures et des l\u00e9sions cutan\u00e9es. Elle a jou\u00e9 un r\u00f4le important dans le traitement des victimes de l'explosion de gaz de San Juanico en 1982 et du tremblement de terre de 1985.<\/p>\n<p>Les \u00e9tudes r\u00e9v\u00e8lent que les propri\u00e9t\u00e9s curatives du Mimosa tenuiflora proviennent d'une combinaison de compos\u00e9s bioactifs, notamment des tanins, des saponines triterp\u00e9no\u00efdes, des saponines st\u00e9ro\u00efdes, des polyph\u00e9nols, des phytost\u00e9rols, des lipides et des alcalo\u00efdes. La recherche pharmacologique met en \u00e9vidence ses effets antimicrobiens, antifongiques, analg\u00e9siques, r\u00e9g\u00e9n\u00e9rateurs, cicatrisants, anti-inflammatoires et antivieillissement. Cette validation scientifique souligne la puissance de la m\u00e9decine traditionnelle du Jurema noir.<\/p>","protected":false},"excerpt":{"rendered":"<p>Le Rap\u00e9 Jurema Preta est un type de rap\u00e9 qui suit la m\u00eame ligne que les autres types de Jurema que je propose. <a href=\"http:\/\/orisha-ossain.com\/fr\/produit\/rape-tsunu-jurema\/\">ici Tsunu Jurema<\/a> \/ <a href=\"http:\/\/orisha-ossain.com\/fr\/produit\/rape-jurema-branca\/\">Jurema Branca<\/a>. Cette vari\u00e9t\u00e9 incorpore les ashes de Jurema Preta (Jurema noir).<\/p>\n<p>Rap\u00e9 Jurema Preta est un tabac \u00e0 priser typique qui relie la culture et la spiritualit\u00e9 indiennes et afro-br\u00e9siliennes.<\/p>","protected":false},"featured_media":35637,"template":"","meta":{"_seopress_robots_primary_cat":"none","_seopress_titles_title":"Rap\u00e9 Jurema Preta - Mimosa Tenuiflora - Caboclo - %%sitetitle%%","_seopress_titles_desc":"Rap\u00e9 Jurema Preta is a type of snuff incorporating the ashes of the Mimosa tenuiflora Shrub. This is a very rare blend","_seopress_robots_index":"","_kad_blocks_custom_css":"","_kad_blocks_head_custom_js":"","_kad_blocks_body_custom_js":"","_kad_blocks_footer_custom_js":"","_kad_post_transparent":"default","_kad_post_title":"","_kad_post_layout":"default","_kad_post_sidebar_id":"","_kad_post_content_style":"default","_kad_post_vertical_padding":"default","_kad_post_feature":"","_kad_post_feature_position":"","_kad_post_header":false,"_kad_post_footer":false,"_kad_post_classname":""},"product_brand":[],"product_cat":[50],"product_tag":[54],"class_list":{"0":"post-638","1":"product","2":"type-product","3":"status-publish","4":"has-post-thumbnail","6":"product_cat-rape","7":"product_tag-caboclo","9":"first","10":"instock","11":"taxable","12":"shipping-taxable","13":"purchasable","14":"product-type-variable","15":"entry","16":"content-bg","17":"loop-entry"},"taxonomy_info":{"product_cat":[{"value":50,"label":"Rap\u00e9"}],"product_tag":[{"value":54,"label":"Caboclo"}]},"featured_image_src_large":["https:\/\/orisha-ossain.com\/wp-content\/uploads\/2024\/11\/Jurema-Preta_Orisha_Ossain.png",736,736,false],"author_info":[],"comment_info":"","_links":{"self":[{"href":"https:\/\/orisha-ossain.com\/fr\/wp-json\/wp\/v2\/product\/638","targetHints":{"allow":["GET"]}}],"collection":[{"href":"https:\/\/orisha-ossain.com\/fr\/wp-json\/wp\/v2\/product"}],"about":[{"href":"https:\/\/orisha-ossain.com\/fr\/wp-json\/wp\/v2\/types\/product"}],"wp:featuredmedia":[{"embeddable":true,"href":"https:\/\/orisha-ossain.com\/fr\/wp-json\/wp\/v2\/media\/35637"}],"wp:attachment":[{"href":"https:\/\/orisha-ossain.com\/fr\/wp-json\/wp\/v2\/media?parent=638"}],"wp:term":[{"taxonomy":"product_brand","embeddable":true,"href":"https:\/\/orisha-ossain.com\/fr\/wp-json\/wp\/v2\/product_brand?post=638"},{"taxonomy":"product_cat","embeddable":true,"href":"https:\/\/orisha-ossain.com\/fr\/wp-json\/wp\/v2\/product_cat?post=638"},{"taxonomy":"product_tag","embeddable":true,"href":"https:\/\/orisha-ossain.com\/fr\/wp-json\/wp\/v2\/product_tag?post=638"}],"curies":[{"name":"wp","href":"https:\/\/api.w.org\/{rel}","templated":true}]}}