{"id":633,"date":"2023-07-04T19:45:03","date_gmt":"2023-07-04T17:45:03","guid":{"rendered":"http:\/\/orisha-ossain.com\/?post_type=product&#038;p=633"},"modified":"2026-04-16T20:27:58","modified_gmt":"2026-04-16T18:27:58","slug":"rape-ayo","status":"publish","type":"product","link":"https:\/\/orisha-ossain.com\/fr\/product\/rape-ayo\/","title":{"rendered":"Rap\u00e9 Ayo"},"content":{"rendered":"<h2><span style=\"font-size: 12pt;\">Rap\u00e9 Ayo<\/span><\/h2>\n<p>Ce Rap\u00e9 Ayo est ma propre cr\u00e9ation. Je travaille avec rap\u00e9 depuis environ 18 ans. L'\u00e9tape suivante consistant \u00e0 fabriquer mon propre rap\u00e9 me semble tr\u00e8s naturelle. Lors du d\u00e9veloppement et de l'ach\u00e8vement de ce tabac \u00e0 priser, je n'ai pas h\u00e9sit\u00e9. Outre Sabi\u00e1 Mapacho et Parika ash, ce tabac \u00e0 priser contient \u00e9galement Aya sous 2 formes et Yopo, d'o\u00f9 le nom Ayo.<br \/>\nIl est impr\u00e9gn\u00e9 d'aya tr\u00e8s anciens et sages. En outre, il contient \u00e9galement des r\u00e9sidus d'aya s\u00e9ch\u00e9s et pulv\u00e9ris\u00e9s.<\/p>\n<p>Pour ceux qui aiment aller plus loin, j'ai fabriqu\u00e9 une version diff\u00e9rente et plus forte de ce type de rap\u00e9. L'aya for\u00e7a que j'ai faite et qui <a href=\"http:\/\/orisha-ossain.com\/fr\/produit\/rape-aya\/\">peut \u00eatre consult\u00e9e ici<\/a> est le fondement de rap\u00e9 Ayo double. Ce tabac \u00e0 priser ne convient pas \u00e0 tout le monde. Si vous \u00eates trop sensible au yopo, il peut vous boucher le nez pendant plusieurs heures.<\/p>\n<p>Le Yopo pur peut \u00eatre un tabac \u00e0 priser enth\u00e9og\u00e9nique puissant si vous pouvez obtenir des graines puissantes et les pr\u00e9parer correctement. Le Yopo que j'utilise est pleinement actif et assez puissant. La quantit\u00e9 ajout\u00e9e de Yopo a pour fonction d'approfondir et d'\u00e9largir votre exp\u00e9rience.<br \/>\nAvec un pourcentage relativement faible de Yopo, il apporte juste assez de puissance pour rester en \u00e9quilibre avec les autres forces en pr\u00e9sence. C'est un Rap\u00e9 tr\u00e8s puissant qui peut ne pas convenir \u00e0 tout le monde. Il peut aussi vous piquer ou vous br\u00fbler le nez plus qu'\u00e0 l'accoutum\u00e9e.<\/p>\n<p><a href=\"http:\/\/orisha-ossain.com\/wp-content\/uploads\/2023\/07\/Ayohuasca-rape-pyrimad.jpg\"><img decoding=\"async\" class=\"aligncenter wp-image-637 size-medium\" src=\"http:\/\/orisha-ossain.com\/wp-content\/uploads\/2023\/07\/Ayohuasca-rape-pyrimad-300x225.jpg\" alt=\"Une vue de rap\u00e9 ayo sous forme de pir\u00e2mide en train de s&#039;\u00e9nergiser\" width=\"300\" height=\"225\" srcset=\"https:\/\/orisha-ossain.com\/wp-content\/uploads\/2023\/07\/Ayohuasca-rape-pyrimad-300x225.jpg 300w, https:\/\/orisha-ossain.com\/wp-content\/uploads\/2023\/07\/Ayohuasca-rape-pyrimad-768x576.jpg 768w, https:\/\/orisha-ossain.com\/wp-content\/uploads\/2023\/07\/Ayohuasca-rape-pyrimad.jpg 900w\" sizes=\"(max-width: 300px) 100vw, 300px\" \/><\/a><\/p>\n<h2><span style=\"font-size: 12pt;\">A propos de Banisteriopsis Caapi\/ Aya<\/span><\/h2>\n<p>Cette vigne tropicale peut atteindre jusqu'\u00e0 30 m\u00e8tres de long, en s'accrochant \u00e0 d'autres plantes pour se soutenir. La vigne caapi peut devenir vieille et atteindre jusqu'\u00e0 100 ans et plus. La vigne Banisteriopsis caapi est l'ingr\u00e9dient principal de l'Aya, un th\u00e9 m\u00e9dicinal traditionnel de la r\u00e9gion amazonienne. Un th\u00e9 contenant uniquement la vigne caapi est appel\u00e9 Aya.<br \/>\nCertains peuples indig\u00e8nes distinguent plus de 40 esp\u00e8ces de liane Caapi. Les chamans indig\u00e8nes et d'autres personnes disent qu'ils peuvent entrer dans un \u00e9tat d'esprit diff\u00e9rent avec une infusion de B. Caapi seulement. La plupart des 72 tribus consid\u00e8rent cette liane comme la \"plante ma\u00eetresse\" qui fournit des informations concr\u00e8tes sur les autres plantes. Ils affirment que la vigne est \u00e0 l'origine de leurs excellentes connaissances botaniques.<\/p>\n<p><a href=\"http:\/\/orisha-ossain.com\/wp-content\/uploads\/2023\/06\/Rape-ayahuasca-banisteriopsi-caapi.jpg\"><img decoding=\"async\" class=\"aligncenter wp-image-195 size-full\" src=\"https:\/\/orisha-ossain.com\/wp-content\/uploads\/2023\/06\/Rape-ayahuasca-banisteriopsi-caapi.jpg\" alt=\"J&#039;ai vu un cipode chamois, Banisteriopsis caapi, dans une plante, rap\u00e9 ayo temuma da videira nela\" width=\"600\" height=\"800\" srcset=\"https:\/\/orisha-ossain.com\/wp-content\/uploads\/2023\/06\/Rape-ayahuasca-banisteriopsi-caapi.jpg 600w, https:\/\/orisha-ossain.com\/wp-content\/uploads\/2023\/06\/Rape-ayahuasca-banisteriopsi-caapi-225x300.jpg 225w\" sizes=\"(max-width: 600px) 100vw, 600px\" \/><\/a><\/p>\n<p style=\"text-align: center;\">","protected":false},"excerpt":{"rendered":"<p>Rap\u00e9 Ayo combine diff\u00e9rents ingr\u00e9dients en un tabac \u00e0 priser puissant et \u00e9quilibr\u00e9. Son \u00e9nergie est unique et profonde.<br \/>\nD\u00e9sormais disponible uniquement avec le double d'ingr\u00e9dients \u00e9nerg\u00e9tiques !<\/p>\n<p>&nbsp;<\/p>","protected":false},"featured_media":35614,"template":"","meta":{"_seopress_robots_primary_cat":"none","_seopress_titles_title":"Rap\u00e9 Ayo - Strong & Intense - Expert Level Energy - Orisha Ossain","_seopress_titles_desc":"Rap\u00e9 Ayo is one of the strongest blends on the market. It's my own creation. Expert level energy. Very strong!","_seopress_robots_index":"","_kad_blocks_custom_css":"","_kad_blocks_head_custom_js":"","_kad_blocks_body_custom_js":"","_kad_blocks_footer_custom_js":"","_kad_post_transparent":"default","_kad_post_title":"","_kad_post_layout":"default","_kad_post_sidebar_id":"","_kad_post_content_style":"default","_kad_post_vertical_padding":"default","_kad_post_feature":"","_kad_post_feature_position":"","_kad_post_header":false,"_kad_post_footer":false,"_kad_post_classname":""},"product_brand":[],"product_cat":[50],"product_tag":[54],"class_list":{"0":"post-633","1":"product","2":"type-product","3":"status-publish","4":"has-post-thumbnail","6":"product_cat-rape","7":"product_tag-caboclo","9":"first","10":"instock","11":"featured","12":"taxable","13":"shipping-taxable","14":"purchasable","15":"product-type-variable","16":"entry","17":"content-bg","18":"loop-entry"},"taxonomy_info":{"product_cat":[{"value":50,"label":"Rap\u00e9"}],"product_tag":[{"value":54,"label":"Caboclo"}]},"featured_image_src_large":["https:\/\/orisha-ossain.com\/wp-content\/uploads\/2024\/11\/Ayo_Orisha_Ossain.png",736,736,false],"author_info":[],"comment_info":"","_links":{"self":[{"href":"https:\/\/orisha-ossain.com\/fr\/wp-json\/wp\/v2\/product\/633","targetHints":{"allow":["GET"]}}],"collection":[{"href":"https:\/\/orisha-ossain.com\/fr\/wp-json\/wp\/v2\/product"}],"about":[{"href":"https:\/\/orisha-ossain.com\/fr\/wp-json\/wp\/v2\/types\/product"}],"wp:featuredmedia":[{"embeddable":true,"href":"https:\/\/orisha-ossain.com\/fr\/wp-json\/wp\/v2\/media\/35614"}],"wp:attachment":[{"href":"https:\/\/orisha-ossain.com\/fr\/wp-json\/wp\/v2\/media?parent=633"}],"wp:term":[{"taxonomy":"product_brand","embeddable":true,"href":"https:\/\/orisha-ossain.com\/fr\/wp-json\/wp\/v2\/product_brand?post=633"},{"taxonomy":"product_cat","embeddable":true,"href":"https:\/\/orisha-ossain.com\/fr\/wp-json\/wp\/v2\/product_cat?post=633"},{"taxonomy":"product_tag","embeddable":true,"href":"https:\/\/orisha-ossain.com\/fr\/wp-json\/wp\/v2\/product_tag?post=633"}],"curies":[{"name":"wp","href":"https:\/\/api.w.org\/{rel}","templated":true}]}}