{"id":625,"date":"2023-07-04T19:03:59","date_gmt":"2023-07-04T17:03:59","guid":{"rendered":"http:\/\/orisha-ossain.com\/?post_type=product&#038;p=625"},"modified":"2026-03-24T14:59:58","modified_gmt":"2026-03-24T13:59:58","slug":"rape-trovao","status":"publish","type":"product","link":"https:\/\/orisha-ossain.com\/fr\/product\/rape-trovao\/","title":{"rendered":"Rap\u00e9 - Trov\u00e3o"},"content":{"rendered":"<p>Rap\u00e9 trov\u00e3o est un nouveau type de tabac \u00e0 priser que j'ai cr\u00e9\u00e9. Les personnes qui appr\u00e9cient une r\u00e9sonance puissante de tr\u00e8s longue dur\u00e9e seront satisfaites de ce type de tabac \u00e0 priser. Ce tabac \u00e0 priser se caract\u00e9rise par une puissance et une clart\u00e9 extr\u00eames. Il est r\u00e9serv\u00e9 aux personnes qui ont l'habitude ou la volont\u00e9 de plonger en profondeur.<\/p>\n<h2>Rap\u00e9 Trov\u00e3o<\/h2>\n<p>Trov\u00e3o signifie tonnerre et le tonnerre de ce tabac \u00e0 priser ressemble au roulement du tonnerre que l'on entend par une chaude soir\u00e9e d'\u00e9t\u00e9. Un tonnerre qui continue \u00e0 gronder dans les nuages pendant longtemps et qui semble ne pas avoir de fin.<\/p>\n<p>Pour le rap\u00e9 trov\u00e3o, j'ai utilis\u00e9 deux types de mapacho assez forts qui sont tr\u00e8s difficiles \u00e0 obtenir. Je suis certain qu'ils n'ont jamais \u00e9t\u00e9 utilis\u00e9s pour un rap\u00e9 jusqu'\u00e0 pr\u00e9sent. L'ar\u00f4me cr\u00e9\u00e9 par ce m\u00e9lange est tr\u00e8s diff\u00e9rent, mais il n'est pas dominant.<br \/>\nCela a \u00e9t\u00e9 un long processus et apr\u00e8s plusieurs essais, je suis parvenu \u00e0 un rapport \u00e9quilibr\u00e9 entre les quatre \u00e9l\u00e9ments.<\/p>\n<p>Ce tabac \u00e0 priser est compos\u00e9 de deux types de mapacho`, parika ash et palheira ash.<\/p>\n<h2>Retour d'information<\/h2>\n<p>Je ne pr\u00e9tends pas qu'il s'agit du rap\u00e9 le plus puissant de la plan\u00e8te.  Je n'ai pas essay\u00e9 tous les types de rap\u00e9 qui existent, donc je ne sais pas vraiment. Pour moi, le trov\u00e3o est tr\u00e8s tr\u00e8s fort. Au cours du d\u00e9veloppement, j'ai donn\u00e9 un \u00e9chantillon \u00e0 plusieurs clients. Leurs commentaires \u00e9taient vari\u00e9s, mais ils contenaient toujours la phrase suivante : \"C'est un tabac \u00e0 priser extr\u00eamement fort : \"C'est un tabac \u00e0 priser extr\u00eamement fort ! !!\". C'est un excellent outil pour vous aider lors de longues s\u00e9ances de m\u00e9ditation.<\/p>\n<p>Si vous souhaitez me faire part de votre exp\u00e9rience avec ce rap\u00e9, je serai heureux de la publier sur cette page.<\/p>\n<h2>Michela, Italie (06-06-2020)<\/h2>\n<p>Ce rape est incroyable, je suis amoureux. Pour moi, le rap\u00e9 trov\u00e3o ouvre profond\u00e9ment le c\u0153ur et les poumons. Il est \u00e0 la fois fort et doux. Ce trov\u00e3o donne tellement de conscience. Merci de l'avoir cr\u00e9\u00e9. Je vous b\u00e9nis !<\/p>\n<h2>Pasquale, \u00c9tats-Unis (05-06-2020)<\/h2>\n<div>Dire que ce Rap\u00e9 est le meilleur, c'est tellement facile, nous le faisons tous. Ce Rap\u00e9 Trov\u00e3o m\u00e9rite plus que le meilleur !!! Il est doux, \u00e9l\u00e9gant, clair, subtil et tr\u00e8s puissant \u00e0 la fois. Il nous connecte \u00e0 des vibrations tr\u00e8s \u00e9lev\u00e9es.<\/div>\n<div>\n<p class=\"p1\"><span class=\"s1\">Il y a parfois un malentendu sur la d\u00e9finition d'un rape fort... comme s'il devait nous frapper \u00e0 la t\u00eate, ou nous exploser l'esprit fortement. Il s'agit d'une p\u00e9riode de viol tr\u00e8s habile.\u00a0<\/span><\/p>\n<p class=\"p1\"><span class=\"s1\">Beaucoup de b\u00e9n\u00e9dictions et une immense gratitude pour le cr\u00e9ateur Armando ! A son d\u00e9vouement pour permettre \u00e0 la vie elle-m\u00eame de manifester un outil aussi incroyable pour se r\u00e9aligner sur ce qui compte vraiment dans la vie... LA V\u00c9RIT\u00c9 R\u00c9ELLE ~ L'AMOUR POUR TOUS ~<\/span><\/p>\n<\/div>\n<h2 style=\"text-align: center;\"><a href=\"http:\/\/orisha-ossain.com\/fr\/product-category\/tepi\/\">Tepi<\/a> et <a href=\"http:\/\/orisha-ossain.com\/fr\/product-category\/tepi\/\">Kuripe<span style=\"font-size: 16px;\">\u00a0<\/span><\/a><\/h2>\n<p style=\"text-align: center;\">Jetez un coup d'\u0153il \u00e0 la collection de Tepi et Kuripe. Diff\u00e9rents styles de diff\u00e9rents artistes sont disponibles. <a style=\"font-weight: bold; font-family: var(--global-body-font-family);\" href=\"http:\/\/orisha-ossain.com\/wp-content\/uploads\/2023\/06\/Tepi-Blessings.jpg\"><img decoding=\"async\" class=\"wp-image-55 size-medium aligncenter\" src=\"http:\/\/orisha-ossain.com\/wp-content\/uploads\/2023\/06\/Tepi-Blessings-300x199.jpg\" alt=\"Tepis recevant les b\u00e9n\u00e9dictions de leurs cr\u00e9ateurs\" width=\"300\" height=\"199\" srcset=\"https:\/\/orisha-ossain.com\/wp-content\/uploads\/2023\/06\/Tepi-Blessings-300x199.jpg 300w, https:\/\/orisha-ossain.com\/wp-content\/uploads\/2023\/06\/Tepi-Blessings.jpg 640w\" sizes=\"(max-width: 300px) 100vw, 300px\" \/><\/a><span style=\"font-size: 14px; font-family: var(--global-body-font-family);\">Tepis recevant les b\u00e9n\u00e9dictions de leurs cr\u00e9ateurs<\/span><\/p>","protected":false},"excerpt":{"rendered":"<p><strong>Les p\u00e9riodes extr\u00eames requi\u00e8rent une m\u00e9decine extr\u00eame !<\/strong><\/p>\n<p><strong>Recette am\u00e9lior\u00e9e !<\/strong><\/p>\n<p>Rap\u00e9 trov\u00e3o est un nouveau type de tabac \u00e0 priser que j'ai cr\u00e9\u00e9. Les personnes qui appr\u00e9cient une r\u00e9sonance puissante de tr\u00e8s longue dur\u00e9e seront satisfaites de ce type de tabac \u00e0 priser. Ce tabac \u00e0 priser se caract\u00e9rise par une puissance et une clart\u00e9 extr\u00eames. Il est r\u00e9serv\u00e9 aux personnes qui ont l'habitude ou la volont\u00e9 de plonger en profondeur.<\/p>","protected":false},"featured_media":35670,"template":"","meta":{"_seopress_robots_primary_cat":"none","_seopress_titles_title":"Rap\u00e9 Trov\u00e3o - Long Lasting & Powerfull - Orisha Ossain","_seopress_titles_desc":"Rap\u00e9 trov\u00e3o is a new type of snuff that I created. People who appreciate a very long-lasting powerful resonance will feel satisfied with this type of","_seopress_robots_index":"","_kad_blocks_custom_css":"","_kad_blocks_head_custom_js":"","_kad_blocks_body_custom_js":"","_kad_blocks_footer_custom_js":"","_kad_post_transparent":"default","_kad_post_title":"","_kad_post_layout":"default","_kad_post_sidebar_id":"","_kad_post_content_style":"default","_kad_post_vertical_padding":"default","_kad_post_feature":"","_kad_post_feature_position":"","_kad_post_header":false,"_kad_post_footer":false,"_kad_post_classname":""},"product_brand":[],"product_cat":[50],"product_tag":[54],"class_list":{"0":"post-625","1":"product","2":"type-product","3":"status-publish","4":"has-post-thumbnail","6":"product_cat-rape","7":"product_tag-caboclo","9":"first","10":"instock","11":"taxable","12":"shipping-taxable","13":"purchasable","14":"product-type-variable","15":"entry","16":"content-bg","17":"loop-entry"},"taxonomy_info":{"product_cat":[{"value":50,"label":"Rap\u00e9"}],"product_tag":[{"value":54,"label":"Caboclo"}]},"featured_image_src_large":["https:\/\/orisha-ossain.com\/wp-content\/uploads\/2024\/11\/Trovao_Orisha_Ossain.png",736,736,false],"author_info":[],"comment_info":"","_links":{"self":[{"href":"https:\/\/orisha-ossain.com\/fr\/wp-json\/wp\/v2\/product\/625","targetHints":{"allow":["GET"]}}],"collection":[{"href":"https:\/\/orisha-ossain.com\/fr\/wp-json\/wp\/v2\/product"}],"about":[{"href":"https:\/\/orisha-ossain.com\/fr\/wp-json\/wp\/v2\/types\/product"}],"wp:featuredmedia":[{"embeddable":true,"href":"https:\/\/orisha-ossain.com\/fr\/wp-json\/wp\/v2\/media\/35670"}],"wp:attachment":[{"href":"https:\/\/orisha-ossain.com\/fr\/wp-json\/wp\/v2\/media?parent=625"}],"wp:term":[{"taxonomy":"product_brand","embeddable":true,"href":"https:\/\/orisha-ossain.com\/fr\/wp-json\/wp\/v2\/product_brand?post=625"},{"taxonomy":"product_cat","embeddable":true,"href":"https:\/\/orisha-ossain.com\/fr\/wp-json\/wp\/v2\/product_cat?post=625"},{"taxonomy":"product_tag","embeddable":true,"href":"https:\/\/orisha-ossain.com\/fr\/wp-json\/wp\/v2\/product_tag?post=625"}],"curies":[{"name":"wp","href":"https:\/\/api.w.org\/{rel}","templated":true}]}}