{"id":621,"date":"2023-07-03T22:00:31","date_gmt":"2023-07-03T20:00:31","guid":{"rendered":"http:\/\/orisha-ossain.com\/?post_type=product&#038;p=621"},"modified":"2025-12-30T14:43:22","modified_gmt":"2025-12-30T13:43:22","slug":"rape-bashanawu","status":"publish","type":"product","link":"https:\/\/orisha-ossain.com\/fr\/product\/rape-bashanawu\/","title":{"rendered":"Rap\u00e9 Bashanawu"},"content":{"rendered":"<h2><span style=\"font-size: 12pt;\"><strong>Intro<\/strong><\/span><\/h2>\n<p>Apr\u00e8s une longue p\u00e9riode, je me suis lanc\u00e9 dans la fabrication d'un nouveau tabac \u00e0 priser. C'est toujours un voyage int\u00e9ressant avec de nombreuses exp\u00e9riences, des tests, des essais, des ajustements et des rejets. Les ingr\u00e9dients de base ont \u00e9t\u00e9 d\u00e9finis d\u00e8s le d\u00e9part, puis est venue l'\u00e9tape suivante : trouver le bon ash. Trouver le bon ash. Le Bashanawu ash du Kaxinawa fonctionne parfaitement dans cette nouvelle combinaison. Je suis satisfait du r\u00e9sultat final et j'esp\u00e8re que vous appr\u00e9cierez ce nouveau m\u00e9lange.<\/p>\n<h2><span style=\"font-size: 12pt;\">Rap\u00e9 Bashanawu<\/span><\/h2>\n<p>Il s'agit d'une puissante combinaison ash. Aucune autre plante n'est incluse.<\/p>\n<p>Outre le Bashanawu ash, il existe deux types de Mapacho. Leurs noms resteront secrets. Ce que je peux dire, c'est que l'un d'entre eux joue \u00e9galement un r\u00f4le dans le rap\u00e9 Trov\u00e3o. Il y joue un r\u00f4le de soutien, car sa pr\u00e9sence y est relativement faible. Mais pour rap\u00e9 Bashanwu, c'est la force dominante et puissante qui a \u00e9galement un ar\u00f4me tout \u00e0 fait unique.<\/p>\n<p>Les personnes qui connaissent les types que je fabrique savent que j'aime faire des types de rap\u00e9 assez forts et machos. Les autres types sont.<\/p>\n<ul>\n<li><a href=\"http:\/\/orisha-ossain.com\/fr\/produit\/rape-aya\/\">Aya For\u00e7a<\/a><\/li>\n<li><a href=\"http:\/\/orisha-ossain.com\/fr\/produit\/rape-ayo\/\">Ayo<\/a><\/li>\n<li><a href=\"http:\/\/orisha-ossain.com\/fr\/produit\/rape-cohoba\/\">Cohoba<\/a><\/li>\n<li><a href=\"http:\/\/orisha-ossain.com\/fr\/produit\/rape-trovao-2\/\">Trov\u00e3o<\/a><\/li>\n<\/ul>","protected":false},"excerpt":{"rendered":"<p>Il s'agit d'une combinaison puissante. Des ingr\u00e9dients de base et aucune autre plante n'est incluse ! Le Rap\u00e9 Bashanawu a une teneur en ash relativement faible. Le nom vient du Kaxinawa ash que j'ai utilis\u00e9 pour ce m\u00e9lange.<\/p>","protected":false},"featured_media":35683,"template":"","meta":{"_seopress_robots_primary_cat":"none","_seopress_titles_title":"Rap\u00e9 Bashanawu - Very Macho Type of Snuff - Orisha Ossain","_seopress_titles_desc":"Rap\u00e9 Bashanawu has a long-lasting energy. It has a unique and secret composition. It is a very macho type of snuff!","_seopress_robots_index":"","_kad_blocks_custom_css":"","_kad_blocks_head_custom_js":"","_kad_blocks_body_custom_js":"","_kad_blocks_footer_custom_js":"","_kad_post_transparent":"default","_kad_post_title":"","_kad_post_layout":"default","_kad_post_sidebar_id":"","_kad_post_content_style":"default","_kad_post_vertical_padding":"default","_kad_post_feature":"","_kad_post_feature_position":"","_kad_post_header":false,"_kad_post_footer":false,"_kad_post_classname":""},"product_brand":[],"product_cat":[50],"product_tag":[54],"class_list":{"0":"post-621","1":"product","2":"type-product","3":"status-publish","4":"has-post-thumbnail","6":"product_cat-rape","7":"product_tag-caboclo","9":"first","10":"instock","11":"taxable","12":"shipping-taxable","13":"purchasable","14":"product-type-variable","15":"entry","16":"content-bg","17":"loop-entry"},"taxonomy_info":{"product_cat":[{"value":50,"label":"Rap\u00e9"}],"product_tag":[{"value":54,"label":"Caboclo"}]},"featured_image_src_large":["https:\/\/orisha-ossain.com\/wp-content\/uploads\/2024\/11\/Bashanawu_Orisha_Ossain.png",736,736,false],"author_info":[],"comment_info":"","_links":{"self":[{"href":"https:\/\/orisha-ossain.com\/fr\/wp-json\/wp\/v2\/product\/621","targetHints":{"allow":["GET"]}}],"collection":[{"href":"https:\/\/orisha-ossain.com\/fr\/wp-json\/wp\/v2\/product"}],"about":[{"href":"https:\/\/orisha-ossain.com\/fr\/wp-json\/wp\/v2\/types\/product"}],"wp:featuredmedia":[{"embeddable":true,"href":"https:\/\/orisha-ossain.com\/fr\/wp-json\/wp\/v2\/media\/35683"}],"wp:attachment":[{"href":"https:\/\/orisha-ossain.com\/fr\/wp-json\/wp\/v2\/media?parent=621"}],"wp:term":[{"taxonomy":"product_brand","embeddable":true,"href":"https:\/\/orisha-ossain.com\/fr\/wp-json\/wp\/v2\/product_brand?post=621"},{"taxonomy":"product_cat","embeddable":true,"href":"https:\/\/orisha-ossain.com\/fr\/wp-json\/wp\/v2\/product_cat?post=621"},{"taxonomy":"product_tag","embeddable":true,"href":"https:\/\/orisha-ossain.com\/fr\/wp-json\/wp\/v2\/product_tag?post=621"}],"curies":[{"name":"wp","href":"https:\/\/api.w.org\/{rel}","templated":true}]}}