{"id":611,"date":"2023-07-03T20:07:02","date_gmt":"2023-07-03T18:07:02","guid":{"rendered":"http:\/\/orisha-ossain.com\/?post_type=product&#038;p=611"},"modified":"2026-04-20T10:04:52","modified_gmt":"2026-04-20T08:04:52","slug":"rape-aya","status":"publish","type":"product","link":"https:\/\/orisha-ossain.com\/fr\/product\/rape-aya\/","title":{"rendered":"Rap\u00e9 Aya"},"content":{"rendered":"<h2>Rap\u00e9 Aya - Kuntanawa<\/h2>\n<p>Les Kuntanawa de l'Acre ont fabriqu\u00e9 ce Rap\u00e9 Aya. Les Kuntanawa \"trempent\" le sabi\u00e1 mapacho avec le th\u00e9 Aya. Apr\u00e8s s\u00e9chage, le m\u00e9lange d'Aya est m\u00e9lang\u00e9 au ash. Ce tabac \u00e0 priser a un l\u00e9ger ar\u00f4me d'Aya et poss\u00e8de un lien spirituel particulier.<br \/>\nL'ajout d'Aya en fait un tabac \u00e0 priser moyennement fort. Gardez \u00e0 l'esprit qu'il ne s'agit pas d'un Rap\u00e9 visionnaire ou d'un th\u00e9 Aya. N\u00e9anmoins, le Rap\u00e9 Aya est un outil spirituel utile. Ce rap\u00e9 aide \u00e0 se connecter \u00e0 l'esprit Aya.<\/p>\n<p>Selon Kuntanawa, \"l'aya est une plante m\u00e9dicinale et spirituelle qui nous relie \u00e0 nos anc\u00eatres, nous emm\u00e8ne dans le monde spirituel et nous rappelle qui nous sommes ici sur Terre, nous relie \u00e0 toutes les plantes et nous gu\u00e9rit\".<\/p>\n<h2>Recettes ajust\u00e9es<\/h2>\n<p>Tous les lots d'aya for\u00e7a que j'ai pr\u00e9par\u00e9s pour le magasin comportaient de petites variations dans la recette. Le nouveau lot disponible aujourd'hui est compl\u00e8tement diff\u00e9rent.<\/p>\n<p>Le sabia + une souche diff\u00e9rente (non locale au Br\u00e9sil) que j'ai utilis\u00e9 a \u00e9t\u00e9 tremp\u00e9 dans une tr\u00e8s grande quantit\u00e9 de liquide de caapi. L'\u00e9nergie, le go\u00fbt et l'exp\u00e9rience globale sont profond\u00e9ment li\u00e9s au Banisteriopsis caapi.<\/p>\n<p>Vous aimez plonger dans les profondeurs ? Alors je vous recommande vivement cette nouvelle version d'Aya For\u00e7a Rap\u00e9 !<\/p>\n<h2>Aya For\u00e7a Rap\u00e9<\/h2>\n<p>Ce rap\u00e9 est ma cr\u00e9ation. Apr\u00e8s diverses exp\u00e9riences, j'ai trouv\u00e9 la recette qui permet \u00e0 ce type de tabac \u00e0 priser de s'exprimer parfaitement.  Outre le sabi\u00e1 fort, j'ai \u00e9galement utilis\u00e9 un autre type de tabac que je garderai secret.<br \/>\nEn combinaison avec le parka ash et un broyage tr\u00e8s minutieux, il est d\u00e9j\u00e0 assez fort, voire tr\u00e8s fort pour certaines personnes. Cela d\u00e9pend de ce que votre syst\u00e8me peut supporter et de la fa\u00e7on dont ce tabac \u00e0 priser vous touche.<br \/>\nCette aya for\u00e7a rap\u00e9 parlera d'elle-m\u00eame et n'a pas besoin de mes mots.<\/p>\n<h2>\u00c0 propos de Banisteriopsis Caapi<\/h2>\n<p>Cette vigne tropicale peut atteindre jusqu'\u00e0 30 m\u00e8tres de long, en s'accrochant \u00e0 d'autres plantes pour se soutenir. La vigne caapi peut devenir vieille et atteindre jusqu'\u00e0 100 ans. La vigne Banisteriopsis caapi est l'ingr\u00e9dient principal de l'Aya, un th\u00e9 m\u00e9dicinal traditionnel de la r\u00e9gion amazonienne. Un th\u00e9 compos\u00e9 uniquement de la liane caapi est appel\u00e9 Aya. Certains peuples indig\u00e8nes distinguent plus de 40 esp\u00e8ces de vigne caapi.<br \/>\nLes chamans indig\u00e8nes et d'autres personnes disent qu'ils peuvent entrer dans un \u00e9tat d'esprit diff\u00e9rent avec une infusion de B. Caapi. La plupart des 72 tribus consid\u00e8rent cette liane comme la \"plante ma\u00eetresse\" qui fournit des informations concr\u00e8tes sur les autres plantes. Ils affirment que la vigne est \u00e0 l'origine de leurs excellentes connaissances botaniques.<\/p>\n<div class=\"mceTemp\"><\/div>\n<figure id=\"attachment_195\" aria-describedby=\"caption-attachment-195\" style=\"width: 225px\" class=\"wp-caption aligncenter\"><a href=\"http:\/\/orisha-ossain.com\/wp-content\/uploads\/2023\/06\/Rape-ayahuasca-banisteriopsi-caapi.jpg\"><img decoding=\"async\" class=\"wp-image-195 size-medium\" src=\"http:\/\/orisha-ossain.com\/wp-content\/uploads\/2023\/06\/Rape-ayahuasca-banisteriopsi-caapi-225x300.jpg\" alt=\"Vue d&#039;une vigne appel\u00e9e Banisteriopsis caapi sur une plantation. Le Rap\u00e9 Aya contient un peu de cette vigne.\" width=\"225\" height=\"300\" srcset=\"https:\/\/orisha-ossain.com\/wp-content\/uploads\/2023\/06\/Rape-ayahuasca-banisteriopsi-caapi-225x300.jpg 225w, https:\/\/orisha-ossain.com\/wp-content\/uploads\/2023\/06\/Rape-ayahuasca-banisteriopsi-caapi.jpg 600w\" sizes=\"(max-width: 225px) 100vw, 225px\" \/><\/a><figcaption id=\"caption-attachment-195\" class=\"wp-caption-text\">Banisteriopsis caapi<\/figcaption><\/figure>","protected":false},"excerpt":{"rendered":"<p>Noms :  Aya, Yag\u00e9, Bejuco de Oro, Caapi et autres<\/p>\n<p>Deux formes de aya rap\u00e9<br \/>\nComposition d'aya de Kuntanawa ; Moi sauvage local infus\u00e9 avec du th\u00e9 B. Caapi concentr\u00e9, Tsunu ash.<\/p>\n<p>Composition d'Aya For\u00e7a. Sabi\u00e1 mapacho et extra secret power strain, parika ash et caapi tea.<\/p>","protected":false},"featured_media":35613,"template":"","meta":{"_seopress_robots_primary_cat":"none","_seopress_titles_title":"Rap\u00e9 Aya - Kuntanawa & Caboclo - Banisteriopsis Caapi Vine","_seopress_titles_desc":"Two forms of aya rap\u00e9. Kuntanawa's aya composition; local wild Moi infused with concentrated Caapi tea. Aya For\u00e7a Rap\u00e9 pushes the limits!","_seopress_robots_index":"","_kad_blocks_custom_css":"","_kad_blocks_head_custom_js":"","_kad_blocks_body_custom_js":"","_kad_blocks_footer_custom_js":"","_kad_post_transparent":"default","_kad_post_title":"","_kad_post_layout":"default","_kad_post_sidebar_id":"","_kad_post_content_style":"default","_kad_post_vertical_padding":"default","_kad_post_feature":"","_kad_post_feature_position":"","_kad_post_header":false,"_kad_post_footer":false,"_kad_post_classname":""},"product_brand":[],"product_cat":[128,50],"product_tag":[54,57],"class_list":{"0":"post-611","1":"product","2":"type-product","3":"status-publish","4":"has-post-thumbnail","6":"product_cat-new","7":"product_cat-rape","8":"product_tag-caboclo","9":"product_tag-kuntanawa","11":"first","12":"instock","13":"taxable","14":"shipping-taxable","15":"purchasable","16":"product-type-variable","17":"entry","18":"content-bg","19":"loop-entry"},"taxonomy_info":{"product_cat":[{"value":128,"label":"New"},{"value":50,"label":"Rap\u00e9"}],"product_tag":[{"value":54,"label":"Caboclo"},{"value":57,"label":"Kuntanawa"}]},"featured_image_src_large":["https:\/\/orisha-ossain.com\/wp-content\/uploads\/2024\/11\/Aya_Orisha_Ossain.png",736,736,false],"author_info":[],"comment_info":"","_links":{"self":[{"href":"https:\/\/orisha-ossain.com\/fr\/wp-json\/wp\/v2\/product\/611","targetHints":{"allow":["GET"]}}],"collection":[{"href":"https:\/\/orisha-ossain.com\/fr\/wp-json\/wp\/v2\/product"}],"about":[{"href":"https:\/\/orisha-ossain.com\/fr\/wp-json\/wp\/v2\/types\/product"}],"wp:featuredmedia":[{"embeddable":true,"href":"https:\/\/orisha-ossain.com\/fr\/wp-json\/wp\/v2\/media\/35613"}],"wp:attachment":[{"href":"https:\/\/orisha-ossain.com\/fr\/wp-json\/wp\/v2\/media?parent=611"}],"wp:term":[{"taxonomy":"product_brand","embeddable":true,"href":"https:\/\/orisha-ossain.com\/fr\/wp-json\/wp\/v2\/product_brand?post=611"},{"taxonomy":"product_cat","embeddable":true,"href":"https:\/\/orisha-ossain.com\/fr\/wp-json\/wp\/v2\/product_cat?post=611"},{"taxonomy":"product_tag","embeddable":true,"href":"https:\/\/orisha-ossain.com\/fr\/wp-json\/wp\/v2\/product_tag?post=611"}],"curies":[{"name":"wp","href":"https:\/\/api.w.org\/{rel}","templated":true}]}}