{"id":607,"date":"2023-07-03T19:49:57","date_gmt":"2023-07-03T17:49:57","guid":{"rendered":"http:\/\/orisha-ossain.com\/?post_type=product&#038;p=607"},"modified":"2026-03-28T00:02:26","modified_gmt":"2026-03-27T23:02:26","slug":"rape-peregun","status":"publish","type":"product","link":"https:\/\/orisha-ossain.com\/fr\/product\/rape-peregun\/","title":{"rendered":"Rap\u00e9 Peregun"},"content":{"rendered":"<h2>Rap\u00e9 Peregun<\/h2>\n<p>Pour la purification spirituelle et \u00e9nerg\u00e9tique, ce rap\u00e9 Peregun est tr\u00e8s utile. Il apporte beaucoup de force et d'\u00e9quilibre \u00e0 l'esprit. rap\u00e9 Peregun utilise une plante dont le nom indig\u00e8ne est Peregun. Cette plante est originaire d'Afrique. Aujourd'hui, c'est une plante que beaucoup de gens ont chez eux. Organic moi et les ashes des feuilles de Peregun composent ce Rap\u00e9 unique en son genre.<\/p>\n<p>Pour la production de ash, il ne reste qu'environ vingt pour cent du poids lorsque l'on br\u00fble l'\u00e9corce pour le rap\u00e9 normal. Avec le Peregun, ce pourcentage est beaucoup plus faible. La fabrication de ash \u00e0 partir de Peregun n\u00e9cessite beaucoup de feuilles s\u00e9ch\u00e9es et demande plus de travail. Peu de gens fabriquent ce type de rap\u00e9, qui est donc consid\u00e9r\u00e9 comme une vari\u00e9t\u00e9 rare. Il a une odeur tr\u00e8s particuli\u00e8re et est un tabac \u00e0 priser de force moyenne ou forte.<br \/>\nJe suis convaincu que c'est gr\u00e2ce \u00e0 son utilisation et \u00e0 sa fonction traditionnelles dans diverses cultures afro-br\u00e9siliennes qu'il a trouv\u00e9 sa place dans ce rap\u00e9.<\/p>\n<figure id=\"attachment_159\" aria-describedby=\"caption-attachment-159\" style=\"width: 300px\" class=\"wp-caption alignnone\"><a href=\"http:\/\/orisha-ossain.com\/wp-content\/uploads\/2023\/06\/03333.jpg\"><img decoding=\"async\" class=\"wp-image-159 size-medium\" src=\"http:\/\/orisha-ossain.com\/wp-content\/uploads\/2023\/06\/03333-300x160.jpg\" alt=\"Praticien du candombl\u00e9 tenant une feuille de peregun utilis\u00e9e pour rap\u00e9 peregun\" width=\"300\" height=\"160\" srcset=\"https:\/\/orisha-ossain.com\/wp-content\/uploads\/2023\/06\/03333-300x160.jpg 300w, https:\/\/orisha-ossain.com\/wp-content\/uploads\/2023\/06\/03333-1024x546.jpg 1024w, https:\/\/orisha-ossain.com\/wp-content\/uploads\/2023\/06\/03333-768x409.jpg 768w, https:\/\/orisha-ossain.com\/wp-content\/uploads\/2023\/06\/03333.jpg 1280w\" sizes=\"(max-width: 300px) 100vw, 300px\" \/><\/a><figcaption id=\"caption-attachment-159\" class=\"wp-caption-text\">Praticien du candombl\u00e9 tenant une feuille de Peregun<\/figcaption><\/figure>\n<h2>A propos de Peregun\/Dracaena fragrans<a href=\"http:\/\/orisha-ossain.com\/wp-content\/uploads\/2023\/06\/peregun-in-hand.jpg\"><img decoding=\"async\" class=\"alignright wp-image-191 size-thumbnail\" src=\"http:\/\/orisha-ossain.com\/wp-content\/uploads\/2023\/06\/peregun-in-hand-150x150.jpg\" alt=\"Torse d&#039;une femme tenant une feuille dont le rap\u00e9 peregun est constitu\u00e9.\" width=\"150\" height=\"150\" srcset=\"https:\/\/orisha-ossain.com\/wp-content\/uploads\/2023\/06\/peregun-in-hand-150x150.jpg 150w, https:\/\/orisha-ossain.com\/wp-content\/uploads\/2023\/06\/peregun-in-hand-300x300.jpg 300w, https:\/\/orisha-ossain.com\/wp-content\/uploads\/2023\/06\/peregun-in-hand-100x100.jpg 100w, https:\/\/orisha-ossain.com\/wp-content\/uploads\/2023\/06\/peregun-in-hand.jpg 454w\" sizes=\"(max-width: 150px) 100vw, 150px\" \/><\/a><\/h2>\n<p>Le Peregun est tr\u00e8s utilis\u00e9 dans diverses cultures afro-br\u00e9siliennes.  Il est fortement ax\u00e9 sur l'\u00e9nergie de l'Orixa Ogun africain. Il s'agit d'une force de la nature li\u00e9e au fer et aux roches. \"Ogun est le vainqueur de toutes les batailles.<br \/>\nLe Peregun est utilis\u00e9 pour ses propri\u00e9t\u00e9s de purification spirituelle et \u00e9nerg\u00e9tique dans les cultures afro-br\u00e9siliennes comme l'Umbanda et le Candombl\u00e9.  Dans ces cultures, le Peregun joue \u00e9galement un r\u00f4le important dans divers rites d'initiation.<\/p>\n<p><span class=\"tlid-translation translation\"><span class=\"\" title=\"\">\"L'une des feuilles les plus anciennes est le \"P\u00e8r\u00e8g\u00fan\", qui est utilis\u00e9 dans la grande majorit\u00e9 des rituels des \u00d2r\u00ecs\u00e1s.<\/span> <span title=\"\">Le mythe dit : P\u00e8r\u00e8g\u00fan a \u00e9t\u00e9 t\u00e9moin de la croissance de l'humanit\u00e9.<\/span> <span title=\"\">Il nous portera toujours chance.<\/span> <span class=\"\" title=\"\">P\u00e8r\u00e8g\u00fan tient notre chance, tient sa proie le jour de la chasse et nourrit ainsi ses enfants. P\u00e8r\u00e8g\u00fan nous prot\u00e8ge de nos adversaires et nous permet de nous harmoniser avec nos semblables\" (<a href=\"https:\/\/ocandomble.com\/2015\/05\/29\/peregun-a-folha-ancestral\/\">source<\/a>).<\/span><\/span><\/p>\n<figure id=\"attachment_190\" aria-describedby=\"caption-attachment-190\" style=\"width: 300px\" class=\"wp-caption aligncenter\"><a href=\"http:\/\/orisha-ossain.com\/wp-content\/uploads\/2023\/06\/peregun-candomble.jpg\"><img decoding=\"async\" class=\"wp-image-190 size-medium\" src=\"http:\/\/orisha-ossain.com\/wp-content\/uploads\/2023\/06\/peregun-candomble-300x200.jpg\" alt=\"Un groupe de praticiens du Candombml\u00e9 en plein rite de plantation avec du Peregun. Les feuilles de cette plante sont utilis\u00e9es pour fabriquer le Rap\u00e9 Peregun.\" width=\"300\" height=\"200\" srcset=\"https:\/\/orisha-ossain.com\/wp-content\/uploads\/2023\/06\/peregun-candomble-300x200.jpg 300w, https:\/\/orisha-ossain.com\/wp-content\/uploads\/2023\/06\/peregun-candomble-1024x683.jpg 1024w, https:\/\/orisha-ossain.com\/wp-content\/uploads\/2023\/06\/peregun-candomble-768x512.jpg 768w, https:\/\/orisha-ossain.com\/wp-content\/uploads\/2023\/06\/peregun-candomble.jpg 1152w\" sizes=\"(max-width: 300px) 100vw, 300px\" \/><\/a><figcaption id=\"caption-attachment-190\" class=\"wp-caption-text\">Un groupe d'adeptes du candombl\u00e9 au milieu d'un rite de plantation avec Peregun<\/figcaption><\/figure>","protected":false},"excerpt":{"rendered":"<p>Un rap\u00e9 avec une touche africaine. Pour une purification spirituelle et \u00e9nerg\u00e9tique, qui apporte beaucoup de force et d'\u00e9quilibre \u00e0 l'esprit. Il apporte une tr\u00e8s bonne \u00e9nergie \u00e0 tout le corps.<\/p>\n<p>Noms : Peregun, Dracena, Dragoeiro, Pau-d'\u00e1gua, Coqueiro-de-v\u00eanus, Dracena-deremenis, Tronco do Brasil et autres<br \/>\nOrigine : S\u00e3o Paulo<\/p>","protected":false},"featured_media":35655,"template":"","meta":{"_seopress_robots_primary_cat":"none","_seopress_titles_title":"Rap\u00e9 Peregun - Dracaena fragrans - Afro-Brazilian Energy","_seopress_titles_desc":"Rap\u00e9 Peregun has an African touch. For spiritual and energetic cleansing, which brings much strength and balance of mind.","_seopress_robots_index":"","_kad_blocks_custom_css":"","_kad_blocks_head_custom_js":"","_kad_blocks_body_custom_js":"","_kad_blocks_footer_custom_js":"","_kad_post_transparent":"default","_kad_post_title":"","_kad_post_layout":"default","_kad_post_sidebar_id":"","_kad_post_content_style":"default","_kad_post_vertical_padding":"default","_kad_post_feature":"","_kad_post_feature_position":"","_kad_post_header":false,"_kad_post_footer":false,"_kad_post_classname":""},"product_brand":[],"product_cat":[50],"product_tag":[54],"class_list":{"0":"post-607","1":"product","2":"type-product","3":"status-publish","4":"has-post-thumbnail","6":"product_cat-rape","7":"product_tag-caboclo","9":"first","10":"instock","11":"taxable","12":"shipping-taxable","13":"purchasable","14":"product-type-variable","15":"entry","16":"content-bg","17":"loop-entry"},"taxonomy_info":{"product_cat":[{"value":50,"label":"Rap\u00e9"}],"product_tag":[{"value":54,"label":"Caboclo"}]},"featured_image_src_large":["https:\/\/orisha-ossain.com\/wp-content\/uploads\/2024\/11\/Peregun_Orisha_Ossain.png",736,736,false],"author_info":[],"comment_info":"","_links":{"self":[{"href":"https:\/\/orisha-ossain.com\/fr\/wp-json\/wp\/v2\/product\/607","targetHints":{"allow":["GET"]}}],"collection":[{"href":"https:\/\/orisha-ossain.com\/fr\/wp-json\/wp\/v2\/product"}],"about":[{"href":"https:\/\/orisha-ossain.com\/fr\/wp-json\/wp\/v2\/types\/product"}],"wp:featuredmedia":[{"embeddable":true,"href":"https:\/\/orisha-ossain.com\/fr\/wp-json\/wp\/v2\/media\/35655"}],"wp:attachment":[{"href":"https:\/\/orisha-ossain.com\/fr\/wp-json\/wp\/v2\/media?parent=607"}],"wp:term":[{"taxonomy":"product_brand","embeddable":true,"href":"https:\/\/orisha-ossain.com\/fr\/wp-json\/wp\/v2\/product_brand?post=607"},{"taxonomy":"product_cat","embeddable":true,"href":"https:\/\/orisha-ossain.com\/fr\/wp-json\/wp\/v2\/product_cat?post=607"},{"taxonomy":"product_tag","embeddable":true,"href":"https:\/\/orisha-ossain.com\/fr\/wp-json\/wp\/v2\/product_tag?post=607"}],"curies":[{"name":"wp","href":"https:\/\/api.w.org\/{rel}","templated":true}]}}