{"id":603,"date":"2023-07-03T19:39:21","date_gmt":"2023-07-03T17:39:21","guid":{"rendered":"http:\/\/orisha-ossain.com\/?post_type=product&#038;p=603"},"modified":"2026-04-21T22:25:47","modified_gmt":"2026-04-21T20:25:47","slug":"rape-cohoba","status":"publish","type":"product","link":"https:\/\/orisha-ossain.com\/fr\/product\/rape-cohoba\/","title":{"rendered":"Rap\u00e9 Cohoba"},"content":{"rendered":"<h2>Rap\u00e9 Cohoba<\/h2>\n<p>Rap\u00e9 Cohoba est ma cr\u00e9ation. La recette que j'ai utilis\u00e9e pour ce tabac \u00e0 priser est presque la m\u00eame que celle que j'ai utilis\u00e9e pour la fabrication du tabac \u00e0 priser. <a href=\"http:\/\/orisha-ossain.com\/fr\/produit\/rape-ayo\/\">rap\u00e9 Ayo<\/a>. La seule diff\u00e9rence est l'absence du composant Aya. Au lieu des \u00e9nergies mixtes qui accompagnent le tabac \u00e0 priser Ayo, rap\u00e9 Cohoba offre une mani\u00e8re diff\u00e9rente d'\u00e9tudier cette \u00e9nergie.<br \/>\nLa poudre de Cohoba avec Sabi\u00e1 Mapacho et une autre souche puissante tr\u00e8s rare avec Parika ash. Le Cohoba rap\u00e9 a des tons aromatiques profonds de terre et de noix et apporte des \u00e9tats m\u00e9ditatifs profonds.<\/p>\n<p>Il s'agit d'un tabac \u00e0 priser assez masculin, en particulier pour les personnes qui aiment plonger dans les profondeurs.<\/p>\n<h2>Cohoba, Parika<\/h2>\n<p>Les graines \u00e0 partir desquelles la poudre de Cohoba est fabriqu\u00e9e proviennent de l'arbre Parika. Ces graines poussent dans des gousses allong\u00e9es. L'arbre Parika est originaire des Cara\u00efbes et d'Am\u00e9rique du Sud et peut atteindre une hauteur de 20 m\u00e8tres.<br \/>\nL'utilisation de Cohoba pur pulv\u00e9ris\u00e9 est un usage traditionnel vieux de plusieurs si\u00e8cles. Bien que Cohoba soit synonyme de Parika en Amazonie, presque tous les tabacs \u00e0 priser Parika que je connais utilisent l'\u00e9corce ashes mais pas les graines.<\/p>\n<p>Cohoba a plusieurs noms. L'un d'entre eux est Parika. Le Rap\u00e9 Parika est bien connu pour \u00eatre un tabac \u00e0 priser puissant. Mais la puissance de presque tous les Parika rap\u00e9 que je connais provient de l'\u00e9corce ash. Le Rap\u00e9 Cohoba combine des graines pulv\u00e9ris\u00e9es avec de l'\u00e9corce de Parika ash.<\/p>\n<p><a href=\"http:\/\/orisha-ossain.com\/wp-content\/uploads\/2023\/06\/cohoba.jpg\"><img decoding=\"async\" class=\"aligncenter wp-image-171 size-medium\" src=\"http:\/\/orisha-ossain.com\/wp-content\/uploads\/2023\/06\/cohoba-234x300.jpg\" alt=\"rap\u00e9 Cohoba graines gousses rap\u00e9 cohoba\" width=\"234\" height=\"300\" srcset=\"https:\/\/orisha-ossain.com\/wp-content\/uploads\/2023\/06\/cohoba-234x300.jpg 234w, https:\/\/orisha-ossain.com\/wp-content\/uploads\/2023\/06\/cohoba.jpg 600w\" sizes=\"(max-width: 234px) 100vw, 234px\" \/><\/a><\/p>\n<h2><strong>Rap\u00e9 Cohoba : Un tabac \u00e0 priser enth\u00e9og\u00e8ne puissant<\/strong><\/h2>\n<p>Le Cohoba pur est connu pour sa puissance en tant que tabac \u00e0 priser enth\u00e9og\u00e9nique, en particulier lorsqu'il est fabriqu\u00e9 \u00e0 partir de graines de haute qualit\u00e9 et pr\u00e9par\u00e9 correctement. Le Cohoba contenu dans ce rap\u00e9 est pleinement actif et remarquablement puissant. Son r\u00f4le est d'approfondir et d'am\u00e9liorer votre exp\u00e9rience, en fournissant un effet puissant mais \u00e9quilibr\u00e9.<\/p>\n<p>M\u00eame avec un pourcentage relativement faible de Cohoba, ce rap\u00e9 d\u00e9livre juste ce qu'il faut d'intensit\u00e9 pour s'harmoniser avec les autres composants. C'est un rap\u00e9 tr\u00e8s fort qui peut ne pas convenir \u00e0 tout le monde. En outre, il se peut que vous trouviez qu'il pique ou br\u00fble plus que d'autres m\u00e9langes que vous avez essay\u00e9s.<\/p>\n<p><strong>Caract\u00e9ristiques principales :<\/strong><\/p>\n<ul>\n<li>Fabriqu\u00e9 \u00e0 partir de Cohoba pleinement actif et puissant.<\/li>\n<li>Une formulation \u00e9quilibr\u00e9e pour une exp\u00e9rience large et profonde.<\/li>\n<li>Puissance intense ; convient aux utilisateurs exp\u00e9riment\u00e9s.<\/li>\n<\/ul>\n<p><strong>Remarque :<\/strong> A manipuler avec pr\u00e9caution, car ce m\u00e9lange peut \u00eatre plus fort que pr\u00e9vu.<\/p>","protected":false},"excerpt":{"rendered":"<p>Rap\u00e9 Cohoba est ma derni\u00e8re cr\u00e9ation. Il suit les m\u00eames principes que <a href=\"http:\/\/orisha-ossain.com\/fr\/produit\/rape-ayo\/\">rap\u00e9 Ayo<\/a>.  La seule diff\u00e9rence est l'absence du composant aya. rap\u00e9 cohoba est puissant et profond. C'est la fa\u00e7on la plus courte de d\u00e9crire ce nouvel ajout.<\/p>\n<p>Noms communs, Cohoba, Yopo, Jopo, Parika, Parica<\/p>","protected":false},"featured_media":35625,"template":"","meta":{"_seopress_robots_primary_cat":"none","_seopress_titles_title":"Rap\u00e9 Cohoba - Anadenanthera Peregrina - Orisha Ossain","_seopress_titles_desc":"Rap\u00e9 cohoba is powerful and deep. Common names, Cohoba, Yopo, Jopo, Parika, Parica.\r\nNot visionary but powerful!","_seopress_robots_index":"","_kad_blocks_custom_css":"","_kad_blocks_head_custom_js":"","_kad_blocks_body_custom_js":"","_kad_blocks_footer_custom_js":"","_kad_post_transparent":"default","_kad_post_title":"","_kad_post_layout":"default","_kad_post_sidebar_id":"","_kad_post_content_style":"default","_kad_post_vertical_padding":"default","_kad_post_feature":"","_kad_post_feature_position":"","_kad_post_header":false,"_kad_post_footer":false,"_kad_post_classname":""},"product_brand":[],"product_cat":[50],"product_tag":[54],"class_list":{"0":"post-603","1":"product","2":"type-product","3":"status-publish","4":"has-post-thumbnail","6":"product_cat-rape","7":"product_tag-caboclo","9":"first","10":"instock","11":"taxable","12":"shipping-taxable","13":"purchasable","14":"product-type-variable","15":"entry","16":"content-bg","17":"loop-entry"},"taxonomy_info":{"product_cat":[{"value":50,"label":"Rap\u00e9"}],"product_tag":[{"value":54,"label":"Caboclo"}]},"featured_image_src_large":["https:\/\/orisha-ossain.com\/wp-content\/uploads\/2024\/11\/Cohoba_Orisha_Ossain.png",736,736,false],"author_info":[],"comment_info":"","_links":{"self":[{"href":"https:\/\/orisha-ossain.com\/fr\/wp-json\/wp\/v2\/product\/603","targetHints":{"allow":["GET"]}}],"collection":[{"href":"https:\/\/orisha-ossain.com\/fr\/wp-json\/wp\/v2\/product"}],"about":[{"href":"https:\/\/orisha-ossain.com\/fr\/wp-json\/wp\/v2\/types\/product"}],"wp:featuredmedia":[{"embeddable":true,"href":"https:\/\/orisha-ossain.com\/fr\/wp-json\/wp\/v2\/media\/35625"}],"wp:attachment":[{"href":"https:\/\/orisha-ossain.com\/fr\/wp-json\/wp\/v2\/media?parent=603"}],"wp:term":[{"taxonomy":"product_brand","embeddable":true,"href":"https:\/\/orisha-ossain.com\/fr\/wp-json\/wp\/v2\/product_brand?post=603"},{"taxonomy":"product_cat","embeddable":true,"href":"https:\/\/orisha-ossain.com\/fr\/wp-json\/wp\/v2\/product_cat?post=603"},{"taxonomy":"product_tag","embeddable":true,"href":"https:\/\/orisha-ossain.com\/fr\/wp-json\/wp\/v2\/product_tag?post=603"}],"curies":[{"name":"wp","href":"https:\/\/api.w.org\/{rel}","templated":true}]}}