{"id":599,"date":"2023-07-03T19:27:55","date_gmt":"2023-07-03T17:27:55","guid":{"rendered":"http:\/\/orisha-ossain.com\/?post_type=product&#038;p=599"},"modified":"2025-10-10T20:23:50","modified_gmt":"2025-10-10T18:23:50","slug":"rape-sete-ervas","status":"publish","type":"product","link":"https:\/\/orisha-ossain.com\/fr\/product\/rape-sete-ervas\/","title":{"rendered":"Rap\u00e9 Set\u00e9 Ervas"},"content":{"rendered":"<h2>Rap\u00e9 Set\u00e9 Ervas<\/h2>\n<p>Il s'agit d'un lot frais de Set\u00e9 Ervas Rap\u00e9. Le mot portugais \"ervas\" signifie herbes. Set\u00e9 signifie sept. Ce sont donc sept herbes diff\u00e9rentes qui composent ce Rap\u00e9 unique en son genre. Ce rap\u00e9 provient de Carlito de Sao Paulo. Les sept herbes utilis\u00e9es sont un m\u00e9lange de plantes m\u00e9dicinales et aromatiques.<br \/>\nIl s'agit d'un Rap\u00e9 brun clair, de force moyenne et \u00e0 large spectre. Il est con\u00e7u pour offrir un nettoyage complet des 7 chakras.<\/p>\n<h2>\u00c0 propos du cr\u00e9ateur<\/h2>\n<p>C'est mon ami Carlito de Sao Paulo qui a fabriqu\u00e9 ce Rap\u00e9. Comme tous mes contacts, il pratique diverses formes de m\u00e9decine par les plantes. Dans le cadre de ce travail, il a re\u00e7u des instructions pour ouvrir sa voie au Rap\u00e9. Il a suivi les instructions re\u00e7ues et fait du Rap\u00e9 depuis plusieurs ann\u00e9es. M\u00eame sans lien avec les Indiens indig\u00e8nes, il a appris \u00e0 fabriquer des types de Rap\u00e9 de grande qualit\u00e9 et continue \u00e0 apprendre.<\/p>\n<p>Carlito m'a montr\u00e9 le petit autel o\u00f9 il conserve son Rap\u00e9. Avant que ses propres rap\u00e9 ne quittent sa maison, le Rap\u00e9 reste dans une pi\u00e8ce. Entour\u00e9 de divers cristaux et plac\u00e9 sous une pyramide, le Rap\u00e9 y reste pendant une semaine.<br \/>\nA plusieurs moments de cette p\u00e9riode, il entre dans cette pi\u00e8ce et prie vers le Rap\u00e9. Une semaine d'\u00e9nergisation et de pri\u00e8res est la derni\u00e8re partie du travail. Le Rap\u00e9 est maintenant pr\u00eat.<\/p>","protected":false},"excerpt":{"rendered":"<p>Il s'agit d'un lot frais de Set\u00e9 Ervas Rap\u00e9. Le mot portugais \"ervas\" signifie herbes. Set\u00e9 signifie sept. Sept herbes diff\u00e9rentes composent ce rap\u00e9 unique en son genre.<br \/>\nNoms : Set\u00e9 Ervas, 7 ervas<br \/>\nOrigine : S\u00e3o Paulo<br \/>\nComposition : tsunu ash, artemisia, basilic, camomille, fenouil, lavande, romarin et sauge.<\/p>\n<p>&nbsp;<\/p>","protected":false},"featured_media":35666,"template":"","meta":{"_seopress_robots_primary_cat":"none","_seopress_titles_title":"Rap\u00e9 Sete Ervas - Caboclo - Orisha Ossain - Seven Herbs Snuff","_seopress_titles_desc":"Rap\u00e9 Sete ervas. Composition:\u00a0 tsunu ash, Artemisia, basil, chamomile, fennel, lavender, rosemary, and sage.","_seopress_robots_index":"","_kad_blocks_custom_css":"","_kad_blocks_head_custom_js":"","_kad_blocks_body_custom_js":"","_kad_blocks_footer_custom_js":"","_kad_post_transparent":"default","_kad_post_title":"","_kad_post_layout":"default","_kad_post_sidebar_id":"","_kad_post_content_style":"default","_kad_post_vertical_padding":"default","_kad_post_feature":"","_kad_post_feature_position":"","_kad_post_header":false,"_kad_post_footer":false,"_kad_post_classname":""},"product_brand":[],"product_cat":[50],"product_tag":[54],"class_list":{"0":"post-599","1":"product","2":"type-product","3":"status-publish","4":"has-post-thumbnail","6":"product_cat-rape","7":"product_tag-caboclo","9":"first","10":"instock","11":"taxable","12":"shipping-taxable","13":"purchasable","14":"product-type-variable","15":"entry","16":"content-bg","17":"loop-entry"},"taxonomy_info":{"product_cat":[{"value":50,"label":"Rap\u00e9"}],"product_tag":[{"value":54,"label":"Caboclo"}]},"featured_image_src_large":["https:\/\/orisha-ossain.com\/wp-content\/uploads\/2024\/11\/Sete-Ervas_Orisha_Ossain.png",736,736,false],"author_info":[],"comment_info":"","_links":{"self":[{"href":"https:\/\/orisha-ossain.com\/fr\/wp-json\/wp\/v2\/product\/599","targetHints":{"allow":["GET"]}}],"collection":[{"href":"https:\/\/orisha-ossain.com\/fr\/wp-json\/wp\/v2\/product"}],"about":[{"href":"https:\/\/orisha-ossain.com\/fr\/wp-json\/wp\/v2\/types\/product"}],"wp:featuredmedia":[{"embeddable":true,"href":"https:\/\/orisha-ossain.com\/fr\/wp-json\/wp\/v2\/media\/35666"}],"wp:attachment":[{"href":"https:\/\/orisha-ossain.com\/fr\/wp-json\/wp\/v2\/media?parent=599"}],"wp:term":[{"taxonomy":"product_brand","embeddable":true,"href":"https:\/\/orisha-ossain.com\/fr\/wp-json\/wp\/v2\/product_brand?post=599"},{"taxonomy":"product_cat","embeddable":true,"href":"https:\/\/orisha-ossain.com\/fr\/wp-json\/wp\/v2\/product_cat?post=599"},{"taxonomy":"product_tag","embeddable":true,"href":"https:\/\/orisha-ossain.com\/fr\/wp-json\/wp\/v2\/product_tag?post=599"}],"curies":[{"name":"wp","href":"https:\/\/api.w.org\/{rel}","templated":true}]}}