{"id":592,"date":"2023-07-03T18:58:03","date_gmt":"2023-07-03T16:58:03","guid":{"rendered":"http:\/\/orisha-ossain.com\/?post_type=product&#038;p=592"},"modified":"2026-04-12T19:21:06","modified_gmt":"2026-04-12T17:21:06","slug":"rape-awiry","status":"publish","type":"product","link":"https:\/\/orisha-ossain.com\/fr\/product\/rape-awiry\/","title":{"rendered":"Rap\u00e9 Awiry"},"content":{"rendered":"<h2>Rap\u00e9 Awiry<\/h2>\n<p>Les Apurin\u00e3, \u00e9galement connus sous le nom de peuple de l'Awiry, accordent une grande importance \u00e0 la plante Awiry. Leurs Paj\u00e9s (chamans) l'utilisent pour diagnostiquer et gu\u00e9rir leur peuple. C'est \u00e0 partir de cette plante sacr\u00e9e que les Apurin\u00e3 cr\u00e9ent leur c\u00e9l\u00e8bre Rap\u00e9 vert. Ils ne m\u00e9langent pas de ashes ou d'autres herbes \u00e0 ce tabac \u00e0 priser.<\/p>\n<p>L'Awiry n'est pas ferment\u00e9 et conserve sa couleur verte naturelle, ce qui en fait un tabac \u00e0 priser brut et \"vivant\". Les Apurin\u00e3 l'inhalent traditionnellement \u00e0 l'aide d'un os ou d'un tube en bambou sauvage, contrairement \u00e0 d'autres tribus indig\u00e8nes du Br\u00e9sil, qui soufflent leur Rap\u00e9 \u00e0 l'aide d'un Kuripe ou d'un Tepi.<\/p>\n<p><img decoding=\"async\" class=\"aligncenter wp-image-34598 size-medium\" src=\"http:\/\/orisha-ossain.com\/wp-content\/uploads\/2024\/11\/Awiry-300x184.jpg\" alt=\"Rap\u00e9 Awiry de l&#039;apurina sur un playyer avec un kuripi\" width=\"300\" height=\"184\" srcset=\"https:\/\/orisha-ossain.com\/wp-content\/uploads\/2024\/11\/Awiry-300x184.jpg 300w, https:\/\/orisha-ossain.com\/wp-content\/uploads\/2024\/11\/Awiry-1024x627.jpg 1024w, https:\/\/orisha-ossain.com\/wp-content\/uploads\/2024\/11\/Awiry-768x470.jpg 768w, https:\/\/orisha-ossain.com\/wp-content\/uploads\/2024\/11\/Awiry.jpg 1255w\" sizes=\"(max-width: 300px) 100vw, 300px\" \/><\/p>\n<p>La plante Awiry pousse pr\u00e8s des berges des rivi\u00e8res. Les gens ne la r\u00e9coltent que pendant la saison s\u00e8che, lorsque les rivi\u00e8res sont basses. Elle pousse \u00e0 l'\u00e9tat sauvage, mais de nos jours, certaines communaut\u00e9s la cultivent pour en augmenter la disponibilit\u00e9. Les Apurin\u00e3 ne peuvent fabriquer ce Rap\u00e9 que pendant la saison s\u00e8che \u00e0 cause des inondations, ce qui le rend rare et sp\u00e9cial. Comme mentionn\u00e9 pr\u00e9c\u00e9demment, ils commencent \u00e0 le cultiver, ce qui contribue \u00e0 le rendre plus accessible.<\/p>","protected":false},"excerpt":{"rendered":"<p>Rap\u00e9 Awiry a un parfum fleuri et sent litt\u00e9ralement le milieu de la jungle. Ce tabac \u00e0 priser vert est tr\u00e8s ouvert et profond\u00e9ment subtil.<\/p>","protected":false},"featured_media":35612,"template":"","meta":{"_seopress_robots_primary_cat":"none","_seopress_titles_title":"Rap\u00e9 - Awiry - Apurin\u00e3 - Green Snuff - Flowery Scent -","_seopress_titles_desc":"Rap\u00e9 Awiry has a flowery scent and smells like being in the middle of the jungle. This green snuff is very opening and deeply subtle.","_seopress_robots_index":"","_kad_blocks_custom_css":"","_kad_blocks_head_custom_js":"","_kad_blocks_body_custom_js":"","_kad_blocks_footer_custom_js":"","_kad_post_transparent":"default","_kad_post_title":"","_kad_post_layout":"default","_kad_post_sidebar_id":"","_kad_post_content_style":"default","_kad_post_vertical_padding":"default","_kad_post_feature":"","_kad_post_feature_position":"","_kad_post_header":false,"_kad_post_footer":false,"_kad_post_classname":""},"product_brand":[],"product_cat":[50],"product_tag":[53],"class_list":{"0":"post-592","1":"product","2":"type-product","3":"status-publish","4":"has-post-thumbnail","6":"product_cat-rape","7":"product_tag-apurina","9":"first","10":"instock","11":"taxable","12":"shipping-taxable","13":"purchasable","14":"product-type-variable","15":"entry","16":"content-bg","17":"loop-entry"},"taxonomy_info":{"product_cat":[{"value":50,"label":"Rap\u00e9"}],"product_tag":[{"value":53,"label":"Apurin\u00e3"}]},"featured_image_src_large":["https:\/\/orisha-ossain.com\/wp-content\/uploads\/2024\/11\/Awiry_Orisha_Ossain.png",736,736,false],"author_info":[],"comment_info":"","_links":{"self":[{"href":"https:\/\/orisha-ossain.com\/fr\/wp-json\/wp\/v2\/product\/592","targetHints":{"allow":["GET"]}}],"collection":[{"href":"https:\/\/orisha-ossain.com\/fr\/wp-json\/wp\/v2\/product"}],"about":[{"href":"https:\/\/orisha-ossain.com\/fr\/wp-json\/wp\/v2\/types\/product"}],"wp:featuredmedia":[{"embeddable":true,"href":"https:\/\/orisha-ossain.com\/fr\/wp-json\/wp\/v2\/media\/35612"}],"wp:attachment":[{"href":"https:\/\/orisha-ossain.com\/fr\/wp-json\/wp\/v2\/media?parent=592"}],"wp:term":[{"taxonomy":"product_brand","embeddable":true,"href":"https:\/\/orisha-ossain.com\/fr\/wp-json\/wp\/v2\/product_brand?post=592"},{"taxonomy":"product_cat","embeddable":true,"href":"https:\/\/orisha-ossain.com\/fr\/wp-json\/wp\/v2\/product_cat?post=592"},{"taxonomy":"product_tag","embeddable":true,"href":"https:\/\/orisha-ossain.com\/fr\/wp-json\/wp\/v2\/product_tag?post=592"}],"curies":[{"name":"wp","href":"https:\/\/api.w.org\/{rel}","templated":true}]}}