{"id":584,"date":"2023-07-03T18:39:29","date_gmt":"2023-07-03T16:39:29","guid":{"rendered":"http:\/\/orisha-ossain.com\/?post_type=product&#038;p=584"},"modified":"2026-04-14T14:49:27","modified_gmt":"2026-04-14T12:49:27","slug":"rape-mariri","status":"publish","type":"product","link":"https:\/\/orisha-ossain.com\/fr\/product\/rape-mariri\/","title":{"rendered":"Rap\u00e9 Mariri"},"content":{"rendered":"<h2>Rap\u00e9 Mariri (Txybu Uny)<\/h2>\n<ul>\n<li>Le peuple Shaw\u00e3dawa fabrique le Rap\u00e9 Mariri, un tabac \u00e0 priser puissant. Il se compose de deux ingr\u00e9dients seulement : Sabia mapacho et ashes de la vigne Banisteropsis Caapi.<\/li>\n<li>Certains groupes linguistiques Pano appellent la vigne Caapi \"Mariri\" et d\u00e9signent \u00e9galement le th\u00e9 qui en est tir\u00e9 par le terme \"Mariri\".<\/li>\n<li>La vigne porte \u00e9galement un nom indig\u00e8ne plus profond : \"Txybu Uny\".<\/li>\n<\/ul>\n<figure id=\"attachment_241\" aria-describedby=\"caption-attachment-241\" style=\"width: 300px\" class=\"wp-caption aligncenter\"><a href=\"http:\/\/orisha-ossain.com\/wp-content\/uploads\/2023\/06\/Banisteropsis-Caapi.png\"><img decoding=\"async\" class=\"wp-image-241 size-medium\" src=\"http:\/\/orisha-ossain.com\/wp-content\/uploads\/2023\/06\/Banisteropsis-Caapi-300x194.png\" alt=\"tranches de Banisteropsis Caapi, Mariri, Txybu Uny, rap\u00e9 mariri\" width=\"300\" height=\"194\" srcset=\"https:\/\/orisha-ossain.com\/wp-content\/uploads\/2023\/06\/Banisteropsis-Caapi-300x194.png 300w, https:\/\/orisha-ossain.com\/wp-content\/uploads\/2023\/06\/Banisteropsis-Caapi.png 600w\" sizes=\"(max-width: 300px) 100vw, 300px\" \/><\/a><figcaption id=\"caption-attachment-241\" class=\"wp-caption-text\">Tranches de liane de Banisteropsis Caapi<\/figcaption><\/figure>","protected":false},"excerpt":{"rendered":"<ul>\n<li>Le Rap\u00e9 Mariri du peuple Shaw\u00e3dawa est un tabac \u00e0 priser puissant. Ses seuls ingr\u00e9dients sont le mapacho Sabia et le ashes de la liane Banisteropsis Caapi.<\/li>\n<li>Certains groupes linguistiques Pano appellent la vigne Caapi \"Mariri\" et le th\u00e9 qui en est tir\u00e9 du m\u00eame nom.<\/li>\n<\/ul>","protected":false},"featured_media":35640,"template":"","meta":{"_seopress_robots_primary_cat":"none","_seopress_titles_title":"Rap\u00e9 Mariri - Txybu Uny - Banisteropsis Caapi Shamanic Snuff","_seopress_titles_desc":"Rap\u00e9 Mariri made by the Shaw\u00e3dawa tribe is a potent snuff. Its only ingredients are Sabia mapacho and ashes of the Banisteropsis Caapi vine","_seopress_robots_index":"","_kad_blocks_custom_css":"","_kad_blocks_head_custom_js":"","_kad_blocks_body_custom_js":"","_kad_blocks_footer_custom_js":"","_kad_post_transparent":"default","_kad_post_title":"","_kad_post_layout":"default","_kad_post_sidebar_id":"","_kad_post_content_style":"default","_kad_post_vertical_padding":"default","_kad_post_feature":"","_kad_post_feature_position":"","_kad_post_header":false,"_kad_post_footer":false,"_kad_post_classname":""},"product_brand":[],"product_cat":[50],"product_tag":[61],"class_list":{"0":"post-584","1":"product","2":"type-product","3":"status-publish","4":"has-post-thumbnail","6":"product_cat-rape","7":"product_tag-shawadawa","9":"first","10":"instock","11":"featured","12":"taxable","13":"shipping-taxable","14":"purchasable","15":"product-type-variable","16":"entry","17":"content-bg","18":"loop-entry"},"taxonomy_info":{"product_cat":[{"value":50,"label":"Rap\u00e9"}],"product_tag":[{"value":61,"label":"Shawadawa"}]},"featured_image_src_large":["https:\/\/orisha-ossain.com\/wp-content\/uploads\/2024\/11\/Mariri_Orisha_Ossain.png",736,736,false],"author_info":[],"comment_info":"","_links":{"self":[{"href":"https:\/\/orisha-ossain.com\/fr\/wp-json\/wp\/v2\/product\/584","targetHints":{"allow":["GET"]}}],"collection":[{"href":"https:\/\/orisha-ossain.com\/fr\/wp-json\/wp\/v2\/product"}],"about":[{"href":"https:\/\/orisha-ossain.com\/fr\/wp-json\/wp\/v2\/types\/product"}],"wp:featuredmedia":[{"embeddable":true,"href":"https:\/\/orisha-ossain.com\/fr\/wp-json\/wp\/v2\/media\/35640"}],"wp:attachment":[{"href":"https:\/\/orisha-ossain.com\/fr\/wp-json\/wp\/v2\/media?parent=584"}],"wp:term":[{"taxonomy":"product_brand","embeddable":true,"href":"https:\/\/orisha-ossain.com\/fr\/wp-json\/wp\/v2\/product_brand?post=584"},{"taxonomy":"product_cat","embeddable":true,"href":"https:\/\/orisha-ossain.com\/fr\/wp-json\/wp\/v2\/product_cat?post=584"},{"taxonomy":"product_tag","embeddable":true,"href":"https:\/\/orisha-ossain.com\/fr\/wp-json\/wp\/v2\/product_tag?post=584"}],"curies":[{"name":"wp","href":"https:\/\/api.w.org\/{rel}","templated":true}]}}