{"id":580,"date":"2023-07-03T17:01:12","date_gmt":"2023-07-03T15:01:12","guid":{"rendered":"http:\/\/orisha-ossain.com\/?post_type=product&#038;p=580"},"modified":"2026-04-14T14:49:27","modified_gmt":"2026-04-14T12:49:27","slug":"rape-shawadawa","status":"publish","type":"product","link":"https:\/\/orisha-ossain.com\/fr\/product\/rape-shawadawa\/","title":{"rendered":"Rap\u00e9 Shawadawa"},"content":{"rendered":"<h2>Rap\u00e9 Shaw\u00e3dawa<\/h2>\n<ul>\n<li>Ce Rap\u00e9 Shaw\u00e3dawa est originaire de la tribu connue sous le nom de \"peuple de l'ara\". Mon cher ami Paco, de l'Acre au Br\u00e9sil, m'a mis en contact avec eux et m'a aid\u00e9 \u00e0 acc\u00e9der \u00e0 leurs pr\u00e9cieux m\u00e9dicaments, qu'ils ont g\u00e9n\u00e9reusement partag\u00e9s.<\/li>\n<li>Au cours de nos conversations, les Shaw\u00e3dawa m'ont demand\u00e9 de partager ce message sinc\u00e8re : \"Nous souhaitons \u00e0 toutes les personnes vivant en dehors du Br\u00e9sil d'\u00eatre b\u00e9nies dans leurs \u00e9tudes sur la m\u00e9decine foresti\u00e8re.<\/li>\n<li>Ce Shaw\u00e3dawa Rap\u00e9, un tabac \u00e0 priser remarquable de la for\u00eat amazonienne, pr\u00e9sente une teinte gris\u00e2tre, des ar\u00f4mes d\u00e9licieux et des effets puissants.<\/li>\n<\/ul>","protected":false},"excerpt":{"rendered":"<p>Il s'agit du rap\u00e9 Shaw\u00e3dawa, connu dans certains endroits sous le nom de Rauti. Le Shaw\u00e3dawa Rap\u00e9 est originaire de la tribu appel\u00e9e \"le peuple de l'ara\". Il se caract\u00e9rise par une couleur brun clair, des ar\u00f4mes d\u00e9licieux et une force remarquable.<\/p>","protected":false},"featured_media":35684,"template":"","meta":{"_seopress_robots_primary_cat":"none","_seopress_titles_title":"Rap\u00e9 Shaw\u00e3dawa - Rauti - Nice Aromas and Plenty of Force -","_seopress_titles_desc":"This is the new Shaw\u00e3dawa Rap\u00e9. In some places, it's called Rauti. This rap\u00e9 Shaw\u00e3dawa Rauti from the tribe also referred to as People of the Macaw.","_seopress_robots_index":"","_kad_blocks_custom_css":"","_kad_blocks_head_custom_js":"","_kad_blocks_body_custom_js":"","_kad_blocks_footer_custom_js":"","_kad_post_transparent":"default","_kad_post_title":"","_kad_post_layout":"default","_kad_post_sidebar_id":"","_kad_post_content_style":"default","_kad_post_vertical_padding":"default","_kad_post_feature":"","_kad_post_feature_position":"","_kad_post_header":false,"_kad_post_footer":false,"_kad_post_classname":""},"product_brand":[],"product_cat":[50],"product_tag":[61],"class_list":{"0":"post-580","1":"product","2":"type-product","3":"status-publish","4":"has-post-thumbnail","6":"product_cat-rape","7":"product_tag-shawadawa","9":"first","10":"instock","11":"taxable","12":"shipping-taxable","13":"purchasable","14":"product-type-variable","15":"entry","16":"content-bg","17":"loop-entry"},"taxonomy_info":{"product_cat":[{"value":50,"label":"Rap\u00e9"}],"product_tag":[{"value":61,"label":"Shawadawa"}]},"featured_image_src_large":["https:\/\/orisha-ossain.com\/wp-content\/uploads\/2024\/11\/Shawadawa_Orisha_Ossain.png",736,736,false],"author_info":[],"comment_info":"","_links":{"self":[{"href":"https:\/\/orisha-ossain.com\/fr\/wp-json\/wp\/v2\/product\/580","targetHints":{"allow":["GET"]}}],"collection":[{"href":"https:\/\/orisha-ossain.com\/fr\/wp-json\/wp\/v2\/product"}],"about":[{"href":"https:\/\/orisha-ossain.com\/fr\/wp-json\/wp\/v2\/types\/product"}],"wp:featuredmedia":[{"embeddable":true,"href":"https:\/\/orisha-ossain.com\/fr\/wp-json\/wp\/v2\/media\/35684"}],"wp:attachment":[{"href":"https:\/\/orisha-ossain.com\/fr\/wp-json\/wp\/v2\/media?parent=580"}],"wp:term":[{"taxonomy":"product_brand","embeddable":true,"href":"https:\/\/orisha-ossain.com\/fr\/wp-json\/wp\/v2\/product_brand?post=580"},{"taxonomy":"product_cat","embeddable":true,"href":"https:\/\/orisha-ossain.com\/fr\/wp-json\/wp\/v2\/product_cat?post=580"},{"taxonomy":"product_tag","embeddable":true,"href":"https:\/\/orisha-ossain.com\/fr\/wp-json\/wp\/v2\/product_tag?post=580"}],"curies":[{"name":"wp","href":"https:\/\/api.w.org\/{rel}","templated":true}]}}