{"id":576,"date":"2023-07-03T16:20:36","date_gmt":"2023-07-03T14:20:36","guid":{"rendered":"http:\/\/orisha-ossain.com\/?post_type=product&#038;p=576"},"modified":"2024-12-03T19:15:54","modified_gmt":"2024-12-03T18:15:54","slug":"rape-envira-ferro","status":"publish","type":"product","link":"https:\/\/orisha-ossain.com\/fr\/product\/rape-envira-ferro\/","title":{"rendered":"Rap\u00e9 Envira Ferro"},"content":{"rendered":"<h2>Rap\u00e9 Envira Ferro<\/h2>\n<p>Envira ferro est un nom sud-am\u00e9ricain donn\u00e9 aux arbres du genre Oxandra. Le peuple Shawadawa utilise l'\u00e9corce et le tronc de cet arbre pour fabriquer le ash qui donne son nom \u00e0 ce rap\u00e9. M\u00e9lang\u00e9 \u00e0 de l'Arapiraca Mapacho fin, ce rap\u00e9 Shawadawa est lumineux, pas trop extr\u00eame mais toujours puissant. Pas d'herbes suppl\u00e9mentaires, juste de l'Arapiraca Mapacho et de l'Envira Ferro Ash.<\/p>\n<h2>\u00c0 propos de la tribu<\/h2>\n<p>Shawadawa (\u00e9galement connu sous le nom d'Arara del Acre, Shawandaua, Shawanaua, Shawanau\u00e1, Shaonahua ou Shaodawa) est un groupe indig\u00e8ne qui habite le sud-ouest de l'\u00c9tat br\u00e9silien d'Acre. Cette tribu n'est entr\u00e9e en contact avec la \"civilisation\" occidentale qu'au d\u00e9but du XXe si\u00e8cle. La tribu enti\u00e8re ne compte actuellement que 550 \u00e2mes. Shaw\u00e3 signifie Aras et Dawa signifie famille, il s'agit donc de la famille des Aras.<\/p>\n<p>Aujourd'hui, le principal objectif du peuple Shaw\u00e3dawa est de prot\u00e9ger ses terres et ses for\u00eats, o\u00f9 se trouvent tous nos m\u00e9dicaments naturels. Ils cherchent \u00e9galement \u00e0 sauver et \u00e0 maintenir leur culture et les enseignements de leurs anc\u00eatres.<\/p>\n<p>Vous voulez en savoir plus sur cette petite tribu amazonienne ? Jetez un coup d'\u0153il \u00e0 <a href=\"https:\/\/pib.socioambiental.org\/pt\/Povo:Arara_Shaw\u00e3dawa\" target=\"_blank\" rel=\"noopener noreferrer\">ce site int\u00e9ressant.<\/a><\/p>\n<blockquote class=\"wp-embedded-content\" data-secret=\"8TJejGmLqj\"><p><a href=\"https:\/\/orisha-ossain.com\/fr\/the-shawadawa\/\">Les Shaw\u00e3dawa<\/a><\/p><\/blockquote>\n<p><iframe class=\"wp-embedded-content\" sandbox=\"allow-scripts\" security=\"restricted\" style=\"position: absolute; visibility: hidden;\" title=\"&quot;Le Shaw\u00e3dawa&quot; - Orisha Ossain\" src=\"https:\/\/orisha-ossain.com\/the-shawadawa\/embed\/#?secret=jie8mmKGv3#?secret=8TJejGmLqj\" data-secret=\"8TJejGmLqj\" width=\"600\" height=\"338\" frameborder=\"0\" marginwidth=\"0\" marginheight=\"0\" scrolling=\"no\"><\/iframe><\/p>\n<h2 style=\"text-align: center;\"><a href=\"http:\/\/orisha-ossain.com\/fr\/product-category\/tepi\/\">Tepi<\/a> et <a href=\"http:\/\/orisha-ossain.com\/fr\/product-category\/tepi\/\">Kuripe<span style=\"font-size: 16px;\">\u00a0<\/span><\/a><\/h2>\n<p style=\"text-align: center;\">Jetez un coup d'\u0153il \u00e0 la collection de Tepi et Kuripe. Diff\u00e9rents styles de diff\u00e9rents artistes sont disponibles. <a style=\"font-weight: bold; font-family: var(--global-body-font-family);\" href=\"http:\/\/orisha-ossain.com\/wp-content\/uploads\/2023\/06\/Tepi-Blessings.jpg\"><img decoding=\"async\" class=\"wp-image-55 size-medium aligncenter\" src=\"http:\/\/orisha-ossain.com\/wp-content\/uploads\/2023\/06\/Tepi-Blessings-300x199.jpg\" alt=\"Tepis recevant les b\u00e9n\u00e9dictions de leurs cr\u00e9ateurs\" width=\"300\" height=\"199\" srcset=\"https:\/\/orisha-ossain.com\/wp-content\/uploads\/2023\/06\/Tepi-Blessings-300x199.jpg 300w, https:\/\/orisha-ossain.com\/wp-content\/uploads\/2023\/06\/Tepi-Blessings.jpg 640w\" sizes=\"(max-width: 300px) 100vw, 300px\" \/><\/a><span style=\"font-size: 14px; font-family: var(--global-body-font-family);\">Tepis recevant les b\u00e9n\u00e9dictions de leurs cr\u00e9ateurs<\/span><\/p>\n<h2>Manutention et tri<\/h2>\n<p>Je passe ce Rap\u00e9 Envira Ferro et tous les autres tabacs \u00e0 priser provenant de mon magasin au travers d'un tamis en acier inoxydable de haute qualit\u00e9 de 120 microns. Je conserve \u00e9galement le stock de Rap\u00e9 au sec et dans des r\u00e9cipients sous vide pour en prolonger la fra\u00eecheur et la qualit\u00e9.<\/p>\n<p>Il en r\u00e9sulte que.<\/p>\n<ul>\n<li>une poudre extr\u00eamement fine.<\/li>\n<li>une finesse constante garantie<\/li>\n<li>absorption optimale du tabac \u00e0 priser<\/li>\n<\/ul>","protected":false},"excerpt":{"rendered":"<ul>\n<li>Le Rap\u00e9 Envira Ferro tire son nom d'un arbre sud-am\u00e9ricain du genre Oxandra. Le peuple Shawadawa utilise l'\u00e9corce et le tronc de cet arbre pour cr\u00e9er le ash qui donne son nom au rap\u00e9.<\/li>\n<li>Ils m\u00e9langent ce ash avec du mapacho Arapiraca fin pour en faire un rap\u00e9 Shawadawa brillant et doux, sans utiliser d'autres herbes, seulement du mapacho Arapiraca et de la cendre ferreuse Envira.<\/li>\n<\/ul>","protected":false},"featured_media":35606,"template":"","meta":{"_seopress_robots_primary_cat":"none","_seopress_titles_title":"Rap\u00e9 Envira Ferro - Shawadawa - Oxandra Ash -Orisha Ossain","_seopress_titles_desc":"Rap\u00e9 Envira ferro has its name given from a South American tree from the Oxandra genus. The Shawadawa people use the bark and trunk of this tree","_seopress_robots_index":"","_kad_blocks_custom_css":"","_kad_blocks_head_custom_js":"","_kad_blocks_body_custom_js":"","_kad_blocks_footer_custom_js":"","_kad_post_transparent":"default","_kad_post_title":"","_kad_post_layout":"default","_kad_post_sidebar_id":"","_kad_post_content_style":"default","_kad_post_vertical_padding":"default","_kad_post_feature":"","_kad_post_feature_position":"","_kad_post_header":false,"_kad_post_footer":false,"_kad_post_classname":""},"product_brand":[],"product_cat":[50],"product_tag":[61],"class_list":{"0":"post-576","1":"product","2":"type-product","3":"status-publish","4":"has-post-thumbnail","6":"product_cat-rape","7":"product_tag-shawadawa","9":"first","10":"outofstock","11":"taxable","12":"shipping-taxable","13":"purchasable","14":"product-type-variable","15":"entry","16":"content-bg","17":"loop-entry"},"taxonomy_info":{"product_cat":[{"value":50,"label":"Rap\u00e9"}],"product_tag":[{"value":61,"label":"Shawadawa"}]},"featured_image_src_large":["https:\/\/orisha-ossain.com\/wp-content\/uploads\/2024\/11\/Envira-Ferro-Orisha_Ossain.png",736,736,false],"author_info":[],"comment_info":"","_links":{"self":[{"href":"https:\/\/orisha-ossain.com\/fr\/wp-json\/wp\/v2\/product\/576","targetHints":{"allow":["GET"]}}],"collection":[{"href":"https:\/\/orisha-ossain.com\/fr\/wp-json\/wp\/v2\/product"}],"about":[{"href":"https:\/\/orisha-ossain.com\/fr\/wp-json\/wp\/v2\/types\/product"}],"wp:featuredmedia":[{"embeddable":true,"href":"https:\/\/orisha-ossain.com\/fr\/wp-json\/wp\/v2\/media\/35606"}],"wp:attachment":[{"href":"https:\/\/orisha-ossain.com\/fr\/wp-json\/wp\/v2\/media?parent=576"}],"wp:term":[{"taxonomy":"product_brand","embeddable":true,"href":"https:\/\/orisha-ossain.com\/fr\/wp-json\/wp\/v2\/product_brand?post=576"},{"taxonomy":"product_cat","embeddable":true,"href":"https:\/\/orisha-ossain.com\/fr\/wp-json\/wp\/v2\/product_cat?post=576"},{"taxonomy":"product_tag","embeddable":true,"href":"https:\/\/orisha-ossain.com\/fr\/wp-json\/wp\/v2\/product_tag?post=576"}],"curies":[{"name":"wp","href":"https:\/\/api.w.org\/{rel}","templated":true}]}}