{"id":572,"date":"2023-07-03T16:10:26","date_gmt":"2023-07-03T14:10:26","guid":{"rendered":"http:\/\/orisha-ossain.com\/?post_type=product&#038;p=572"},"modified":"2026-04-16T13:48:01","modified_gmt":"2026-04-16T11:48:01","slug":"rape-rupusuti","status":"publish","type":"product","link":"https:\/\/orisha-ossain.com\/fr\/product\/rape-rupusuti\/","title":{"rendered":"Rap\u00e9 Rupusuti"},"content":{"rendered":"<h2>Rap\u00e9 Rupusuti<\/h2>\n<ul>\n<li>La tribu Shaw\u00e3dawa d'Acre, au Br\u00e9sil, cr\u00e9e le Rap\u00e9 Rupusuti en utilisant du moi mapacho biologique, du tsunu ashes et une herbe appel\u00e9e Rupusuti. Ce tabac \u00e0 priser puissant est issu de leurs pratiques traditionnelles.<\/li>\n<li>Rupusuti nettoie les veines et les pores. Selon son fabricant, l'utilisation de ce m\u00e9dicament provoque une forte transpiration et aide l'organisme \u00e0 \u00e9liminer les toxines, ce qui permet de se sentir mieux.<\/li>\n<li>Les Shaw\u00e3dawa utilisent traditionnellement le Rupusuti pour traiter l'hypertension. Ce m\u00e9lange puissant a un effet terreux sur le corps et, gr\u00e2ce \u00e0 son effet chauffant, vous donne l'impression d'\u00eatre enracin\u00e9 et connect\u00e9 \u00e0 la terre.<\/li>\n<\/ul>","protected":false},"excerpt":{"rendered":"<p>La tribu Shaw\u00e3dawa d'Acre, au Br\u00e9sil, fabrique le Rap\u00e9 Rupusuti \u00e0 partir de moi mapacho biologique, de Tsunu ashes et d'une herbe appel\u00e9e Rupusuti. Ce tabac \u00e0 priser unique repr\u00e9sente leurs pratiques traditionnelles et leur savoir-faire.<\/p>","protected":false},"featured_media":35660,"template":"","meta":{"_seopress_robots_primary_cat":"none","_seopress_titles_title":"Rap\u00e9 Rupusuti - Shaw\u00e3dawa - Shamanic Snuff - %%sitetitle%%","_seopress_titles_desc":"The Shaw\u00e3dawa tribe in Acre, Brazil, makes Rap\u00e9 Rupusuti using organic moi mapacho, Tsunu ashes, and a herb called Rupusuti.","_seopress_robots_index":"","_kad_blocks_custom_css":"","_kad_blocks_head_custom_js":"","_kad_blocks_body_custom_js":"","_kad_blocks_footer_custom_js":"","_kad_post_transparent":"default","_kad_post_title":"","_kad_post_layout":"default","_kad_post_sidebar_id":"","_kad_post_content_style":"default","_kad_post_vertical_padding":"default","_kad_post_feature":"","_kad_post_feature_position":"","_kad_post_header":false,"_kad_post_footer":false,"_kad_post_classname":""},"product_brand":[],"product_cat":[50],"product_tag":[61],"class_list":{"0":"post-572","1":"product","2":"type-product","3":"status-publish","4":"has-post-thumbnail","6":"product_cat-rape","7":"product_tag-shawadawa","9":"first","10":"instock","11":"taxable","12":"shipping-taxable","13":"purchasable","14":"product-type-variable","15":"entry","16":"content-bg","17":"loop-entry"},"taxonomy_info":{"product_cat":[{"value":50,"label":"Rap\u00e9"}],"product_tag":[{"value":61,"label":"Shawadawa"}]},"featured_image_src_large":["https:\/\/orisha-ossain.com\/wp-content\/uploads\/2024\/11\/Rupusuti_Orisha_Ossain.png",736,736,false],"author_info":[],"comment_info":"","_links":{"self":[{"href":"https:\/\/orisha-ossain.com\/fr\/wp-json\/wp\/v2\/product\/572","targetHints":{"allow":["GET"]}}],"collection":[{"href":"https:\/\/orisha-ossain.com\/fr\/wp-json\/wp\/v2\/product"}],"about":[{"href":"https:\/\/orisha-ossain.com\/fr\/wp-json\/wp\/v2\/types\/product"}],"wp:featuredmedia":[{"embeddable":true,"href":"https:\/\/orisha-ossain.com\/fr\/wp-json\/wp\/v2\/media\/35660"}],"wp:attachment":[{"href":"https:\/\/orisha-ossain.com\/fr\/wp-json\/wp\/v2\/media?parent=572"}],"wp:term":[{"taxonomy":"product_brand","embeddable":true,"href":"https:\/\/orisha-ossain.com\/fr\/wp-json\/wp\/v2\/product_brand?post=572"},{"taxonomy":"product_cat","embeddable":true,"href":"https:\/\/orisha-ossain.com\/fr\/wp-json\/wp\/v2\/product_cat?post=572"},{"taxonomy":"product_tag","embeddable":true,"href":"https:\/\/orisha-ossain.com\/fr\/wp-json\/wp\/v2\/product_tag?post=572"}],"curies":[{"name":"wp","href":"https:\/\/api.w.org\/{rel}","templated":true}]}}