{"id":568,"date":"2023-07-03T16:02:54","date_gmt":"2023-07-03T14:02:54","guid":{"rendered":"http:\/\/orisha-ossain.com\/?post_type=product&#038;p=568"},"modified":"2026-04-10T22:48:37","modified_gmt":"2026-04-10T20:48:37","slug":"rape-parika","status":"publish","type":"product","link":"https:\/\/orisha-ossain.com\/fr\/product\/rape-parika\/","title":{"rendered":"Rap\u00e9 Parika"},"content":{"rendered":"<h2>Rap\u00e9 Parika<\/h2>\n<ul>\n<li>Ce lot frais de Rap\u00e9 Parika met en valeur ses puissantes propri\u00e9t\u00e9s. Je vous assure qu'il est tr\u00e8s efficace. La collaboration entre les Indiens Shaw\u00e3dawa et les Caboclos a permis de cr\u00e9er ce Rap\u00e9 unique. Un Caboclo est une personne d'ascendance mixte indig\u00e8ne br\u00e9silienne, europ\u00e9enne ou africaine. Cliquez ici pour en savoir plus sur les Caboclos.<\/li>\n<li>Les Indiens br\u00e9siliens partagent activement leurs connaissances avec les autres. Dans ce cas, les Indiens et les Caboclos vivent \u00e0 proximit\u00e9 les uns des autres, travaillant et vivant naturellement ensemble. Parfois, les Shawadawa pr\u00e9parent les ashes tandis que les Caboclos pr\u00e9parent la sabia, ou vice versa.<\/li>\n<li>Le Parika Rap\u00e9 (Schizolobium amazonicum) est reconnu pour ses puissants ingr\u00e9dients antibact\u00e9riens. Les Parika ashes \u00e9mettent une vibration \u00e9lev\u00e9e, \u00e9liminant les \u00e9nergies n\u00e9gatives et bloqu\u00e9es dans le corps et l'esprit.<\/li>\n<\/ul>\n<figure id=\"attachment_201\" aria-describedby=\"caption-attachment-201\" style=\"width: 300px\" class=\"wp-caption aligncenter\"><a href=\"http:\/\/orisha-ossain.com\/wp-content\/uploads\/2023\/06\/schizolobium-amazonicum-parica.jpg\"><img decoding=\"async\" class=\"wp-image-201 size-medium\" src=\"http:\/\/orisha-ossain.com\/wp-content\/uploads\/2023\/06\/schizolobium-amazonicum-parica-300x300.jpg\" alt=\"recherche d&#039;un arbre Schizolobium amazonicum. l&#039;\u00e9corce est utilis\u00e9e pour le rap\u00e9\/snuff. rap\u00e9 Parika\" width=\"300\" height=\"300\" srcset=\"https:\/\/orisha-ossain.com\/wp-content\/uploads\/2023\/06\/schizolobium-amazonicum-parica-300x300.jpg 300w, https:\/\/orisha-ossain.com\/wp-content\/uploads\/2023\/06\/schizolobium-amazonicum-parica-100x100.jpg 100w, https:\/\/orisha-ossain.com\/wp-content\/uploads\/2023\/06\/schizolobium-amazonicum-parica-465x465.jpg 465w, https:\/\/orisha-ossain.com\/wp-content\/uploads\/2023\/06\/schizolobium-amazonicum-parica-1024x1024.jpg 1024w, https:\/\/orisha-ossain.com\/wp-content\/uploads\/2023\/06\/schizolobium-amazonicum-parica-150x150.jpg 150w, https:\/\/orisha-ossain.com\/wp-content\/uploads\/2023\/06\/schizolobium-amazonicum-parica-768x768.jpg 768w, https:\/\/orisha-ossain.com\/wp-content\/uploads\/2023\/06\/schizolobium-amazonicum-parica.jpg 1080w\" sizes=\"(max-width: 300px) 100vw, 300px\" \/><\/a><figcaption id=\"caption-attachment-201\" class=\"wp-caption-text\">Schizolobium amazonicum<\/figcaption><\/figure>","protected":false},"excerpt":{"rendered":"<ul>\n<li>Ce nouveau lot de Parika Rap\u00e9 offre une exp\u00e9rience d\u00e9licieuse avec une recette unique et des saveurs fra\u00eeches. Savourez son charme et d\u00e9gustez-le !<\/li>\n<li>Le Rap\u00e9 Parika est reconnu pour ses puissantes propri\u00e9t\u00e9s antibact\u00e9riennes. Les ashes de Parika \u00e9mettent des vibrations \u00e9lev\u00e9es, ce qui permet d'\u00e9liminer efficacement les \u00e9nergies n\u00e9gatives et les blocages du corps et de l'esprit.<\/li>\n<\/ul>","protected":false},"featured_media":35686,"template":"","meta":{"_seopress_robots_primary_cat":"none","_seopress_titles_title":"%%post_title%% - High Vibrations, Clearing Negative Energies","_seopress_titles_desc":"People recognize Rap\u00e9 Parika for its powerful properties. The ashes from Parika emit high vibrations, effectively clearing negative energies.","_seopress_robots_index":"","_kad_blocks_custom_css":"","_kad_blocks_head_custom_js":"","_kad_blocks_body_custom_js":"","_kad_blocks_footer_custom_js":"","_kad_post_transparent":"default","_kad_post_title":"","_kad_post_layout":"default","_kad_post_sidebar_id":"","_kad_post_content_style":"default","_kad_post_vertical_padding":"default","_kad_post_feature":"","_kad_post_feature_position":"","_kad_post_header":false,"_kad_post_footer":false,"_kad_post_classname":""},"product_brand":[],"product_cat":[50],"product_tag":[54,61],"class_list":{"0":"post-568","1":"product","2":"type-product","3":"status-publish","4":"has-post-thumbnail","6":"product_cat-rape","7":"product_tag-caboclo","8":"product_tag-shawadawa","10":"first","11":"instock","12":"taxable","13":"shipping-taxable","14":"purchasable","15":"product-type-variable","16":"entry","17":"content-bg","18":"loop-entry"},"taxonomy_info":{"product_cat":[{"value":50,"label":"Rap\u00e9"}],"product_tag":[{"value":54,"label":"Caboclo"},{"value":61,"label":"Shawadawa"}]},"featured_image_src_large":["https:\/\/orisha-ossain.com\/wp-content\/uploads\/2024\/11\/Parika_Orisha_Ossain.png",736,736,false],"author_info":[],"comment_info":"","_links":{"self":[{"href":"https:\/\/orisha-ossain.com\/fr\/wp-json\/wp\/v2\/product\/568","targetHints":{"allow":["GET"]}}],"collection":[{"href":"https:\/\/orisha-ossain.com\/fr\/wp-json\/wp\/v2\/product"}],"about":[{"href":"https:\/\/orisha-ossain.com\/fr\/wp-json\/wp\/v2\/types\/product"}],"wp:featuredmedia":[{"embeddable":true,"href":"https:\/\/orisha-ossain.com\/fr\/wp-json\/wp\/v2\/media\/35686"}],"wp:attachment":[{"href":"https:\/\/orisha-ossain.com\/fr\/wp-json\/wp\/v2\/media?parent=568"}],"wp:term":[{"taxonomy":"product_brand","embeddable":true,"href":"https:\/\/orisha-ossain.com\/fr\/wp-json\/wp\/v2\/product_brand?post=568"},{"taxonomy":"product_cat","embeddable":true,"href":"https:\/\/orisha-ossain.com\/fr\/wp-json\/wp\/v2\/product_cat?post=568"},{"taxonomy":"product_tag","embeddable":true,"href":"https:\/\/orisha-ossain.com\/fr\/wp-json\/wp\/v2\/product_tag?post=568"}],"curies":[{"name":"wp","href":"https:\/\/api.w.org\/{rel}","templated":true}]}}