{"id":560,"date":"2023-07-03T15:29:38","date_gmt":"2023-07-03T13:29:38","guid":{"rendered":"http:\/\/orisha-ossain.com\/?post_type=product&#038;p=560"},"modified":"2026-04-17T15:14:43","modified_gmt":"2026-04-17T13:14:43","slug":"rape-nukini","status":"publish","type":"product","link":"https:\/\/orisha-ossain.com\/fr\/product\/rape-nukini\/","title":{"rendered":"Rap\u00e9 Nukini"},"content":{"rendered":"<h2>Rap\u00e9 Nukini<\/h2>\n<p>Ce Nukini Rap\u00e9 est un Pau Pereira. C'est l'une des vari\u00e9t\u00e9s de Rap\u00e9 les plus anciennes et les plus r\u00e9pandues. Diverses tribus, caboclos et autres travaillent et fabriquent cette vari\u00e9t\u00e9.  Le Pau Pereira est fabriqu\u00e9 \u00e0 partir de l'Arapiraca et du ash de l'arbre Platycyamus regnellii. Il s'agit d'un Rap\u00e9 simple, juste de l'Arapiraca, et de l'\u00e9corce de Pau Pereira ash. Il est assez puissant. Ce Pau Pereira provient de la tribu Nukini.<\/p>\n<h2>A propos de Pau Pereira\/Platycyamus regnelli<\/h2>\n<p>Platycyamus regnellii est un arbre \u00e0 feuilles caduques avec une couronne dense et globuleuse ; il peut atteindre 10 \u00e0 20 m\u00e8tres de haut. Le tronc peut avoir un diam\u00e8tre de 40 \u00e0 60 cm. La for\u00eat br\u00e9silienne compte de nombreuses plantes m\u00e9dicinales. L'une des dix plus importantes est le tsunu (Platycyamus regnellii). Il s'agit d'une m\u00e9decine populaire utilis\u00e9e pour traiter le paludisme, l'impuissance, l'indigestion, les vertiges, la constipation et les fi\u00e8vres.<br \/>\nLes premi\u00e8res mentions scientifiques de l'utilisation de la Pau-Pereira dans les traitements m\u00e9dicaux figurent dans les th\u00e8ses de l'\u00e9cole de m\u00e9decine de Rio de Janeiro et dans la revue m\u00e9dicale Fluminense (1861-1923). Entre autres citations, elle figure sur la premi\u00e8re ordonnance de bains d'herbes obtenues \u00e0 partir de coquilles de Tsunu cuites. Le m\u00e9decin br\u00e9silien Joaquim Jos\u00e9 da Silva (1791-1857) a prescrit ce rem\u00e8de \u00e0 l'esclave de sa s\u0153ur qui souffrait de fi\u00e8vre.<\/p>\n<figure id=\"attachment_208\" aria-describedby=\"caption-attachment-208\" style=\"width: 225px\" class=\"wp-caption aligncenter\"><a href=\"http:\/\/orisha-ossain.com\/wp-content\/uploads\/2023\/06\/Tsunu-Platycyamus-regnellii.jpg\"><img decoding=\"async\" class=\"wp-image-208 size-medium\" src=\"http:\/\/orisha-ossain.com\/wp-content\/uploads\/2023\/06\/Tsunu-Platycyamus-regnellii-225x300.jpg\" alt=\"Un arbre Platycyamus regnellii dans la for\u00eat. L&#039;\u00e9corce est utilis\u00e9e pour le Rap\u00e9 Nukini.\" width=\"225\" height=\"300\" srcset=\"https:\/\/orisha-ossain.com\/wp-content\/uploads\/2023\/06\/Tsunu-Platycyamus-regnellii-225x300.jpg 225w, https:\/\/orisha-ossain.com\/wp-content\/uploads\/2023\/06\/Tsunu-Platycyamus-regnellii-768x1024.jpg 768w, https:\/\/orisha-ossain.com\/wp-content\/uploads\/2023\/06\/Tsunu-Platycyamus-regnellii.jpg 900w\" sizes=\"(max-width: 225px) 100vw, 225px\" \/><\/a><figcaption id=\"caption-attachment-208\" class=\"wp-caption-text\">Platycyamus regnellii, Tsunu<\/figcaption><\/figure>","protected":false},"excerpt":{"rendered":"<p>Rap\u00e9 Nukini. Il s'agit d'un Rap\u00e9 r\u00e9alis\u00e9 avec Pau Pereira ash. Il est assez rare et a \u00e9t\u00e9 sp\u00e9cialement fabriqu\u00e9 \u00e0 ma demande. Pau Pereira a une longue histoire au Br\u00e9sil. Dans le Rap\u00e9, une partie de cette histoire est que le Pau Pereira est souvent et faussement appel\u00e9 Tsunu.<\/p>","protected":false},"featured_media":35649,"template":"","meta":{"_seopress_robots_primary_cat":"none","_seopress_titles_title":"Rap\u00e9 Nukini - Pau Pereira Ash - Orisha Ossain","_seopress_titles_desc":"Rap\u00e9 Nukini. This snuff is quite rare. Made with Pau Pereira Ash. Very smooth with nice aromas. A medium strong snuff, I like it a lot.","_seopress_robots_index":"","_kad_blocks_custom_css":"","_kad_blocks_head_custom_js":"","_kad_blocks_body_custom_js":"","_kad_blocks_footer_custom_js":"","_kad_post_transparent":"default","_kad_post_title":"","_kad_post_layout":"default","_kad_post_sidebar_id":"","_kad_post_content_style":"default","_kad_post_vertical_padding":"default","_kad_post_feature":"","_kad_post_feature_position":"","_kad_post_header":false,"_kad_post_footer":false,"_kad_post_classname":""},"product_brand":[],"product_cat":[50],"product_tag":[58],"class_list":{"0":"post-560","1":"product","2":"type-product","3":"status-publish","4":"has-post-thumbnail","6":"product_cat-rape","7":"product_tag-nukini","9":"first","10":"instock","11":"taxable","12":"shipping-taxable","13":"purchasable","14":"product-type-variable","15":"entry","16":"content-bg","17":"loop-entry"},"taxonomy_info":{"product_cat":[{"value":50,"label":"Rap\u00e9"}],"product_tag":[{"value":58,"label":"Nukini"}]},"featured_image_src_large":["https:\/\/orisha-ossain.com\/wp-content\/uploads\/2024\/11\/Nukini_Orisha_Ossain.png",736,736,false],"author_info":[],"comment_info":"","_links":{"self":[{"href":"https:\/\/orisha-ossain.com\/fr\/wp-json\/wp\/v2\/product\/560","targetHints":{"allow":["GET"]}}],"collection":[{"href":"https:\/\/orisha-ossain.com\/fr\/wp-json\/wp\/v2\/product"}],"about":[{"href":"https:\/\/orisha-ossain.com\/fr\/wp-json\/wp\/v2\/types\/product"}],"wp:featuredmedia":[{"embeddable":true,"href":"https:\/\/orisha-ossain.com\/fr\/wp-json\/wp\/v2\/media\/35649"}],"wp:attachment":[{"href":"https:\/\/orisha-ossain.com\/fr\/wp-json\/wp\/v2\/media?parent=560"}],"wp:term":[{"taxonomy":"product_brand","embeddable":true,"href":"https:\/\/orisha-ossain.com\/fr\/wp-json\/wp\/v2\/product_brand?post=560"},{"taxonomy":"product_cat","embeddable":true,"href":"https:\/\/orisha-ossain.com\/fr\/wp-json\/wp\/v2\/product_cat?post=560"},{"taxonomy":"product_tag","embeddable":true,"href":"https:\/\/orisha-ossain.com\/fr\/wp-json\/wp\/v2\/product_tag?post=560"}],"curies":[{"name":"wp","href":"https:\/\/api.w.org\/{rel}","templated":true}]}}