{"id":49,"date":"2023-06-21T17:57:05","date_gmt":"2023-06-21T15:57:05","guid":{"rendered":"http:\/\/orisha-ossain.com\/?post_type=product&#038;p=49"},"modified":"2025-12-08T16:22:45","modified_gmt":"2025-12-08T15:22:45","slug":"marachimbe-ash","status":"publish","type":"product","link":"https:\/\/orisha-ossain.com\/fr\/product\/marachimbe-ash\/","title":{"rendered":"Marachimb\u00e9 Ash"},"content":{"rendered":"<p>Ce ash Marachimb\u00e9 est un nouveau type de ash fabriqu\u00e9 par les sp\u00e9cialistes du rap\u00e9 Kaxinawa. Ce ash n'est pas li\u00e9 au rap\u00e9 Marachimb\u00e9 de la tribu Nukini.<\/p>\n<h2><a href=\"http:\/\/orisha-ossain.com\/wp-content\/uploads\/2023\/06\/fire-and-work-space-in-bature.jpeg\"><img decoding=\"async\" class=\"alignright wp-image-54 size-medium\" src=\"http:\/\/orisha-ossain.com\/wp-content\/uploads\/2023\/06\/fire-and-work-space-in-bature-300x231.jpeg\" alt=\"lieu dans la nature avec un feu au premier plan et des outils \u00e0 l&#039;arri\u00e8re-plan, \u00e9corce br\u00fbl\u00e9e pour Palheira ash\" width=\"300\" height=\"231\" srcset=\"https:\/\/orisha-ossain.com\/wp-content\/uploads\/2023\/06\/fire-and-work-space-in-bature-300x231.jpeg 300w, https:\/\/orisha-ossain.com\/wp-content\/uploads\/2023\/06\/fire-and-work-space-in-bature-1024x789.jpeg 1024w, https:\/\/orisha-ossain.com\/wp-content\/uploads\/2023\/06\/fire-and-work-space-in-bature-768x592.jpeg 768w, https:\/\/orisha-ossain.com\/wp-content\/uploads\/2023\/06\/fire-and-work-space-in-bature.jpeg 1059w\" sizes=\"(max-width: 300px) 100vw, 300px\" \/><\/a><span style=\"font-size: 12pt;\">Le feu qui br\u00fble\u00a0<\/span><\/h2>\n<p>Les trois \u00e9corces ashes sont un \u00e9l\u00e9ment fondamental de la plupart des types de Rap\u00e9 br\u00e9siliens. L'\u00e9corce provient de divers arbres m\u00e9dicinaux. On les trouve souvent dans la r\u00e9gion o\u00f9 vivent les tribus indig\u00e8nes et d'autres fois dans des \u00e9corces d'autres arbres provenant d'autres r\u00e9gions du Br\u00e9sil.<\/p>\n<p>La production de ash est un processus auquel j'ai assist\u00e9 et particip\u00e9. La fa\u00e7on de br\u00fbler l'\u00e9corce pour obtenir un bon r\u00e9sultat requiert de l'exp\u00e9rience. Le feu qui br\u00fble l'\u00e9corce ne doit pas \u00eatre trop dur, mais pas non plus trop mou.<br \/>\nUn feu d'\u00e9corce peut br\u00fbler pendant de nombreuses heures et n\u00e9cessite une certaine attention. Lors d'une bonne s\u00e9ance de combustion, il faut r\u00e9duire le plus possible le feu \u00e0 ash. Il faut laisser le moins de charbon possible dans la fosse.<\/p>\n<p><a href=\"http:\/\/orisha-ossain.com\/wp-content\/uploads\/2023\/06\/working-on-the-fire-tsunu-bark-burning.jpeg\"><img decoding=\"async\" class=\"aligncenter wp-image-56 size-medium\" src=\"http:\/\/orisha-ossain.com\/wp-content\/uploads\/2023\/06\/working-on-the-fire-tsunu-bark-burning-225x300.jpeg\" alt=\"Homme mettant son b\u00e2ton de feu dans la fosse o\u00f9 br\u00fblent les \u00e9corces pour la production de Palheira ash\" width=\"225\" height=\"300\" srcset=\"https:\/\/orisha-ossain.com\/wp-content\/uploads\/2023\/06\/working-on-the-fire-tsunu-bark-burning-225x300.jpeg 225w, https:\/\/orisha-ossain.com\/wp-content\/uploads\/2023\/06\/working-on-the-fire-tsunu-bark-burning-768x1024.jpeg 768w, https:\/\/orisha-ossain.com\/wp-content\/uploads\/2023\/06\/working-on-the-fire-tsunu-bark-burning.jpeg 960w\" sizes=\"(max-width: 225px) 100vw, 225px\" \/><\/a><\/p>\n<h2><span style=\"font-size: 12pt;\">Tamisage et nettoyage<\/span><\/h2>\n<p>Apr\u00e8s avoir collect\u00e9 le ash le jour suivant, une s\u00e9rie d'\u00e9tapes de tamisage suit. Le processus de tamisage permet d'\u00e9liminer plusieurs impuret\u00e9s telles que le sable et de minuscules morceaux de bois carbonis\u00e9 non br\u00fbl\u00e9. Les ashes nettoy\u00e9es sont maintenant pr\u00eates. Le r\u00e9chauffage des ashes sur un feu chaud permet de s'assurer que les ashes sont bien s\u00e8ches.<\/p>\n<h2><span style=\"font-size: 12pt;\">R\u00e9duction de la masse<\/span><\/h2>\n<p>Br\u00fbler de l'\u00e9corce pour obtenir des ashes entra\u00eene naturellement une \u00e9norme perte de masse. En g\u00e9n\u00e9ral, avec une bonne connaissance de la fabrication des ash, on peut obtenir environ 500 grammes de ash \u00e0 partir de 10 kilos d'\u00e9corce. Ainsi, apr\u00e8s avoir br\u00fbl\u00e9 10 kilos d'\u00e9corce et trait\u00e9 les restes, 20% du poids de d\u00e9part sont des ash propres et utilisables.<br \/>\nCe nombre peut varier en fonction du type d'\u00e9corce, du style de combustion, de l'humidit\u00e9 de l'\u00e9corce et d'autres facteurs.<\/p>\n<h2><span style=\"font-size: 12pt;\">Le corps alchimique, le sel<\/span><\/h2>\n<p>D'un point de vue alchimique, les ashes repr\u00e9sentent le corps de l'\u00e9corce sous une forme concentr\u00e9e. Ces ashes contiennent le sel min\u00e9ral de l'\u00e9corce. L'utilisation des ashes m\u00e9dicinaux a une longue histoire. La tradition alchimique indienne ancienne fait d\u00e9j\u00e0 \u00e9tat d'un travail avec des ashes.<br \/>\nCela remonte au moins \u00e0 4000 ans avant J.-C. (<a href=\"https:\/\/www.google.nl\/url?sa=t&amp;rct=j&amp;q=&amp;esrc=s&amp;source=web&amp;cd=7&amp;cad=rja&amp;uact=8&amp;ved=2ahUKEwi29oKQ6srhAhXFbFAKHTmRABAQFjAGegQIDBAC&amp;url=http%3A%2F%2Fwww.ccras.nic.in%2Fsites%2Fdefault%2Ffiles%2Fviewpdf%2Fjimh%2FBIIHM_1996%2F11%2520to%252038.pdf&amp;usg=AOvVaw2i8Vq-xMI8RnpjblcMZ5Ab\">source<\/a>). Il est int\u00e9ressant de savoir qu'au cours de notre histoire terrestre, la connaissance du travail avec ashes est parvenue jusqu'aux Indiens d'Amazonie. Un article int\u00e9ressant sur l'utilisation de ash par les Indiens Witoto d'Amazonie peut \u00eatre lu. <a href=\"https:\/\/www.ncbi.nlm.nih.gov\/pubmed\/21986228\">ici<\/a>. Dans la tradition n\u00e9o-alchimique des\u00a0<a href=\"https:\/\/www.evolvedalchemy.com\/what-is-spagyrics\">Spagyrie<\/a>Les sels alchimiques ont \u00e9galement une fonction importante.<\/p>\n<p><strong>Extrait du livre : Le corps alchimique : les traditions Siddha dans l'Inde m\u00e9di\u00e9vale.<\/strong><\/p>\n<p style=\"text-align: center;\">Visnu cr\u00e9e la terre avec ashes du dhuni de Gorakh.<\/p>\n<p style=\"text-align: center;\">Cependant, c'est aussi \u00e0 ashes que l'univers retournera, et ce sont ces ashes qui forment le corps du serpent cosmique Sesa. Mais Sesa est aussi un serpent venimeux, dont le souffle ardent r\u00e9duit lui-m\u00eame toute la mati\u00e8re en ashes.<\/p>\n<p style=\"text-align: center;\">\u00c0 ce titre, il est semblable \u00e0 Siva qui, dot\u00e9 d'un corps de ashen et portant ashes sur son corps yogique, r\u00e9duit \u00e9galement toute mati\u00e8re \u00e0 ashes dans la dissolution universelle. Cette dissolution est illustr\u00e9e par l'incin\u00e9ration de Kama au moyen du feu yogique \u00e9mis par son troisi\u00e8me \u0153il. La semence cr\u00e9atrice de Siva devient destructrice lorsqu'elle s'est transform\u00e9e en feu, yogiquement, par l'\u00e9l\u00e9vation du serpent interne de la kundalini ; cependant, c'est aussi en vertu de sa pratique yogique qu'il est immunis\u00e9 contre le poison calcinant crach\u00e9 par le grand serpent Vasuki, qui, lorsqu'il le boit dans le mythe du barattage de l'Oc\u00e9an de lait, lui rend la gorge bleue.<\/p>\n<h2><span style=\"font-size: 12pt;\">Comment l'utiliser<\/span><\/h2>\n<p>Vous pouvez utiliser ce ash pour le m\u00e9langer \u00e0 des herbes pulv\u00e9ris\u00e9es afin de cr\u00e9er votre propre vari\u00e9t\u00e9 de Rap\u00e9. Si vous aimez \u00e9tudier et apprendre l'\u00e9nergie et la puissance du ash, utilisez-le de la m\u00eame mani\u00e8re que vous le feriez avec le Rap\u00e9.<br \/>\nEn mouillant votre doigt et en mettant un peu de ash de votre doigt \u00e0 votre langue, vous pouvez ressentir une br\u00e8ve sensation d'engourdissement piquant qui dure quelques secondes.<br \/>\nCertains ashes vous procurent ces sensations et d'autres non (cela ne signifie pas que l'un est moins fort que l'autre). Il s'agit simplement d'un autre moyen simple d'en apprendre davantage sur les ash et de se connecter \u00e0 leur \u00e9nergie. Les ashes alcalins aident \u00e0 basifier le m\u00e9lange.<\/p>\n<h2><span style=\"font-size: 12pt;\">Stockage<\/span><\/h2>\n<p>Les cendres sont hygroscopiques. Cela signifie qu'elles ont tendance \u00e0 attirer l'eau de l'air vers elles. Lorsque vous faites vos propres m\u00e9langes de Rap\u00e9, limitez le temps d'exposition \u00e0 l'air libre. Apr\u00e8s le m\u00e9lange, il est conseill\u00e9 de placer votre nouveau rap\u00e9 dans n'importe quel type de r\u00e9cipient herm\u00e9tique. Les rap\u00e9 ashes que vous trouverez ici ont tous \u00e9t\u00e9 d\u00e9shumidifi\u00e9s avant d'\u00eatre stock\u00e9s.<\/p>\n<h2 style=\"text-align: center;\"><\/h2>\n<h2 style=\"text-align: center;\"><span style=\"font-size: 12pt;\"><a href=\"http:\/\/orisha-ossain.com\/fr\/product-category\/tepi\/\">Tepi <\/a>et <a href=\"http:\/\/orisha-ossain.com\/fr\/product-category\/kuripe\/\">Kuripe<\/a><\/span><\/h2>\n<p style=\"text-align: center;\">Jetez un coup d'\u0153il \u00e0 la collection de Tepi et Kuripe. Diff\u00e9rents styles de diff\u00e9rents artistes sont disponibles. <a style=\"font-weight: bold; font-family: var(--global-body-font-family);\" href=\"http:\/\/orisha-ossain.com\/wp-content\/uploads\/2023\/06\/Tepi-Blessings.jpg\"><img decoding=\"async\" class=\"wp-image-55 size-medium aligncenter\" src=\"http:\/\/orisha-ossain.com\/wp-content\/uploads\/2023\/06\/Tepi-Blessings-300x199.jpg\" alt=\"Tepis recevant les b\u00e9n\u00e9dictions de leurs cr\u00e9ateurs\" width=\"300\" height=\"199\" srcset=\"https:\/\/orisha-ossain.com\/wp-content\/uploads\/2023\/06\/Tepi-Blessings-300x199.jpg 300w, https:\/\/orisha-ossain.com\/wp-content\/uploads\/2023\/06\/Tepi-Blessings.jpg 640w\" sizes=\"(max-width: 300px) 100vw, 300px\" \/><\/a><span style=\"font-size: 14px; font-family: var(--global-body-font-family);\">Tepis recevant les b\u00e9n\u00e9dictions de leurs cr\u00e9ateurs<\/span><\/p>\n<h2><span style=\"font-size: 12pt;\">Manipulation et stockage<\/span><\/h2>\n<p>Je d\u00e9shydrate ce ash Marachimb\u00e9 et tous les autres ashes provenant de mon atelier. Je passe ensuite les ash au tamis en acier inoxydable de 35 microns. Je stocke \u00e9galement le stock de ash au sec et dans des r\u00e9cipients sous vide pour en prolonger la fra\u00eecheur et la qualit\u00e9.<\/p>\n<p>Il en r\u00e9sulte que.<\/p>\n<ul>\n<li>une poudre extr\u00eamement fine.<\/li>\n<li>une finesse constante garantie<\/li>\n<li>absorption optimale du tabac \u00e0 priser<\/li>\n<\/ul>","protected":false},"excerpt":{"rendered":"<p>Ce ash Marachimb\u00e9 est un nouveau type de ash fabriqu\u00e9 par les sp\u00e9cialistes du rap\u00e9 Kaxinawa. Ce ash n'est pas li\u00e9 au rap\u00e9 Marachimb\u00e9 de la tribu Nukini.<\/p>","protected":false},"featured_media":35728,"template":"","meta":{"_seopress_robots_primary_cat":"none","_seopress_titles_title":"Marachimb\u00e9 Ash - Ash - Pure & Dry for Blending Rap\u00e9 -","_seopress_titles_desc":"This Marachimb\u00e9 ash is a new type of ash made by the Kaxinawa rap\u00e9 specialists.","_seopress_robots_index":"","_kad_blocks_custom_css":"","_kad_blocks_head_custom_js":"","_kad_blocks_body_custom_js":"","_kad_blocks_footer_custom_js":"","_kad_post_transparent":"default","_kad_post_title":"","_kad_post_layout":"default","_kad_post_sidebar_id":"","_kad_post_content_style":"default","_kad_post_vertical_padding":"default","_kad_post_feature":"","_kad_post_feature_position":"","_kad_post_header":false,"_kad_post_footer":false,"_kad_post_classname":""},"product_brand":[],"product_cat":[16],"product_tag":[147],"class_list":{"0":"post-49","1":"product","2":"type-product","3":"status-publish","4":"has-post-thumbnail","6":"product_cat-ashes","7":"product_tag-contemporary-ash","9":"first","10":"instock","11":"taxable","12":"shipping-taxable","13":"purchasable","14":"product-type-variable","15":"entry","16":"content-bg","17":"loop-entry"},"taxonomy_info":{"product_cat":[{"value":16,"label":"Ashes"}],"product_tag":[{"value":147,"label":"Contemporary Ash"}]},"featured_image_src_large":["https:\/\/orisha-ossain.com\/wp-content\/uploads\/2024\/11\/Marachimbe-grijs_Orisha_Ossain-1.png",736,736,false],"author_info":[],"comment_info":"","_links":{"self":[{"href":"https:\/\/orisha-ossain.com\/fr\/wp-json\/wp\/v2\/product\/49","targetHints":{"allow":["GET"]}}],"collection":[{"href":"https:\/\/orisha-ossain.com\/fr\/wp-json\/wp\/v2\/product"}],"about":[{"href":"https:\/\/orisha-ossain.com\/fr\/wp-json\/wp\/v2\/types\/product"}],"wp:featuredmedia":[{"embeddable":true,"href":"https:\/\/orisha-ossain.com\/fr\/wp-json\/wp\/v2\/media\/35728"}],"wp:attachment":[{"href":"https:\/\/orisha-ossain.com\/fr\/wp-json\/wp\/v2\/media?parent=49"}],"wp:term":[{"taxonomy":"product_brand","embeddable":true,"href":"https:\/\/orisha-ossain.com\/fr\/wp-json\/wp\/v2\/product_brand?post=49"},{"taxonomy":"product_cat","embeddable":true,"href":"https:\/\/orisha-ossain.com\/fr\/wp-json\/wp\/v2\/product_cat?post=49"},{"taxonomy":"product_tag","embeddable":true,"href":"https:\/\/orisha-ossain.com\/fr\/wp-json\/wp\/v2\/product_tag?post=49"}],"curies":[{"name":"wp","href":"https:\/\/api.w.org\/{rel}","templated":true}]}}