{"id":477,"date":"2023-07-01T10:09:48","date_gmt":"2023-07-01T08:09:48","guid":{"rendered":"http:\/\/orisha-ossain.com\/?post_type=product&#038;p=477"},"modified":"2026-04-20T11:12:07","modified_gmt":"2026-04-20T09:12:07","slug":"rape-marachimbe","status":"publish","type":"product","link":"https:\/\/orisha-ossain.com\/fr\/product\/rape-marachimbe\/","title":{"rendered":"Rap\u00e9 Marachimb\u00e9"},"content":{"rendered":"<h2>Rap\u00e9 Marachimb\u00e9<\/h2>\n<p>Le Rap\u00e9 Marachimbe est un tabac \u00e0 priser sp\u00e9cial et assez masculin de la tribu Nukini. Il s'agit d'une recette d'un ancien Paj\u00e9 (chaman) tr\u00e8s dou\u00e9 de la tribu.<\/p>\n<p>Ce rap\u00e9 est un m\u00e9lange de diff\u00e9rents m\u00e9dicaments qui vous ram\u00e8nera \u00e0 la raison. C'est fort et puissant !<br \/>\nIl a un aspect brun fonc\u00e9 et un ar\u00f4me complexe et profond. Je recommande ce rap\u00e9 aux \u00e9tudiants exp\u00e9riment\u00e9s. Si ce Rap\u00e9 se connecte \u00e0 vous et d\u00e9livre toute sa puissance, il peut \u00eatre \u00e9crasant.<\/p>\n<p><a href=\"http:\/\/orisha-ossain.com\/wp-content\/uploads\/2023\/06\/Mankou-Kaxinawa.jpg\"><img decoding=\"async\" class=\"aligncenter wp-image-188 size-medium\" src=\"http:\/\/orisha-ossain.com\/wp-content\/uploads\/2023\/06\/Mankou-Kaxinawa-300x300.jpg\" alt=\"indien avec plumes rap\u00e9 Marachimb\u00e9\" width=\"300\" height=\"300\" srcset=\"https:\/\/orisha-ossain.com\/wp-content\/uploads\/2023\/06\/Mankou-Kaxinawa-300x300.jpg 300w, https:\/\/orisha-ossain.com\/wp-content\/uploads\/2023\/06\/Mankou-Kaxinawa-100x100.jpg 100w, https:\/\/orisha-ossain.com\/wp-content\/uploads\/2023\/06\/Mankou-Kaxinawa-465x465.jpg 465w, https:\/\/orisha-ossain.com\/wp-content\/uploads\/2023\/06\/Mankou-Kaxinawa-150x150.jpg 150w, https:\/\/orisha-ossain.com\/wp-content\/uploads\/2023\/06\/Mankou-Kaxinawa.jpg 640w\" sizes=\"(max-width: 300px) 100vw, 300px\" \/><\/a><\/p>\n<ul>\n<li><\/li>\n<\/ul>","protected":false},"excerpt":{"rendered":"<p>Rap\u00e9 Marachimbe est un tabac \u00e0 priser sp\u00e9cial et assez masculin de la tribu Nukini. Il s'agit d'une recette d'un ancien Paj\u00e9 (chaman) tr\u00e8s dou\u00e9 de la tribu.<\/p>","protected":false},"featured_media":35639,"template":"","meta":{"_seopress_robots_primary_cat":"none","_seopress_titles_title":"Rap\u00e9 Marachimbe - A Masculine Snuff from the Nukini Tribe -","_seopress_titles_desc":"Rap\u00e9 Marachimbe is a special and quite masculine snuff from the Nukini tribe. Its a recipe from a very gifted former Paj\u00e9 (shaman) of the tribe.","_seopress_robots_index":"","_kad_blocks_custom_css":"","_kad_blocks_head_custom_js":"","_kad_blocks_body_custom_js":"","_kad_blocks_footer_custom_js":"","_kad_post_transparent":"default","_kad_post_title":"","_kad_post_layout":"default","_kad_post_sidebar_id":"","_kad_post_content_style":"default","_kad_post_vertical_padding":"default","_kad_post_feature":"","_kad_post_feature_position":"","_kad_post_header":false,"_kad_post_footer":false,"_kad_post_classname":""},"product_brand":[],"product_cat":[128,50],"product_tag":[58],"class_list":{"0":"post-477","1":"product","2":"type-product","3":"status-publish","4":"has-post-thumbnail","6":"product_cat-new","7":"product_cat-rape","8":"product_tag-nukini","10":"first","11":"instock","12":"taxable","13":"shipping-taxable","14":"purchasable","15":"product-type-variable","16":"entry","17":"content-bg","18":"loop-entry"},"taxonomy_info":{"product_cat":[{"value":128,"label":"New"},{"value":50,"label":"Rap\u00e9"}],"product_tag":[{"value":58,"label":"Nukini"}]},"featured_image_src_large":["https:\/\/orisha-ossain.com\/wp-content\/uploads\/2024\/11\/Marachimbe_Orisha_Ossain.png",736,736,false],"author_info":[],"comment_info":"","_links":{"self":[{"href":"https:\/\/orisha-ossain.com\/fr\/wp-json\/wp\/v2\/product\/477","targetHints":{"allow":["GET"]}}],"collection":[{"href":"https:\/\/orisha-ossain.com\/fr\/wp-json\/wp\/v2\/product"}],"about":[{"href":"https:\/\/orisha-ossain.com\/fr\/wp-json\/wp\/v2\/types\/product"}],"wp:featuredmedia":[{"embeddable":true,"href":"https:\/\/orisha-ossain.com\/fr\/wp-json\/wp\/v2\/media\/35639"}],"wp:attachment":[{"href":"https:\/\/orisha-ossain.com\/fr\/wp-json\/wp\/v2\/media?parent=477"}],"wp:term":[{"taxonomy":"product_brand","embeddable":true,"href":"https:\/\/orisha-ossain.com\/fr\/wp-json\/wp\/v2\/product_brand?post=477"},{"taxonomy":"product_cat","embeddable":true,"href":"https:\/\/orisha-ossain.com\/fr\/wp-json\/wp\/v2\/product_cat?post=477"},{"taxonomy":"product_tag","embeddable":true,"href":"https:\/\/orisha-ossain.com\/fr\/wp-json\/wp\/v2\/product_tag?post=477"}],"curies":[{"name":"wp","href":"https:\/\/api.w.org\/{rel}","templated":true}]}}