{"id":473,"date":"2023-07-01T09:57:35","date_gmt":"2023-07-01T07:57:35","guid":{"rendered":"http:\/\/orisha-ossain.com\/?post_type=product&#038;p=473"},"modified":"2026-04-17T15:14:44","modified_gmt":"2026-04-17T13:14:44","slug":"rape-rosa-branca","status":"publish","type":"product","link":"https:\/\/orisha-ossain.com\/fr\/product\/rape-rosa-branca\/","title":{"rendered":"Rap\u00e9 Rosa Branca"},"content":{"rendered":"<h2>Rap\u00e9 Rosa Branca<\/h2>\n<p>Ce rap\u00e9 qui ouvre le c\u0153ur provient du groupe indien Nukini situ\u00e9 dans la r\u00e9gion du Rio Croa, dans l'\u00c9tat d'Acr\u00e9. Bien qu'il soit fabriqu\u00e9 par eux, il ne s'agit pas d'un type de tabac \u00e0 priser traditionnel de Nukini. Le Rap\u00e9 Rosa Branca est fabriqu\u00e9 \u00e0 partir de Sabi\u00e1 mapacho et de Tsunu ash. C'est en ajoutant des feuilles de rose blanche s\u00e9ch\u00e9es et pulv\u00e9ris\u00e9es que les Nukini ont ouvert une nouvelle voie. Dans la spiritualit\u00e9 br\u00e9silienne, la rose blanche est associ\u00e9e \u00e0 une force f\u00e9minine appel\u00e9e Yemanj\u00e1. Les offrandes que les gens apportent \u00e0 Yemanj\u00e1 sont des roses blanches.<br \/>\nSon \u00e9nergie calme l'esprit, apporte la paix et r\u00e9conforte le c\u0153ur.<br \/>\nL'aspect f\u00e9minin du tabac \u00e0 priser s'int\u00e8gre parfaitement. Rap\u00e9 Rosa Branca est \u00e0 la fois fort et doux. Il modifie l'ensemble de votre champ aurique et vous plonge dans l'\u00e9nergie de la m\u00e8re. Il vous am\u00e8ne directement au c\u0153ur.<br \/>\n<a href=\"http:\/\/orisha-ossain.com\/wp-content\/uploads\/2023\/06\/downloads-3.jpg\"><img decoding=\"async\" class=\"aligncenter wp-image-246 size-medium\" src=\"http:\/\/orisha-ossain.com\/wp-content\/uploads\/2023\/06\/downloads-3-300x187.jpg\" alt=\"Une rose blanche sur le rivage avec la mer en arri\u00e8re-plan, rap\u00e9 rosa branca connect\u00e9e \u00e0 Yemanj\u00e1\" width=\"300\" height=\"187\" srcset=\"https:\/\/orisha-ossain.com\/wp-content\/uploads\/2023\/06\/downloads-3-300x187.jpg 300w, https:\/\/orisha-ossain.com\/wp-content\/uploads\/2023\/06\/downloads-3.jpg 600w\" sizes=\"(max-width: 300px) 100vw, 300px\" \/><\/a><\/p>\n<h2>Yemanj\u00e1<\/h2>\n<p>Le concept spirituel \u00e9l\u00e9mentaire de la bien-aim\u00e9e Yemanj\u00e1 est fortement li\u00e9 \u00e0 la mer.<\/p>\n<p>C'est un endroit que de nombreux Indiens d'Amazonie n'ont jamais vu. Mais la connaissance de sa belle \u00e9nergie a voyag\u00e9 jusqu'\u00e0 la for\u00eat et fait maintenant partie de la spiritualit\u00e9 du peuple Nukini et de sa gamme de produits m\u00e9dicinaux rap\u00e9.<\/p>\n<p><a href=\"http:\/\/orisha-ossain.com\/wp-content\/uploads\/2023\/06\/Yemanja.jpg\"><img decoding=\"async\" class=\"aligncenter wp-image-282 size-full\" src=\"http:\/\/orisha-ossain.com\/wp-content\/uploads\/2023\/06\/Yemanja.jpg\" alt=\"Repr\u00e9sentation de Yemanj\u00e1, rap\u00e9 rosa branca\" width=\"600\" height=\"421\" srcset=\"https:\/\/orisha-ossain.com\/wp-content\/uploads\/2023\/06\/Yemanja.jpg 600w, https:\/\/orisha-ossain.com\/wp-content\/uploads\/2023\/06\/Yemanja-300x211.jpg 300w\" sizes=\"(max-width: 600px) 100vw, 600px\" \/><\/a><\/p>","protected":false},"excerpt":{"rendered":"<p>Ce rap\u00e9 qui ouvre le c\u0153ur provient du groupe indien Nukini situ\u00e9 dans la r\u00e9gion du Rio Croa, dans l'\u00c9tat d'Acr\u00e9. Bien qu'il soit fabriqu\u00e9 par ce groupe, il ne s'agit pas d'un type de tabac \u00e0 priser traditionnel de Nukini.<\/p>","protected":false},"featured_media":35659,"template":"","meta":{"_seopress_robots_primary_cat":"none","_seopress_titles_title":"Rap\u00e9 Rosa Branca - Heart Opening Energy -Nukini Tribe -","_seopress_titles_desc":"This heart-opening rap\u00e9 rosa branca comes from the Nukini Indian group located in the Rio Croa region in the state of Acr\u00e9. It is not a traditional type.","_seopress_robots_index":"","_kad_blocks_custom_css":"","_kad_blocks_head_custom_js":"","_kad_blocks_body_custom_js":"","_kad_blocks_footer_custom_js":"","_kad_post_transparent":"default","_kad_post_title":"","_kad_post_layout":"default","_kad_post_sidebar_id":"","_kad_post_content_style":"default","_kad_post_vertical_padding":"default","_kad_post_feature":"","_kad_post_feature_position":"","_kad_post_header":false,"_kad_post_footer":false,"_kad_post_classname":""},"product_brand":[],"product_cat":[128,50],"product_tag":[58],"class_list":{"0":"post-473","1":"product","2":"type-product","3":"status-publish","4":"has-post-thumbnail","6":"product_cat-new","7":"product_cat-rape","8":"product_tag-nukini","10":"first","11":"instock","12":"taxable","13":"shipping-taxable","14":"purchasable","15":"product-type-variable","16":"entry","17":"content-bg","18":"loop-entry"},"taxonomy_info":{"product_cat":[{"value":128,"label":"New"},{"value":50,"label":"Rap\u00e9"}],"product_tag":[{"value":58,"label":"Nukini"}]},"featured_image_src_large":["https:\/\/orisha-ossain.com\/wp-content\/uploads\/2024\/11\/Rosa-Branca_Orisha_Ossain.png",736,736,false],"author_info":[],"comment_info":"","_links":{"self":[{"href":"https:\/\/orisha-ossain.com\/fr\/wp-json\/wp\/v2\/product\/473","targetHints":{"allow":["GET"]}}],"collection":[{"href":"https:\/\/orisha-ossain.com\/fr\/wp-json\/wp\/v2\/product"}],"about":[{"href":"https:\/\/orisha-ossain.com\/fr\/wp-json\/wp\/v2\/types\/product"}],"wp:featuredmedia":[{"embeddable":true,"href":"https:\/\/orisha-ossain.com\/fr\/wp-json\/wp\/v2\/media\/35659"}],"wp:attachment":[{"href":"https:\/\/orisha-ossain.com\/fr\/wp-json\/wp\/v2\/media?parent=473"}],"wp:term":[{"taxonomy":"product_brand","embeddable":true,"href":"https:\/\/orisha-ossain.com\/fr\/wp-json\/wp\/v2\/product_brand?post=473"},{"taxonomy":"product_cat","embeddable":true,"href":"https:\/\/orisha-ossain.com\/fr\/wp-json\/wp\/v2\/product_cat?post=473"},{"taxonomy":"product_tag","embeddable":true,"href":"https:\/\/orisha-ossain.com\/fr\/wp-json\/wp\/v2\/product_tag?post=473"}],"curies":[{"name":"wp","href":"https:\/\/api.w.org\/{rel}","templated":true}]}}