{"id":468,"date":"2023-07-01T09:43:40","date_gmt":"2023-07-01T07:43:40","guid":{"rendered":"http:\/\/orisha-ossain.com\/?post_type=product&#038;p=468"},"modified":"2026-05-04T09:13:28","modified_gmt":"2026-05-04T07:13:28","slug":"rape-onca","status":"publish","type":"product","link":"https:\/\/orisha-ossain.com\/fr\/product\/rape-onca\/","title":{"rendered":"Rap\u00e9 On\u00e7a"},"content":{"rendered":"<h2>Rap\u00e9 On\u00e7a<\/h2>\n<p>Rap\u00e9 On\u00e7a\/Jaguar est un m\u00e9lange r\u00e9alis\u00e9 par un ma\u00eetre rap\u00e9 de la communaut\u00e9 Nukini.<br \/>\nUn grand, fort et merveilleux Rap\u00e9.  C'est un m\u00e9dicament magnifique et puissant avec un effet fort, bon pour la m\u00e9ditation profonde.<\/p>\n<p>Ce Rap\u00e9 gris\u00e2tre est compos\u00e9 de Sabi\u00e1 organique, de Sanu ash et d'un peu de magie chamanique. Le chaman a des animaux qui le prot\u00e8gent et l'accompagnent dans son travail spirituel. Dans ce cas, l'esprit du jaguar entre dans le ashes par l'interm\u00e9diaire de son fabricant pendant la fabrication et aide ceux qui utilisent le Rap\u00e9 On\u00e7a.<\/p>\n<p>Le jaguar est un animal qui peut \u00e0 la fois nous effrayer et nous inspirer un immense respect. Il est intelligent, agile, malin, et poss\u00e8de une \u00e9nergie spirituelle tr\u00e8s proche de celle du jaguar-l\u00e9opard. Son pouvoir aide \u00e9nerg\u00e9tiquement le chaman dans ses travaux de gu\u00e9rison, en \u00e9voquant la protection de l'espace, le silence et la pr\u00e9cision.<\/p>\n<p><a href=\"http:\/\/orisha-ossain.com\/wp-content\/uploads\/2023\/07\/Jaguar-in-Tree.jpg\"><img decoding=\"async\" class=\"aligncenter wp-image-472 size-large\" src=\"http:\/\/orisha-ossain.com\/wp-content\/uploads\/2023\/07\/Jaguar-in-Tree-1024x384.jpg\" alt=\"Jaguar dans un arbre, sa signature se retrouve \u00e0 Nukini Rap\u00e9 On\u00e7a\" width=\"1024\" height=\"384\" srcset=\"https:\/\/orisha-ossain.com\/wp-content\/uploads\/2023\/07\/Jaguar-in-Tree-1024x384.jpg 1024w, https:\/\/orisha-ossain.com\/wp-content\/uploads\/2023\/07\/Jaguar-in-Tree-300x113.jpg 300w, https:\/\/orisha-ossain.com\/wp-content\/uploads\/2023\/07\/Jaguar-in-Tree-768x288.jpg 768w, https:\/\/orisha-ossain.com\/wp-content\/uploads\/2023\/07\/Jaguar-in-Tree.jpg 1280w\" sizes=\"(max-width: 1024px) 100vw, 1024px\" \/><\/a><\/p>\n<ul>\n<li><\/li>\n<\/ul>","protected":false},"excerpt":{"rendered":"<p>Le Rap\u00e9 On\u00e7a\/Jaguar est un m\u00e9lange fait par un ma\u00eetre Rap\u00e9 de la communaut\u00e9 Nukini. C'est un grand, fort et merveilleux Rap\u00e9.  C'est une m\u00e9decine belle et puissante avec un effet fort, bonne pour la m\u00e9ditation profonde.<\/p>","protected":false},"featured_media":35650,"template":"","meta":{"_seopress_robots_primary_cat":"none","_seopress_titles_title":"Rap\u00e9 On\u00e7a - Jaguar Spirit - Bestseller ! - Orisha Ossain","_seopress_titles_desc":"Rap\u00e9 On\u00e7a\/Jaguar is a mix made by a Rap\u00e9 master from the Nukini community. It's a beautiful and powerful medicine with a strong effect","_seopress_robots_index":"","_kad_blocks_custom_css":"","_kad_blocks_head_custom_js":"","_kad_blocks_body_custom_js":"","_kad_blocks_footer_custom_js":"","_kad_post_transparent":"default","_kad_post_title":"","_kad_post_layout":"default","_kad_post_sidebar_id":"","_kad_post_content_style":"default","_kad_post_vertical_padding":"default","_kad_post_feature":"","_kad_post_feature_position":"","_kad_post_header":false,"_kad_post_footer":false,"_kad_post_classname":""},"product_brand":[],"product_cat":[128,50],"product_tag":[58],"class_list":{"0":"post-468","1":"product","2":"type-product","3":"status-publish","4":"has-post-thumbnail","6":"product_cat-new","7":"product_cat-rape","8":"product_tag-nukini","10":"first","11":"instock","12":"taxable","13":"shipping-taxable","14":"purchasable","15":"product-type-variable","16":"entry","17":"content-bg","18":"loop-entry"},"taxonomy_info":{"product_cat":[{"value":128,"label":"New"},{"value":50,"label":"Rap\u00e9"}],"product_tag":[{"value":58,"label":"Nukini"}]},"featured_image_src_large":["https:\/\/orisha-ossain.com\/wp-content\/uploads\/2024\/11\/Onca_Orisha_Ossain.png",736,736,false],"author_info":[],"comment_info":"","_links":{"self":[{"href":"https:\/\/orisha-ossain.com\/fr\/wp-json\/wp\/v2\/product\/468","targetHints":{"allow":["GET"]}}],"collection":[{"href":"https:\/\/orisha-ossain.com\/fr\/wp-json\/wp\/v2\/product"}],"about":[{"href":"https:\/\/orisha-ossain.com\/fr\/wp-json\/wp\/v2\/types\/product"}],"wp:featuredmedia":[{"embeddable":true,"href":"https:\/\/orisha-ossain.com\/fr\/wp-json\/wp\/v2\/media\/35650"}],"wp:attachment":[{"href":"https:\/\/orisha-ossain.com\/fr\/wp-json\/wp\/v2\/media?parent=468"}],"wp:term":[{"taxonomy":"product_brand","embeddable":true,"href":"https:\/\/orisha-ossain.com\/fr\/wp-json\/wp\/v2\/product_brand?post=468"},{"taxonomy":"product_cat","embeddable":true,"href":"https:\/\/orisha-ossain.com\/fr\/wp-json\/wp\/v2\/product_cat?post=468"},{"taxonomy":"product_tag","embeddable":true,"href":"https:\/\/orisha-ossain.com\/fr\/wp-json\/wp\/v2\/product_tag?post=468"}],"curies":[{"name":"wp","href":"https:\/\/api.w.org\/{rel}","templated":true}]}}