{"id":463,"date":"2023-07-01T09:24:16","date_gmt":"2023-07-01T07:24:16","guid":{"rendered":"http:\/\/orisha-ossain.com\/?post_type=product&#038;p=463"},"modified":"2026-04-13T17:25:32","modified_gmt":"2026-04-13T15:25:32","slug":"rape-elixir","status":"publish","type":"product","link":"https:\/\/orisha-ossain.com\/fr\/product\/rape-elixir\/","title":{"rendered":"Elixir de Rap\u00e9"},"content":{"rendered":"<h2>Elixir de Rap\u00e9<\/h2>\n<p>Cette nouvelle recette de Nukini est pr\u00e9par\u00e9e avec une feuille appel\u00e9e Elixir de Vagem. Cette feuille a une longue tradition d'utilisation. Elle aide \u00e0 soulager la douleur et la fi\u00e8vre. Elle est \u00e9galement utilis\u00e9e dans les bains pour enfants afin qu'ils ne tombent pas malades. C'est une plante couramment utilis\u00e9e pour la protection, spirituelle et physique. Il s'agit d'un tabac \u00e0 priser traditionnel de Kuntanawa. Le mot vagem fait r\u00e9f\u00e9rence aux parties basses situ\u00e9es pr\u00e8s des rivi\u00e8res amazoniennes. Ces zones sont inond\u00e9es pendant la saison des pluies. C'est pourquoi les feuilles de l'Elixir de Vagem ne peuvent \u00eatre r\u00e9colt\u00e9es que pendant la saison s\u00e8che.<\/p>\n<p>Rap\u00e9 Elixir est un tabac \u00e0 priser puissant et agr\u00e9ablement parfum\u00e9 qui prot\u00e8ge son utilisateur.<\/p>\n<p style=\"text-align: center;\">Le site suivant donne de nombreuses informations sur le syst\u00e8me d'approvisionnement en eau de l'Amazonie,\u00a0 <a href=\"http:\/\/amazonwaters.org\">Eaux d'Amazonie<\/a><\/p>\n<p><a href=\"http:\/\/orisha-ossain.com\/wp-content\/uploads\/2023\/07\/Flooded-forest.jpg\"><img decoding=\"async\" class=\"aligncenter wp-image-467 size-full\" src=\"http:\/\/orisha-ossain.com\/wp-content\/uploads\/2023\/07\/Flooded-forest.jpg\" alt=\"for\u00eat inond\u00e9e br\u00e9sil, rap\u00e9 Elixir\" width=\"600\" height=\"243\" srcset=\"https:\/\/orisha-ossain.com\/wp-content\/uploads\/2023\/07\/Flooded-forest.jpg 600w, https:\/\/orisha-ossain.com\/wp-content\/uploads\/2023\/07\/Flooded-forest-300x122.jpg 300w\" sizes=\"(max-width: 600px) 100vw, 600px\" \/><\/a><\/p>\n<ul>\n<li><\/li>\n<\/ul>","protected":false},"excerpt":{"rendered":"<p>Je suis heureux de vous pr\u00e9senter ce nouveau tabac \u00e0 priser Nukini Elixir. L'un de ses ingr\u00e9dients est une herbe tribale traditionnelle qui est maintenant int\u00e9gr\u00e9e dans ce m\u00e9lange. Ce tabac \u00e0 priser sp\u00e9cial Nukini est un rap\u00e9 puissant et agr\u00e9ablement parfum\u00e9 qui prot\u00e8ge son utilisateur.<\/p>","protected":false},"featured_media":35628,"template":"","meta":{"_seopress_robots_primary_cat":"none","_seopress_titles_title":"Rap\u00e9 Elixir - Nukini Tribe - Elixir de Vagem - Shamanic Snuff","_seopress_titles_desc":"Nukini rap\u00e9 Elixir. One of its ingredients is a traditional tribal herb that's now integrated into this blend. This special Nukini snuff is a powerful and","_seopress_robots_index":"","_kad_blocks_custom_css":"","_kad_blocks_head_custom_js":"","_kad_blocks_body_custom_js":"","_kad_blocks_footer_custom_js":"","_kad_post_transparent":"default","_kad_post_title":"","_kad_post_layout":"default","_kad_post_sidebar_id":"","_kad_post_content_style":"default","_kad_post_vertical_padding":"default","_kad_post_feature":"","_kad_post_feature_position":"","_kad_post_header":false,"_kad_post_footer":false,"_kad_post_classname":""},"product_brand":[],"product_cat":[50],"product_tag":[58],"class_list":{"0":"post-463","1":"product","2":"type-product","3":"status-publish","4":"has-post-thumbnail","6":"product_cat-rape","7":"product_tag-nukini","9":"first","10":"instock","11":"taxable","12":"shipping-taxable","13":"purchasable","14":"product-type-variable","15":"entry","16":"content-bg","17":"loop-entry"},"taxonomy_info":{"product_cat":[{"value":50,"label":"Rap\u00e9"}],"product_tag":[{"value":58,"label":"Nukini"}]},"featured_image_src_large":["https:\/\/orisha-ossain.com\/wp-content\/uploads\/2024\/11\/Elixir_Orisha_Ossain.png",736,736,false],"author_info":[],"comment_info":"","_links":{"self":[{"href":"https:\/\/orisha-ossain.com\/fr\/wp-json\/wp\/v2\/product\/463","targetHints":{"allow":["GET"]}}],"collection":[{"href":"https:\/\/orisha-ossain.com\/fr\/wp-json\/wp\/v2\/product"}],"about":[{"href":"https:\/\/orisha-ossain.com\/fr\/wp-json\/wp\/v2\/types\/product"}],"wp:featuredmedia":[{"embeddable":true,"href":"https:\/\/orisha-ossain.com\/fr\/wp-json\/wp\/v2\/media\/35628"}],"wp:attachment":[{"href":"https:\/\/orisha-ossain.com\/fr\/wp-json\/wp\/v2\/media?parent=463"}],"wp:term":[{"taxonomy":"product_brand","embeddable":true,"href":"https:\/\/orisha-ossain.com\/fr\/wp-json\/wp\/v2\/product_brand?post=463"},{"taxonomy":"product_cat","embeddable":true,"href":"https:\/\/orisha-ossain.com\/fr\/wp-json\/wp\/v2\/product_cat?post=463"},{"taxonomy":"product_tag","embeddable":true,"href":"https:\/\/orisha-ossain.com\/fr\/wp-json\/wp\/v2\/product_tag?post=463"}],"curies":[{"name":"wp","href":"https:\/\/api.w.org\/{rel}","templated":true}]}}