{"id":459,"date":"2023-07-01T09:07:02","date_gmt":"2023-07-01T07:07:02","guid":{"rendered":"http:\/\/orisha-ossain.com\/?post_type=product&#038;p=459"},"modified":"2026-04-08T18:25:39","modified_gmt":"2026-04-08T16:25:39","slug":"rape-mulata","status":"publish","type":"product","link":"https:\/\/orisha-ossain.com\/fr\/product\/rape-mulata\/","title":{"rendered":"Rap\u00e9 Mulata"},"content":{"rendered":"<h2>Rap\u00e9 Mulata<\/h2>\n<p>Rap\u00e9 Mulata Nukini provient directement de la tribu Nukini dans l'Acre. Il ne fait aucun doute qu'il s'agit d'un tabac \u00e0 priser puissant. Mulata Nukini est un m\u00e9lange de moi biologique local, de parika ashes et de feuilles pulv\u00e9ris\u00e9es d'une herbe appel\u00e9e Mulata ou Mulatinho.<\/p>\n<p>Ce rap\u00e9, Mulata Nukini, a une belle couleur brune plus fonc\u00e9e et un agr\u00e9able parfum de jungle amazonienne. Dans l'ensemble, ce Mulata est tr\u00e8s puissant. Outre le moi (moy) sp\u00e9cial et fort, c'est aussi le parika ash qui apporte un surcro\u00eet de puissance.<br \/>\nEn revanche, c'est l'herbe Mulata qui apporte une qualit\u00e9 particuli\u00e8re \u00e0 ce m\u00e9lange. Elle a des propri\u00e9t\u00e9s calmantes et aide \u00e0 d\u00e9tendre les nerfs et \u00e0 procurer une relaxation g\u00e9n\u00e9rale. Mulata Nukini Rap\u00e9 est un excellent outil de concentration\/m\u00e9ditation profonde, difficile mais faisable. Les membres de la tribu aiment prendre Mulata Rap\u00e9 l'apr\u00e8s-midi comme un m\u00e9dicament. Pour moi, il s'agit d'un rap\u00e9 tr\u00e8s puissant.<\/p>\n<ul>\n<li><\/li>\n<\/ul>","protected":false},"excerpt":{"rendered":"<p>Rap\u00e9 Mulata Nukini est un m\u00e9lange de moi mapacho, de parika ashes et de feuilles pulv\u00e9ris\u00e9es d'une herbe appel\u00e9e Mulata ou Mulatinho.<\/p>\n<p>Noms : Rap\u00e9 mulata, Nukini Mulatinha,<br \/>\nTribu :  Nukini<br \/>\nOrigine : Acre, Br\u00e9sil.<br \/>\nComposition :  Moi mapacho, Parika ash, Mulata herb<\/p>\n<p>&nbsp;<\/p>","protected":false},"featured_media":35641,"template":"","meta":{"_seopress_robots_primary_cat":"none","_seopress_titles_title":"Rap\u00e9 Mulata - Challenging but Doable - Nukini - Orisha Ossain","_seopress_titles_desc":"Rap\u00e9 Mulata Nukini is a blend of local organic moi, parika ashes, and pulverized leaves from a herb called Mulata or Mulatinho.","_seopress_robots_index":"","_kad_blocks_custom_css":"","_kad_blocks_head_custom_js":"","_kad_blocks_body_custom_js":"","_kad_blocks_footer_custom_js":"","_kad_post_transparent":"default","_kad_post_title":"","_kad_post_layout":"default","_kad_post_sidebar_id":"","_kad_post_content_style":"default","_kad_post_vertical_padding":"default","_kad_post_feature":"","_kad_post_feature_position":"","_kad_post_header":false,"_kad_post_footer":false,"_kad_post_classname":""},"product_brand":[],"product_cat":[128,50],"product_tag":[58],"class_list":{"0":"post-459","1":"product","2":"type-product","3":"status-publish","4":"has-post-thumbnail","6":"product_cat-new","7":"product_cat-rape","8":"product_tag-nukini","10":"first","11":"instock","12":"taxable","13":"shipping-taxable","14":"purchasable","15":"product-type-variable","16":"entry","17":"content-bg","18":"loop-entry"},"taxonomy_info":{"product_cat":[{"value":128,"label":"New"},{"value":50,"label":"Rap\u00e9"}],"product_tag":[{"value":58,"label":"Nukini"}]},"featured_image_src_large":["https:\/\/orisha-ossain.com\/wp-content\/uploads\/2024\/11\/Mulata_Orisha_Ossain.png",736,736,false],"author_info":[],"comment_info":"","_links":{"self":[{"href":"https:\/\/orisha-ossain.com\/fr\/wp-json\/wp\/v2\/product\/459","targetHints":{"allow":["GET"]}}],"collection":[{"href":"https:\/\/orisha-ossain.com\/fr\/wp-json\/wp\/v2\/product"}],"about":[{"href":"https:\/\/orisha-ossain.com\/fr\/wp-json\/wp\/v2\/types\/product"}],"wp:featuredmedia":[{"embeddable":true,"href":"https:\/\/orisha-ossain.com\/fr\/wp-json\/wp\/v2\/media\/35641"}],"wp:attachment":[{"href":"https:\/\/orisha-ossain.com\/fr\/wp-json\/wp\/v2\/media?parent=459"}],"wp:term":[{"taxonomy":"product_brand","embeddable":true,"href":"https:\/\/orisha-ossain.com\/fr\/wp-json\/wp\/v2\/product_brand?post=459"},{"taxonomy":"product_cat","embeddable":true,"href":"https:\/\/orisha-ossain.com\/fr\/wp-json\/wp\/v2\/product_cat?post=459"},{"taxonomy":"product_tag","embeddable":true,"href":"https:\/\/orisha-ossain.com\/fr\/wp-json\/wp\/v2\/product_tag?post=459"}],"curies":[{"name":"wp","href":"https:\/\/api.w.org\/{rel}","templated":true}]}}