{"id":454,"date":"2023-06-30T08:53:36","date_gmt":"2023-06-30T06:53:36","guid":{"rendered":"http:\/\/orisha-ossain.com\/?post_type=product&#038;p=454"},"modified":"2026-04-16T13:48:01","modified_gmt":"2026-04-16T11:48:01","slug":"rape-gengibre","status":"publish","type":"product","link":"https:\/\/orisha-ossain.com\/fr\/product\/rape-gengibre\/","title":{"rendered":"Rap\u00e9 Gengibre"},"content":{"rendered":"<h2>Rap\u00e9 Gengibre<\/h2>\n<p>Ce rap\u00e9 \u00e0 base de Tsunu se caract\u00e9rise par la chaleur et la puissance du gingembre, ce qui renforce son caract\u00e8re unique. rap\u00e9 gengibre procure une forte sensation de picotement dans le nez lors de son utilisation, revigorant les sens et d\u00e9gageant efficacement les sinus. Ses qualit\u00e9s \u00e9nergisantes et purifiantes en font un choix exceptionnel pour ceux qui recherchent une purification physique et spirituelle.<\/p>\n<p>En combinant les propri\u00e9t\u00e9s stimulantes du gingembre avec l'\u00e9nergie du Tsunu, ce rap\u00e9 harmonise la stimulation et l'\u00e9quilibre. Les utilisateurs ressentent non seulement la clart\u00e9 de la respiration, mais aussi l'alignement avec un \u00e9tat de conscience accru. Ce m\u00e9lange \u00e9limine les blocages, affine la concentration et revitalise l'esprit, ce qui le rend id\u00e9al pour les rituels personnels ou les pratiques c\u00e9r\u00e9monielles.<br \/>\n<a href=\"http:\/\/orisha-ossain.com\/wp-content\/uploads\/2023\/06\/tepi-13.jpg\"><img decoding=\"async\" class=\"aligncenter wp-image-279 size-medium\" src=\"http:\/\/orisha-ossain.com\/wp-content\/uploads\/2023\/06\/tepi-13-300x300.jpg\" alt=\"Rap\u00e9 Gengibre \" width=\"300\" height=\"300\" srcset=\"https:\/\/orisha-ossain.com\/wp-content\/uploads\/2023\/06\/tepi-13-300x300.jpg 300w, https:\/\/orisha-ossain.com\/wp-content\/uploads\/2023\/06\/tepi-13-100x100.jpg 100w, https:\/\/orisha-ossain.com\/wp-content\/uploads\/2023\/06\/tepi-13-465x465.jpg 465w, https:\/\/orisha-ossain.com\/wp-content\/uploads\/2023\/06\/tepi-13-150x150.jpg 150w, https:\/\/orisha-ossain.com\/wp-content\/uploads\/2023\/06\/tepi-13.jpg 500w\" sizes=\"(max-width: 300px) 100vw, 300px\" \/><\/a><\/p>\n<p>Rap\u00e9 Gengibre offre une exp\u00e9rience exaltante et transformatrice. Il invite les utilisateurs \u00e0 se connecter profond\u00e9ment \u00e0 leur moi int\u00e9rieur, \u00e0 faire le vide dans leur esprit et \u00e0 se r\u00e9\u00e9nergiser physiquement et spirituellement.<\/p>","protected":false},"excerpt":{"rendered":"<p>Ce Rap\u00e9 Gengibre vient aussi de mes chers amis qui vivent dans une communaut\u00e9 spirituelle au Br\u00e9sil. Nous travaillons ensemble depuis de nombreuses ann\u00e9es.<br \/>\nIl s'agit d'un Tsunu Rap\u00e9 au gingembre. Il a une forte sensation de picotement dans le nez et est un bon nettoyeur sp\u00e9cifique de la sinuosit\u00e9.<\/p>","protected":false},"featured_media":35631,"template":"","meta":{"_seopress_robots_primary_cat":"none","_seopress_titles_title":"Rap\u00e9 Gengibre - Snuff with Ginger - Caboclo - Orisha Ossain -","_seopress_titles_desc":"This Rap\u00e9 Gengibre is my creation. The addition of finely pulverized ginger makes this a strong sinuses cleaner.","_seopress_robots_index":"","_kad_blocks_custom_css":"","_kad_blocks_head_custom_js":"","_kad_blocks_body_custom_js":"","_kad_blocks_footer_custom_js":"","_kad_post_transparent":"default","_kad_post_title":"","_kad_post_layout":"default","_kad_post_sidebar_id":"","_kad_post_content_style":"default","_kad_post_vertical_padding":"default","_kad_post_feature":"","_kad_post_feature_position":"","_kad_post_header":false,"_kad_post_footer":false,"_kad_post_classname":""},"product_brand":[],"product_cat":[50],"product_tag":[69,54],"class_list":{"0":"post-454","1":"product","2":"type-product","3":"status-publish","4":"has-post-thumbnail","6":"product_cat-rape","7":"product_tag-aromatic","8":"product_tag-caboclo","10":"first","11":"instock","12":"taxable","13":"shipping-taxable","14":"purchasable","15":"product-type-variable","16":"entry","17":"content-bg","18":"loop-entry"},"taxonomy_info":{"product_cat":[{"value":50,"label":"Rap\u00e9"}],"product_tag":[{"value":69,"label":"Aromatic"},{"value":54,"label":"Caboclo"}]},"featured_image_src_large":["https:\/\/orisha-ossain.com\/wp-content\/uploads\/2024\/11\/Gengibre_Orisha_Ossain.png",736,736,false],"author_info":[],"comment_info":"","_links":{"self":[{"href":"https:\/\/orisha-ossain.com\/fr\/wp-json\/wp\/v2\/product\/454","targetHints":{"allow":["GET"]}}],"collection":[{"href":"https:\/\/orisha-ossain.com\/fr\/wp-json\/wp\/v2\/product"}],"about":[{"href":"https:\/\/orisha-ossain.com\/fr\/wp-json\/wp\/v2\/types\/product"}],"wp:featuredmedia":[{"embeddable":true,"href":"https:\/\/orisha-ossain.com\/fr\/wp-json\/wp\/v2\/media\/35631"}],"wp:attachment":[{"href":"https:\/\/orisha-ossain.com\/fr\/wp-json\/wp\/v2\/media?parent=454"}],"wp:term":[{"taxonomy":"product_brand","embeddable":true,"href":"https:\/\/orisha-ossain.com\/fr\/wp-json\/wp\/v2\/product_brand?post=454"},{"taxonomy":"product_cat","embeddable":true,"href":"https:\/\/orisha-ossain.com\/fr\/wp-json\/wp\/v2\/product_cat?post=454"},{"taxonomy":"product_tag","embeddable":true,"href":"https:\/\/orisha-ossain.com\/fr\/wp-json\/wp\/v2\/product_tag?post=454"}],"curies":[{"name":"wp","href":"https:\/\/api.w.org\/{rel}","templated":true}]}}