{"id":450,"date":"2023-06-30T08:48:38","date_gmt":"2023-06-30T06:48:38","guid":{"rendered":"http:\/\/orisha-ossain.com\/?post_type=product&#038;p=450"},"modified":"2026-04-05T21:04:55","modified_gmt":"2026-04-05T19:04:55","slug":"rape-anise","status":"publish","type":"product","link":"https:\/\/orisha-ossain.com\/fr\/product\/rape-anise\/","title":{"rendered":"Rap\u00e9 Anis"},"content":{"rendered":"<h2>Rap\u00e9 Anis<\/h2>\n<p>Ce Rap\u00e9 Anis est un type de tabac \u00e0 priser aromatique. Un puissant Tsunu ash et un Moi Mapacho cultiv\u00e9 biologiquement forment la base de ce rap\u00e9. Des \u00e9toiles et des graines d'anis finement moulues compl\u00e8tent ce m\u00e9lange sp\u00e9cial. Oubliez toutes vos associations avec l'anis. Ici, il r\u00e9v\u00e8le non seulement son c\u00f4t\u00e9 doux et spirituel, mais aussi un aspect f\u00e9minin fort et r\u00e9sistant, avec une pointe de robustesse.<\/p>\n<figure id=\"attachment_161\" aria-describedby=\"caption-attachment-161\" style=\"width: 300px\" class=\"wp-caption aligncenter\"><a href=\"http:\/\/orisha-ossain.com\/wp-content\/uploads\/2023\/06\/anise.jpg\"><img decoding=\"async\" class=\"wp-image-161 size-medium\" src=\"http:\/\/orisha-ossain.com\/wp-content\/uploads\/2023\/06\/anise-300x140.jpg\" alt=\"rap\u00e9 anis\" width=\"300\" height=\"140\" srcset=\"https:\/\/orisha-ossain.com\/wp-content\/uploads\/2023\/06\/anise-300x140.jpg 300w, https:\/\/orisha-ossain.com\/wp-content\/uploads\/2023\/06\/anise-1024x478.jpg 1024w, https:\/\/orisha-ossain.com\/wp-content\/uploads\/2023\/06\/anise-768x358.jpg 768w, https:\/\/orisha-ossain.com\/wp-content\/uploads\/2023\/06\/anise.jpg 1286w\" sizes=\"(max-width: 300px) 100vw, 300px\" \/><\/a><figcaption id=\"caption-attachment-161\" class=\"wp-caption-text\">\u00c9toiles d'anis avec graines<\/figcaption><\/figure>","protected":false},"excerpt":{"rendered":"<p>Ce Rap\u00e9 Anis est un type de tabac \u00e0 priser aromatique. Un Tsunu puissant issu de l'Arapiraca cultiv\u00e9e biologiquement est \u00e0 la base du Rap\u00e9. Des graines d'anis finement moulues compl\u00e8tent ce Rap\u00e9 sp\u00e9cial.<\/p>","protected":false},"featured_media":35611,"template":"","meta":{"_seopress_robots_primary_cat":"none","_seopress_titles_title":"Rap\u00e9 Anise - Caboclo Snuff - Orisha Ossain - Best Source for Quality","_seopress_titles_desc":"This Rap\u00e9 Anise is an aromatic type of snuff. Tsunu & Arapiraca are the fundaments &  ground Anise completes it.","_seopress_robots_index":"","_kad_blocks_custom_css":"","_kad_blocks_head_custom_js":"","_kad_blocks_body_custom_js":"","_kad_blocks_footer_custom_js":"","_kad_post_transparent":"default","_kad_post_title":"","_kad_post_layout":"default","_kad_post_sidebar_id":"","_kad_post_content_style":"default","_kad_post_vertical_padding":"default","_kad_post_feature":"","_kad_post_feature_position":"","_kad_post_header":false,"_kad_post_footer":false,"_kad_post_classname":""},"product_brand":[],"product_cat":[50],"product_tag":[69,54],"class_list":{"0":"post-450","1":"product","2":"type-product","3":"status-publish","4":"has-post-thumbnail","6":"product_cat-rape","7":"product_tag-aromatic","8":"product_tag-caboclo","10":"first","11":"instock","12":"taxable","13":"shipping-taxable","14":"purchasable","15":"product-type-variable","16":"entry","17":"content-bg","18":"loop-entry"},"taxonomy_info":{"product_cat":[{"value":50,"label":"Rap\u00e9"}],"product_tag":[{"value":69,"label":"Aromatic"},{"value":54,"label":"Caboclo"}]},"featured_image_src_large":["https:\/\/orisha-ossain.com\/wp-content\/uploads\/2024\/11\/Anise_Orisha_Ossain.png",736,736,false],"author_info":[],"comment_info":"","_links":{"self":[{"href":"https:\/\/orisha-ossain.com\/fr\/wp-json\/wp\/v2\/product\/450","targetHints":{"allow":["GET"]}}],"collection":[{"href":"https:\/\/orisha-ossain.com\/fr\/wp-json\/wp\/v2\/product"}],"about":[{"href":"https:\/\/orisha-ossain.com\/fr\/wp-json\/wp\/v2\/types\/product"}],"wp:featuredmedia":[{"embeddable":true,"href":"https:\/\/orisha-ossain.com\/fr\/wp-json\/wp\/v2\/media\/35611"}],"wp:attachment":[{"href":"https:\/\/orisha-ossain.com\/fr\/wp-json\/wp\/v2\/media?parent=450"}],"wp:term":[{"taxonomy":"product_brand","embeddable":true,"href":"https:\/\/orisha-ossain.com\/fr\/wp-json\/wp\/v2\/product_brand?post=450"},{"taxonomy":"product_cat","embeddable":true,"href":"https:\/\/orisha-ossain.com\/fr\/wp-json\/wp\/v2\/product_cat?post=450"},{"taxonomy":"product_tag","embeddable":true,"href":"https:\/\/orisha-ossain.com\/fr\/wp-json\/wp\/v2\/product_tag?post=450"}],"curies":[{"name":"wp","href":"https:\/\/api.w.org\/{rel}","templated":true}]}}