{"id":446,"date":"2023-06-30T08:28:12","date_gmt":"2023-06-30T06:28:12","guid":{"rendered":"http:\/\/orisha-ossain.com\/?post_type=product&#038;p=446"},"modified":"2026-03-19T23:13:35","modified_gmt":"2026-03-19T22:13:35","slug":"rape-emburana","status":"publish","type":"product","link":"https:\/\/orisha-ossain.com\/fr\/product\/rape-emburana\/","title":{"rendered":"Rap\u00e9 Emburana"},"content":{"rendered":"<h2>Rap\u00e9 Emburana<\/h2>\n<p>Le Rap\u00e9 Emburana a un ar\u00f4me agr\u00e9able et une saveur de torr\u00e9faction fonc\u00e9e bien d\u00e9finie. L'effet sur les sinus est l\u00e9ger. Une chaleur persistante succ\u00e8de \u00e0 l'effet initial.  Emburana rap\u00e9 dilate les bronches et les bronchioles, ce qui diminue la r\u00e9sistance des voies respiratoires et augmente le flux d'air vers les poumons. En petites quantit\u00e9s, Emburana contribue g\u00e9n\u00e9ralement \u00e0 l'oxyg\u00e9nation du corps. Emburana rap\u00e9 est \u00e9galement un excellent Rap\u00e9 pour les activit\u00e9s m\u00e9ditatives.<\/p>\n<p>L'arbre Amburana Cearensis est commun\u00e9ment appel\u00e9 Emburana. Il s'agit d'une plante originaire du Br\u00e9sil qui se pr\u00e9sente comme un arbre de taille moyenne. Il atteint environ 10 m de long. L'\u00e9corce du tronc a une teinte rouge\u00e2tre et les fleurs sont blanches et tr\u00e8s parfum\u00e9es.<br \/>\nL'un des principaux avantages d'Emburana r\u00e9side dans son efficacit\u00e9 \u00e0 traiter les maladies respiratoires. Asthme, bronchite, rhume et grippe, toux et infections pulmonaires.<\/p>\n<p>L'utilisation des coquilles d'Amburana Cearensis dans la m\u00e9decine populaire est assez courante. Dans la composition chimique, on a trouv\u00e9 de la coumarine, de l'isocampfer\u00eddio et des traces d'autres flavono\u00efdes. Ces compos\u00e9s pr\u00e9sentent une activit\u00e9 anti-inflammatoire et des effets bronchodilatateurs.<\/p>\n<figure id=\"attachment_160\" aria-describedby=\"caption-attachment-160\" style=\"width: 300px\" class=\"wp-caption aligncenter\"><a href=\"http:\/\/orisha-ossain.com\/wp-content\/uploads\/2023\/06\/Amburana-cearensis.jpg\"><img decoding=\"async\" class=\"wp-image-160 size-medium\" src=\"http:\/\/orisha-ossain.com\/wp-content\/uploads\/2023\/06\/Amburana-cearensis-300x223.jpg\" alt=\"Emburana Rap\u00e9\" width=\"300\" height=\"223\" srcset=\"https:\/\/orisha-ossain.com\/wp-content\/uploads\/2023\/06\/Amburana-cearensis-300x223.jpg 300w, https:\/\/orisha-ossain.com\/wp-content\/uploads\/2023\/06\/Amburana-cearensis-1024x762.jpg 1024w, https:\/\/orisha-ossain.com\/wp-content\/uploads\/2023\/06\/Amburana-cearensis-768x571.jpg 768w, https:\/\/orisha-ossain.com\/wp-content\/uploads\/2023\/06\/Amburana-cearensis-1536x1142.jpg 1536w, https:\/\/orisha-ossain.com\/wp-content\/uploads\/2023\/06\/Amburana-cearensis.jpg 1600w\" sizes=\"(max-width: 300px) 100vw, 300px\" \/><\/a><figcaption id=\"caption-attachment-160\" class=\"wp-caption-text\">Amburana Cearensis<\/figcaption><\/figure>","protected":false},"excerpt":{"rendered":"<p>Cette Emburana rap\u00e9 a \u00e9t\u00e9 fabriqu\u00e9e par un groupe d'amis proches au Br\u00e9sil.  L'Emburana a une longue tradition au Br\u00e9sil.  Vous pouvez acheter de l'Emburana produit commercialement dans de nombreuses petites boutiques au Br\u00e9sil. Sous cette forme, elle est plus r\u00e9guli\u00e8re et poss\u00e8de ses propres qualit\u00e9s. Ce rap\u00e9 ne doit pas \u00eatre compar\u00e9 \u00e0 cela pour des raisons \u00e9videntes.<\/p>","protected":false},"featured_media":35629,"template":"","meta":{"_seopress_robots_primary_cat":"none","_seopress_titles_title":"Rap\u00e9 Emburana - Amburana Cearensis - Orisha Ossain - Quality Only","_seopress_titles_desc":"Rap\u00e9 Emburana is made with the herb Amburana Cearensis. Its deep earthly aroma has a profound effect","_seopress_robots_index":"","_kad_blocks_custom_css":"","_kad_blocks_head_custom_js":"","_kad_blocks_body_custom_js":"","_kad_blocks_footer_custom_js":"","_kad_post_transparent":"default","_kad_post_title":"","_kad_post_layout":"default","_kad_post_sidebar_id":"","_kad_post_content_style":"default","_kad_post_vertical_padding":"default","_kad_post_feature":"","_kad_post_feature_position":"","_kad_post_header":false,"_kad_post_footer":false,"_kad_post_classname":""},"product_brand":[],"product_cat":[50],"product_tag":[69,54],"class_list":{"0":"post-446","1":"product","2":"type-product","3":"status-publish","4":"has-post-thumbnail","6":"product_cat-rape","7":"product_tag-aromatic","8":"product_tag-caboclo","10":"first","11":"instock","12":"taxable","13":"shipping-taxable","14":"purchasable","15":"product-type-variable","16":"entry","17":"content-bg","18":"loop-entry"},"taxonomy_info":{"product_cat":[{"value":50,"label":"Rap\u00e9"}],"product_tag":[{"value":69,"label":"Aromatic"},{"value":54,"label":"Caboclo"}]},"featured_image_src_large":["https:\/\/orisha-ossain.com\/wp-content\/uploads\/2024\/11\/Emburana_Orisha_Ossain.png",736,736,false],"author_info":[],"comment_info":"","_links":{"self":[{"href":"https:\/\/orisha-ossain.com\/fr\/wp-json\/wp\/v2\/product\/446","targetHints":{"allow":["GET"]}}],"collection":[{"href":"https:\/\/orisha-ossain.com\/fr\/wp-json\/wp\/v2\/product"}],"about":[{"href":"https:\/\/orisha-ossain.com\/fr\/wp-json\/wp\/v2\/types\/product"}],"wp:featuredmedia":[{"embeddable":true,"href":"https:\/\/orisha-ossain.com\/fr\/wp-json\/wp\/v2\/media\/35629"}],"wp:attachment":[{"href":"https:\/\/orisha-ossain.com\/fr\/wp-json\/wp\/v2\/media?parent=446"}],"wp:term":[{"taxonomy":"product_brand","embeddable":true,"href":"https:\/\/orisha-ossain.com\/fr\/wp-json\/wp\/v2\/product_brand?post=446"},{"taxonomy":"product_cat","embeddable":true,"href":"https:\/\/orisha-ossain.com\/fr\/wp-json\/wp\/v2\/product_cat?post=446"},{"taxonomy":"product_tag","embeddable":true,"href":"https:\/\/orisha-ossain.com\/fr\/wp-json\/wp\/v2\/product_tag?post=446"}],"curies":[{"name":"wp","href":"https:\/\/api.w.org\/{rel}","templated":true}]}}