{"id":441,"date":"2023-06-30T08:08:40","date_gmt":"2023-06-30T06:08:40","guid":{"rendered":"http:\/\/orisha-ossain.com\/?post_type=product&#038;p=441"},"modified":"2025-03-09T11:27:01","modified_gmt":"2025-03-09T10:27:01","slug":"rape-tsunu-menta","status":"publish","type":"product","link":"https:\/\/orisha-ossain.com\/fr\/product\/rape-tsunu-menta\/","title":{"rendered":"Rap\u00e9 Tsunu Menta"},"content":{"rendered":"<h2>Rap\u00e9 Tsunu Menta<\/h2>\n<p>Un Tsunu rap\u00e9 aromatis\u00e9 \u00e0 la menthe. Il ne manque pas de force et se pr\u00e9sente avec une fra\u00eecheur de menthe croquante qui aide beaucoup \u00e0 d\u00e9gager et \u00e0 ouvrir les cavit\u00e9s nasales et frontales.<br \/>\nCe Rap\u00e9 Tsunu Menta provient de mes amis du Minas Gerais \u00e0 qui leurs amis indiens Kaxinawa ont enseign\u00e9 l'art de fabriquer le Rap\u00e9.<\/p>\n<p><a href=\"http:\/\/orisha-ossain.com\/wp-content\/uploads\/2023\/06\/20091111-Brazil.png\"><img decoding=\"async\" class=\"aligncenter wp-image-445 size-full\" src=\"http:\/\/orisha-ossain.com\/wp-content\/uploads\/2023\/06\/20091111-Brazil.png\" alt=\"Indien du Br\u00e9sil rap\u00e9 tsunu Menta\" width=\"400\" height=\"214\" srcset=\"https:\/\/orisha-ossain.com\/wp-content\/uploads\/2023\/06\/20091111-Brazil.png 400w, https:\/\/orisha-ossain.com\/wp-content\/uploads\/2023\/06\/20091111-Brazil-300x161.png 300w\" sizes=\"(max-width: 400px) 100vw, 400px\" \/><\/a><\/p>","protected":false},"excerpt":{"rendered":"<p>Un Tsunu rap\u00e9 aromatis\u00e9 \u00e0 la menthe. Il ne manque pas de force et se pr\u00e9sente avec une fra\u00eecheur de menthe croquante qui aide beaucoup \u00e0 d\u00e9gager et \u00e0 ouvrir les cavit\u00e9s nasales et frontales.<br \/>\nCe Tsunu Menta rap\u00e9 provient de mes amis du Minas Gerais qui ont appris l'art du rap\u00e9 aupr\u00e8s de leurs amis indiens Kaxinawa.<\/p>","protected":false},"featured_media":35674,"template":"","meta":{"_seopress_robots_primary_cat":"none","_seopress_titles_title":"Rap\u00e9 Tsunu Menta - Aromatic - Caboclo Snuff - Orisha Ossain","_seopress_titles_desc":"Rap\u00e9 Tsunu Menta a snuff aromatized with mint. It does not lack any force and comes with a crisp mint freshness that helps a lot to clear and open the","_seopress_robots_index":"","_kad_blocks_custom_css":"","_kad_blocks_head_custom_js":"","_kad_blocks_body_custom_js":"","_kad_blocks_footer_custom_js":"","_kad_post_transparent":"default","_kad_post_title":"","_kad_post_layout":"default","_kad_post_sidebar_id":"","_kad_post_content_style":"default","_kad_post_vertical_padding":"default","_kad_post_feature":"","_kad_post_feature_position":"","_kad_post_header":false,"_kad_post_footer":false,"_kad_post_classname":""},"product_brand":[],"product_cat":[50],"product_tag":[69,54],"class_list":{"0":"post-441","1":"product","2":"type-product","3":"status-publish","4":"has-post-thumbnail","6":"product_cat-rape","7":"product_tag-aromatic","8":"product_tag-caboclo","10":"first","11":"instock","12":"taxable","13":"shipping-taxable","14":"purchasable","15":"product-type-variable","16":"entry","17":"content-bg","18":"loop-entry"},"taxonomy_info":{"product_cat":[{"value":50,"label":"Rap\u00e9"}],"product_tag":[{"value":69,"label":"Aromatic"},{"value":54,"label":"Caboclo"}]},"featured_image_src_large":["https:\/\/orisha-ossain.com\/wp-content\/uploads\/2024\/11\/Tsunu-Menta_Orisha_Ossain.png",736,736,false],"author_info":[],"comment_info":"","_links":{"self":[{"href":"https:\/\/orisha-ossain.com\/fr\/wp-json\/wp\/v2\/product\/441","targetHints":{"allow":["GET"]}}],"collection":[{"href":"https:\/\/orisha-ossain.com\/fr\/wp-json\/wp\/v2\/product"}],"about":[{"href":"https:\/\/orisha-ossain.com\/fr\/wp-json\/wp\/v2\/types\/product"}],"wp:featuredmedia":[{"embeddable":true,"href":"https:\/\/orisha-ossain.com\/fr\/wp-json\/wp\/v2\/media\/35674"}],"wp:attachment":[{"href":"https:\/\/orisha-ossain.com\/fr\/wp-json\/wp\/v2\/media?parent=441"}],"wp:term":[{"taxonomy":"product_brand","embeddable":true,"href":"https:\/\/orisha-ossain.com\/fr\/wp-json\/wp\/v2\/product_brand?post=441"},{"taxonomy":"product_cat","embeddable":true,"href":"https:\/\/orisha-ossain.com\/fr\/wp-json\/wp\/v2\/product_cat?post=441"},{"taxonomy":"product_tag","embeddable":true,"href":"https:\/\/orisha-ossain.com\/fr\/wp-json\/wp\/v2\/product_tag?post=441"}],"curies":[{"name":"wp","href":"https:\/\/api.w.org\/{rel}","templated":true}]}}