{"id":437,"date":"2023-06-30T08:04:50","date_gmt":"2023-06-30T06:04:50","guid":{"rendered":"http:\/\/orisha-ossain.com\/?post_type=product&#038;p=437"},"modified":"2026-04-12T19:21:06","modified_gmt":"2026-04-12T17:21:06","slug":"rape-pixuri","status":"publish","type":"product","link":"https:\/\/orisha-ossain.com\/fr\/product\/rape-pixuri\/","title":{"rendered":"Rap\u00e9 Pixuri"},"content":{"rendered":"<h2>Rap\u00e9 Pixuri<\/h2>\n<ul>\n<li>La tribu Puyanawa propose le Rap\u00e9 Pixuri, l'un des plus anciens et des plus traditionnels des tabacs \u00e0 priser m\u00e9dicinaux. Ce Rap\u00e9 est fabriqu\u00e9 \u00e0 partir de corda Moi et de murici ashes biologiques, qui constituent sa base. Les Puyanawa utilisent largement le Pixuri dans leur Rap\u00e9 pour ses propri\u00e9t\u00e9s m\u00e9dicinales.<\/li>\n<li>Le Rap\u00e9 Pixuri est une plante consistante et \u00e9quilibr\u00e9e, couramment utilis\u00e9e dans les rituels. Il se combine bien avec d'autres plantes m\u00e9dicinales comme l'ayahuasca, dont il renforce les effets. Sa saveur particuli\u00e8re provient des feuilles m\u00e9dicinales pulv\u00e9ris\u00e9es du Pixuri. En outre, les Puyanawa utilisent les graines de Pixuri dans leur cuisine pour leur odeur et leur go\u00fbt uniques.<\/li>\n<\/ul>\n<figure id=\"attachment_34164\" aria-describedby=\"caption-attachment-34164\" style=\"width: 988px\" class=\"wp-caption alignnone\"><img decoding=\"async\" class=\"wp-image-34164 size-full\" src=\"https:\/\/orisha-ossain.com\/wp-content\/uploads\/2024\/10\/image-3.jpg\" alt=\"Femme Puyanawa assise sur le sol partageant son rap\u00e9, tabac \u00e0 priser\" width=\"988\" height=\"649\" srcset=\"https:\/\/orisha-ossain.com\/wp-content\/uploads\/2024\/10\/image-3.jpg 988w, https:\/\/orisha-ossain.com\/wp-content\/uploads\/2024\/10\/image-3-300x197.jpg 300w, https:\/\/orisha-ossain.com\/wp-content\/uploads\/2024\/10\/image-3-768x504.jpg 768w\" sizes=\"(max-width: 988px) 100vw, 988px\" \/><figcaption id=\"caption-attachment-34164\" class=\"wp-caption-text\">Une femme de Puyanawa partage son rap\u00e9<\/figcaption><\/figure>\n<h2>\u00c0 propos de Licaria puchury-major<\/h2>\n<ul>\n<li>Licaria puchury-major est une esp\u00e8ce du genre Licaria (famille des Lauraceae), originaire d'Am\u00e9rique centrale et d'Am\u00e9rique du Sud, en particulier du bassin amazonien br\u00e9silien. Le pixuri a de nombreuses utilisations dans la m\u00e9decine populaire, notamment comme carminatif pour l'estomac et pour aider \u00e0 traiter l'insomnie et l'irritabilit\u00e9.<\/li>\n<li>Les gens utilisent \u00e9galement le Pixuri dans des bains \u00e0 base de plantes pour la purification spirituelle. Les feuilles de Pixuri contiennent du safrole, de l'eucalyptol, de l'alpha-terpin\u00e9ol et de l'eug\u00e9nol, qui contribuent \u00e0 sa saveur particuli\u00e8re.<\/li>\n<\/ul>","protected":false},"excerpt":{"rendered":"<p>Ce Rap\u00e9 Pixuri de la tribu Puyanawa utilise des corda Moi mapacho et murici ashes combin\u00e9s \u00e0 une herbe appel\u00e9e Pixuri, ce qui lui conf\u00e8re un parfum agr\u00e9able et un caract\u00e8re particulier.<\/p>\n<p>Noms : Pixuri, Pixurim<br \/>\nTribu : Puyanawa (Poyanawa)<br \/>\nOrigine : Acre, Br\u00e9sil.<\/p>\n<p>&nbsp;<\/p>","protected":false},"featured_media":35656,"template":"","meta":{"_seopress_robots_primary_cat":"none","_seopress_titles_title":"Rap\u00e9 Pixuri - Puyanawa Tribe - Shamanic Snuff - Orisha Ossain","_seopress_titles_desc":"This Rap\u00e9 Pixuri from the Puyanawa tribe uses Corda Moi and Murici ashes combined with a herb called Pixuri giving it a pleasant scent and a special","_seopress_robots_index":"","_kad_blocks_custom_css":"","_kad_blocks_head_custom_js":"","_kad_blocks_body_custom_js":"","_kad_blocks_footer_custom_js":"","_kad_post_transparent":"default","_kad_post_title":"","_kad_post_layout":"default","_kad_post_sidebar_id":"","_kad_post_content_style":"default","_kad_post_vertical_padding":"default","_kad_post_feature":"","_kad_post_feature_position":"","_kad_post_header":false,"_kad_post_footer":false,"_kad_post_classname":""},"product_brand":[],"product_cat":[50],"product_tag":[59],"class_list":{"0":"post-437","1":"product","2":"type-product","3":"status-publish","4":"has-post-thumbnail","6":"product_cat-rape","7":"product_tag-puyanawa","9":"first","10":"instock","11":"taxable","12":"shipping-taxable","13":"purchasable","14":"product-type-variable","15":"entry","16":"content-bg","17":"loop-entry"},"taxonomy_info":{"product_cat":[{"value":50,"label":"Rap\u00e9"}],"product_tag":[{"value":59,"label":"Puyanawa"}]},"featured_image_src_large":["https:\/\/orisha-ossain.com\/wp-content\/uploads\/2024\/11\/Pixuri_Orisha_Ossain.png",736,736,false],"author_info":[],"comment_info":"","_links":{"self":[{"href":"https:\/\/orisha-ossain.com\/fr\/wp-json\/wp\/v2\/product\/437","targetHints":{"allow":["GET"]}}],"collection":[{"href":"https:\/\/orisha-ossain.com\/fr\/wp-json\/wp\/v2\/product"}],"about":[{"href":"https:\/\/orisha-ossain.com\/fr\/wp-json\/wp\/v2\/types\/product"}],"wp:featuredmedia":[{"embeddable":true,"href":"https:\/\/orisha-ossain.com\/fr\/wp-json\/wp\/v2\/media\/35656"}],"wp:attachment":[{"href":"https:\/\/orisha-ossain.com\/fr\/wp-json\/wp\/v2\/media?parent=437"}],"wp:term":[{"taxonomy":"product_brand","embeddable":true,"href":"https:\/\/orisha-ossain.com\/fr\/wp-json\/wp\/v2\/product_brand?post=437"},{"taxonomy":"product_cat","embeddable":true,"href":"https:\/\/orisha-ossain.com\/fr\/wp-json\/wp\/v2\/product_cat?post=437"},{"taxonomy":"product_tag","embeddable":true,"href":"https:\/\/orisha-ossain.com\/fr\/wp-json\/wp\/v2\/product_tag?post=437"}],"curies":[{"name":"wp","href":"https:\/\/api.w.org\/{rel}","templated":true}]}}