{"id":433,"date":"2023-06-30T07:55:12","date_gmt":"2023-06-30T05:55:12","guid":{"rendered":"http:\/\/orisha-ossain.com\/?post_type=product&#038;p=433"},"modified":"2026-05-08T20:14:25","modified_gmt":"2026-05-08T18:14:25","slug":"rape-caneleiro-forca","status":"publish","type":"product","link":"https:\/\/orisha-ossain.com\/fr\/product\/rape-caneleiro-forca\/","title":{"rendered":"Rap\u00e9 Caneleiro For\u00e7a"},"content":{"rendered":"<h2>Rap\u00e9 Caneleiro For\u00e7a<\/h2>\n<p>C'est un chaman de la tribu Kaxinawa qui a fabriqu\u00e9 ce Rap\u00e9 Caneleiro For\u00e7a.  Le chaman a mis beaucoup de son \u00e9nergie spirituelle dans ce rap\u00e9. Comme l'indique le mot for\u00e7a, il s'agit d'un tabac \u00e0 priser puissant. Caneleiro ash se connecte au troisi\u00e8me chakra.  Caneleiro Rap\u00e9 est tr\u00e8s complet dans ses propri\u00e9t\u00e9s. Il aide beaucoup \u00e0 la sant\u00e9, principalement \u00e0 la r\u00e9g\u00e9n\u00e9ration des cellules et \u00e0 l'\u00e9quilibre des hormones. Le feu est l'\u00e9l\u00e9ment spirituel auquel ce rap\u00e9 se connecte.<\/p>\n<p>Pour le Rap\u00e9 Caneleiro For\u00e7a, ils utilisent les ashes de l'\u00e9corce du Cenostigma macrophyllum. Pour les Indiens de l'Acre, le Caneleiro et le Canela de Velho ont des propri\u00e9t\u00e9s tr\u00e8s similaires et ils les traitent de la m\u00eame mani\u00e8re. Il s'agit pourtant de deux arbres diff\u00e9rents mais tr\u00e8s proches.<\/p>\n<figure id=\"attachment_169\" aria-describedby=\"caption-attachment-169\" style=\"width: 700px\" class=\"wp-caption aligncenter\"><a href=\"http:\/\/orisha-ossain.com\/wp-content\/uploads\/2023\/06\/Cenostigma-Macrophyllum-used-for-Caneleiro-Rape.jpg\"><img decoding=\"async\" class=\"wp-image-169 size-full\" src=\"http:\/\/orisha-ossain.com\/wp-content\/uploads\/2023\/06\/Cenostigma-Macrophyllum-used-for-Caneleiro-Rape.jpg\" alt=\"Plusieurs grands arbres Cenostigma Macrophyllum, les ashes de l&#039;\u00e9corce sont utilis\u00e9s pour le Caneleiro Rap\u00e9, le kaxinawa.\" width=\"700\" height=\"434\" srcset=\"https:\/\/orisha-ossain.com\/wp-content\/uploads\/2023\/06\/Cenostigma-Macrophyllum-used-for-Caneleiro-Rape.jpg 700w, https:\/\/orisha-ossain.com\/wp-content\/uploads\/2023\/06\/Cenostigma-Macrophyllum-used-for-Caneleiro-Rape-300x186.jpg 300w\" sizes=\"(max-width: 700px) 100vw, 700px\" \/><\/a><figcaption id=\"caption-attachment-169\" class=\"wp-caption-text\">L'arbre Cenostigma Macrophyllum<\/figcaption><\/figure>\n<h2>A propos de Cenostigma macrophyllum<\/h2>\n<p>Le caneleiro (Cenostigma macrophyllum) est un arbre \u00e0 fleurs appartenant \u00e0 la famille des fabac\u00e9es\/l\u00e9gumineuses. C'est un arbre d'une grande beaut\u00e9, en particulier lorsque la p\u00e9riode de floraison des plantes vivaces commence. L'arbre est le symbole de <a href=\"https:\/\/en.wikipedia.org\/wiki\/Teresina\" target=\"_blank\" rel=\"noopener noreferrer\">Teresina<\/a>\u00a0 La premi\u00e8re mention de cette esp\u00e8ce br\u00e9silienne a \u00e9t\u00e9 faite dans le Mato Grosso, il y a plus de 150 ans. Le Caneleiro three pousse dans le nord, le nord-est, le centre-ouest et le sud-est du Br\u00e9sil.<br \/>\nDe septembre \u00e0 d\u00e9cembre et de f\u00e9vrier \u00e0 juillet, l'arbre se couvre de grappes de fleurs jaunes. Les fleurs ressemblent beaucoup \u00e0 des orchid\u00e9es et attirent de nombreux insectes et oiseaux par l'odeur qu'elles r\u00e9pandent. L'arbre Caneleiro mesure de 10 \u00e0 20 m\u00e8tres de haut.<\/p>","protected":false},"excerpt":{"rendered":"<p>C'est un chaman de la tribu Kaxinawa qui a fabriqu\u00e9 ce Caneleiro For\u00e7a Rap\u00e9.  Le chaman a mis beaucoup de son \u00e9nergie spirituelle dans ce rap\u00e9. Comme l'indique le mot for\u00e7a, il s'agit d'un tabac \u00e0 priser fort et puissant.<\/p>","protected":false},"featured_media":35619,"template":"","meta":{"_seopress_robots_primary_cat":"none","_seopress_titles_title":"Rap\u00e9 Caneleiro For\u00e7a - Kaxinawa - Extra Strong - Orisha Ossain","_seopress_titles_desc":"A shaman of the Kaxinawa tribe made this Caneleiro For\u00e7a Rap\u00e9.\u00a0 The shaman put in a lot of his spiritual energy this rap\u00e9. As the word for\u00e7a implies,","_seopress_robots_index":"","_kad_blocks_custom_css":"","_kad_blocks_head_custom_js":"","_kad_blocks_body_custom_js":"","_kad_blocks_footer_custom_js":"","_kad_post_transparent":"default","_kad_post_title":"","_kad_post_layout":"default","_kad_post_sidebar_id":"","_kad_post_content_style":"default","_kad_post_vertical_padding":"default","_kad_post_feature":"","_kad_post_feature_position":"","_kad_post_header":false,"_kad_post_footer":false,"_kad_post_classname":""},"product_brand":[],"product_cat":[50],"product_tag":[56],"class_list":{"0":"post-433","1":"product","2":"type-product","3":"status-publish","4":"has-post-thumbnail","6":"product_cat-rape","7":"product_tag-kaxinawa","9":"first","10":"instock","11":"taxable","12":"shipping-taxable","13":"purchasable","14":"product-type-variable","15":"entry","16":"content-bg","17":"loop-entry"},"taxonomy_info":{"product_cat":[{"value":50,"label":"Rap\u00e9"}],"product_tag":[{"value":56,"label":"Kaxinawa"}]},"featured_image_src_large":["https:\/\/orisha-ossain.com\/wp-content\/uploads\/2024\/11\/Caneleiro-Forca_Orisha_Ossain.png",736,736,false],"author_info":[],"comment_info":"","_links":{"self":[{"href":"https:\/\/orisha-ossain.com\/fr\/wp-json\/wp\/v2\/product\/433","targetHints":{"allow":["GET"]}}],"collection":[{"href":"https:\/\/orisha-ossain.com\/fr\/wp-json\/wp\/v2\/product"}],"about":[{"href":"https:\/\/orisha-ossain.com\/fr\/wp-json\/wp\/v2\/types\/product"}],"wp:featuredmedia":[{"embeddable":true,"href":"https:\/\/orisha-ossain.com\/fr\/wp-json\/wp\/v2\/media\/35619"}],"wp:attachment":[{"href":"https:\/\/orisha-ossain.com\/fr\/wp-json\/wp\/v2\/media?parent=433"}],"wp:term":[{"taxonomy":"product_brand","embeddable":true,"href":"https:\/\/orisha-ossain.com\/fr\/wp-json\/wp\/v2\/product_brand?post=433"},{"taxonomy":"product_cat","embeddable":true,"href":"https:\/\/orisha-ossain.com\/fr\/wp-json\/wp\/v2\/product_cat?post=433"},{"taxonomy":"product_tag","embeddable":true,"href":"https:\/\/orisha-ossain.com\/fr\/wp-json\/wp\/v2\/product_tag?post=433"}],"curies":[{"name":"wp","href":"https:\/\/api.w.org\/{rel}","templated":true}]}}