{"id":429,"date":"2023-06-30T07:45:45","date_gmt":"2023-06-30T05:45:45","guid":{"rendered":"http:\/\/orisha-ossain.com\/?post_type=product&#038;p=429"},"modified":"2026-04-01T09:40:25","modified_gmt":"2026-04-01T07:40:25","slug":"rape-baimuka","status":"publish","type":"product","link":"https:\/\/orisha-ossain.com\/fr\/product\/rape-baimuka\/","title":{"rendered":"Rap\u00e9 Baimuka"},"content":{"rendered":"<h2>Rap\u00e9 Baimuka<\/h2>\n<p>Rap\u00e9 Baimuka est le nom de l'Indien Kaxinawa qui a fabriqu\u00e9 ce tabac \u00e0 priser. Ce Kaxinawa rap\u00e9 Baimuka est pr\u00e9par\u00e9 avec du Sabi\u00e1 et du Caneleiro ash. Le Caneleiro est un type de ash bien connu des habitants de cette r\u00e9gion. Ce qui rend ce rap\u00e9 unique, c'est l'ajout de quelques herbes rares.<\/p>\n<h2>Xip\u00e3o<\/h2>\n<p>Le xip\u00e3o est une plante rare qui pousse comme un parasite dans les palmiers. Cette plante agit pour r\u00e9duire la douleur et l'inflammation dans la r\u00e9gion des articulations, le mal de dos, l'arthrose, la polyarthrite rhumato\u00efde, la bursite, les rhumatismes, la purification du sang et bien d'autres choses encore.<br \/>\nCe m\u00e9dicament est fabriqu\u00e9 par Baimuka, un Txai (fr\u00e8re) Kaxinawa de la terre indig\u00e8ne de Karapan\u00e3, sur la rivi\u00e8re Tarauac\u00e1. Outre l'herbe Xip\u00e3o, Baimuka a utilis\u00e9 une autre herbe sur laquelle je n'ai aucune information. Mais il est clair que cette seconde herbe apporte une petite touche de douceur au m\u00e9lange.<\/p>\n<p><a href=\"http:\/\/orisha-ossain.com\/wp-content\/uploads\/2023\/06\/01111.jpg\"><img decoding=\"async\" class=\"aligncenter wp-image-237 size-medium\" src=\"http:\/\/orisha-ossain.com\/wp-content\/uploads\/2023\/06\/01111-300x287.jpg\" alt=\"Kaxinawa Indian rap\u00e9 Baimuka\" width=\"300\" height=\"287\" srcset=\"https:\/\/orisha-ossain.com\/wp-content\/uploads\/2023\/06\/01111-300x287.jpg 300w, https:\/\/orisha-ossain.com\/wp-content\/uploads\/2023\/06\/01111.jpg 600w\" sizes=\"(max-width: 300px) 100vw, 300px\" \/><\/a><\/p>\n<h2>Usage tribal<\/h2>\n<p>La tribu Kaxinawa utilise son rap\u00e9 \u00e0 diff\u00e9rentes fins, notamment pour soulager les douleurs physiques et les maux de t\u00eate et pour nettoyer les sinus. En outre, les Kaxinawas utilisent le Rap\u00e9 pour la gu\u00e9rison mentale, le plus souvent en combinaison avec des chants.<br \/>\nLe rap\u00e9 relie la tribu aux esprits de la jungle et, selon les ingr\u00e9dients sp\u00e9cifiques, il peut gu\u00e9rir, augmenter la concentration, am\u00e9liorer la chasse ou \u00eatre un lien avec l'esprit de la nature. Les Kaxinawa aiment exp\u00e9rimenter et utiliser un large \u00e9ventail d'ingr\u00e9dients pour leur rap\u00e9.<\/p>","protected":false},"excerpt":{"rendered":"<p>Rap\u00e9 Baimuka est le nom de l'Indien Kaxinawa qui a fabriqu\u00e9 ce tabac \u00e0 priser. Ce Kaxinawa rap\u00e9 Baimuka est pr\u00e9par\u00e9 avec du Sabi\u00e1 et du Caneleiro ash. Le Caneleiro est un type de ash bien connu des habitants de cette r\u00e9gion. Ce qui rend ce rap\u00e9 unique, c'est l'ajout de quelques herbes rares.<\/p>","protected":false},"featured_media":35615,"template":"","meta":{"_seopress_robots_primary_cat":"none","_seopress_titles_title":"Rap\u00e9 Baimuka - Kaxinawa - Orisha Ossain","_seopress_titles_desc":"Rap\u00e9 Baimuka is the name of the Kaxinawa Indian who made this snuff. This Kaxinawa rap\u00e9 Baimuka is prepared with Sabi\u00e1 and Caneleiro ash","_seopress_robots_index":"","_kad_blocks_custom_css":"","_kad_blocks_head_custom_js":"","_kad_blocks_body_custom_js":"","_kad_blocks_footer_custom_js":"","_kad_post_transparent":"default","_kad_post_title":"","_kad_post_layout":"default","_kad_post_sidebar_id":"","_kad_post_content_style":"default","_kad_post_vertical_padding":"default","_kad_post_feature":"","_kad_post_feature_position":"","_kad_post_header":false,"_kad_post_footer":false,"_kad_post_classname":""},"product_brand":[],"product_cat":[50],"product_tag":[56],"class_list":{"0":"post-429","1":"product","2":"type-product","3":"status-publish","4":"has-post-thumbnail","6":"product_cat-rape","7":"product_tag-kaxinawa","9":"first","10":"instock","11":"taxable","12":"shipping-taxable","13":"purchasable","14":"product-type-variable","15":"entry","16":"content-bg","17":"loop-entry"},"taxonomy_info":{"product_cat":[{"value":50,"label":"Rap\u00e9"}],"product_tag":[{"value":56,"label":"Kaxinawa"}]},"featured_image_src_large":["https:\/\/orisha-ossain.com\/wp-content\/uploads\/2024\/11\/Baimuka_Orisha_Ossain.png",736,736,false],"author_info":[],"comment_info":"","_links":{"self":[{"href":"https:\/\/orisha-ossain.com\/fr\/wp-json\/wp\/v2\/product\/429","targetHints":{"allow":["GET"]}}],"collection":[{"href":"https:\/\/orisha-ossain.com\/fr\/wp-json\/wp\/v2\/product"}],"about":[{"href":"https:\/\/orisha-ossain.com\/fr\/wp-json\/wp\/v2\/types\/product"}],"wp:featuredmedia":[{"embeddable":true,"href":"https:\/\/orisha-ossain.com\/fr\/wp-json\/wp\/v2\/media\/35615"}],"wp:attachment":[{"href":"https:\/\/orisha-ossain.com\/fr\/wp-json\/wp\/v2\/media?parent=429"}],"wp:term":[{"taxonomy":"product_brand","embeddable":true,"href":"https:\/\/orisha-ossain.com\/fr\/wp-json\/wp\/v2\/product_brand?post=429"},{"taxonomy":"product_cat","embeddable":true,"href":"https:\/\/orisha-ossain.com\/fr\/wp-json\/wp\/v2\/product_cat?post=429"},{"taxonomy":"product_tag","embeddable":true,"href":"https:\/\/orisha-ossain.com\/fr\/wp-json\/wp\/v2\/product_tag?post=429"}],"curies":[{"name":"wp","href":"https:\/\/api.w.org\/{rel}","templated":true}]}}