{"id":416,"date":"2023-06-29T21:39:42","date_gmt":"2023-06-29T19:39:42","guid":{"rendered":"http:\/\/orisha-ossain.com\/?post_type=product&#038;p=416"},"modified":"2026-04-14T14:49:27","modified_gmt":"2026-04-14T12:49:27","slug":"rape-cumaru","status":"publish","type":"product","link":"https:\/\/orisha-ossain.com\/fr\/product\/rape-cumaru\/","title":{"rendered":"Rap\u00e9 Cumaru"},"content":{"rendered":"<h2>Rap\u00e9 Cumaru<\/h2>\n<p>Rap\u00e9 Cumaru de la tribu Kaxinawa. Un cadeau unique de la tribu Kaxinawa (Huni Kuin) nous donne la possibilit\u00e9 d'\u00e9tudier plus en profondeur trois types de leurs puissants Rap\u00e9 Cumaru.<\/p>\n<h2>Les trois types\/formes<\/h2>\n<h2><em>Cumaru Puro<\/em><\/h2>\n<p>Le premier type de Rap\u00e9 Cumaru est compos\u00e9 d'Arapiraca et de Cumaru ashes. Cette forme n'a pas d'autres ajouts. D'o\u00f9 le nom de puro (pur). Les Kaxinawa disent que le Cumaru est un arbre qui ne pourrit pas car il est tr\u00e8s vrai. On croit aussi qu'elle poss\u00e8de le sens de nombreuses incantations.<br \/>\nElle a \u00e9galement la capacit\u00e9 de se relier \u00e0 l'\u00e9nergie spirituelle et de combattre le malaise. Le Cumaru ash apporte force et rapidit\u00e9 lorsqu'il est utilis\u00e9 quotidiennement.<\/p>\n<h2><em>Cumaru Nissural<\/em><\/h2>\n<p>Le deuxi\u00e8me type suit la m\u00eame composition que la forme puro de rap\u00e9 cumaru. Cette forme comporte un peu de nissural. Juste ce qu'il faut pour qu'il soit pr\u00e9sent, mais pas trop dominant. Les Kaxinawa \u00e9taient l'une des rares tribus \u00e0 utiliser le nissural comme plante m\u00e9dicinale. De nos jours, le nissural est devenu un ingr\u00e9dient du rap\u00e9 fabriqu\u00e9 par diverses tribus.<br \/>\nSelon les Kaxinawa, le nissural a le pouvoir de gu\u00e9rir, qu'il soit utilis\u00e9 dans un tabac \u00e0 priser ou, par exemple, dans un bain. Dans leur langue maternelle, Nissu signifie maladie et ral signifie gu\u00e9rison. C'est donc le gu\u00e9risseur des maladies.<\/p>\n<h2><em>Cumaru De Cheiro<\/em><\/h2>\n<p>La troisi\u00e8me forme de rap\u00e9 cumaru contient un tout petit peu de f\u00e8ve tonka pulv\u00e9ris\u00e9e. La f\u00e8ve de tonka pousse sur l'arbre cumaru et est un ar\u00f4me puissant. On m'a dit que le pourcentage de f\u00e8ve de tonka dans ce rap\u00e9 cumaru est inf\u00e9rieur \u00e0 un pour cent en poids de la composition totale.<br \/>\nIl s'agit d'une composition sp\u00e9ciale \u00e0 base de cumaru bask ashes et de poudre de cumaru. De cheiro signifie en portugais \"sentir, avoir une odeur\" et dans ce cas, cette odeur est tr\u00e8s agr\u00e9able.<\/p>\n<h2><em>\u00c0 propos de Rap\u00e9 Cumaru<\/em><\/h2>\n<p>Le Rap\u00e9 Cumaru est assez fort et peut \u00eatre parfois rude. Il concentre son travail \u00e9nerg\u00e9tique sur les chakras inf\u00e9rieurs. Cumaru est tr\u00e8s ancr\u00e9 dans le sol. Il peut \u00e9galement vous plonger dans des \u00e9tats de transe profonde. Il p\u00e9n\u00e8tre facilement dans le fond de la gorge. Dans certains cas, il peut provoquer des naus\u00e9es profondes et une d\u00e9sintoxication.<br \/>\nComme pour la Canela de Velho, la purge est tout \u00e0 fait possible. L'arri\u00e8re-go\u00fbt, bien qu'agr\u00e9able, est extr\u00eamement fort et peut provoquer un flux continu de mucosit\u00e9s dans la gorge. L'intention et le cadre jouent un r\u00f4le important dans l'administration de ce rap\u00e9. Vous devez prendre le temps et l'espace n\u00e9cessaires pour vous pr\u00e9parer \u00e0 ses effets.<\/p>\n<h2>\u00c0 propos de Dipteryx odorata<\/h2>\n<p>Dipteryx odorata est commun\u00e9ment appel\u00e9 Cumaru ou Cumaru Ferro. Cela se traduit par \"Cumaru Ferro\" en raison de la duret\u00e9 du bois. Le Dipteryx odorata est un bois dur tr\u00e8s noble utilis\u00e9 dans la construction, pour les sols et les meubles. Il s'agit d'une esp\u00e8ce de \"plante \u00e0 fleurs\" de la famille des \"pois\". L'arbre est originaire d'Am\u00e9rique centrale et du nord de l'Am\u00e9rique du Sud.<\/p>\n<figure id=\"attachment_172\" aria-describedby=\"caption-attachment-172\" style=\"width: 230px\" class=\"wp-caption aligncenter\"><a href=\"http:\/\/orisha-ossain.com\/wp-content\/uploads\/2023\/06\/cumaru.jpg\"><img decoding=\"async\" class=\"wp-image-172 size-medium\" src=\"http:\/\/orisha-ossain.com\/wp-content\/uploads\/2023\/06\/cumaru-230x300.jpg\" alt=\"Un arbre Cumaru (Dipteryx odorata) adulte. L&#039;\u00e9corce est utilis\u00e9e pour rap\u00e9 Cumaru, un tabac \u00e0 priser puissant du Br\u00e9sil.\" width=\"230\" height=\"300\" srcset=\"https:\/\/orisha-ossain.com\/wp-content\/uploads\/2023\/06\/cumaru-230x300.jpg 230w, https:\/\/orisha-ossain.com\/wp-content\/uploads\/2023\/06\/cumaru.jpg 597w\" sizes=\"(max-width: 230px) 100vw, 230px\" \/><\/a><figcaption id=\"caption-attachment-172\" class=\"wp-caption-text\">Un arbre Cumaru (Dipteryx odorata) adulte.<\/figcaption><\/figure>\n<p>Les graines du Dipteryx odorata sont \u00e9galement appel\u00e9es f\u00e8ves tonka (parfois f\u00e8ves tonkin ou f\u00e8ves tonquin). Elles sont noires et rid\u00e9es et leur int\u00e9rieur est lisse et brun. Les graines sont tr\u00e8s parfum\u00e9es. Ce parfum pr\u00e9sente des similitudes avec celui de la vanille, de l'amande, de la cannelle et du clou de girofle.<\/p>\n<figure id=\"attachment_207\" aria-describedby=\"caption-attachment-207\" style=\"width: 300px\" class=\"wp-caption aligncenter\"><a href=\"http:\/\/orisha-ossain.com\/wp-content\/uploads\/2023\/06\/Tonka-Beans.jpg\"><img decoding=\"async\" class=\"wp-image-207 size-medium\" src=\"http:\/\/orisha-ossain.com\/wp-content\/uploads\/2023\/06\/Tonka-Beans-300x300.jpg\" alt=\"5 f\u00e8ves tonka en gros plan, rap\u00e9 cumaru de cheiro\" width=\"300\" height=\"300\" srcset=\"https:\/\/orisha-ossain.com\/wp-content\/uploads\/2023\/06\/Tonka-Beans-300x300.jpg 300w, https:\/\/orisha-ossain.com\/wp-content\/uploads\/2023\/06\/Tonka-Beans-100x100.jpg 100w, https:\/\/orisha-ossain.com\/wp-content\/uploads\/2023\/06\/Tonka-Beans-465x465.jpg 465w, https:\/\/orisha-ossain.com\/wp-content\/uploads\/2023\/06\/Tonka-Beans-1024x1024.jpg 1024w, https:\/\/orisha-ossain.com\/wp-content\/uploads\/2023\/06\/Tonka-Beans-150x150.jpg 150w, https:\/\/orisha-ossain.com\/wp-content\/uploads\/2023\/06\/Tonka-Beans-768x768.jpg 768w, https:\/\/orisha-ossain.com\/wp-content\/uploads\/2023\/06\/Tonka-Beans.jpg 1200w\" sizes=\"(max-width: 300px) 100vw, 300px\" \/><\/a><figcaption id=\"caption-attachment-207\" class=\"wp-caption-text\">La f\u00e8ve de Tonka<\/figcaption><\/figure>","protected":false},"excerpt":{"rendered":"<p>Trois formes de puissants Rap\u00e9 Cumaru de la tribu Kaxinawa.<br \/>\nPour plus d'informations, lisez la description ci-dessous.<\/p>\n<p>Cumaru Puro<br \/>\nCumaru Nissural<br \/>\nCumaru de Cheiro<\/p>","protected":false},"featured_media":35627,"template":"","meta":{"_seopress_robots_primary_cat":"none","_seopress_titles_title":"Rap\u00e9 Cumaru - Kaxinawa - Puro - Nissural - de Cheiro","_seopress_titles_desc":"Three forms of powerful Rap\u00e9 Cumaru from the Kaxinawa tribe. \r\nCumaru Puro\r\nCumaru Nissural\r\nCumaru de Cheiro","_seopress_robots_index":"","_kad_blocks_custom_css":"","_kad_blocks_head_custom_js":"","_kad_blocks_body_custom_js":"","_kad_blocks_footer_custom_js":"","_kad_post_transparent":"default","_kad_post_title":"","_kad_post_layout":"default","_kad_post_sidebar_id":"","_kad_post_content_style":"default","_kad_post_vertical_padding":"default","_kad_post_feature":"","_kad_post_feature_position":"","_kad_post_header":false,"_kad_post_footer":false,"_kad_post_classname":""},"product_brand":[],"product_cat":[50],"product_tag":[56],"class_list":{"0":"post-416","1":"product","2":"type-product","3":"status-publish","4":"has-post-thumbnail","6":"product_cat-rape","7":"product_tag-kaxinawa","9":"first","10":"instock","11":"taxable","12":"shipping-taxable","13":"purchasable","14":"product-type-variable","15":"entry","16":"content-bg","17":"loop-entry"},"taxonomy_info":{"product_cat":[{"value":50,"label":"Rap\u00e9"}],"product_tag":[{"value":56,"label":"Kaxinawa"}]},"featured_image_src_large":["https:\/\/orisha-ossain.com\/wp-content\/uploads\/2024\/11\/Cumaru_Orisha_Ossain.png",736,736,false],"author_info":[],"comment_info":"","_links":{"self":[{"href":"https:\/\/orisha-ossain.com\/fr\/wp-json\/wp\/v2\/product\/416","targetHints":{"allow":["GET"]}}],"collection":[{"href":"https:\/\/orisha-ossain.com\/fr\/wp-json\/wp\/v2\/product"}],"about":[{"href":"https:\/\/orisha-ossain.com\/fr\/wp-json\/wp\/v2\/types\/product"}],"wp:featuredmedia":[{"embeddable":true,"href":"https:\/\/orisha-ossain.com\/fr\/wp-json\/wp\/v2\/media\/35627"}],"wp:attachment":[{"href":"https:\/\/orisha-ossain.com\/fr\/wp-json\/wp\/v2\/media?parent=416"}],"wp:term":[{"taxonomy":"product_brand","embeddable":true,"href":"https:\/\/orisha-ossain.com\/fr\/wp-json\/wp\/v2\/product_brand?post=416"},{"taxonomy":"product_cat","embeddable":true,"href":"https:\/\/orisha-ossain.com\/fr\/wp-json\/wp\/v2\/product_cat?post=416"},{"taxonomy":"product_tag","embeddable":true,"href":"https:\/\/orisha-ossain.com\/fr\/wp-json\/wp\/v2\/product_tag?post=416"}],"curies":[{"name":"wp","href":"https:\/\/api.w.org\/{rel}","templated":true}]}}