{"id":411,"date":"2023-06-29T21:26:57","date_gmt":"2023-06-29T19:26:57","guid":{"rendered":"http:\/\/orisha-ossain.com\/?post_type=product&#038;p=411"},"modified":"2026-04-07T20:11:46","modified_gmt":"2026-04-07T18:11:46","slug":"rape-murici-caneleiro","status":"publish","type":"product","link":"https:\/\/orisha-ossain.com\/fr\/product\/rape-murici-caneleiro\/","title":{"rendered":"Rap\u00e9 Murici Caneleiro"},"content":{"rendered":"<h2>Rap\u00e9 Murici Caneleiro<\/h2>\n<p>Le Rap\u00e9 Murici Caneleiro est un autre exemple de nouveaux d\u00e9veloppements dans la fabrication du Rap\u00e9. Les Kaxinawa se pr\u00eatent \u00e0 de nouvelles exp\u00e9riences et, comme pour leur c\u00e9l\u00e8bre <a href=\"http:\/\/orisha-ossain.com\/fr\/produit\/rape-murici-cumaru\/\">Murici-Cumaru Rap\u00e9<\/a> ce Murici-Caneleiro combine \u00e9galement deux types diff\u00e9rents de ashes dans le m\u00eame tabac \u00e0 priser. Les Indiens disent que le Murici poss\u00e8de une \u00e9nergie forte mais f\u00e9minine qui agit sp\u00e9cifiquement sur les chakras sup\u00e9rieurs.<\/p>\n<figure id=\"attachment_415\" aria-describedby=\"caption-attachment-415\" style=\"width: 400px\" class=\"wp-caption aligncenter\"><a href=\"http:\/\/orisha-ossain.com\/wp-content\/uploads\/2023\/06\/Byrsonima-Crassifolia-1.jpg\"><img decoding=\"async\" class=\"wp-image-415 size-full\" src=\"https:\/\/orisha-ossain.com\/wp-content\/uploads\/2023\/06\/Byrsonima-Crassifolia-1.jpg\" alt=\"Byrsonima Crassifolia utilis\u00e9 pour rap\u00e9 murici caneleiro\" width=\"400\" height=\"255\" srcset=\"https:\/\/orisha-ossain.com\/wp-content\/uploads\/2023\/06\/Byrsonima-Crassifolia-1.jpg 400w, https:\/\/orisha-ossain.com\/wp-content\/uploads\/2023\/06\/Byrsonima-Crassifolia-1-300x191.jpg 300w\" sizes=\"(max-width: 400px) 100vw, 400px\" \/><\/a><figcaption id=\"caption-attachment-415\" class=\"wp-caption-text\">Arbre Byrsonima Crassifolia<\/figcaption><\/figure>\n<h2>A propos du Caneleiro (Cenostigma macrophyllum)<\/h2>\n<p>Le Caneleiro ash est tr\u00e8s complet dans ses propri\u00e9t\u00e9s. Il aide beaucoup \u00e0 la sant\u00e9 en travaillant principalement \u00e0 la r\u00e9g\u00e9n\u00e9ration des cellules et \u00e0 l'\u00e9quilibre des hormones. Pour les Indiens de l'Acre, le Caneleiro et le Canela de Velho ont des propri\u00e9t\u00e9s tr\u00e8s similaires et sont trait\u00e9s de la m\u00eame mani\u00e8re. Il s'agit toutefois de deux arbres diff\u00e9rents mais tr\u00e8s proches.<\/p>\n<p>Le caneleiro (Cenostigma macrophyllum) est un arbre \u00e0 fleurs appartenant \u00e0 la famille des fabac\u00e9es\/l\u00e9gumineuses. C'est un arbre d'une grande beaut\u00e9, surtout lorsque la p\u00e9riode de floraison des plantes vivaces commence. De septembre \u00e0 d\u00e9cembre et de f\u00e9vrier \u00e0 juillet, l'arbre se couvre de grappes de fleurs jaunes.<br \/>\nLes fleurs ressemblent beaucoup \u00e0 des orchid\u00e9es et attirent de nombreux insectes et oiseaux par l'odeur qu'elles r\u00e9pandent. L'arbre Caneleiro atteint une hauteur de 10 \u00e0 20 m\u00e8tres. Cet arbre est utilis\u00e9 pour divers traitements. Les extraits bruts ont d\u00e9montr\u00e9 des r\u00e9sultats b\u00e9n\u00e9fiques dans diverses activit\u00e9s. Ils sont notamment anti-ulc\u00e9reux, hypoglyc\u00e9miques et antimicrobiens.<\/p>\n<figure id=\"attachment_169\" aria-describedby=\"caption-attachment-169\" style=\"width: 700px\" class=\"wp-caption aligncenter\"><a href=\"http:\/\/orisha-ossain.com\/wp-content\/uploads\/2023\/06\/Cenostigma-Macrophyllum-used-for-Caneleiro-Rape.jpg\"><img decoding=\"async\" class=\"wp-image-169 size-full\" src=\"https:\/\/orisha-ossain.com\/wp-content\/uploads\/2023\/06\/Cenostigma-Macrophyllum-used-for-Caneleiro-Rape.jpg\" alt=\"Plusieurs grands arbres Cenostigma Macrophyllum, les ashes de l&#039;\u00e9corce sont utilis\u00e9s pour le Rap\u00e9 murici Caneleiro. \" width=\"700\" height=\"434\" srcset=\"https:\/\/orisha-ossain.com\/wp-content\/uploads\/2023\/06\/Cenostigma-Macrophyllum-used-for-Caneleiro-Rape.jpg 700w, https:\/\/orisha-ossain.com\/wp-content\/uploads\/2023\/06\/Cenostigma-Macrophyllum-used-for-Caneleiro-Rape-300x186.jpg 300w\" sizes=\"(max-width: 700px) 100vw, 700px\" \/><\/a><figcaption id=\"caption-attachment-169\" class=\"wp-caption-text\">L'arbre Cenostigma Macrophyllum<\/figcaption><\/figure>","protected":false},"excerpt":{"rendered":"<p>Les Kaxinawa se pr\u00eatent \u00e0 de nouvelles exp\u00e9riences et, comme avec leur c\u00e9l\u00e8bre <a href=\"http:\/\/orisha-ossain.com\/fr\/produit\/rape-murici-cumaru\/\">Rap\u00e9 Murici Cumaru<\/a> ce Murici-Caneleiro combine \u00e9galement deux types diff\u00e9rents de ashes dans le m\u00eame tabac \u00e0 priser. Les Indiens disent que le Murici poss\u00e8de une \u00e9nergie forte mais f\u00e9minine qui agit sp\u00e9cifiquement sur les chakras sup\u00e9rieurs.<\/p>","protected":false},"featured_media":35646,"template":"","meta":{"_seopress_robots_primary_cat":"none","_seopress_titles_title":"Rap\u00e9 Murici Caneleiro - Kaxinawa - Orisha Ossain","_seopress_titles_desc":"This Rap\u00e9 Murici Caneleiro combines two different types of ashes. Works specifically on the higher chakras.","_seopress_robots_index":"","_kad_blocks_custom_css":"","_kad_blocks_head_custom_js":"","_kad_blocks_body_custom_js":"","_kad_blocks_footer_custom_js":"","_kad_post_transparent":"default","_kad_post_title":"","_kad_post_layout":"default","_kad_post_sidebar_id":"","_kad_post_content_style":"default","_kad_post_vertical_padding":"default","_kad_post_feature":"","_kad_post_feature_position":"","_kad_post_header":false,"_kad_post_footer":false,"_kad_post_classname":""},"product_brand":[],"product_cat":[50],"product_tag":[56],"class_list":{"0":"post-411","1":"product","2":"type-product","3":"status-publish","4":"has-post-thumbnail","6":"product_cat-rape","7":"product_tag-kaxinawa","9":"first","10":"instock","11":"taxable","12":"shipping-taxable","13":"purchasable","14":"product-type-variable","15":"entry","16":"content-bg","17":"loop-entry"},"taxonomy_info":{"product_cat":[{"value":50,"label":"Rap\u00e9"}],"product_tag":[{"value":56,"label":"Kaxinawa"}]},"featured_image_src_large":["https:\/\/orisha-ossain.com\/wp-content\/uploads\/2024\/11\/Murici-Caneleiro_Orisha_Ossain.png",736,736,false],"author_info":[],"comment_info":"","_links":{"self":[{"href":"https:\/\/orisha-ossain.com\/fr\/wp-json\/wp\/v2\/product\/411","targetHints":{"allow":["GET"]}}],"collection":[{"href":"https:\/\/orisha-ossain.com\/fr\/wp-json\/wp\/v2\/product"}],"about":[{"href":"https:\/\/orisha-ossain.com\/fr\/wp-json\/wp\/v2\/types\/product"}],"wp:featuredmedia":[{"embeddable":true,"href":"https:\/\/orisha-ossain.com\/fr\/wp-json\/wp\/v2\/media\/35646"}],"wp:attachment":[{"href":"https:\/\/orisha-ossain.com\/fr\/wp-json\/wp\/v2\/media?parent=411"}],"wp:term":[{"taxonomy":"product_brand","embeddable":true,"href":"https:\/\/orisha-ossain.com\/fr\/wp-json\/wp\/v2\/product_brand?post=411"},{"taxonomy":"product_cat","embeddable":true,"href":"https:\/\/orisha-ossain.com\/fr\/wp-json\/wp\/v2\/product_cat?post=411"},{"taxonomy":"product_tag","embeddable":true,"href":"https:\/\/orisha-ossain.com\/fr\/wp-json\/wp\/v2\/product_tag?post=411"}],"curies":[{"name":"wp","href":"https:\/\/api.w.org\/{rel}","templated":true}]}}