{"id":4108,"date":"2024-10-15T11:04:24","date_gmt":"2024-10-15T09:04:24","guid":{"rendered":"http:\/\/orisha-ossain.com\/?post_type=product&#038;p=4108"},"modified":"2026-04-11T23:47:50","modified_gmt":"2026-04-11T21:47:50","slug":"rape-rawaputu-forca","status":"publish","type":"product","link":"https:\/\/orisha-ossain.com\/fr\/product\/rape-rawaputu-forca\/","title":{"rendered":"Rap\u00e9 Rawaputu For\u00e7a"},"content":{"rendered":"<h2>Rap\u00e9 Rawaputu For\u00e7a : Un m\u00e9lange traditionnel de force et de gu\u00e9rison<\/h2>\n<p>La tribu Shaw\u00e3dawa pr\u00e9pare Rawaputu For\u00e7a avec beaucoup de soin et de signification culturelle, cr\u00e9ant ainsi un tabac \u00e0 priser unique et puissant. La tribu pr\u00e9pare ce m\u00e9lange sous la pleine lune, avec du sabia mapacho, du tsunu ash et un m\u00e9dicament traditionnel Shaw\u00e3dawa appel\u00e9 Rawaputu. Leur processus m\u00e9ticuleux garantit un produit qui incarne la haute qualit\u00e9 et l'\u00e9nergie puissante.<\/p>\n<p>Les gens c\u00e9l\u00e8brent ce m\u00e9lange pour sa puissance, sa texture douce et son ar\u00f4me riche et terreux. Il offre une exp\u00e9rience sensorielle et spirituelle et est polyvalent dans la vie quotidienne, am\u00e9liorant la r\u00e9sistance physique et mentale.<\/p>\n<p><img decoding=\"async\" class=\"aligncenter wp-image-34182 size-medium\" src=\"https:\/\/orisha-ossain.com\/wp-content\/uploads\/2024\/10\/DALL\u00b7E-2024-10-22-23.58.41-A-pixelated-painting-style-scene-of-an-anaconda-swimming-through-the-dark-waters-of-an-Amazonian-river-surrounded-by-dense-forest-under-the-light-of--300x171.webp\" alt=\"Rap\u00e9 Rawaputu For\u00e7a fabriqu\u00e9 sous la pleine lune\" width=\"300\" height=\"171\" srcset=\"https:\/\/orisha-ossain.com\/wp-content\/uploads\/2024\/10\/DALL\u00b7E-2024-10-22-23.58.41-A-pixelated-painting-style-scene-of-an-anaconda-swimming-through-the-dark-waters-of-an-Amazonian-river-surrounded-by-dense-forest-under-the-light-of--300x171.webp 300w, https:\/\/orisha-ossain.com\/wp-content\/uploads\/2024\/10\/DALL\u00b7E-2024-10-22-23.58.41-A-pixelated-painting-style-scene-of-an-anaconda-swimming-through-the-dark-waters-of-an-Amazonian-river-surrounded-by-dense-forest-under-the-light-of--1024x585.webp 1024w, https:\/\/orisha-ossain.com\/wp-content\/uploads\/2024\/10\/DALL\u00b7E-2024-10-22-23.58.41-A-pixelated-painting-style-scene-of-an-anaconda-swimming-through-the-dark-waters-of-an-Amazonian-river-surrounded-by-dense-forest-under-the-light-of--768x439.webp 768w, https:\/\/orisha-ossain.com\/wp-content\/uploads\/2024\/10\/DALL\u00b7E-2024-10-22-23.58.41-A-pixelated-painting-style-scene-of-an-anaconda-swimming-through-the-dark-waters-of-an-Amazonian-river-surrounded-by-dense-forest-under-the-light-of--1536x878.webp 1536w, https:\/\/orisha-ossain.com\/wp-content\/uploads\/2024\/10\/DALL\u00b7E-2024-10-22-23.58.41-A-pixelated-painting-style-scene-of-an-anaconda-swimming-through-the-dark-waters-of-an-Amazonian-river-surrounded-by-dense-forest-under-the-light-of-.webp 1792w\" sizes=\"(max-width: 300px) 100vw, 300px\" \/><\/p>\n<h2>Avantages et utilisations<\/h2>\n<ul>\n<li><strong>Propri\u00e9t\u00e9s curatives :<\/strong> Le rawaputu aide \u00e0 soulager les maux de t\u00eate, la grippe, l'insomnie, les troubles mentaux et la fatigue. Ses effets sont stimulants et \u00e9quilibrants, r\u00e9pondant aux besoins physiques et \u00e9motionnels.<\/li>\n<li><strong>Applications pratiques :<\/strong> Les Shaw\u00e3dawa utilisent ce Rap\u00e9 pour gagner en force et en endurance lors des activit\u00e9s de p\u00eache, de chasse et d'agriculture. Ils le consid\u00e8rent comme un alli\u00e9 \u00e9nergisant qui am\u00e9liore l'endurance et la concentration.<\/li>\n<\/ul>\n<h2>Accessible et polyvalent<\/h2>\n<p>Rap\u00e9 Rawaputu For\u00e7a convient \u00e0 un usage quotidien et ne n\u00e9cessite pas de restrictions alimentaires particuli\u00e8res, ce qui en fait un choix pratique pour maintenir la vitalit\u00e9 et l'\u00e9nergie. Ce m\u00e9dicament traditionnel fait le lien entre les pratiques spirituelles et les avantages pratiques, permettant aux utilisateurs de garder les pieds sur terre tout en leur donnant de la force pour les t\u00e2ches quotidiennes.<\/p>\n<p>Enracin\u00e9 dans la tradition Shaw\u00e3dawa, Rap\u00e9 Rawaputu For\u00e7a relie les utilisateurs \u00e0 la sagesse ancestrale, aux pouvoirs de gu\u00e9rison de la nature et aux \u00e9nergies de la for\u00eat. Qu'il soit utilis\u00e9 lors de c\u00e9r\u00e9monies spirituelles ou comme soutien quotidien, ce m\u00e9lange confirme sa r\u00e9putation d'\u00e9l\u00e9ment essentiel du mode de vie des Shaw\u00e3dawa.<\/p>","protected":false},"excerpt":{"rendered":"<p>Rap\u00e9 Rawaputu For\u00e7a est un tabac \u00e0 priser chamanique extra fort de la tribu Shaw\u00e3dawa. Ce m\u00e9lange \u00e9tonnant est d'une qualit\u00e9 et d'une fr\u00e9quence extr\u00eamement \u00e9lev\u00e9es, avec des tons de jungle doux et subtils.<\/p>","protected":false},"featured_media":35658,"template":"","meta":{"_seopress_robots_primary_cat":"none","_seopress_titles_title":"Rap\u00e9 Rawaputu For\u00e7a - Strong Shamanic Snuff, Shaw\u00e3dawa Tribe","_seopress_titles_desc":"Rap\u00e9 Rawaputu For\u00e7a is an extra Strong Shamanic snuff from the Shaw\u00e3dawa tribe.\u00a0Made with sabia, Tsunu ash, and the herb called Rawaputu.","_seopress_robots_index":"","_kad_blocks_custom_css":"","_kad_blocks_head_custom_js":"","_kad_blocks_body_custom_js":"","_kad_blocks_footer_custom_js":"","_kad_post_transparent":"default","_kad_post_title":"","_kad_post_layout":"default","_kad_post_sidebar_id":"","_kad_post_content_style":"default","_kad_post_vertical_padding":"default","_kad_post_feature":"","_kad_post_feature_position":"","_kad_post_header":false,"_kad_post_footer":false,"_kad_post_classname":""},"product_brand":[],"product_cat":[50],"product_tag":[61],"class_list":{"0":"post-4108","1":"product","2":"type-product","3":"status-publish","4":"has-post-thumbnail","6":"product_cat-rape","7":"product_tag-shawadawa","9":"first","10":"instock","11":"taxable","12":"shipping-taxable","13":"purchasable","14":"product-type-variable","15":"entry","16":"content-bg","17":"loop-entry"},"taxonomy_info":{"product_cat":[{"value":50,"label":"Rap\u00e9"}],"product_tag":[{"value":61,"label":"Shawadawa"}]},"featured_image_src_large":["https:\/\/orisha-ossain.com\/wp-content\/uploads\/2024\/11\/Rawaputu-Forca_Orisha_Ossain.png",736,736,false],"author_info":[],"comment_info":"","_links":{"self":[{"href":"https:\/\/orisha-ossain.com\/fr\/wp-json\/wp\/v2\/product\/4108","targetHints":{"allow":["GET"]}}],"collection":[{"href":"https:\/\/orisha-ossain.com\/fr\/wp-json\/wp\/v2\/product"}],"about":[{"href":"https:\/\/orisha-ossain.com\/fr\/wp-json\/wp\/v2\/types\/product"}],"wp:featuredmedia":[{"embeddable":true,"href":"https:\/\/orisha-ossain.com\/fr\/wp-json\/wp\/v2\/media\/35658"}],"wp:attachment":[{"href":"https:\/\/orisha-ossain.com\/fr\/wp-json\/wp\/v2\/media?parent=4108"}],"wp:term":[{"taxonomy":"product_brand","embeddable":true,"href":"https:\/\/orisha-ossain.com\/fr\/wp-json\/wp\/v2\/product_brand?post=4108"},{"taxonomy":"product_cat","embeddable":true,"href":"https:\/\/orisha-ossain.com\/fr\/wp-json\/wp\/v2\/product_cat?post=4108"},{"taxonomy":"product_tag","embeddable":true,"href":"https:\/\/orisha-ossain.com\/fr\/wp-json\/wp\/v2\/product_tag?post=4108"}],"curies":[{"name":"wp","href":"https:\/\/api.w.org\/{rel}","templated":true}]}}