{"id":4103,"date":"2024-10-15T10:02:57","date_gmt":"2024-10-15T08:02:57","guid":{"rendered":"http:\/\/orisha-ossain.com\/?post_type=product&#038;p=4103"},"modified":"2026-04-16T13:48:01","modified_gmt":"2026-04-16T11:48:01","slug":"rape-propolis","status":"publish","type":"product","link":"https:\/\/orisha-ossain.com\/fr\/product\/rape-propolis\/","title":{"rendered":"Rap\u00e9 Pr\u00f3polis"},"content":{"rendered":"<h2>L'essence sacr\u00e9e du Kuntanawa Rap\u00e9 <span style=\"font-family: inherit; font-size: 20px; font-weight: bold;\">Pr\u00f3polis (Puissance des abeilles)<\/span><\/h2>\n<p>Le Kuntanawa Rap\u00e9 est un m\u00e9dicament sacr\u00e9, cr\u00e9\u00e9 avec un profond respect pour la sagesse ancestrale du peuple Kuntanawa. Ce rap\u00e9 incarne l'esprit de la for\u00eat amazonienne, o\u00f9 la propolis est r\u00e9colt\u00e9e de mani\u00e8re \u00e9thique par le fabricant du rap\u00e9 lui-m\u00eame, dans un profond respect de la terre et de ses habitants. La propolis est r\u00e9colt\u00e9e en harmonie avec la nature, ce qui permet \u00e0 cette puissante r\u00e9sine de conserver tout son potentiel de gu\u00e9rison. Il ne s'agit pas d'un simple ingr\u00e9dient, mais d'un cadeau sacr\u00e9 de la for\u00eat, impr\u00e9gn\u00e9 de la force vitale de l'Amazonie.<\/p>\n<h2>L'esprit de gu\u00e9rison de Pr\u00f3polis \u00e0 Kuntanawa Rap\u00e9<\/h2>\n<p>Depuis des g\u00e9n\u00e9rations, le Pr\u00f3polis est consid\u00e9r\u00e9 comme un gu\u00e9risseur naturel par de nombreuses communaut\u00e9s indig\u00e8nes. Dans le Kuntanawa Bee Power Rap\u00e9, il sert de pont entre le physique et le spirituel, aidant \u00e0 d\u00e9gager les voies du corps et de l'esprit. Ce rap\u00e9 est particuli\u00e8rement appr\u00e9ci\u00e9 pour sa capacit\u00e9 \u00e0 faciliter la respiration et \u00e0 soutenir les d\u00e9fenses naturelles du corps, offrant un r\u00e9confort aux personnes confront\u00e9es \u00e0 des probl\u00e8mes respiratoires.<\/p>\n<h2>Le souffle et l'esprit align\u00e9s<\/h2>\n<p>Le Kuntanawa Bee Power Rap\u00e9 agit doucement mais puissamment pour ouvrir la respiration, apaiser les voies respiratoires et renforcer l'esprit. En l'utilisant r\u00e9guli\u00e8rement, vous pouvez trouver non seulement un soulagement des inconforts physiques, mais aussi une connexion plus profonde avec le souffle de la vie elle-m\u00eame, apportant l'harmonie au corps et \u00e0 l'\u00e2me.<\/p>\n<h2>Un chemin vers l'harmonie int\u00e9rieure<\/h2>\n<p>Au-del\u00e0 de ses bienfaits physiques, ce rap\u00e9 est le compagnon de ceux qui recherchent la paix int\u00e9rieure. Ses propri\u00e9t\u00e9s de mise \u00e0 la terre et de centrage en font un support id\u00e9al pour la m\u00e9ditation et la pratique spirituelle, vous aidant \u00e0 vous connecter \u00e0 votre moi int\u00e9rieur et \u00e0 trouver le calme qui sommeille en vous.<\/p>\n<h2>Un message du cr\u00e9ateur : Le pouvoir de Pr\u00f3polis<\/h2>\n<p>\"Pendant de nombreuses ann\u00e9es, j'ai suivi le chemin de rap\u00e9, et la cr\u00e9ation de ce m\u00e9lange avec Pr\u00f3polis a \u00e9t\u00e9 un voyage sacr\u00e9. Pr\u00f3polis est plus qu'un m\u00e9dicament ; c'est un esprit qui soutient \u00e0 la fois la gu\u00e9rison et la relaxation, nous guidant vers un \u00e9tat plus profond de pr\u00e9sence et de paix.\"<\/p>\n<h2>Marcher avec la tradition Kuntanawa gr\u00e2ce au Bee Power Rap\u00e9<\/h2>\n<p>Partager le Rap\u00e9, c'est participer \u00e0 la sagesse du peuple Kuntanawa. C'est plus qu'un outil de gu\u00e9rison, c'est un lien avec la Terre, avec les anc\u00eatres et avec l'esprit qui circule \u00e0 travers toutes les choses. Que vous recherchiez un soulagement, une connexion ou une compr\u00e9hension, ce rap\u00e9 offre une porte d'entr\u00e9e au c\u0153ur de la for\u00eat et \u00e0 l'esprit de la tradition Kuntanawa.<\/p>","protected":false},"excerpt":{"rendered":"<p>Voici un nouveau type remarquable de rap\u00e9 fabriqu\u00e9 par la tribu Kuntanawa.<\/p>\n<p>Le Rap\u00e9 Pr\u00f3polis offre une exp\u00e9rience aromatique apaisante qui le distingue des autres. Le Pr\u00f3polis, v\u00e9n\u00e9r\u00e9 depuis des mill\u00e9naires pour ses multiples usages, est maintenant utilis\u00e9 pour la premi\u00e8re fois comme ingr\u00e9dient dans le rap\u00e9, ajoutant une touche unique et innovante \u00e0 cette pr\u00e9paration traditionnelle.<\/p>\n<p>&nbsp;<\/p>","protected":false},"featured_media":35657,"template":"","meta":{"_seopress_robots_primary_cat":"none","_seopress_titles_title":"%%post_title%% - Bee Powered Rap\u00e9, Shaminic Snuff","_seopress_titles_desc":"Rap\u00e9 Pr\u00f3polis offers a soothing, aromatic experience that sets it apart. Pr\u00f3polis, revered for its versatile uses over millennia, is now being used for","_seopress_robots_index":"","_kad_blocks_custom_css":"","_kad_blocks_head_custom_js":"","_kad_blocks_body_custom_js":"","_kad_blocks_footer_custom_js":"","_kad_post_transparent":"default","_kad_post_title":"","_kad_post_layout":"default","_kad_post_sidebar_id":"","_kad_post_content_style":"default","_kad_post_vertical_padding":"default","_kad_post_feature":"","_kad_post_feature_position":"","_kad_post_header":false,"_kad_post_footer":false,"_kad_post_classname":""},"product_brand":[],"product_cat":[50],"product_tag":[57],"class_list":{"0":"post-4103","1":"product","2":"type-product","3":"status-publish","4":"has-post-thumbnail","6":"product_cat-rape","7":"product_tag-kuntanawa","9":"first","10":"instock","11":"taxable","12":"shipping-taxable","13":"purchasable","14":"product-type-variable","15":"entry","16":"content-bg","17":"loop-entry"},"taxonomy_info":{"product_cat":[{"value":50,"label":"Rap\u00e9"}],"product_tag":[{"value":57,"label":"Kuntanawa"}]},"featured_image_src_large":["https:\/\/orisha-ossain.com\/wp-content\/uploads\/2024\/11\/Propolis_Orisha_Ossain.png",736,736,false],"author_info":[],"comment_info":"","_links":{"self":[{"href":"https:\/\/orisha-ossain.com\/fr\/wp-json\/wp\/v2\/product\/4103","targetHints":{"allow":["GET"]}}],"collection":[{"href":"https:\/\/orisha-ossain.com\/fr\/wp-json\/wp\/v2\/product"}],"about":[{"href":"https:\/\/orisha-ossain.com\/fr\/wp-json\/wp\/v2\/types\/product"}],"wp:featuredmedia":[{"embeddable":true,"href":"https:\/\/orisha-ossain.com\/fr\/wp-json\/wp\/v2\/media\/35657"}],"wp:attachment":[{"href":"https:\/\/orisha-ossain.com\/fr\/wp-json\/wp\/v2\/media?parent=4103"}],"wp:term":[{"taxonomy":"product_brand","embeddable":true,"href":"https:\/\/orisha-ossain.com\/fr\/wp-json\/wp\/v2\/product_brand?post=4103"},{"taxonomy":"product_cat","embeddable":true,"href":"https:\/\/orisha-ossain.com\/fr\/wp-json\/wp\/v2\/product_cat?post=4103"},{"taxonomy":"product_tag","embeddable":true,"href":"https:\/\/orisha-ossain.com\/fr\/wp-json\/wp\/v2\/product_tag?post=4103"}],"curies":[{"name":"wp","href":"https:\/\/api.w.org\/{rel}","templated":true}]}}